{"id":17541,"date":"2018-12-04T10:16:32","date_gmt":"2018-12-04T09:16:32","guid":{"rendered":"https:\/\/www.creaearredanegozi.it\/?post_type=product&#038;p=17541"},"modified":"2023-07-03T19:52:16","modified_gmt":"2023-07-03T17:52:16","slug":"tagliaverdure-professionale-acciaio-inox-aisi-304-tv2000rn-la-romagnola-fimar","status":"publish","type":"product","link":"https:\/\/www.creaearredanegozi.it\/de\/tagliaverdure-professionale-acciaio-inox-aisi-304-tv2000rn-la-romagnola-fimar\/","title":{"rendered":"Professioneller Gem\u00fcseschneider Edelstahl AISI 304 TV2000RN La Romagnola Fimar"},"content":{"rendered":"<h3>Tagliaverdura acciaio inox AISI 304 Fimar TV2000RN La Romagnola:<\/h3>\n<div>TAGLIAVERDURA TV2000RN LA ROMAGNOLA<\/div>\n<div>Maschine zum Schneiden, Schneiden von Obst, Gem\u00fcse in verschiedenen Formen und Gr\u00f6\u00dfen, Reiben von K\u00e4se, trockenem Brot, Schokolade, N\u00fcssen, Zerkleinern von Karotten, Sellerie, Kartoffeln, \u00c4pfeln, R\u00fcben, Roter Bete, Mozzarella.<\/div>\n<div>TV2000RN chiamato \u201cLa Romagnola\u201d: presente da oltre 30 anni sui mercati internazionali, ancora pi\u00f9 funzionale e versatile.<\/div>\n<ul>\n<li>Carcassa e bocca removibile in acciaio inox AISI 304.<\/li>\n<li>Microinterruttore di sicurezza su maniglia e bocca<\/li>\n<li>Doppelte Einf\u00fchr\u00f6ffnung f\u00fcr das Produkt.<\/li>\n<li>A-Normen <strong>EC.<\/strong><\/li>\n<li>Erh\u00e4ltlich mit 5-Scheiben-Kit (Kit enth\u00e4lt Scheiben: E2 - E10 - D10 - H10 - Z4).<\/li>\n<\/ul>\n<p><strong>Optional:<\/strong><\/p>\n<ul>\n<li>Scheibenhalter.<\/li>\n<li>Trennscheiben in verschiedenen Ausf\u00fchrungen.<\/li>\n<li>Einstellbare Edelstahlscheibe 1\u00f78 mm.<\/li>\n<\/ul>\n<div class=\"well\">\n<p><strong>Discs:<\/strong><\/p>\n<ul>\n<li>Per Affettare:<strong> E1 &#8211; E2 &#8211; E3 &#8211; E4 &#8211; E5 &#8211; E6 &#8211; E8 &#8211; E10 &#8211; E14 &#8211; S1 &#8211; S2.<\/strong><\/li>\n<li>Zum Ausfransen:<b> Z2 - Z3 - Z4 - Z7<\/b>.<\/li>\n<li>Zum Reiben:<strong> V.<\/strong><\/li>\n<li>Zum Schneiden von Streichh\u00f6lzern:<strong> H2,5 &#8211; H4 &#8211; H6 &#8211; H8 &#8211; H10.<\/strong><\/li>\n<li>Per taglio a fiammiferi:<strong> B6 &#8211; B8 &#8211; B 10.<\/strong>\u00a0(um die \u00dcbereinstimmung zu erhalten, m\u00fcssen Sie Scheibe E mit Scheibe B kombinieren).<\/li>\n<li>Per taglio a cubetti mm<strong>: D8x8 mm DX o SX &#8211; D10x10 mm DX o SX &#8211; D12x12 mm DX o SX &#8211; D20x20 mm DX o SX. (<\/strong>Per ottenere il cubetto accoppiare il disco E con il disco D).<\/li>\n<\/ul>\n<\/div>\n<p>&nbsp;<\/p>\n<p><strong>Technische Daten:<\/strong><\/p>\n<table class=\"table table-striped\">\n<tbody>\n<tr>\n<td>\n<p class=\"dati_tecnici_label_1\"><strong>Modell<\/strong><\/p>\n<\/td>\n<td><b>TV2000RN &#8211; La Romagnola<\/b><\/td>\n<\/tr>\n<tr>\n<td><strong>Strom<\/strong><\/td>\n<td align=\"left\">0,37 kW (0,5 PS)<\/td>\n<\/tr>\n<tr>\n<td><strong>Dreiphasen-Stromversorgung<\/strong><\/td>\n<td align=\"left\">400V\/3-3N\/50Hz<\/td>\n<\/tr>\n<tr>\n<td><strong>Einphasige Stromversorgung<\/strong><\/td>\n<td align=\"left\">230V\/1N\/50Hz<\/td>\n<\/tr>\n<tr>\n<td><strong>Abmessungen<\/strong><\/td>\n<td align=\"left\">220x610x520h (mm)<\/td>\n<\/tr>\n<tr>\n<td><b>Nettogewicht<\/b><\/td>\n<td align=\"left\">22 kg<\/td>\n<\/tr>\n<tr>\n<td><strong>Bruttogewicht<\/strong><\/td>\n<td align=\"left\">24 kg<\/td>\n<\/tr>\n<tr>\n<td><strong>Verpackung Abmessungen<\/strong><\/td>\n<td align=\"left\">620x300x580h (mm)<\/td>\n<\/tr>\n<tr>\n<td><b>Verpackungsvolumen<\/b><\/td>\n<td align=\"left\">0,108 m\u00b3<\/td>\n<\/tr>\n<tr>\n<td><strong>Geschwindigkeit<\/strong><\/td>\n<td align=\"left\">255 Umdrehungen pro Minute<\/td>\n<\/tr>\n<tr>\n<td><b>Abmessungen der ovalen M\u00fcndung<\/b><\/td>\n<td align=\"left\">~ 155\u00d775 (mm)<\/td>\n<\/tr>\n<tr>\n<td><b>Abmessungen Runde M\u00fcndung<\/b><\/td>\n<td align=\"left\">56 mm Durchmesser<\/td>\n<\/tr>\n<tr>\n<td><b>Produkt Kollektion Topf Abmessungen<\/b><\/td>\n<td align=\"left\">\/<\/td>\n<\/tr>\n<\/tbody>\n<\/table>\n<p><a href=\"https:\/\/www.creaearredanegozi.it\/wp-content\/uploads\/2018\/12\/dischi_romagnola-scaled.jpg\"><img decoding=\"async\" class=\"aligncenter wp-image-32757 size-full\" src=\"https:\/\/www.creaearredanegozi.it\/wp-content\/uploads\/2018\/12\/dischi_romagnola-scaled.jpg\" alt=\"\" width=\"481\" height=\"2560\" title=\"\" srcset=\"https:\/\/www.creaearredanegozi.it\/wp-content\/uploads\/2018\/12\/dischi_romagnola-scaled.jpg 385w, https:\/\/www.creaearredanegozi.it\/wp-content\/uploads\/2018\/12\/dischi_romagnola-scaled-64x340.jpg 64w, https:\/\/www.creaearredanegozi.it\/wp-content\/uploads\/2018\/12\/dischi_romagnola-94x500.jpg 94w, https:\/\/www.creaearredanegozi.it\/wp-content\/uploads\/2018\/12\/dischi_romagnola-200x1064.jpg 200w\" sizes=\"(max-width: 481px) 100vw, 481px\" \/><\/a><\/p>","protected":false},"excerpt":{"rendered":"<p>Tagliaverdura acciaio inox AISI 304 Fimar TV2000RN La Romagnola: TAGLIAVERDURA TV2000RN LA ROMAGNOLA Macchina per tagliare, affettare frutta, ortaggi, verdure in varie forme e misure, grattugiare formaggio, pane secco, cioccolato, nocciole, sfilacciare carote, sedano, patate, mele, rape, barbabietole, mozzarella. TV2000RN chiamato \u201cLa Romagnola\u201d: presente da oltre 30 anni sui mercati internazionali, ancora pi\u00f9 funzionale e [&#8230;]","protected":false},"featured_media":121507,"comment_status":"closed","ping_status":"closed","template":"","meta":{"_monsterinsights_skip_tracking":false,"_monsterinsights_sitenote_active":false,"_monsterinsights_sitenote_note":"","_monsterinsights_sitenote_category":0},"product_brand":[628],"product_cat":[694,46,9,655,25,62,97,693],"product_tag":[],"class_list":{"0":"post-17541","1":"product","2":"type-product","3":"status-publish","4":"has-post-thumbnail","6":"product_brand-fimar","7":"product_cat-tagliaverdure-lavorazione","8":"product_cat-attrezzature-per-pizzeria-attrezzi-pizzaiolo","9":"product_cat-attrezzature-pub","10":"product_cat-lavorazione","11":"product_cat-attrezzature-ristoranti-pub-cucine","12":"product_cat-taglia-verdure","13":"product_cat-tagliaverdure","14":"product_cat-tagliaverdure-attrezzature-ristoranti-pub-cucine","15":"product_shipping_class-206","16":"pa_marca-fimar","18":"first","19":"instock","20":"taxable","21":"shipping-taxable","22":"purchasable","23":"product-type-simple"},"_links":{"self":[{"href":"https:\/\/www.creaearredanegozi.it\/de\/wp-json\/wp\/v2\/product\/17541","targetHints":{"allow":["GET"]}}],"collection":[{"href":"https:\/\/www.creaearredanegozi.it\/de\/wp-json\/wp\/v2\/product"}],"about":[{"href":"https:\/\/www.creaearredanegozi.it\/de\/wp-json\/wp\/v2\/types\/product"}],"replies":[{"embeddable":true,"href":"https:\/\/www.creaearredanegozi.it\/de\/wp-json\/wp\/v2\/comments?post=17541"}],"wp:featuredmedia":[{"embeddable":true,"href":"https:\/\/www.creaearredanegozi.it\/de\/wp-json\/wp\/v2\/media\/121507"}],"wp:attachment":[{"href":"https:\/\/www.creaearredanegozi.it\/de\/wp-json\/wp\/v2\/media?parent=17541"}],"wp:term":[{"taxonomy":"product_brand","embeddable":true,"href":"https:\/\/www.creaearredanegozi.it\/de\/wp-json\/wp\/v2\/product_brand?post=17541"},{"taxonomy":"product_cat","embeddable":true,"href":"https:\/\/www.creaearredanegozi.it\/de\/wp-json\/wp\/v2\/product_cat?post=17541"},{"taxonomy":"product_tag","embeddable":true,"href":"https:\/\/www.creaearredanegozi.it\/de\/wp-json\/wp\/v2\/product_tag?post=17541"}],"curies":[{"name":"wp","href":"https:\/\/api.w.org\/{rel}","templated":true}]}}