{"id":17551,"date":"2018-12-04T10:49:02","date_gmt":"2018-12-04T09:49:02","guid":{"rendered":"https:\/\/www.creaearredanegozi.it\/?post_type=product&#038;p=17551"},"modified":"2023-12-11T11:34:50","modified_gmt":"2023-12-11T10:34:50","slug":"tagliaverdure-professionale-carcassa-rivestita-vernice-antigraffio-e-bocca-abs-tv2500-fimar","status":"publish","type":"product","link":"https:\/\/www.creaearredanegozi.it\/de\/tagliaverdure-professionale-carcassa-rivestita-vernice-antigraffio-e-bocca-abs-tv2500-fimar\/","title":{"rendered":"Professioneller Gem\u00fcseschneider Kratzfestes beschichtetes Geh\u00e4use und ABS-Mundst\u00fcck TV2500 Fimar"},"content":{"rendered":"<h3>Tagliaverdura carcassa verniciata e bocca ABS Fimar TV2500 :<\/h3>\n<p>Macchina per tagliare e affettare frutta, ortaggi, verdure in varie forme e misure, grattugiare formaggio, pane secco, cioccolato, nocciole, sfilacciare carote, sedano, patate, mele, rape, barbabietole, mozzarella.<\/p>\n<ul>\n<li>Carcassa rivestita con vernice poliuretanica antigraffio.<\/li>\n<li>Bocca in materiale plastico idoneo al contatto con gli alimenti.<\/li>\n<li>Sicherheitsmikroschalter am Griff.<\/li>\n<li>Doppelte Einf\u00fchr\u00f6ffnung f\u00fcr das Produkt.<\/li>\n<li>Disponibile solo monofase.<\/li>\n<li>A-Normen <strong>EC.<\/strong><\/li>\n<li>\n<blockquote><p>Erh\u00e4ltlich mit 5-Scheiben-Kit (Kit enth\u00e4lt Scheiben: E2 - E10 - D10 - H10 - Z4).<\/p><\/blockquote>\n<\/li>\n<\/ul>\n<p><strong>Optional:<\/strong><\/p>\n<ul>\n<li>Scheibenhalter.<\/li>\n<li>Trennscheiben in verschiedenen Ausf\u00fchrungen.<\/li>\n<li>Einstellbare Edelstahlscheibe 1\u00f78 mm.<\/li>\n<\/ul>\n<div class=\"well\">\n<p><strong>Discs:<\/strong><\/p>\n<ul>\n<li>Zum Schneiden:<strong> E1 - E2 - E3 - E4 - E5 - E6 - E8 - E10 - E14 - S1 - S2<strong>\u00a0<\/strong>mm.<\/strong><\/li>\n<li>Zum Ausfransen:<b> Z2 - Z3 - Z4 - Z7 mm<\/b>.<\/li>\n<li>Per grattugiare<strong>: V<\/strong>.<\/li>\n<li>Pro Spiel:<strong> H2,5 &#8211; H4 &#8211; H6 &#8211; H8 &#8211; H10 mm<\/strong>.<\/li>\n<li>Schneidscheibe aus rostfreiem Stahl, einstellbar f\u00fcr Schnitte von 1 bis 8 mm: <strong>REGO<\/strong>.<\/li>\n<li>F\u00fcr Streichh\u00f6lzer:<strong> B6 - B8 - B 10 mm <\/strong>(um die \u00dcbereinstimmung zu erhalten, m\u00fcssen Sie Scheibe E mit Scheibe B kombinieren).<\/li>\n<li>F\u00fcr W\u00fcrfel: <strong>D8x8 mm DX oder SX - D10x10 mm DX oder SX - D12x12 mm DX oder SX - D20x20 mm DX oder SX.\u00a0<\/strong>(Um den W\u00fcrfel zu erhalten, verbinden Sie die Scheibe E mit der Scheibe D.)<\/li>\n<\/ul>\n<\/div>\n<p>&nbsp;<\/p>\n<p><strong>Technische Daten:<\/strong><\/p>\n<table class=\"table table-striped\">\n<tbody>\n<tr>\n<td>\n<p class=\"dati_tecnici_label_1\"><strong>Modell<\/strong><\/p>\n<\/td>\n<td><b>TV2500<\/b><\/td>\n<\/tr>\n<tr>\n<td><strong>Strom<\/strong><\/td>\n<td align=\"left\">0,37 kW (0,5 PS)<\/td>\n<\/tr>\n<tr>\n<td><strong>Stromversorgung<\/strong><\/td>\n<td align=\"left\">230V\/1N\/50Hz<\/td>\n<\/tr>\n<tr>\n<td><strong>Abmessungen<\/strong><\/td>\n<td align=\"left\">220x610x520h (mm)<\/td>\n<\/tr>\n<tr>\n<td><b>Nettogewicht<\/b><\/td>\n<td align=\"left\">22 kg<\/td>\n<\/tr>\n<tr>\n<td><strong>Bruttogewicht<\/strong><\/td>\n<td align=\"left\">24 kg<\/td>\n<\/tr>\n<tr>\n<td><strong>Verpackung Abmessungen<\/strong><\/td>\n<td align=\"left\">620x300x580h (mm)<\/td>\n<\/tr>\n<tr>\n<td><b>Verpackungsvolumen<\/b><\/td>\n<td align=\"left\">0,108 m\u00b3<\/td>\n<\/tr>\n<tr>\n<td><strong>Geschwindigkeit<\/strong><\/td>\n<td align=\"left\">255 Umdrehungen pro Minute<\/td>\n<\/tr>\n<tr>\n<td><b>Abmessungen der ovalen M\u00fcndung<\/b><\/td>\n<td align=\"left\">~ 155\u00d775 (mm)<\/td>\n<\/tr>\n<tr>\n<td><b>Abmessungen Runde M\u00fcndung<\/b><\/td>\n<td align=\"left\">56 mm Durchmesser<\/td>\n<\/tr>\n<tr>\n<td><b>Produkt Kollektion Topf Abmessungen<\/b><\/td>\n<td align=\"left\">\/<\/td>\n<\/tr>\n<\/tbody>\n<\/table>","protected":false},"excerpt":{"rendered":"<p>Tagliaverdura carcassa verniciata e bocca ABS Fimar TV2500 : Macchina per tagliare e affettare frutta, ortaggi, verdure in varie forme e misure, grattugiare formaggio, pane secco, cioccolato, nocciole, sfilacciare carote, sedano, patate, mele, rape, barbabietole, mozzarella. Carcassa rivestita con vernice poliuretanica antigraffio. Bocca in materiale plastico idoneo al contatto con gli alimenti. Microinterruttore di sicurezza [&#8230;]","protected":false},"featured_media":121515,"comment_status":"closed","ping_status":"closed","template":"","meta":{"_monsterinsights_skip_tracking":false,"_monsterinsights_sitenote_active":false,"_monsterinsights_sitenote_note":"","_monsterinsights_sitenote_category":0},"product_brand":[628],"product_cat":[694,46,9,10,655,25,62,97,693],"product_tag":[],"class_list":{"0":"post-17551","1":"product","2":"type-product","3":"status-publish","4":"has-post-thumbnail","6":"product_brand-fimar","7":"product_cat-tagliaverdure-lavorazione","8":"product_cat-attrezzature-per-pizzeria-attrezzi-pizzaiolo","9":"product_cat-attrezzature-pub","10":"product_cat-attrezzature-bar","11":"product_cat-lavorazione","12":"product_cat-attrezzature-ristoranti-pub-cucine","13":"product_cat-taglia-verdure","14":"product_cat-tagliaverdure","15":"product_cat-tagliaverdure-attrezzature-ristoranti-pub-cucine","16":"product_shipping_class-f","17":"pa_marca-fimar","19":"first","20":"instock","21":"taxable","22":"shipping-taxable","23":"purchasable","24":"product-type-simple"},"_links":{"self":[{"href":"https:\/\/www.creaearredanegozi.it\/de\/wp-json\/wp\/v2\/product\/17551","targetHints":{"allow":["GET"]}}],"collection":[{"href":"https:\/\/www.creaearredanegozi.it\/de\/wp-json\/wp\/v2\/product"}],"about":[{"href":"https:\/\/www.creaearredanegozi.it\/de\/wp-json\/wp\/v2\/types\/product"}],"replies":[{"embeddable":true,"href":"https:\/\/www.creaearredanegozi.it\/de\/wp-json\/wp\/v2\/comments?post=17551"}],"wp:featuredmedia":[{"embeddable":true,"href":"https:\/\/www.creaearredanegozi.it\/de\/wp-json\/wp\/v2\/media\/121515"}],"wp:attachment":[{"href":"https:\/\/www.creaearredanegozi.it\/de\/wp-json\/wp\/v2\/media?parent=17551"}],"wp:term":[{"taxonomy":"product_brand","embeddable":true,"href":"https:\/\/www.creaearredanegozi.it\/de\/wp-json\/wp\/v2\/product_brand?post=17551"},{"taxonomy":"product_cat","embeddable":true,"href":"https:\/\/www.creaearredanegozi.it\/de\/wp-json\/wp\/v2\/product_cat?post=17551"},{"taxonomy":"product_tag","embeddable":true,"href":"https:\/\/www.creaearredanegozi.it\/de\/wp-json\/wp\/v2\/product_tag?post=17551"}],"curies":[{"name":"wp","href":"https:\/\/api.w.org\/{rel}","templated":true}]}}