{"id":17567,"date":"2018-12-04T12:35:40","date_gmt":"2018-12-04T11:35:40","guid":{"rendered":"https:\/\/www.creaearredanegozi.it\/?post_type=product&#038;p=17567"},"modified":"2026-01-27T12:59:53","modified_gmt":"2026-01-27T11:59:53","slug":"kutter-professionelle-hack-und-knetmaschine-edelstahl-zwei-klingen-messer-5lt-cl5-fimar","status":"publish","type":"product","link":"https:\/\/www.creaearredanegozi.it\/de\/kutter-professionelle-hack-und-knetmaschine-edelstahl-zwei-klingen-messer-5lt-cl5-fimar\/","title":{"rendered":"Professionelle Schneide- und Knetmaschine Edelstahlmesser mit zwei Klingen 5Lt CL5 Fimar"},"content":{"rendered":"<h2 style=\"text-align: center;\">Edelstahlschneider mit Zweiklingenmesser 5 Lt Fimar CL5N<\/h2>\n<p><strong>Produkt-Code: CL5<\/strong><\/p>\n<p>Maschine zum Hacken, Kneten, Zerkleinern und Mischen. Geh\u00e4use und Sch\u00fcssel aus Edelstahl AISI 304 - Deckel aus transparentem, lebensmittelechtem Polycarbonat - Bedienfeld mit Drucktasten - Sicherheitsmikroschalter am Deckel und am Sch\u00fcsselboden - Motorbremse - Fassungsverm\u00f6gen der Sch\u00fcssel 5 Liter - ausgestattet mit einem Messer mit 2 Klingen.<\/p>\n<p>Maschine zum Zerkleinern, Kneten, Hacken und Mischen.<\/p>\n<ul>\n<li>Geh\u00e4use aus rostfreiem Stahl AISI 304.<\/li>\n<li>Deckel aus transparentem, lebensmittelechtem Polycarbonat.<\/li>\n<li>Bedienfeld mit Druckkn\u00f6pfen.<\/li>\n<li>Sicherheitsmikroschalter auf dem Deckel und dem Tankboden.<\/li>\n<li>Motorbremse.<\/li>\n<li>Tankinhalt: 5 Liter<\/li>\n<li>Ausgestattet mit einem Messer mit 2 Klingen.<\/li>\n<li>Einphasige und dreiphasige Version verf\u00fcgbar.<\/li>\n<li>A-Normen <strong>EC.<\/strong><\/li>\n<\/ul>\n<p>Disponibile anche in versione con doppia velocit\u00e0.<\/p>\n<p><strong>Optional:<\/strong><\/p>\n<ul>\n<li>Messer 2 Klingen.<\/li>\n<li>2-Klingen-Besenmesser.<\/li>\n<li>Messer 4 Klingen.<\/li>\n<li>4-Klingen-Besenmesser.<\/li>\n<\/ul>\n<p><strong>Technische Daten:<\/strong><\/p>\n<table class=\"table table-striped\">\n<tbody>\n<tr>\n<td>\n<p class=\"dati_tecnici_label_1\"><strong>Modell<\/strong><\/p>\n<\/td>\n<td><b>CL5<\/b><\/td>\n<\/tr>\n<tr>\n<td><strong>Strom<\/strong><\/td>\n<td align=\"left\">0,75 kW (1 PS)<\/td>\n<\/tr>\n<tr>\n<td><strong>Stromversorgung<\/strong><\/td>\n<td align=\"left\">230V\/1N\/50Hz<\/p>\n<p>400V\/3N\/50Hz<\/td>\n<\/tr>\n<tr>\n<td><strong>Abmessungen<\/strong><\/td>\n<td align=\"left\">240x310x545h (mm)<\/td>\n<\/tr>\n<tr>\n<td><b>Nettogewicht<\/b><\/td>\n<td align=\"left\">19 kg<\/td>\n<\/tr>\n<tr>\n<td><strong>Bruttogewicht<\/strong><\/td>\n<td align=\"left\">21 kg<\/td>\n<\/tr>\n<tr>\n<td><strong>Verpackung Abmessungen<\/strong><\/td>\n<td align=\"left\">400x300x670h (mm)<\/td>\n<\/tr>\n<tr>\n<td><b>Verpackungsvolumen<\/b><\/td>\n<td align=\"left\">0,080 m\u00b3<\/td>\n<\/tr>\n<tr>\n<td><strong>Geschwindigkeit<\/strong><\/td>\n<td align=\"left\">1400 U\/min<\/td>\n<\/tr>\n<tr>\n<td><b>Tankinhalt<\/b><\/td>\n<td align=\"left\">5 Lt. (\u00f8 210x160h)<\/td>\n<\/tr>\n<tr>\n<td><b>Max. Fl\u00fcssigkeitsinhalt im Tank<\/b><\/td>\n<td align=\"left\">2.1 Lt.<\/td>\n<\/tr>\n<\/tbody>\n<\/table>\n<p><iframe loading=\"lazy\" title=\"YouTube-Video-Player\" src=\"https:\/\/www.youtube-nocookie.com\/embed\/I5tS8OZTbw0\" width=\"560\" height=\"315\" frameborder=\"0\" allowfullscreen=\"allowfullscreen\"><\/iframe><\/p>","protected":false},"excerpt":{"rendered":"<p>Cutter inox con coltello a due lame 5 Lt Fimar CL5N Codice Prodotto: CL5 Macchina per triturare, impastare, sminuzzare e mescolare. Carcassa e vasca in acciaio inox AISI 304 \u2013 coperchio superiore in policarbonato alimentare trasparente \u2013 pulsantiera a pressione \u2013 microinterruttori di sicurezza sul coperchio e sulla base d\u2019 appoggio vasca \u2013 freno motore [&#8230;]","protected":false},"featured_media":121536,"comment_status":"closed","ping_status":"closed","template":"","meta":{"_monsterinsights_skip_tracking":false,"_monsterinsights_sitenote_active":false,"_monsterinsights_sitenote_note":"","_monsterinsights_sitenote_category":0},"product_brand":[628],"product_cat":[158,9,100,25],"product_tag":[],"class_list":{"0":"post-17567","1":"product","2":"type-product","3":"status-publish","4":"has-post-thumbnail","6":"product_brand-fimar","7":"product_cat-cutter-ristorazione","8":"product_cat-attrezzature-pub","9":"product_cat-cutter","10":"product_cat-attrezzature-ristoranti-pub-cucine","11":"product_shipping_class-f","12":"pa_marca-fimar","14":"first","15":"instock","16":"sale","17":"taxable","18":"shipping-taxable","19":"purchasable","20":"product-type-simple"},"_links":{"self":[{"href":"https:\/\/www.creaearredanegozi.it\/de\/wp-json\/wp\/v2\/product\/17567","targetHints":{"allow":["GET"]}}],"collection":[{"href":"https:\/\/www.creaearredanegozi.it\/de\/wp-json\/wp\/v2\/product"}],"about":[{"href":"https:\/\/www.creaearredanegozi.it\/de\/wp-json\/wp\/v2\/types\/product"}],"replies":[{"embeddable":true,"href":"https:\/\/www.creaearredanegozi.it\/de\/wp-json\/wp\/v2\/comments?post=17567"}],"wp:featuredmedia":[{"embeddable":true,"href":"https:\/\/www.creaearredanegozi.it\/de\/wp-json\/wp\/v2\/media\/121536"}],"wp:attachment":[{"href":"https:\/\/www.creaearredanegozi.it\/de\/wp-json\/wp\/v2\/media?parent=17567"}],"wp:term":[{"taxonomy":"product_brand","embeddable":true,"href":"https:\/\/www.creaearredanegozi.it\/de\/wp-json\/wp\/v2\/product_brand?post=17567"},{"taxonomy":"product_cat","embeddable":true,"href":"https:\/\/www.creaearredanegozi.it\/de\/wp-json\/wp\/v2\/product_cat?post=17567"},{"taxonomy":"product_tag","embeddable":true,"href":"https:\/\/www.creaearredanegozi.it\/de\/wp-json\/wp\/v2\/product_tag?post=17567"}],"curies":[{"name":"wp","href":"https:\/\/api.w.org\/{rel}","templated":true}]}}