{"id":17595,"date":"2018-12-05T10:17:34","date_gmt":"2018-12-05T09:17:34","guid":{"rendered":"https:\/\/www.creaearredanegozi.it\/?post_type=product&#038;p=17595"},"modified":"2024-11-20T13:39:52","modified_gmt":"2024-11-20T12:39:52","slug":"professioneller-mozzarellaschneider-aus-edelstahl-tac-fimar","status":"publish","type":"product","link":"https:\/\/www.creaearredanegozi.it\/de\/professioneller-mozzarellaschneider-aus-edelstahl-tac-fimar\/","title":{"rendered":"Professioneller Mozzarella-Schneider aus Edelstahl zum W\u00fcrfeln von Mozzarella TAC Fimar"},"content":{"rendered":"<h3>Fimar TAC-Edelstahl-W\u00fcrfelschneider :<\/h3>\n<ul>\n<li>Eine Maschine, die speziell zum Schneiden von Mozzarella entwickelt wurde.<\/li>\n<li>Geh\u00e4use aus rostfreiem Stahl AISI 304.<\/li>\n<li>Zentraler Korpus und Deckel aus eloxiertem Aluminium.<\/li>\n<li>Maulweite ~ 80\u00d765 mm<\/li>\n<li>Scheiben und Messer sind ausgeschlossen.<\/li>\n<li>Sicherheitsmikroschalter an Deckel und Griff.<\/li>\n<li>Maschine zur Herstellung von Mozzarella-W\u00fcrfeln in verschiedenen Gr\u00f6\u00dfen je nach den verwendeten Scheiben.<\/li>\n<li>Die Stundenleistung schwankt je nach den verwendeten Scheiben zwischen 120 und 190 kg.<\/li>\n<li>A-Normen <strong>EC.<\/strong><\/li>\n<\/ul>\n<p><strong>Optional:<\/strong><\/p>\n<ul>\n<li>Messer f\u00fcr Scheibe h 5 mm.<\/li>\n<li>Messer f\u00fcr Scheibe h 8 mm.<\/li>\n<li>Scheiben: 8x8x5 - 10x10x5 - 12x12x5 - 16x16x5 - 20x20x5 mm.<\/li>\n<li>Scheiben: 8x8x8 - 10x10x8 - 12x12x8 - 16x16x8 - 20x20x8 mm.<\/li>\n<\/ul>\n<p><strong>Technische Daten:<\/strong><\/p>\n<table class=\"table table-striped\">\n<tbody>\n<tr>\n<td>\n<p class=\"dati_tecnici_label_1\"><strong>Modell<\/strong><\/p>\n<\/td>\n<td><b>CT SCAN<\/b><\/td>\n<\/tr>\n<tr>\n<td><strong>Stromversorgung<\/strong><\/td>\n<td align=\"left\">230V\/1N\/50Hz<\/p>\n<p>400V\/3\/50Hz<\/td>\n<\/tr>\n<tr>\n<td><strong>Abmessungen<\/strong><\/td>\n<td align=\"left\">330x380x690h (mm)<\/td>\n<\/tr>\n<tr>\n<td><b>Nettogewicht<\/b><\/td>\n<td align=\"left\">17 kg<\/td>\n<\/tr>\n<tr>\n<td><strong>Bruttogewicht<\/strong><\/td>\n<td align=\"left\">19 kg<\/td>\n<\/tr>\n<tr>\n<td><strong>Verpackung Abmessungen<\/strong><\/td>\n<td align=\"left\">430x400x800h (mm)<\/td>\n<\/tr>\n<tr>\n<td><b>Verpackungsvolumen<\/b><\/td>\n<td align=\"left\">0,138 m\u00b3<\/td>\n<\/tr>\n<tr>\n<td><strong>St\u00fcndliche Leistung<\/strong><\/td>\n<td align=\"left\">120\u00f7190 Kg\/h<\/td>\n<\/tr>\n<tr>\n<td><b>Geschwindigkeit<\/b><\/td>\n<td align=\"left\">140 Umdrehungen pro Minute<\/td>\n<\/tr>\n<tr>\n<td><b>Einphasiger Strom<\/b><\/td>\n<td align=\"left\">0,4 kW (0,55 PS) 1PH<\/td>\n<\/tr>\n<tr>\n<td><b>Dreiphasiger Strom<\/b><\/td>\n<td align=\"left\">0,4 kW (0,6 PS) 3PH<\/td>\n<\/tr>\n<tr>\n<td><b>Gr\u00f6\u00dfe des Mundes (unregelm\u00e4\u00dfige Form)<\/b><\/td>\n<td align=\"left\">~ 80x65mm<\/td>\n<\/tr>\n<\/tbody>\n<\/table>","protected":false},"excerpt":{"rendered":"<p>Tagliamozzarella acciaio inox per cubettare Fimar TAC : Macchina realizzata appositamente per sfilacciare cubettare mozzarella. Carcassa in acciaio inox AISI 304. Corpo centrale e coperchio in alluminio anodizzato. Dimensione bocca ~ 80\u00d765 mm Dischi e coltelli esclusi. Microinterruttori di sicurezza su coperchio e maniglia. Macchina per ottenere cubetti di mozzarella in varie misure in base [&#8230;]","protected":false},"featured_media":121517,"comment_status":"closed","ping_status":"closed","template":"","meta":{"_monsterinsights_skip_tracking":false,"_monsterinsights_sitenote_active":false,"_monsterinsights_sitenote_note":"","_monsterinsights_sitenote_category":0},"product_brand":[628],"product_cat":[96,46,9],"product_tag":[],"class_list":{"0":"post-17595","1":"product","2":"type-product","3":"status-publish","4":"has-post-thumbnail","6":"product_brand-fimar","7":"product_cat-tagliamozzarella","8":"product_cat-attrezzature-per-pizzeria-attrezzi-pizzaiolo","9":"product_cat-attrezzature-pub","10":"product_shipping_class-206","11":"pa_marca-fimar","13":"first","14":"instock","15":"sale","16":"taxable","17":"shipping-taxable","18":"purchasable","19":"product-type-variable"},"_links":{"self":[{"href":"https:\/\/www.creaearredanegozi.it\/de\/wp-json\/wp\/v2\/product\/17595","targetHints":{"allow":["GET"]}}],"collection":[{"href":"https:\/\/www.creaearredanegozi.it\/de\/wp-json\/wp\/v2\/product"}],"about":[{"href":"https:\/\/www.creaearredanegozi.it\/de\/wp-json\/wp\/v2\/types\/product"}],"replies":[{"embeddable":true,"href":"https:\/\/www.creaearredanegozi.it\/de\/wp-json\/wp\/v2\/comments?post=17595"}],"wp:featuredmedia":[{"embeddable":true,"href":"https:\/\/www.creaearredanegozi.it\/de\/wp-json\/wp\/v2\/media\/121517"}],"wp:attachment":[{"href":"https:\/\/www.creaearredanegozi.it\/de\/wp-json\/wp\/v2\/media?parent=17595"}],"wp:term":[{"taxonomy":"product_brand","embeddable":true,"href":"https:\/\/www.creaearredanegozi.it\/de\/wp-json\/wp\/v2\/product_brand?post=17595"},{"taxonomy":"product_cat","embeddable":true,"href":"https:\/\/www.creaearredanegozi.it\/de\/wp-json\/wp\/v2\/product_cat?post=17595"},{"taxonomy":"product_tag","embeddable":true,"href":"https:\/\/www.creaearredanegozi.it\/de\/wp-json\/wp\/v2\/product_tag?post=17595"}],"curies":[{"name":"wp","href":"https:\/\/api.w.org\/{rel}","templated":true}]}}