{"id":17651,"date":"2018-12-06T11:31:11","date_gmt":"2018-12-06T10:31:11","guid":{"rendered":"https:\/\/www.creaearredanegozi.it\/?post_type=product&#038;p=17651"},"modified":"2023-11-24T09:52:39","modified_gmt":"2023-11-24T08:52:39","slug":"professionelle-salumi-gravita-schneider-klinge-o-22cm-block-platte-vela-h220n-fimar","status":"publish","type":"product","link":"https:\/\/www.creaearredanegozi.it\/de\/professionelle-salumi-gravita-schneider-klinge-o-22cm-block-platte-vela-h220n-fimar\/","title":{"rendered":"Professionelle Wurstschneidemaschine Klinge \u00d8 22cm Block Platte Vela H220N Fimar"},"content":{"rendered":"<h3>Professionelle Schwerkraft-P\u00f6kelmesser Klinge \u00d8 22 cm Fimar H220N<\/h3>\n<p>Maschine zum Schneiden von Aufschnitt, K\u00e4se, Fleisch usw.<\/p>\n<ul>\n<li>Klinge \u00d8 22 cm - Schnittl\u00e4nge 19 cm.<\/li>\n<li>Leichte Struktur aus anodisierter Aluminiumlegierung.<\/li>\n<li>Flachsegelblock.<\/li>\n<li>Fester Klingenschutzring.<\/li>\n<li>Schnittst\u00e4rke von 0 bis 15 mm<\/li>\n<li>Abnehmbarer Klingenschutz.<\/li>\n<li>Segeleinstellknopf mit Skala.<\/li>\n<li>Festes Sch\u00e4rfger\u00e4t mit zwei Schleifk\u00f6rpern zum Sch\u00e4rfen der Klinge.<\/li>\n<li>A-Normen <strong>EC.<\/strong><\/li>\n<\/ul>\n<p><strong>Technische Daten:<\/strong><\/p>\n<table class=\"table table-striped\">\n<tbody>\n<tr>\n<td>\n<p class=\"dati_tecnici_label_1\"><strong>Modell<\/strong><\/p>\n<\/td>\n<td><strong> H220N<\/strong><\/td>\n<\/tr>\n<tr>\n<td><b>Strom<\/b><\/td>\n<td align=\"left\">0,18 kW (0,25 PS)<\/td>\n<\/tr>\n<tr>\n<td><strong>Stromversorgung<\/strong><\/td>\n<td align=\"left\">230V\/1N\/50Hz<\/td>\n<\/tr>\n<tr>\n<td><strong>Abmessungen<\/strong><\/td>\n<td align=\"left\">580x405x340h mm<\/td>\n<\/tr>\n<tr>\n<td><b>Nettogewicht<\/b><\/td>\n<td align=\"left\">14 kg<\/td>\n<\/tr>\n<tr>\n<td><strong>Bruttogewicht<\/strong><\/td>\n<td align=\"left\">16 kg<\/td>\n<\/tr>\n<tr>\n<td><strong>Verpackung Abmessungen<\/strong><\/td>\n<td align=\"left\">490x470x400h (mm)<\/td>\n<\/tr>\n<tr>\n<td><b>Verpackungsvolumen<\/b><\/td>\n<td align=\"left\">0,092 m\u00b3<\/td>\n<\/tr>\n<tr>\n<td><strong>N\u00fctzlicher Schnitt<\/strong><\/td>\n<td align=\"left\">190x160h (mm)<\/td>\n<\/tr>\n<tr>\n<td><strong>\u00d8 BLADE<\/strong><\/td>\n<td align=\"left\">220 mm<\/td>\n<\/tr>\n<tr>\n<td><strong>Dicke Schnitt<\/strong><\/td>\n<td align=\"left\">0\u00f715 mm<\/td>\n<\/tr>\n<tr>\n<td><strong>Abmessungen der Tischplatte<\/strong><\/td>\n<td align=\"left\">410\u00d7290 mm<\/td>\n<\/tr>\n<\/tbody>\n<\/table>","protected":false},"excerpt":{"rendered":"<p>Affettatrice professionale a gravit\u00e0 salumi lama \u00d8 22 cm Fimar H220N Macchina per affettare salumi, formaggi, carni ecc. Lama \u00d8 22 cm &#8211; lunghezza taglio 19 cm. Struttura in lega leggera di alluminio anodizzato. Blocco piatto vela. Anello fisso protezione lama. Spessore taglio da 0 a 15 mm Paralama estraibile. Pomello regolazione vela con scala [&#8230;]","protected":false},"featured_media":121640,"comment_status":"closed","ping_status":"closed","template":"","meta":{"_monsterinsights_skip_tracking":false,"_monsterinsights_sitenote_active":false,"_monsterinsights_sitenote_note":"","_monsterinsights_sitenote_category":0},"product_brand":[628],"product_cat":[678,51,677,26],"product_tag":[],"class_list":{"0":"post-17651","1":"product","2":"type-product","3":"status-publish","4":"has-post-thumbnail","6":"product_brand-fimar","7":"product_cat-affettatrici-salumi","8":"product_cat-affettatrici","9":"product_cat-affettatrici-professionali","10":"product_cat-macelleria-e-gastronomia","11":"product_shipping_class-f","12":"pa_diametro-lama-220-mm","13":"pa_marca-fimar","14":"pa_tipo-piatto-salumi","15":"pa_versione-elettrica","17":"first","18":"instock","19":"taxable","20":"shipping-taxable","21":"purchasable","22":"product-type-simple"},"_links":{"self":[{"href":"https:\/\/www.creaearredanegozi.it\/de\/wp-json\/wp\/v2\/product\/17651","targetHints":{"allow":["GET"]}}],"collection":[{"href":"https:\/\/www.creaearredanegozi.it\/de\/wp-json\/wp\/v2\/product"}],"about":[{"href":"https:\/\/www.creaearredanegozi.it\/de\/wp-json\/wp\/v2\/types\/product"}],"replies":[{"embeddable":true,"href":"https:\/\/www.creaearredanegozi.it\/de\/wp-json\/wp\/v2\/comments?post=17651"}],"wp:featuredmedia":[{"embeddable":true,"href":"https:\/\/www.creaearredanegozi.it\/de\/wp-json\/wp\/v2\/media\/121640"}],"wp:attachment":[{"href":"https:\/\/www.creaearredanegozi.it\/de\/wp-json\/wp\/v2\/media?parent=17651"}],"wp:term":[{"taxonomy":"product_brand","embeddable":true,"href":"https:\/\/www.creaearredanegozi.it\/de\/wp-json\/wp\/v2\/product_brand?post=17651"},{"taxonomy":"product_cat","embeddable":true,"href":"https:\/\/www.creaearredanegozi.it\/de\/wp-json\/wp\/v2\/product_cat?post=17651"},{"taxonomy":"product_tag","embeddable":true,"href":"https:\/\/www.creaearredanegozi.it\/de\/wp-json\/wp\/v2\/product_tag?post=17651"}],"curies":[{"name":"wp","href":"https:\/\/api.w.org\/{rel}","templated":true}]}}