{"id":17663,"date":"2018-12-06T12:17:48","date_gmt":"2018-12-06T11:17:48","guid":{"rendered":"https:\/\/www.creaearredanegozi.it\/?post_type=product&#038;p=17663"},"modified":"2024-12-01T00:00:14","modified_gmt":"2024-11-30T23:00:14","slug":"professionelle-salamischneidemaschine-schwerkraft-klinge-o-30cm-fimar-h-hl-hr-300","status":"publish","type":"product","link":"https:\/\/www.creaearredanegozi.it\/de\/professionelle-salamischneidemaschine-schwerkraft-klinge-o-30cm-fimar-h-hl-hr-300\/","title":{"rendered":"Professionelle Salumi-Hobelklinge \u00d8 30cm Fimar H\/HL\/HR 300"},"content":{"rendered":"<h2 style=\"text-align: center;\">Fimar H300N \/ HL300 \/ HR300N Schwerkraft Wurstschneidemaschine Klinge \u00d8 30 cm<\/h2>\n<p>Maschine zum Schneiden von Aufschnitt, K\u00e4se, Fleisch usw.<\/p>\n<p><strong>H300N SCHWERKRAFTSCHNEIDEMASCHINEN<\/strong><br \/>\nLeichte Struktur aus eloxierter Aluminiumlegierung - Segelplattenblock - fester Klingenschutzring - Schnittst\u00e4rke von 0 bis 15 mm - abnehmbarer Klingenschutz - Segeleinstellknopf mit Skala - feste Sch\u00e4rfvorrichtung mit Schleifscheibenpaar zum Sch\u00e4rfen der Klinge. (dreiphasig und einphasig erh\u00e4ltlich).<\/p>\n<p><strong>HL300 SCHWERKRAFTSCHNEIDER<\/strong><br \/>\nLeichte Struktur aus eloxierter Aluminiumlegierung - Segelblock - langer Hub - Schnittst\u00e4rke von 0\u00f715 mm - fester Klingenschutzring - abnehmbarer Klingenschutz - Segeleinstellknopf mit Skala - feste Sch\u00e4rfvorrichtung mit Schleifscheibenpaar zum Sch\u00e4rfen der Klinge. (ein- und dreiphasig erh\u00e4ltlich).<\/p>\n<p><strong>HR300N SCHWERKRAFT-AUFSCHNITTMASCHINEN<\/strong><br \/>\nStruktur aus leichter, eloxierter Aluminiumlegierung - Segelblock - kompakte Modelle - Schnittst\u00e4rke von 0\u00f715 mm - fester Klingenschutzring - abnehmbarer Klingenschutz - Segeleinstellknopf mit Skala - feste Sch\u00e4rfvorrichtung mit Schleifscheibenpaar zum Sch\u00e4rfen der Klingen. (einphasig lieferbar).<\/p>\n<p>Professionelle Schneidemaschinen nach Standards <strong>EC.<\/strong><\/p>\n<p><strong>Technische Daten:<\/strong><\/p>\n<table class=\"table table-striped mtr-table mtr-tr-th\" style=\"width: 100%; border-collapse: collapse;\">\n<tbody>\n<tr style=\"height: 21px;\">\n<th style=\"width: 31.5436%; height: 21px;\" data-mtr-content=\"Modello\" class=\"mtr-th-tag\"><div class=\"mtr-cell-content\">Modell<\/div><\/th>\n<th style=\"width: 23.9933%; height: 21px;\" data-mtr-content=\"H300N\" class=\"mtr-th-tag\"><div class=\"mtr-cell-content\">H300N<\/div><\/th>\n<th style=\"width: 23.3221%; height: 21px;\" data-mtr-content=\"HL300\" class=\"mtr-th-tag\"><div class=\"mtr-cell-content\">HL300<\/div><\/th>\n<th style=\"width: 21.1409%; height: 21px;\" data-mtr-content=\"HR300N\" class=\"mtr-th-tag\"><div class=\"mtr-cell-content\">HR300N<\/div><\/th>\n<\/tr>\n<tr style=\"height: 21px;\">\n<td style=\"width: 31.5436%; height: 21px;\" data-mtr-content=\"Modello\" class=\"mtr-td-tag\"><div class=\"mtr-cell-content\">Strom<\/div><\/td>\n<td style=\"width: 23.9933%; height: 21px;\" align=\"left\" data-mtr-content=\"H300N\" class=\"mtr-td-tag\"><div class=\"mtr-cell-content\">0,26 kW (0,35 PS)<\/div><\/td>\n<td style=\"width: 23.3221%; height: 21px;\" align=\"left\" data-mtr-content=\"HL300\" class=\"mtr-td-tag\"><div class=\"mtr-cell-content\">0,37 kW (0,5 PS)<\/div><\/td>\n<td style=\"width: 21.1409%; height: 21px;\" align=\"left\" data-mtr-content=\"HR300N\" class=\"mtr-td-tag\"><div class=\"mtr-cell-content\">0,23 kW (0,3 PS)<\/div><\/td>\n<\/tr>\n<tr style=\"height: 108px;\">\n<td style=\"width: 31.5436%; height: 108px;\" data-mtr-content=\"Modello\" class=\"mtr-td-tag\"><div class=\"mtr-cell-content\">Stromversorgung<\/div><\/td>\n<td style=\"width: 23.9933%; height: 108px;\" align=\"left\" data-mtr-content=\"H300N\" class=\"mtr-td-tag\"><div class=\"mtr-cell-content\">230V\/1N\/50Hz -(1HP)\n<p>400V\/3\/50Hz - (3HP)<\/p><\/div><\/td>\n<td style=\"width: 23.3221%; height: 108px;\" align=\"left\" data-mtr-content=\"HL300\" class=\"mtr-td-tag\"><div class=\"mtr-cell-content\">230V\/1N\/50Hz-(1HP)\n<p>400V\/3\/50Hz-(3HP)<\/p><\/div><\/td>\n<td style=\"width: 21.1409%; height: 108px;\" data-mtr-content=\"HR300N\" class=\"mtr-td-tag\"><div class=\"mtr-cell-content\">230V\/1N\/50Hz<\/div><\/td>\n<\/tr>\n<tr style=\"height: 21px;\">\n<td style=\"width: 31.5436%; height: 21px;\" data-mtr-content=\"Modello\" class=\"mtr-td-tag\"><div class=\"mtr-cell-content\">Abmessungen<\/div><\/td>\n<td style=\"width: 23.9933%; height: 21px;\" align=\"left\" data-mtr-content=\"H300N\" class=\"mtr-td-tag\"><div class=\"mtr-cell-content\">650x495x440h mm<\/div><\/td>\n<td style=\"width: 23.3221%; height: 21px;\" align=\"left\" data-mtr-content=\"HL300\" class=\"mtr-td-tag\"><div class=\"mtr-cell-content\">770x540x460h mm<\/div><\/td>\n<td style=\"width: 21.1409%; height: 21px;\" align=\"left\" data-mtr-content=\"HR300N\" class=\"mtr-td-tag\"><div class=\"mtr-cell-content\">640x520x490h mm<\/div><\/td>\n<\/tr>\n<tr style=\"height: 21px;\">\n<td style=\"width: 31.5436%; height: 21px;\" data-mtr-content=\"Modello\" class=\"mtr-td-tag\"><div class=\"mtr-cell-content\">Nettogewicht<\/div><\/td>\n<td style=\"width: 23.9933%; height: 21px;\" align=\"left\" data-mtr-content=\"H300N\" class=\"mtr-td-tag\"><div class=\"mtr-cell-content\">24 kg<\/div><\/td>\n<td style=\"width: 23.3221%; height: 21px;\" align=\"left\" data-mtr-content=\"HL300\" class=\"mtr-td-tag\"><div class=\"mtr-cell-content\">31 kg<\/div><\/td>\n<td style=\"width: 21.1409%; height: 21px;\" align=\"left\" data-mtr-content=\"HR300N\" class=\"mtr-td-tag\"><div class=\"mtr-cell-content\">20 kg<\/div><\/td>\n<\/tr>\n<tr style=\"height: 21px;\">\n<td style=\"width: 31.5436%; height: 21px;\" data-mtr-content=\"Modello\" class=\"mtr-td-tag\"><div class=\"mtr-cell-content\">Bruttogewicht<\/div><\/td>\n<td style=\"width: 23.9933%; height: 21px;\" align=\"left\" data-mtr-content=\"H300N\" class=\"mtr-td-tag\"><div class=\"mtr-cell-content\">27 kg<\/div><\/td>\n<td style=\"width: 23.3221%; height: 21px;\" align=\"left\" data-mtr-content=\"HL300\" class=\"mtr-td-tag\"><div class=\"mtr-cell-content\">42 kg<\/div><\/td>\n<td style=\"width: 21.1409%; height: 21px;\" align=\"left\" data-mtr-content=\"HR300N\" class=\"mtr-td-tag\"><div class=\"mtr-cell-content\">24 kg<\/div><\/td>\n<\/tr>\n<tr style=\"height: 21px;\">\n<td style=\"width: 31.5436%; height: 21px;\" data-mtr-content=\"Modello\" class=\"mtr-td-tag\"><div class=\"mtr-cell-content\">Verpackung Abmessungen<\/div><\/td>\n<td style=\"width: 23.9933%; height: 21px;\" align=\"left\" data-mtr-content=\"H300N\" class=\"mtr-td-tag\"><div class=\"mtr-cell-content\">640x520x490h mm<\/div><\/td>\n<td style=\"width: 23.3221%; height: 21px;\" align=\"left\" data-mtr-content=\"HL300\" class=\"mtr-td-tag\"><div class=\"mtr-cell-content\">700x650x640h mm<\/div><\/td>\n<td style=\"width: 21.1409%; height: 21px;\" align=\"left\" data-mtr-content=\"HR300N\" class=\"mtr-td-tag\"><div class=\"mtr-cell-content\">640x520x490h mm<\/div><\/td>\n<\/tr>\n<tr style=\"height: 21px;\">\n<td style=\"width: 31.5436%; height: 21px;\" data-mtr-content=\"Modello\" class=\"mtr-td-tag\"><div class=\"mtr-cell-content\">Verpackungsvolumen<\/div><\/td>\n<td style=\"width: 23.9933%; height: 21px;\" align=\"left\" data-mtr-content=\"H300N\" class=\"mtr-td-tag\"><div class=\"mtr-cell-content\">0,163 m\u00b3<\/div><\/td>\n<td style=\"width: 23.3221%; height: 21px;\" align=\"left\" data-mtr-content=\"HL300\" class=\"mtr-td-tag\"><div class=\"mtr-cell-content\">0,291 m\u00b3<\/div><\/td>\n<td style=\"width: 21.1409%; height: 21px;\" align=\"left\" data-mtr-content=\"HR300N\" class=\"mtr-td-tag\"><div class=\"mtr-cell-content\">0,163 m\u00b3<\/div><\/td>\n<\/tr>\n<tr style=\"height: 21px;\">\n<td style=\"width: 31.5436%; height: 21px;\" data-mtr-content=\"Modello\" class=\"mtr-td-tag\"><div class=\"mtr-cell-content\">N\u00fctzlicher Schnitt<\/div><\/td>\n<td style=\"width: 23.9933%; height: 21px;\" align=\"left\" data-mtr-content=\"H300N\" class=\"mtr-td-tag\"><div class=\"mtr-cell-content\">220x220h mm<\/div><\/td>\n<td style=\"width: 23.3221%; height: 21px;\" align=\"left\" data-mtr-content=\"HL300\" class=\"mtr-td-tag\"><div class=\"mtr-cell-content\">260x220h mm<\/div><\/td>\n<td style=\"width: 21.1409%; height: 21px;\" align=\"left\" data-mtr-content=\"HR300N\" class=\"mtr-td-tag\"><div class=\"mtr-cell-content\">220x210h mm<\/div><\/td>\n<\/tr>\n<tr style=\"height: 21px;\">\n<td style=\"width: 31.5436%; height: 21px;\" data-mtr-content=\"Modello\" class=\"mtr-td-tag\"><div class=\"mtr-cell-content\">\u00d8 BLADE<\/div><\/td>\n<td style=\"width: 23.9933%; height: 21px;\" align=\"left\" data-mtr-content=\"H300N\" class=\"mtr-td-tag\"><div class=\"mtr-cell-content\">300 mm<\/div><\/td>\n<td style=\"width: 23.3221%; height: 21px;\" align=\"left\" data-mtr-content=\"HL300\" class=\"mtr-td-tag\"><div class=\"mtr-cell-content\">300 mm<\/div><\/td>\n<td style=\"width: 21.1409%; height: 21px;\" align=\"left\" data-mtr-content=\"HR300N\" class=\"mtr-td-tag\"><div class=\"mtr-cell-content\">300 mm<\/div><\/td>\n<\/tr>\n<tr style=\"height: 21px;\">\n<td style=\"width: 31.5436%; height: 21px;\" data-mtr-content=\"Modello\" class=\"mtr-td-tag\"><div class=\"mtr-cell-content\">Dicke Schnitt<\/div><\/td>\n<td style=\"width: 23.9933%; height: 21px;\" align=\"left\" data-mtr-content=\"H300N\" class=\"mtr-td-tag\"><div class=\"mtr-cell-content\">0\u00f715 mm<\/div><\/td>\n<td style=\"width: 23.3221%; height: 21px;\" align=\"left\" data-mtr-content=\"HL300\" class=\"mtr-td-tag\"><div class=\"mtr-cell-content\">0\u00f715 mm<\/div><\/td>\n<td style=\"width: 21.1409%; height: 21px;\" align=\"left\" data-mtr-content=\"HR300N\" class=\"mtr-td-tag\"><div class=\"mtr-cell-content\">0\u00f715 mm<\/div><\/td>\n<\/tr>\n<tr style=\"height: 21px;\">\n<td style=\"width: 31.5436%; height: 21px;\" data-mtr-content=\"Modello\" class=\"mtr-td-tag\"><div class=\"mtr-cell-content\">Abmessungen der Tischplatte<\/div><\/td>\n<td style=\"width: 23.9933%; height: 21px;\" align=\"left\" data-mtr-content=\"H300N\" class=\"mtr-td-tag\"><div class=\"mtr-cell-content\">480\u00d7350 mm<\/div><\/td>\n<td style=\"width: 23.3221%; height: 21px;\" align=\"left\" data-mtr-content=\"HL300\" class=\"mtr-td-tag\"><div class=\"mtr-cell-content\">550\u00d7410 mm<\/div><\/td>\n<td style=\"width: 21.1409%; height: 21px;\" align=\"left\" data-mtr-content=\"HR300N\" class=\"mtr-td-tag\"><div class=\"mtr-cell-content\">450\u00d7300 mm<\/div><\/td>\n<\/tr>\n<\/tbody>\n<\/table>","protected":false},"excerpt":{"rendered":"<p>Affettatrice a gravit\u00e0 salumi lama \u00d8 30 cm Fimar H300N \/ HL300 \/ HR300N Macchina per affettare salumi, formaggi, carni, ecc.. AFFETTATRICI GRAVIT\u00c0 H300N Struttura in lega leggera di alluminio anodizzato \u2013 blocco piatto vela \u2013 anello fisso protezione lama \u2013 spessore taglio da 0 a 15 mm \u2013 paralama estraibile \u2013 pomello regolazione vela [&#8230;]","protected":false},"featured_media":121653,"comment_status":"closed","ping_status":"closed","template":"","meta":{"_monsterinsights_skip_tracking":false,"_monsterinsights_sitenote_active":false,"_monsterinsights_sitenote_note":"","_monsterinsights_sitenote_category":0},"product_brand":[628],"product_cat":[678,51,677,26],"product_tag":[],"class_list":{"0":"post-17663","1":"product","2":"type-product","3":"status-publish","4":"has-post-thumbnail","6":"product_brand-fimar","7":"product_cat-affettatrici-salumi","8":"product_cat-affettatrici","9":"product_cat-affettatrici-professionali","10":"product_cat-macelleria-e-gastronomia","11":"product_shipping_class-38","12":"pa_diametro-lama-300-mm","13":"pa_marca-fimar","14":"pa_tipo-piatto-salumi","15":"pa_versione-elettrica","17":"first","18":"instock","19":"taxable","20":"shipping-taxable","21":"purchasable","22":"product-type-variable"},"_links":{"self":[{"href":"https:\/\/www.creaearredanegozi.it\/de\/wp-json\/wp\/v2\/product\/17663","targetHints":{"allow":["GET"]}}],"collection":[{"href":"https:\/\/www.creaearredanegozi.it\/de\/wp-json\/wp\/v2\/product"}],"about":[{"href":"https:\/\/www.creaearredanegozi.it\/de\/wp-json\/wp\/v2\/types\/product"}],"replies":[{"embeddable":true,"href":"https:\/\/www.creaearredanegozi.it\/de\/wp-json\/wp\/v2\/comments?post=17663"}],"wp:featuredmedia":[{"embeddable":true,"href":"https:\/\/www.creaearredanegozi.it\/de\/wp-json\/wp\/v2\/media\/121653"}],"wp:attachment":[{"href":"https:\/\/www.creaearredanegozi.it\/de\/wp-json\/wp\/v2\/media?parent=17663"}],"wp:term":[{"taxonomy":"product_brand","embeddable":true,"href":"https:\/\/www.creaearredanegozi.it\/de\/wp-json\/wp\/v2\/product_brand?post=17663"},{"taxonomy":"product_cat","embeddable":true,"href":"https:\/\/www.creaearredanegozi.it\/de\/wp-json\/wp\/v2\/product_cat?post=17663"},{"taxonomy":"product_tag","embeddable":true,"href":"https:\/\/www.creaearredanegozi.it\/de\/wp-json\/wp\/v2\/product_tag?post=17663"}],"curies":[{"name":"wp","href":"https:\/\/api.w.org\/{rel}","templated":true}]}}