{"id":17669,"date":"2018-12-06T12:40:27","date_gmt":"2018-12-06T11:40:27","guid":{"rendered":"https:\/\/www.creaearredanegozi.it\/?post_type=product&#038;p=17669"},"modified":"2024-11-20T13:39:59","modified_gmt":"2024-11-20T12:39:59","slug":"professionelle-salamischneider-schwerkraft-klinge-o-33-cm-h330-fimar","status":"publish","type":"product","link":"https:\/\/www.creaearredanegozi.it\/de\/professionelle-salamischneider-schwerkraft-klinge-o-33-cm-h330-fimar\/","title":{"rendered":"Professioneller Salumi-Hobel Klinge \u00d8 33 cm H330 Fimar"},"content":{"rendered":"<h3>Schwerkraft-Charcuterie-Schneidemesser \u00d8 33 cm Fimar H330<\/h3>\n<p>Maschine zum Schneiden von Aufschnitt, K\u00e4se, Fleisch usw.<\/p>\n<ul>\n<li>Klinge \u00d8 33 cm - Schnittl\u00e4nge 26 cm.<\/li>\n<li>Leichte Struktur aus anodisierter Aluminiumlegierung.<\/li>\n<li><strong>Flachsegelblock<\/strong><\/li>\n<li>Fester Klingenschutzring.<\/li>\n<li>Schnittst\u00e4rke von 0 bis 15 mm<\/li>\n<li>Abnehmbarer Klingenschutz.<\/li>\n<li>Segeleinstellknopf mit Skala.<\/li>\n<li>Festes Sch\u00e4rfger\u00e4t mit zwei Schleifk\u00f6rpern zum Sch\u00e4rfen der Klinge.<\/li>\n<li>Nur auf Anfrage, 24V-Motor auf Anfrage erh\u00e4ltlich.<\/li>\n<li>A-Normen <strong>EC.<\/strong><\/li>\n<\/ul>\n<p><strong>Technische Daten:<\/strong><\/p>\n<table class=\"table table-striped\">\n<tbody>\n<tr>\n<td>\n<p class=\"dati_tecnici_label_1\"><strong>Modell<\/strong><\/p>\n<\/td>\n<td><strong> H330<\/strong><\/td>\n<\/tr>\n<tr>\n<td><b>Strom<\/b><\/td>\n<td align=\"left\">0,37 kW (0,5 PS)<\/td>\n<\/tr>\n<tr>\n<td><strong>Stromversorgung<\/strong><\/td>\n<td align=\"left\">230V\/1N\/50Hz (1HP)<\/p>\n<p>400V\/3\/50Hz (3HP)<\/td>\n<\/tr>\n<tr>\n<td><strong>Abmessungen<\/strong><\/td>\n<td align=\"left\">770x550x465h mm<\/td>\n<\/tr>\n<tr>\n<td><b>Nettogewicht<\/b><\/td>\n<td align=\"left\">32 kg<\/td>\n<\/tr>\n<tr>\n<td><strong>Bruttogewicht<\/strong><\/td>\n<td align=\"left\">43 kg<\/td>\n<\/tr>\n<tr>\n<td><strong>Abmessungen <\/strong><strong>Verpackung<\/strong><\/td>\n<td align=\"left\">700x650x640h mm<\/td>\n<\/tr>\n<tr>\n<td><b>Verpackungsvolumen<\/b><\/td>\n<td align=\"left\">0,291 m\u00b3<\/td>\n<\/tr>\n<tr>\n<td><strong>N\u00fctzlicher Schnitt<\/strong><\/td>\n<td align=\"left\">260x235h mm<\/td>\n<\/tr>\n<tr>\n<td><strong>\u00d8 BLADE<\/strong><\/td>\n<td align=\"left\">330 mm<\/td>\n<\/tr>\n<tr>\n<td><strong>Dicke Schnitt<\/strong><\/td>\n<td align=\"left\">0\u00f715 mm<\/td>\n<\/tr>\n<tr>\n<td><strong>Abmessungen <\/strong><\/p>\n<p><strong>Tischplatte<\/strong><\/td>\n<td align=\"left\">550\u00d7410 mm<\/td>\n<\/tr>\n<\/tbody>\n<\/table>","protected":false},"excerpt":{"rendered":"<p>Affettatrice a gravit\u00e0 salumi lama \u00d8 33 cm Fimar H330 Macchina per affettare salumi, formaggi, carni, ecc. Lama \u00d8 33 cm &#8211; lunghezza taglio 26 cm. Struttura in lega leggera di alluminio anodizzato. Blocco piatto vela Anello fisso protezione lama. Spessore taglio da 0 a 15 mm Paralama estraibile. Pomello regolazione vela con scala graduata. [&#8230;]","protected":false},"featured_media":121655,"comment_status":"closed","ping_status":"closed","template":"","meta":{"_monsterinsights_skip_tracking":false,"_monsterinsights_sitenote_active":false,"_monsterinsights_sitenote_note":"","_monsterinsights_sitenote_category":0},"product_brand":[628],"product_cat":[678,51,677,26],"product_tag":[],"class_list":{"0":"post-17669","1":"product","2":"type-product","3":"status-publish","4":"has-post-thumbnail","6":"product_brand-fimar","7":"product_cat-affettatrici-salumi","8":"product_cat-affettatrici","9":"product_cat-affettatrici-professionali","10":"product_cat-macelleria-e-gastronomia","11":"product_shipping_class-681","12":"pa_marca-fimar","13":"pa_versione-monofase","14":"pa_versione-trifase","16":"first","17":"instock","18":"sale","19":"taxable","20":"shipping-taxable","21":"purchasable","22":"product-type-variable"},"_links":{"self":[{"href":"https:\/\/www.creaearredanegozi.it\/de\/wp-json\/wp\/v2\/product\/17669","targetHints":{"allow":["GET"]}}],"collection":[{"href":"https:\/\/www.creaearredanegozi.it\/de\/wp-json\/wp\/v2\/product"}],"about":[{"href":"https:\/\/www.creaearredanegozi.it\/de\/wp-json\/wp\/v2\/types\/product"}],"replies":[{"embeddable":true,"href":"https:\/\/www.creaearredanegozi.it\/de\/wp-json\/wp\/v2\/comments?post=17669"}],"wp:featuredmedia":[{"embeddable":true,"href":"https:\/\/www.creaearredanegozi.it\/de\/wp-json\/wp\/v2\/media\/121655"}],"wp:attachment":[{"href":"https:\/\/www.creaearredanegozi.it\/de\/wp-json\/wp\/v2\/media?parent=17669"}],"wp:term":[{"taxonomy":"product_brand","embeddable":true,"href":"https:\/\/www.creaearredanegozi.it\/de\/wp-json\/wp\/v2\/product_brand?post=17669"},{"taxonomy":"product_cat","embeddable":true,"href":"https:\/\/www.creaearredanegozi.it\/de\/wp-json\/wp\/v2\/product_cat?post=17669"},{"taxonomy":"product_tag","embeddable":true,"href":"https:\/\/www.creaearredanegozi.it\/de\/wp-json\/wp\/v2\/product_tag?post=17669"}],"curies":[{"name":"wp","href":"https:\/\/api.w.org\/{rel}","templated":true}]}}