{"id":17701,"date":"2018-12-10T10:28:22","date_gmt":"2018-12-10T09:28:22","guid":{"rendered":"https:\/\/www.creaearredanegozi.it\/?post_type=product&#038;p=17701"},"modified":"2023-10-20T13:29:03","modified_gmt":"2023-10-20T11:29:03","slug":"affettatrice-verticale-professionale-per-salumi-carrello-fisso-lama-o-35cm-k350-fimar","status":"publish","type":"product","link":"https:\/\/www.creaearredanegozi.it\/de\/affettatrice-verticale-professionale-per-salumi-carrello-fisso-lama-o-35cm-k350-fimar\/","title":{"rendered":"Professionelle vertikale Salamischneidemaschine Feste Wagenklinge \u00d8 35cm K350 Fimar"},"content":{"rendered":"<h3>Affettatrice verticale scorrimento carrello a vista lama \u00d8 35 cm Fimar K350<\/h3>\n<p>Maschine zum Schneiden von Aufschnitt, Fleisch, K\u00e4se usw.<\/p>\n<ul>\n<li>Lama \u00d8 35 cm &#8211; lunghezza taglio 30 cm.<\/li>\n<li>Leichte Struktur aus anodisierter Aluminiumlegierung.<\/li>\n<li>Carrello fisso<\/li>\n<li>Erh\u00e4ltlich mit Fleischplatte.<\/li>\n<li>Fester Klingenschutzring.<\/li>\n<li>Spessore taglio 0\u00f715 mm.<\/li>\n<li>Abnehmbarer Klingenschutz.<\/li>\n<li>Segeleinstellknopf mit Skala.<\/li>\n<li>Festes Sch\u00e4rfger\u00e4t mit zwei Schleifk\u00f6rpern zum Sch\u00e4rfen der Klinge.<\/li>\n<li>A-Normen <strong>EC.<\/strong><\/li>\n<\/ul>\n<p>Possibile scelta tra piatto salumi o piatto carne, e modello trifase o monofase.<\/p>\n<p><strong>Technische Daten:<\/strong><\/p>\n<table class=\"table table-striped\">\n<tbody>\n<tr>\n<td>\n<p class=\"dati_tecnici_label_1\"><strong>Modell<\/strong><\/p>\n<\/td>\n<td><strong>K350<\/strong><\/td>\n<\/tr>\n<tr>\n<td><b>Strom<\/b><\/td>\n<td align=\"left\">0,37 kW (0,5 PS)<\/td>\n<\/tr>\n<tr>\n<td><strong>Stromversorgung<\/strong><\/td>\n<td align=\"left\">230V\/1N\/50Hz<\/p>\n<p>400V\/3\/50Hz<\/td>\n<\/tr>\n<tr>\n<td><strong>Abmessungen<\/strong><\/td>\n<td align=\"left\">820x650x640h mm<\/td>\n<\/tr>\n<tr>\n<td><b>Nettogewicht<\/b><\/td>\n<td align=\"left\">43 kg<\/td>\n<\/tr>\n<tr>\n<td><strong>Bruttogewicht<\/strong><\/td>\n<td align=\"left\">55 kg<\/td>\n<\/tr>\n<tr>\n<td><strong>Abmessungen <\/strong><strong>Verpackung<\/strong><\/td>\n<td align=\"left\">820x720x760h mm<\/td>\n<\/tr>\n<tr>\n<td><b>Verpackungsvolumen<\/b><\/td>\n<td align=\"left\">0,449 m\u00b3<\/td>\n<\/tr>\n<tr>\n<td><strong>N\u00fctzlicher Schnitt<\/strong><\/td>\n<td align=\"left\">300x265h mm<\/td>\n<\/tr>\n<tr>\n<td><strong>\u00d8 BLADE<\/strong><\/td>\n<td align=\"left\">350 mm<\/td>\n<\/tr>\n<tr>\n<td><strong>Dicke Schnitt<\/strong><\/td>\n<td align=\"left\">0\u00f715 mm<\/td>\n<\/tr>\n<tr>\n<td><strong>Abmessungen <\/strong><\/p>\n<p><strong>Tischplatte<\/strong><\/td>\n<td align=\"left\">660&#215;540 mm<\/td>\n<\/tr>\n<\/tbody>\n<\/table>\n<p>&nbsp;<\/p>","protected":false},"excerpt":{"rendered":"<p>Affettatrice verticale scorrimento carrello a vista lama \u00d8 35 cm Fimar K350 Macchina per affettare salumi, carne, formaggi, ecc. Lama \u00d8 35 cm &#8211; lunghezza taglio 30 cm. Struttura in lega leggera di alluminio anodizzato. Carrello fisso Disponibili con piatto carne. Anello fisso protezione lama. Spessore taglio 0\u00f715 mm. Paralama estraibile. Pomello regolazione vela con [&#8230;]","protected":false},"featured_media":121679,"comment_status":"closed","ping_status":"closed","template":"","meta":{"_monsterinsights_skip_tracking":false,"_monsterinsights_sitenote_active":false,"_monsterinsights_sitenote_note":"","_monsterinsights_sitenote_category":0},"product_brand":[628],"product_cat":[51,677,678,26],"product_tag":[],"class_list":{"0":"post-17701","1":"product","2":"type-product","3":"status-publish","4":"has-post-thumbnail","6":"product_brand-fimar","7":"product_cat-affettatrici","8":"product_cat-affettatrici-professionali","9":"product_cat-affettatrici-salumi","10":"product_cat-macelleria-e-gastronomia","11":"product_shipping_class-33","12":"pa_marca-fimar","14":"first","15":"instock","16":"taxable","17":"shipping-taxable","18":"purchasable","19":"product-type-simple"},"_links":{"self":[{"href":"https:\/\/www.creaearredanegozi.it\/de\/wp-json\/wp\/v2\/product\/17701","targetHints":{"allow":["GET"]}}],"collection":[{"href":"https:\/\/www.creaearredanegozi.it\/de\/wp-json\/wp\/v2\/product"}],"about":[{"href":"https:\/\/www.creaearredanegozi.it\/de\/wp-json\/wp\/v2\/types\/product"}],"replies":[{"embeddable":true,"href":"https:\/\/www.creaearredanegozi.it\/de\/wp-json\/wp\/v2\/comments?post=17701"}],"wp:featuredmedia":[{"embeddable":true,"href":"https:\/\/www.creaearredanegozi.it\/de\/wp-json\/wp\/v2\/media\/121679"}],"wp:attachment":[{"href":"https:\/\/www.creaearredanegozi.it\/de\/wp-json\/wp\/v2\/media?parent=17701"}],"wp:term":[{"taxonomy":"product_brand","embeddable":true,"href":"https:\/\/www.creaearredanegozi.it\/de\/wp-json\/wp\/v2\/product_brand?post=17701"},{"taxonomy":"product_cat","embeddable":true,"href":"https:\/\/www.creaearredanegozi.it\/de\/wp-json\/wp\/v2\/product_cat?post=17701"},{"taxonomy":"product_tag","embeddable":true,"href":"https:\/\/www.creaearredanegozi.it\/de\/wp-json\/wp\/v2\/product_tag?post=17701"}],"curies":[{"name":"wp","href":"https:\/\/api.w.org\/{rel}","templated":true}]}}