{"id":17704,"date":"2018-12-10T10:42:33","date_gmt":"2018-12-10T09:42:33","guid":{"rendered":"https:\/\/www.creaearredanegozi.it\/?post_type=product&#038;p=17704"},"modified":"2024-02-12T10:25:35","modified_gmt":"2024-02-12T09:25:35","slug":"affettatrice-verticale-lama-o-25-cm-fimar-v-250","status":"publish","type":"product","link":"https:\/\/www.creaearredanegozi.it\/de\/affettatrice-verticale-lama-o-25-cm-fimar-v-250\/","title":{"rendered":"Profi-Vertikalschneider Klinge \u00d8 25 cm V250 Fimar"},"content":{"rendered":"<h3>Affettatrice Professionale Verticale Lama \u00d8 25 cm Fimar V250<\/h3>\n<p>Maschine zum Schneiden von Aufschnitt, Fleisch, K\u00e4se usw.<\/p>\n<ul>\n<li>Lama \u00d8 25 cm &#8211; lunghezza taglio 24 cm.<\/li>\n<li>Leichte Struktur aus anodisierter Aluminiumlegierung.<\/li>\n<li>Blocco piatto-vela per rimozione carrello.<\/li>\n<li>Schnittst\u00e4rke 0\u00f716 mm<\/li>\n<li>Fester Klingenschutzring.<\/li>\n<li>Abnehmbarer Klingenschutz.<\/li>\n<li>Segeleinstellknopf mit Skala.<\/li>\n<li>Festes Sch\u00e4rfger\u00e4t mit zwei Schleifk\u00f6rpern zum Sch\u00e4rfen der Klinge.<\/li>\n<li>A-Normen <strong>EC.<\/strong><\/li>\n<\/ul>\n<p><strong>Technische Daten:<\/strong><\/p>\n<table class=\"table table-striped\">\n<tbody>\n<tr>\n<td>\n<p class=\"dati_tecnici_label_1\"><strong>Modell<\/strong><\/p>\n<\/td>\n<td><strong>V250<\/strong><\/td>\n<\/tr>\n<tr>\n<td><b>Strom<\/b><\/td>\n<td align=\"left\">0,26 kW (0,35 PS)<\/td>\n<\/tr>\n<tr>\n<td><strong>Stromversorgung<\/strong><\/td>\n<td align=\"left\">230V\/1N\/50Hz<\/td>\n<\/tr>\n<tr>\n<td><strong>Abmessungen<\/strong><\/td>\n<td align=\"left\">530x430x500h mm<\/td>\n<\/tr>\n<tr>\n<td><b>Nettogewicht<\/b><\/td>\n<td align=\"left\">24 kg<\/td>\n<\/tr>\n<tr>\n<td><strong>Bruttogewicht<\/strong><\/td>\n<td align=\"left\">34 kg<\/td>\n<\/tr>\n<tr>\n<td><strong>Abmessungen <\/strong><strong>Verpackung<\/strong><\/td>\n<td align=\"left\">700x630x630h mm<\/td>\n<\/tr>\n<tr>\n<td><b>Verpackungsvolumen<\/b><\/td>\n<td align=\"left\">0,278 m\u00b3<\/td>\n<\/tr>\n<tr>\n<td><strong>N\u00fctzlicher Schnitt<\/strong><\/td>\n<td align=\"left\">240 x 170(h) mm<\/td>\n<\/tr>\n<tr>\n<td><strong>\u00d8 BLADE<\/strong><\/td>\n<td align=\"left\">250 mm<\/td>\n<\/tr>\n<tr>\n<td><strong>Dicke Schnitt<\/strong><\/td>\n<td align=\"left\">0\u00f716 mm<\/td>\n<\/tr>\n<tr>\n<td><strong>Abmessungen <\/strong><\/p>\n<p><strong>Tischplatte<\/strong><\/td>\n<td align=\"left\">470 x 370 mm<\/td>\n<\/tr>\n<\/tbody>\n<\/table>\n<p>&nbsp;<\/p>","protected":false},"excerpt":{"rendered":"<p>Affettatrice Professionale Verticale Lama \u00d8 25 cm Fimar V250 Macchina per affettare salumi, carni, formaggi, ecc. Lama \u00d8 25 cm &#8211; lunghezza taglio 24 cm. Struttura in lega leggera di alluminio anodizzato. Blocco piatto-vela per rimozione carrello. Spessore taglio 0\u00f716 mm Anello fisso protezione lama. Paralama estraibile. Pomello regolazione vela con scala graduata. Affilatoio fisso [&#8230;]","protected":false},"featured_media":121668,"comment_status":"closed","ping_status":"closed","template":"","meta":{"_monsterinsights_skip_tracking":false,"_monsterinsights_sitenote_active":false,"_monsterinsights_sitenote_note":"","_monsterinsights_sitenote_category":0},"product_brand":[628],"product_cat":[678,51,677,26],"product_tag":[],"class_list":{"0":"post-17704","1":"product","2":"type-product","3":"status-publish","4":"has-post-thumbnail","6":"product_brand-fimar","7":"product_cat-affettatrici-salumi","8":"product_cat-affettatrici","9":"product_cat-affettatrici-professionali","10":"product_cat-macelleria-e-gastronomia","11":"product_shipping_class-38","12":"pa_marca-fimar","14":"first","15":"instock","16":"taxable","17":"shipping-taxable","18":"purchasable","19":"product-type-simple"},"_links":{"self":[{"href":"https:\/\/www.creaearredanegozi.it\/de\/wp-json\/wp\/v2\/product\/17704","targetHints":{"allow":["GET"]}}],"collection":[{"href":"https:\/\/www.creaearredanegozi.it\/de\/wp-json\/wp\/v2\/product"}],"about":[{"href":"https:\/\/www.creaearredanegozi.it\/de\/wp-json\/wp\/v2\/types\/product"}],"replies":[{"embeddable":true,"href":"https:\/\/www.creaearredanegozi.it\/de\/wp-json\/wp\/v2\/comments?post=17704"}],"wp:featuredmedia":[{"embeddable":true,"href":"https:\/\/www.creaearredanegozi.it\/de\/wp-json\/wp\/v2\/media\/121668"}],"wp:attachment":[{"href":"https:\/\/www.creaearredanegozi.it\/de\/wp-json\/wp\/v2\/media?parent=17704"}],"wp:term":[{"taxonomy":"product_brand","embeddable":true,"href":"https:\/\/www.creaearredanegozi.it\/de\/wp-json\/wp\/v2\/product_brand?post=17704"},{"taxonomy":"product_cat","embeddable":true,"href":"https:\/\/www.creaearredanegozi.it\/de\/wp-json\/wp\/v2\/product_cat?post=17704"},{"taxonomy":"product_tag","embeddable":true,"href":"https:\/\/www.creaearredanegozi.it\/de\/wp-json\/wp\/v2\/product_tag?post=17704"}],"curies":[{"name":"wp","href":"https:\/\/api.w.org\/{rel}","templated":true}]}}