{"id":17712,"date":"2018-12-10T19:44:46","date_gmt":"2018-12-10T18:44:46","guid":{"rendered":"https:\/\/www.creaearredanegozi.it\/?post_type=product&#038;p=17712"},"modified":"2026-01-26T12:21:49","modified_gmt":"2026-01-26T11:21:49","slug":"schwerkraftschneidemesser-22-cm-bkl-220-lux-beckers","status":"publish","type":"product","link":"https:\/\/www.creaearredanegozi.it\/de\/schwerkraftschneidemesser-22-cm-bkl-220-lux-beckers\/","title":{"rendered":"Schwerkraftschneidemesser 22 cm BKL 220 LUX Beckers"},"content":{"rendered":"<p><strong>Schwerkraft-Hobelmesser 22 cm Beckers<\/strong><\/p>\n<p>Modell: BKL 220 LUX<br \/>\nLeistung: 160 Watt<br \/>\nGewicht: 15 kg<br \/>\nKlinge \u2205 220 mm<br \/>\nAusschnitt: 145\u00d7200 mm<br \/>\nHub des Schlittens: 235 mm<br \/>\nAbmessungen: 390x480x350 mm<br \/>\nAbmessungen der Verpackung: 570x445x400 mm<\/p>\n<p>Rahmen aus lackiertem Aluminiumdruckguss<br \/>\nSchnittst\u00e4rke: 0~15 mm<br \/>\nFester Anspitzer<br \/>\nBel\u00fcfteter Motor<br \/>\nRASSPE-Klinge<br \/>\nDoppelte 24-V-Leuchttaste<br \/>\nSicherheitssteuerger\u00e4t<br \/>\nKn\u00f6pfe und F\u00fc\u00dfe aus Aluminium<br \/>\nTrolley-Schloss<br \/>\nHerkunft: Europ\u00e4ische Gemeinschaft<\/p>\n<hr \/>\n<p style=\"text-align: center;\"><iframe loading=\"lazy\" src=\"https:\/\/www.youtube.com\/embed\/4qHvPGlbV8A\" width=\"560\" height=\"315\" frameborder=\"0\" allowfullscreen=\"allowfullscreen\"><\/iframe><\/p>","protected":false},"excerpt":{"rendered":"<p>Affettatrice a gravit\u00e0 lama 22 cm Beckers Modello: BKL 220 LUX Potenza: 160 Watt Peso: 15 Kg Lama \u2205 220 mm Taglio utile: 145&#215;200 mm Corsa carrello: 235 mm Dimensioni: 390x480x350 mm Dimensioni imballo: 570x445x400 mm Telaio in alluminio pressofuso verniciato Spessore taglio: 0~15 mm Affilatoio fisso Motore ventilato Lama RASSPE Doppio pulsante luminoso 24 [&#8230;]","protected":false},"featured_media":122209,"comment_status":"closed","ping_status":"closed","template":"","meta":{"_monsterinsights_skip_tracking":false,"_monsterinsights_sitenote_active":false,"_monsterinsights_sitenote_note":"","_monsterinsights_sitenote_category":0},"product_brand":[641],"product_cat":[51,677,678],"product_tag":[],"class_list":{"0":"post-17712","1":"product","2":"type-product","3":"status-publish","4":"has-post-thumbnail","6":"product_brand-beckers","7":"product_cat-affettatrici","8":"product_cat-affettatrici-professionali","9":"product_cat-affettatrici-salumi","10":"product_shipping_class-206","11":"pa_diametro-lama-220-mm","12":"pa_marca-beckers","13":"pa_versione-elettrica","15":"first","16":"instock","17":"taxable","18":"shipping-taxable","19":"purchasable","20":"product-type-simple"},"_links":{"self":[{"href":"https:\/\/www.creaearredanegozi.it\/de\/wp-json\/wp\/v2\/product\/17712","targetHints":{"allow":["GET"]}}],"collection":[{"href":"https:\/\/www.creaearredanegozi.it\/de\/wp-json\/wp\/v2\/product"}],"about":[{"href":"https:\/\/www.creaearredanegozi.it\/de\/wp-json\/wp\/v2\/types\/product"}],"replies":[{"embeddable":true,"href":"https:\/\/www.creaearredanegozi.it\/de\/wp-json\/wp\/v2\/comments?post=17712"}],"wp:featuredmedia":[{"embeddable":true,"href":"https:\/\/www.creaearredanegozi.it\/de\/wp-json\/wp\/v2\/media\/122209"}],"wp:attachment":[{"href":"https:\/\/www.creaearredanegozi.it\/de\/wp-json\/wp\/v2\/media?parent=17712"}],"wp:term":[{"taxonomy":"product_brand","embeddable":true,"href":"https:\/\/www.creaearredanegozi.it\/de\/wp-json\/wp\/v2\/product_brand?post=17712"},{"taxonomy":"product_cat","embeddable":true,"href":"https:\/\/www.creaearredanegozi.it\/de\/wp-json\/wp\/v2\/product_cat?post=17712"},{"taxonomy":"product_tag","embeddable":true,"href":"https:\/\/www.creaearredanegozi.it\/de\/wp-json\/wp\/v2\/product_tag?post=17712"}],"curies":[{"name":"wp","href":"https:\/\/api.w.org\/{rel}","templated":true}]}}