{"id":17719,"date":"2018-12-11T18:20:32","date_gmt":"2018-12-11T17:20:32","guid":{"rendered":"https:\/\/www.creaearredanegozi.it\/?post_type=product&#038;p=17719"},"modified":"2024-12-01T00:00:07","modified_gmt":"2024-11-30T23:00:07","slug":"automatische-vakuumschweismaschine-32-cm-msd300p-fimar","status":"publish","type":"product","link":"https:\/\/www.creaearredanegozi.it\/de\/automatische-vakuumschweismaschine-32-cm-msd300p-fimar\/","title":{"rendered":"Automatische Vakuumiermaschine mit 32 cm Schwei\u00dfleiste MSD300P Fimar"},"content":{"rendered":"<h3>Fimar MSD300P automatische Vakuum-Schwei\u00dfbalkenmaschine 32 cm<\/h3>\n<p>VAKUUM-SCHWEISSLEISTE MSD300P<\/p>\n<p>Eine Maschine zur Verl\u00e4ngerung der Haltbarkeitsdauer von Lebensmitteln unter Beibehaltung ihrer organoleptischen Eigenschaften. Durch die Verwendung spezieller gepr\u00e4gter Beutel oder Beh\u00e4lter wird ein Vakuum erzeugt, das das Bakterienwachstum bei niedrigen Temperaturen verhindert.<\/p>\n<p>Alle Vakuumverpackungsmaschinen unterst\u00fctzen Vakuum in Beuteln oder Beh\u00e4ltern mit speziellen Deckeln. Verwenden Sie nur gepr\u00e4gte Vakuumbeutel.<\/p>\n<ul>\n<li>Vakuumverpackungsmaschine mit externer Extraktion zur Verl\u00e4ngerung der Haltbarkeitsdauer von Lebensmitteln unter Beibehaltung der organoleptischen Eigenschaften.<\/li>\n<li>Kunststoffgeh\u00e4use.<\/li>\n<li>Schnell \u00f6ffnende Magnetventilstange.<\/li>\n<li>Trockene Pumpe.<\/li>\n<li>Automatisch und digital.<\/li>\n<li>Sensor f\u00fcr die H\u00f6henanpassung.<\/li>\n<li>A-Normen <strong>EC.<\/strong><\/li>\n<\/ul>\n<p><strong>Technische Daten:<\/strong><\/p>\n<p>&nbsp;<\/p>\n<table class=\"table table-striped\">\n<tbody>\n<tr>\n<td>\n<p class=\"dati_tecnici_label_1\"><strong>Modell<\/strong><\/p>\n<\/td>\n<td><strong>MSD300P<\/strong><\/td>\n<\/tr>\n<tr>\n<td><b>Strom<\/b><\/td>\n<td align=\"left\">0,49 kW (0,7 PS)<\/td>\n<\/tr>\n<tr>\n<td><strong>Stromversorgung<\/strong><\/td>\n<td align=\"left\">230V\/1N\/50-60Hz<\/td>\n<\/tr>\n<tr>\n<td><strong>Abmessungen<\/strong><\/td>\n<td align=\"left\">390x310x140h mm<\/td>\n<\/tr>\n<tr>\n<td><b>Nettogewicht<\/b><\/td>\n<td align=\"left\">4,5 kg<\/td>\n<\/tr>\n<tr>\n<td><strong>Bruttogewicht<\/strong><\/td>\n<td align=\"left\">5,5 kg<\/td>\n<\/tr>\n<tr>\n<td><strong>Abmessungen <\/strong><strong>Verpackung<\/strong><\/td>\n<td align=\"left\">420x350x190h mm<\/td>\n<\/tr>\n<tr>\n<td><b>Verpackungsvolumen<\/b><\/td>\n<td align=\"left\">0,028 m\u00b3<\/td>\n<\/tr>\n<tr>\n<td><strong>Vakuumpumpe<\/strong><\/td>\n<td align=\"left\">0,9 m\u00b3\/h<\/td>\n<\/tr>\n<tr>\n<td><strong>L\u00f6tkolben<\/strong><\/td>\n<td align=\"left\">320 mm<\/td>\n<\/tr>\n<tr>\n<td><strong>Maximal erreichbares Vakuum<\/strong><\/td>\n<td align=\"left\">80%<\/td>\n<\/tr>\n<\/tbody>\n<\/table>\n<p>&nbsp;<\/p>","protected":false},"excerpt":{"rendered":"<p>Macchina sottovuoto automatica a barra saldante 32 cm Fimar MSD300P SOTTOVUOTO BARRA SALDANTE MSD300P Macchina per prolungare i tempi di conservazione degli alimenti mantenendone intatte le caratteristiche organolettiche. Tramite l\u2019utilizzo di apposite buste goffrate o contenitori si crea un livello di vuoto tale da impedire la proliferazione batterica a bassa temperatura. Tutte le macchine sottovuoto [&#8230;]","protected":false},"featured_media":121709,"comment_status":"closed","ping_status":"closed","template":"","meta":{"_monsterinsights_skip_tracking":false,"_monsterinsights_sitenote_active":false,"_monsterinsights_sitenote_note":"","_monsterinsights_sitenote_category":0},"product_brand":[628],"product_cat":[106,14],"product_tag":[],"class_list":{"0":"post-17719","1":"product","2":"type-product","3":"status-publish","4":"has-post-thumbnail","6":"product_brand-fimar","7":"product_cat-sottovuoto","8":"product_cat-confezionamento","9":"product_shipping_class-f","10":"pa_marca-fimar","12":"first","13":"instock","14":"taxable","15":"shipping-taxable","16":"purchasable","17":"product-type-simple"},"_links":{"self":[{"href":"https:\/\/www.creaearredanegozi.it\/de\/wp-json\/wp\/v2\/product\/17719","targetHints":{"allow":["GET"]}}],"collection":[{"href":"https:\/\/www.creaearredanegozi.it\/de\/wp-json\/wp\/v2\/product"}],"about":[{"href":"https:\/\/www.creaearredanegozi.it\/de\/wp-json\/wp\/v2\/types\/product"}],"replies":[{"embeddable":true,"href":"https:\/\/www.creaearredanegozi.it\/de\/wp-json\/wp\/v2\/comments?post=17719"}],"wp:featuredmedia":[{"embeddable":true,"href":"https:\/\/www.creaearredanegozi.it\/de\/wp-json\/wp\/v2\/media\/121709"}],"wp:attachment":[{"href":"https:\/\/www.creaearredanegozi.it\/de\/wp-json\/wp\/v2\/media?parent=17719"}],"wp:term":[{"taxonomy":"product_brand","embeddable":true,"href":"https:\/\/www.creaearredanegozi.it\/de\/wp-json\/wp\/v2\/product_brand?post=17719"},{"taxonomy":"product_cat","embeddable":true,"href":"https:\/\/www.creaearredanegozi.it\/de\/wp-json\/wp\/v2\/product_cat?post=17719"},{"taxonomy":"product_tag","embeddable":true,"href":"https:\/\/www.creaearredanegozi.it\/de\/wp-json\/wp\/v2\/product_tag?post=17719"}],"curies":[{"name":"wp","href":"https:\/\/api.w.org\/{rel}","templated":true}]}}