{"id":17730,"date":"2018-12-12T17:31:11","date_gmt":"2018-12-12T16:31:11","guid":{"rendered":"https:\/\/www.creaearredanegozi.it\/?post_type=product&#038;p=17730"},"modified":"2025-01-24T10:37:15","modified_gmt":"2025-01-24T09:37:15","slug":"manuelle-vakuumverpackungsmaschine-mit-35-cm-schweisbalken-bar350-fimar","status":"publish","type":"product","link":"https:\/\/www.creaearredanegozi.it\/de\/manuelle-vakuumverpackungsmaschine-mit-35-cm-schweisbalken-bar350-fimar\/","title":{"rendered":"BAR350 Fimar 35 cm Manuelle Vakuumiermaschine f\u00fcr Schwei\u00dfbalken"},"content":{"rendered":"<h2 style=\"text-align: center;\">Fimar BAR350 35 cm externe Absaugung Versiegelung bar Vakuummaschine<\/h2>\n<p>EXTERNE SAUG-VAKUUM-SCHWEISSLEISTE 350MM<\/p>\n<p>Eine Maschine zur Verl\u00e4ngerung der Haltbarkeitsdauer von Lebensmitteln unter Beibehaltung ihrer organoleptischen Eigenschaften. Durch die Verwendung spezieller gepr\u00e4gter Beutel oder Beh\u00e4lter wird ein Vakuum erzeugt, das das Bakterienwachstum bei niedrigen Temperaturen verhindert.<\/p>\n<p>Alle Vakuumverpackungsmaschinen unterst\u00fctzen Vakuum in Beuteln oder Beh\u00e4ltern mit speziellen Deckeln. Verwenden Sie nur gepr\u00e4gte Vakuumbeutel.<\/p>\n<ul>\n<li>Robustes Geh\u00e4use aus rostfreiem Stahl.<\/li>\n<li>Trockene Pumpe.<\/li>\n<li>digitales Bedienfeld f\u00fcr manuelles Schwei\u00dfen oder zwei voreingestellte Arbeitsprogramme.<\/li>\n<li>A-Normen <strong>EC.<\/strong><\/li>\n<\/ul>\n<p><strong>Technische Daten:<\/strong><\/p>\n<p>&nbsp;<\/p>\n<table class=\"table table-striped\" style=\"width: 100%;\">\n<tbody>\n<tr>\n<td style=\"width: 50%;\">\n<p class=\"dati_tecnici_label_1\"><strong>Modell<\/strong><\/p>\n<\/td>\n<td style=\"width: 50%;\"><strong>BAR350<\/strong><\/td>\n<\/tr>\n<tr>\n<td><b>Strom<\/b><\/td>\n<td>0,45 kW (0,6 PS)<\/td>\n<\/tr>\n<tr>\n<td><strong>Stromversorgung<\/strong><\/td>\n<td>230V\/1N\/50Hz<\/td>\n<\/tr>\n<tr>\n<td><strong>Abmessungen<\/strong><\/td>\n<td>370x280x170h mm<\/td>\n<\/tr>\n<tr>\n<td><b>Nettogewicht<\/b><\/td>\n<td>8 kg<\/td>\n<\/tr>\n<tr>\n<td><strong>Bruttogewicht<\/strong><\/td>\n<td>9 kg<\/td>\n<\/tr>\n<tr>\n<td><strong>Abmessungen <\/strong><strong>Verpackung<\/strong><\/td>\n<td>510x330x245h mm<\/td>\n<\/tr>\n<tr>\n<td><b>Verpackungsvolumen<\/b><\/td>\n<td>0,040 m\u00b3<\/td>\n<\/tr>\n<tr>\n<td><strong>Vakuumpumpe<\/strong><\/td>\n<td>1,2 m\u00b3\/h<\/td>\n<\/tr>\n<tr>\n<td><strong>L\u00f6tkolben<\/strong><\/td>\n<td>350 mm<\/td>\n<\/tr>\n<tr>\n<td><strong>Maximal erreichbares Vakuum<\/strong><\/td>\n<td>85%<\/td>\n<\/tr>\n<\/tbody>\n<\/table>\n<p>&nbsp;<\/p>","protected":false},"excerpt":{"rendered":"<p>Macchina sottovuoto aspirazione esterna a barra saldante 35 cm Fimar BAR350 SOTTOVUOTO AD ASPIRAZIONE ESTERNA BARRA SALDANTE 350MM Macchina per prolungare i tempi di conservazione degli alimenti mantenendone intatte le caratteristiche organolettiche. Tramite l\u2019utilizzo di apposite buste goffrate o contenitori si crea un livello di vuoto tale da impedire la proliferazione batterica a bassa temperatura. [&#8230;]","protected":false},"featured_media":128614,"comment_status":"closed","ping_status":"closed","template":"","meta":{"_monsterinsights_skip_tracking":false,"_monsterinsights_sitenote_active":false,"_monsterinsights_sitenote_note":"","_monsterinsights_sitenote_category":0},"product_brand":[628],"product_cat":[106,14],"product_tag":[],"class_list":{"0":"post-17730","1":"product","2":"type-product","3":"status-publish","4":"has-post-thumbnail","6":"product_brand-fimar","7":"product_cat-sottovuoto","8":"product_cat-confezionamento","9":"product_shipping_class-215","10":"pa_marca-fimar","12":"first","13":"instock","14":"taxable","15":"shipping-taxable","16":"purchasable","17":"product-type-simple"},"_links":{"self":[{"href":"https:\/\/www.creaearredanegozi.it\/de\/wp-json\/wp\/v2\/product\/17730","targetHints":{"allow":["GET"]}}],"collection":[{"href":"https:\/\/www.creaearredanegozi.it\/de\/wp-json\/wp\/v2\/product"}],"about":[{"href":"https:\/\/www.creaearredanegozi.it\/de\/wp-json\/wp\/v2\/types\/product"}],"replies":[{"embeddable":true,"href":"https:\/\/www.creaearredanegozi.it\/de\/wp-json\/wp\/v2\/comments?post=17730"}],"wp:featuredmedia":[{"embeddable":true,"href":"https:\/\/www.creaearredanegozi.it\/de\/wp-json\/wp\/v2\/media\/128614"}],"wp:attachment":[{"href":"https:\/\/www.creaearredanegozi.it\/de\/wp-json\/wp\/v2\/media?parent=17730"}],"wp:term":[{"taxonomy":"product_brand","embeddable":true,"href":"https:\/\/www.creaearredanegozi.it\/de\/wp-json\/wp\/v2\/product_brand?post=17730"},{"taxonomy":"product_cat","embeddable":true,"href":"https:\/\/www.creaearredanegozi.it\/de\/wp-json\/wp\/v2\/product_cat?post=17730"},{"taxonomy":"product_tag","embeddable":true,"href":"https:\/\/www.creaearredanegozi.it\/de\/wp-json\/wp\/v2\/product_tag?post=17730"}],"curies":[{"name":"wp","href":"https:\/\/api.w.org\/{rel}","templated":true}]}}