{"id":17731,"date":"2018-12-12T17:41:37","date_gmt":"2018-12-12T16:41:37","guid":{"rendered":"https:\/\/www.creaearredanegozi.it\/?post_type=product&#038;p=17731"},"modified":"2023-12-11T12:55:43","modified_gmt":"2023-12-11T11:55:43","slug":"automatische-vakuumversiegelungsmaschine-40-cm-bar400-fimar","status":"publish","type":"product","link":"https:\/\/www.creaearredanegozi.it\/de\/automatische-vakuumversiegelungsmaschine-40-cm-bar400-fimar\/","title":{"rendered":"Automatische Vakuumiermaschine mit 40 cm langer Schwei\u00dfleiste BAR400 Fimar"},"content":{"rendered":"<h3>Fimar BAR400 automatische Vakuumversiegelungsmaschine 40 cm<\/h3>\n<p>VAKUUM-SCHWEISSLEISTE BAR400<\/p>\n<p>Eine Maschine zur Verl\u00e4ngerung der Haltbarkeitsdauer von Lebensmitteln unter Beibehaltung ihrer organoleptischen Eigenschaften. Durch die Verwendung spezieller gepr\u00e4gter Beutel oder Beh\u00e4lter wird ein Vakuum erzeugt, das das Bakterienwachstum bei niedrigen Temperaturen verhindert.<\/p>\n<ul>\n<li>Geh\u00e4use aus rostfreiem Stahl AISI 304.<\/li>\n<li>Trockene Pumpe.<\/li>\n<li>Digitales Bedienfeld zur Programmierung von Schwei\u00dfzeit und Vakuum -<\/li>\n<li>\"Automatischer 'Start' beim Absenken der oberen Leiste.<\/li>\n<li>Automatische \u00d6ffnung des Riegels am Ende des Zyklus. Alle Vakuummaschinen unterst\u00fctzen das Vakuumieren in Beuteln oder Beh\u00e4ltern mit speziellen Deckeln f\u00fcr den Gebrauch.<\/li>\n<li>A-Normen <strong>EC.<\/strong><\/li>\n<\/ul>\n<p><strong>Technische Daten:<\/strong><\/p>\n<table class=\"table table-striped\">\n<tbody>\n<tr>\n<td>\n<p class=\"dati_tecnici_label_1\"><strong>Modell<\/strong><\/p>\n<\/td>\n<td><strong>BAR400<\/strong><\/td>\n<\/tr>\n<tr>\n<td><b>Strom<\/b><\/td>\n<td align=\"left\">0,55 kW (0,7 PS)<\/td>\n<\/tr>\n<tr>\n<td><strong>Stromversorgung<\/strong><\/td>\n<td align=\"left\">230V\/1N\/50Hz<\/td>\n<\/tr>\n<tr>\n<td><strong>Abmessungen<\/strong><\/td>\n<td align=\"left\">420x280x180h mm<\/td>\n<\/tr>\n<tr>\n<td><b>Nettogewicht<\/b><\/td>\n<td align=\"left\">13 kg<\/td>\n<\/tr>\n<tr>\n<td><strong>Bruttogewicht<\/strong><\/td>\n<td align=\"left\">14 kg<\/td>\n<\/tr>\n<tr>\n<td><strong>Abmessungen <\/strong><strong>Verpackung<\/strong><\/td>\n<td align=\"left\">550 x 365 x 250(h) mm<\/td>\n<\/tr>\n<tr>\n<td><b>Verpackungsvolumen<\/b><\/td>\n<td align=\"left\">0,050 m\u00b3<\/td>\n<\/tr>\n<tr>\n<td><strong>Vakuumpumpe<\/strong><\/td>\n<td align=\"left\">2,4 m\u00b3\/h<\/td>\n<\/tr>\n<tr>\n<td><strong>L\u00f6tkolben<\/strong><\/td>\n<td align=\"left\">400 mm<\/td>\n<\/tr>\n<tr>\n<td><strong>Maximal erreichbares Vakuum<\/strong><\/td>\n<td align=\"left\">85%<\/td>\n<\/tr>\n<\/tbody>\n<\/table>\n<p>&nbsp;<\/p>","protected":false},"excerpt":{"rendered":"<p>Macchina sottovuoto automatica a barra saldante 40 cm Fimar BAR400 SOTTOVUOTO BARRA SALDANTE BAR400 Macchina per prolungare i tempi di conservazione degli alimenti mantenendone intatte le caratteristiche organolettiche. Tramite l\u2019utilizzo di apposite buste goffrate o contenitori si crea un livello di vuoto tale da impedire la proliferazione batterica a bassa temperatura. Carcassa in acciaio inox [&#8230;]","protected":false},"featured_media":121714,"comment_status":"closed","ping_status":"closed","template":"","meta":{"_monsterinsights_skip_tracking":false,"_monsterinsights_sitenote_active":false,"_monsterinsights_sitenote_note":"","_monsterinsights_sitenote_category":0},"product_brand":[628],"product_cat":[106,14],"product_tag":[],"class_list":{"0":"post-17731","1":"product","2":"type-product","3":"status-publish","4":"has-post-thumbnail","6":"product_brand-fimar","7":"product_cat-sottovuoto","8":"product_cat-confezionamento","9":"product_shipping_class-215","10":"pa_marca-fimar","12":"first","13":"instock","14":"taxable","15":"shipping-taxable","16":"purchasable","17":"product-type-simple"},"_links":{"self":[{"href":"https:\/\/www.creaearredanegozi.it\/de\/wp-json\/wp\/v2\/product\/17731","targetHints":{"allow":["GET"]}}],"collection":[{"href":"https:\/\/www.creaearredanegozi.it\/de\/wp-json\/wp\/v2\/product"}],"about":[{"href":"https:\/\/www.creaearredanegozi.it\/de\/wp-json\/wp\/v2\/types\/product"}],"replies":[{"embeddable":true,"href":"https:\/\/www.creaearredanegozi.it\/de\/wp-json\/wp\/v2\/comments?post=17731"}],"wp:featuredmedia":[{"embeddable":true,"href":"https:\/\/www.creaearredanegozi.it\/de\/wp-json\/wp\/v2\/media\/121714"}],"wp:attachment":[{"href":"https:\/\/www.creaearredanegozi.it\/de\/wp-json\/wp\/v2\/media?parent=17731"}],"wp:term":[{"taxonomy":"product_brand","embeddable":true,"href":"https:\/\/www.creaearredanegozi.it\/de\/wp-json\/wp\/v2\/product_brand?post=17731"},{"taxonomy":"product_cat","embeddable":true,"href":"https:\/\/www.creaearredanegozi.it\/de\/wp-json\/wp\/v2\/product_cat?post=17731"},{"taxonomy":"product_tag","embeddable":true,"href":"https:\/\/www.creaearredanegozi.it\/de\/wp-json\/wp\/v2\/product_tag?post=17731"}],"curies":[{"name":"wp","href":"https:\/\/api.w.org\/{rel}","templated":true}]}}