{"id":17743,"date":"2018-12-13T10:06:45","date_gmt":"2018-12-13T09:06:45","guid":{"rendered":"https:\/\/www.creaearredanegozi.it\/?post_type=product&#038;p=17743"},"modified":"2023-12-11T12:58:16","modified_gmt":"2023-12-11T11:58:16","slug":"automatische-vakuumkammermaschine-40-cm-schweisbalken-eco-serie-cam400e-fimar","status":"publish","type":"product","link":"https:\/\/www.creaearredanegozi.it\/de\/automatische-vakuumkammermaschine-40-cm-schweisbalken-eco-serie-cam400e-fimar\/","title":{"rendered":"Automatische Vakuumverpackungsmaschine mit Glockensiegelung 40 cm ECO Serie CAM400E Fimar"},"content":{"rendered":"<h3>Automatische Vakuumkammermaschine Fimar CAM 400 ECO mit 40 cm langer Schwei\u00dfleiste<\/h3>\n<p>Maschine zur Verl\u00e4ngerung der Haltbarkeitsdauer von Lebensmitteln unter Beibehaltung der organoleptischen Eigenschaften und zur Verhinderung von Bakterienwachstum bei niedrigen Temperaturen.<\/p>\n<p>Mit Hilfe von Vakuumkammermaschinen k\u00f6nnen Lebensmittel auf praktische Weise verpackt und \u00fcber einen l\u00e4ngeren Zeitraum gelagert werden, ohne dass die organoleptischen Eigenschaften beeintr\u00e4chtigt werden.<\/p>\n<p>Dank des Vakuums und der Versiegelung wird eine erhebliche Verl\u00e4ngerung der Produkthaltbarkeit erreicht.<\/p>\n<p>Sie bestehen aus rostfreiem Stahl, haben eine geformte Wanne und einen transparenten Plexiglasdeckel.<\/p>\n<p>Die Schwei\u00dfleiste wird durch pneumatische Kolben angetrieben, die Vakuumpumpen sind im \u00d6lbad.<\/p>\n<ul>\n<li>Geh\u00e4use und Innenbeh\u00e4lter aus rostfreiem Stahl AISI 304<\/li>\n<li>Wanne mit abgerundeten Ecken.<\/li>\n<li>Deckel aus Plexiglas.<\/li>\n<li>Automatisches \u00d6ffnen des Deckels am Ende des Zyklus.<\/li>\n<li>Einzelprogramm-Steuerpult mit Vakuum- und Schwei\u00dfeinstellung.<\/li>\n<li>Dichtungsleiste f\u00fcr die Membrane.<\/li>\n<li>DVP-\u00d6lbadpumpe.<\/li>\n<li>Verwenden Sie nur glatte Vakuumbeutel.<\/li>\n<li>Tisch-Vakuummaschine.<\/li>\n<li class=\"p1\">Vakuumpumpe 20 m3\/h<\/li>\n<li>A-Normen <strong>EC.<\/strong><\/li>\n<\/ul>\n<p><strong>Technische Daten:<\/strong><\/p>\n<table class=\"table table-striped\">\n<tbody>\n<tr>\n<td>\n<p class=\"dati_tecnici_label_1\"><strong>Modell<\/strong><\/p>\n<\/td>\n<td><strong>CAM400E<\/strong><\/td>\n<\/tr>\n<tr>\n<td><b>Strom<\/b><\/td>\n<td align=\"left\">1,1 kW (1,5 PS)<\/td>\n<\/tr>\n<tr>\n<td><strong>Stromversorgung<\/strong><\/td>\n<td align=\"left\">230V\/1N\/50Hz<\/td>\n<\/tr>\n<tr>\n<td><strong>Abmessungen<\/strong><\/td>\n<td align=\"left\">510x560x450h mm<\/td>\n<\/tr>\n<tr>\n<td><b>Nettogewicht<\/b><\/td>\n<td align=\"left\">60 kg<\/td>\n<\/tr>\n<tr>\n<td><strong>Bruttogewicht<\/strong><\/td>\n<td align=\"left\">67 kg<\/td>\n<\/tr>\n<tr>\n<td><strong>Abmessungen <\/strong><strong>Verpackung<\/strong><\/td>\n<td align=\"left\">600x650x680h mm<\/td>\n<\/tr>\n<tr>\n<td><b>Verpackungsvolumen<\/b><\/td>\n<td align=\"left\">0,265 m\u00b3<\/td>\n<\/tr>\n<tr>\n<td><strong>Vakuumpumpe<\/strong><\/td>\n<td align=\"left\">20 m\u00b3\/h<\/td>\n<\/tr>\n<tr>\n<td><strong>L\u00f6tkolben<\/strong><\/td>\n<td align=\"left\">400 mm<\/td>\n<\/tr>\n<tr>\n<td><strong>N\u00fctzliche Raumabmessungen<\/strong><\/td>\n<td align=\"left\">410x450x220h mm<\/td>\n<\/tr>\n<tr>\n<td><strong>Maximal erreichbares Vakuum<\/strong><\/td>\n<td align=\"left\">98%<\/td>\n<\/tr>\n<\/tbody>\n<\/table>\n<p style=\"text-align: center;\"><iframe loading=\"lazy\" src=\"https:\/\/www.youtube.com\/embed\/5PbIztw2jUQ\" width=\"560\" height=\"315\" frameborder=\"0\" allowfullscreen=\"allowfullscreen\"><\/iframe><\/p>","protected":false},"excerpt":{"rendered":"<p>Macchina sottovuoto automatica a campana barra saldante 40 cm Fimar CAM 400 ECO Macchina per prolungare i tempi di conservazione degli alimenti mantenendo intatte le caratteristiche organolettiche e impedendone la proliferazione batterica a basse temperature. Le macchine a sottovuoto a campana consentono di confezionare i cibi in modo pratico e permettono di prolungare i tempi [&#8230;]","protected":false},"featured_media":121705,"comment_status":"closed","ping_status":"closed","template":"","meta":{"_monsterinsights_skip_tracking":false,"_monsterinsights_sitenote_active":false,"_monsterinsights_sitenote_note":"","_monsterinsights_sitenote_category":0},"product_brand":[628],"product_cat":[106,14],"product_tag":[],"class_list":{"0":"post-17743","1":"product","2":"type-product","3":"status-publish","4":"has-post-thumbnail","6":"product_brand-fimar","7":"product_cat-sottovuoto","8":"product_cat-confezionamento","9":"product_shipping_class-38","10":"pa_marca-fimar","12":"first","13":"instock","14":"taxable","15":"shipping-taxable","16":"purchasable","17":"product-type-simple"},"_links":{"self":[{"href":"https:\/\/www.creaearredanegozi.it\/de\/wp-json\/wp\/v2\/product\/17743","targetHints":{"allow":["GET"]}}],"collection":[{"href":"https:\/\/www.creaearredanegozi.it\/de\/wp-json\/wp\/v2\/product"}],"about":[{"href":"https:\/\/www.creaearredanegozi.it\/de\/wp-json\/wp\/v2\/types\/product"}],"replies":[{"embeddable":true,"href":"https:\/\/www.creaearredanegozi.it\/de\/wp-json\/wp\/v2\/comments?post=17743"}],"wp:featuredmedia":[{"embeddable":true,"href":"https:\/\/www.creaearredanegozi.it\/de\/wp-json\/wp\/v2\/media\/121705"}],"wp:attachment":[{"href":"https:\/\/www.creaearredanegozi.it\/de\/wp-json\/wp\/v2\/media?parent=17743"}],"wp:term":[{"taxonomy":"product_brand","embeddable":true,"href":"https:\/\/www.creaearredanegozi.it\/de\/wp-json\/wp\/v2\/product_brand?post=17743"},{"taxonomy":"product_cat","embeddable":true,"href":"https:\/\/www.creaearredanegozi.it\/de\/wp-json\/wp\/v2\/product_cat?post=17743"},{"taxonomy":"product_tag","embeddable":true,"href":"https:\/\/www.creaearredanegozi.it\/de\/wp-json\/wp\/v2\/product_tag?post=17743"}],"curies":[{"name":"wp","href":"https:\/\/api.w.org\/{rel}","templated":true}]}}