{"id":17751,"date":"2018-12-13T10:38:41","date_gmt":"2018-12-13T09:38:41","guid":{"rendered":"https:\/\/www.creaearredanegozi.it\/?post_type=product&#038;p=17751"},"modified":"2023-12-11T13:00:05","modified_gmt":"2023-12-11T12:00:05","slug":"automatische-vakuumkammermaschine-40cm-schweisbalken-buchse-oben-pumpe-cam400t-fimar","status":"publish","type":"product","link":"https:\/\/www.creaearredanegozi.it\/de\/automatische-vakuumkammermaschine-40cm-schweisbalken-buchse-oben-pumpe-cam400t-fimar\/","title":{"rendered":"Automatische Vakuum-Verpackungsmaschine mit Glockensiegelung Bar 40cm Bush-Pumpe - TOP CAM400T Fimar"},"content":{"rendered":"<p><strong>Automatische Vakuumkammermaschine 40 cm Schwei\u00dfbalken Buschpumpe Fimar CAM 400 TOP<\/strong><\/p>\n<p>Maschine zur Verl\u00e4ngerung der Haltbarkeitsdauer von Lebensmitteln unter Beibehaltung der organoleptischen Eigenschaften und zur Verhinderung von Bakterienwachstum bei niedrigen Temperaturen.<\/p>\n<p style=\"text-align: center;\">DETAILS<\/p>\n<ul>\n<li>Automatische Tisch-Vakuummaschine.<\/li>\n<li class=\"p1\">Vakuumpumpe 18 m\u00b3\/h.<\/li>\n<li>Geh\u00e4use und Innenbeh\u00e4lter aus rostfreiem Stahl AISI 304.<\/li>\n<li>Wanne mit abgerundeten Ecken.<\/li>\n<li>Deckel aus Plexiglas.<\/li>\n<li>Automatisches \u00d6ffnen des Deckels am Ende des Zyklus.<\/li>\n<li>LCD-Bedienfeld mit 20 speicherbaren Programmen.<\/li>\n<li>\u00d6lreinigungsfunktion in der Pumpe und Softair serienm\u00e4\u00dfig eingebaut.<\/li>\n<li>Kolbenschwei\u00dfsystem mit abnehmbarem Schwei\u00dfbalken ohne Kabel.<\/li>\n<li>Pr\u00e4disposition f\u00fcr Inertgasversorgung.<\/li>\n<li>BUSH-Pumpe (hergestellt in Deutschland).<\/li>\n<li>Inklusive Stufensauger und zus\u00e4tzlichen Saugfunktionen.<\/li>\n<li>A-Normen <strong>EC.<\/strong><\/li>\n<\/ul>\n<p>Tischmodelle.<\/p>\n<p>Verwenden Sie nur glatte Vakuumbeutel.<\/p>\n<p>Die Professionalit\u00e4t und die Maximierung der Qualit\u00e4t des Vakuums wird allgemein anerkannt durch den Einsatz von Vakuumkammermaschinen, die ein Vakuum erzeugen, das das Wachstum von Bakterien bei niedrigen Temperaturen verhindert.<\/p>\n<p><strong>Technische Daten:<\/strong><\/p>\n<table class=\"table table-striped\">\n<tbody>\n<tr>\n<td>\n<p class=\"dati_tecnici_label_1\"><strong>Modell<\/strong><\/p>\n<\/td>\n<td><strong>CAM 400 OBEN<\/strong><\/td>\n<\/tr>\n<tr>\n<td><b>Strom<\/b><\/td>\n<td align=\"left\">1,1 kW (1,5 PS)<\/td>\n<\/tr>\n<tr>\n<td><strong>Stromversorgung<\/strong><\/td>\n<td align=\"left\">230V\/1N\/50-60Hz<\/td>\n<\/tr>\n<tr>\n<td><strong>Abmessungen<\/strong><\/td>\n<td align=\"left\">510x560x450h mm<\/td>\n<\/tr>\n<tr>\n<td><b>Nettogewicht<\/b><\/td>\n<td align=\"left\">60 kg<\/td>\n<\/tr>\n<tr>\n<td><strong>Bruttogewicht<\/strong><\/td>\n<td align=\"left\">67 kg<\/td>\n<\/tr>\n<tr>\n<td><strong>Abmessungen <\/strong><strong>Verpackung<\/strong><\/td>\n<td align=\"left\">600x650x680h mm<\/td>\n<\/tr>\n<tr>\n<td><b>Verpackungsvolumen<\/b><\/td>\n<td align=\"left\">0,265 m\u00b3<\/td>\n<\/tr>\n<tr>\n<td><strong>Vakuumpumpe<\/strong><\/td>\n<td align=\"left\">18 m\u00b3\/h<\/td>\n<\/tr>\n<tr>\n<td><strong>L\u00f6tkolben<\/strong><\/td>\n<td align=\"left\">400 mm<\/td>\n<\/tr>\n<tr>\n<td><strong>N\u00fctzliche Raumabmessungen<\/strong><\/td>\n<td align=\"left\">410x450x220h mm<\/td>\n<\/tr>\n<tr>\n<td><strong>Maximal erreichbares Vakuum<\/strong><\/td>\n<td align=\"left\">98%<\/td>\n<\/tr>\n<\/tbody>\n<\/table>\n<p style=\"text-align: center;\"><iframe loading=\"lazy\" src=\"https:\/\/www.youtube.com\/embed\/5PbIztw2jUQ\" width=\"560\" height=\"315\" frameborder=\"0\" allowfullscreen=\"allowfullscreen\"><\/iframe><\/p>","protected":false},"excerpt":{"rendered":"<p>Macchina sottovuoto automatica a campana barra saldante 40 cm pompa Bush Fimar CAM 400 TOP Macchina per prolungare i tempi di conservazione degli alimenti mantenendo intatte le caratteristiche organolettiche e impedendone la proliferazione batterica a basse temperature. DETTAGLI Macchina sottovuoto automatica da banco. Pompa vuoto 18 m\u00b3\/h. Carcassa e vasca interna in acciaio inox AISI [&#8230;]","protected":false},"featured_media":121685,"comment_status":"closed","ping_status":"closed","template":"","meta":{"_monsterinsights_skip_tracking":false,"_monsterinsights_sitenote_active":false,"_monsterinsights_sitenote_note":"","_monsterinsights_sitenote_category":0},"product_brand":[628],"product_cat":[106,14],"product_tag":[],"class_list":{"0":"post-17751","1":"product","2":"type-product","3":"status-publish","4":"has-post-thumbnail","6":"product_brand-fimar","7":"product_cat-sottovuoto","8":"product_cat-confezionamento","9":"product_shipping_class-38","10":"pa_marca-fimar","12":"first","13":"instock","14":"taxable","15":"shipping-taxable","16":"purchasable","17":"product-type-simple"},"_links":{"self":[{"href":"https:\/\/www.creaearredanegozi.it\/de\/wp-json\/wp\/v2\/product\/17751","targetHints":{"allow":["GET"]}}],"collection":[{"href":"https:\/\/www.creaearredanegozi.it\/de\/wp-json\/wp\/v2\/product"}],"about":[{"href":"https:\/\/www.creaearredanegozi.it\/de\/wp-json\/wp\/v2\/types\/product"}],"replies":[{"embeddable":true,"href":"https:\/\/www.creaearredanegozi.it\/de\/wp-json\/wp\/v2\/comments?post=17751"}],"wp:featuredmedia":[{"embeddable":true,"href":"https:\/\/www.creaearredanegozi.it\/de\/wp-json\/wp\/v2\/media\/121685"}],"wp:attachment":[{"href":"https:\/\/www.creaearredanegozi.it\/de\/wp-json\/wp\/v2\/media?parent=17751"}],"wp:term":[{"taxonomy":"product_brand","embeddable":true,"href":"https:\/\/www.creaearredanegozi.it\/de\/wp-json\/wp\/v2\/product_brand?post=17751"},{"taxonomy":"product_cat","embeddable":true,"href":"https:\/\/www.creaearredanegozi.it\/de\/wp-json\/wp\/v2\/product_cat?post=17751"},{"taxonomy":"product_tag","embeddable":true,"href":"https:\/\/www.creaearredanegozi.it\/de\/wp-json\/wp\/v2\/product_tag?post=17751"}],"curies":[{"name":"wp","href":"https:\/\/api.w.org\/{rel}","templated":true}]}}