{"id":17752,"date":"2018-12-13T10:48:05","date_gmt":"2018-12-13T09:48:05","guid":{"rendered":"https:\/\/www.creaearredanegozi.it\/?post_type=product&#038;p=17752"},"modified":"2023-12-11T13:00:32","modified_gmt":"2023-12-11T12:00:32","slug":"professionelle-automatische-vakuumkammermaschine-50cm-schweisbalken-buchse-pumpe-oben-serie-cam500t-fimar","status":"publish","type":"product","link":"https:\/\/www.creaearredanegozi.it\/de\/professionelle-automatische-vakuumkammermaschine-50cm-schweisbalken-buchse-pumpe-oben-serie-cam500t-fimar\/","title":{"rendered":"Professionelle automatische Vakuum-Verpackungsmaschine 50cm Siegelschiene 50cm Bush-Pumpe TOP Serie CAM500T Fimar"},"content":{"rendered":"<p><strong>Automatische Vakuumkammermaschine 50 cm Schwei\u00dfbalken Buschpumpe Fimar CAM 500 TOP<\/strong><\/p>\n<p>Maschine zur Verl\u00e4ngerung der Haltbarkeitsdauer von Lebensmitteln unter Beibehaltung der organoleptischen Eigenschaften und zur Verhinderung von Bakterienwachstum bei niedrigen Temperaturen.<\/p>\n<ul>\n<li>Automatische Tisch-Vakuummaschine.<\/li>\n<li class=\"p1\">Vakuumpumpe 20 m\u00b3\/h.<\/li>\n<li>Geh\u00e4use und Innenbeh\u00e4lter aus rostfreiem Stahl AISI 304.<\/li>\n<li>Wanne mit abgerundeten Ecken.<\/li>\n<li>Plexiglasdeckel.<\/li>\n<li>automatische \u00d6ffnung des Deckels am Ende des Zyklus.<\/li>\n<li>LCD-Bedienfeld mit 20 speicherbaren Programmen.<\/li>\n<li>\u00d6lreinigungsfunktion in der Pumpe und Softair serienm\u00e4\u00dfig eingebaut.<\/li>\n<li>Kolbenschwei\u00dfsystem mit abnehmbarem Schwei\u00dfbalken ohne Kabel.<\/li>\n<li>Vorkehrungen f\u00fcr die Versorgung mit Inertgas.<\/li>\n<li>BUSH-Pumpe (hergestellt in Deutschland).<\/li>\n<li>Inklusive Stufensauger und Extra-Vakuumfunktionen.<\/li>\n<li>A-Normen <strong>EC.<\/strong><\/li>\n<\/ul>\n<p>Arbeitsplattenmodelle. Verwenden Sie nur glatte Vakuumbeutel.<\/p>\n<p><strong>Technische Daten:<\/strong><\/p>\n<table class=\"table table-striped\">\n<tbody>\n<tr>\n<td>\n<p class=\"dati_tecnici_label_1\"><strong>Modell<\/strong><\/p>\n<\/td>\n<td><strong>CAM500T<\/strong><\/td>\n<\/tr>\n<tr>\n<td><b>Strom<\/b><\/td>\n<td align=\"left\">1,1 kW (1,5 PS)<\/td>\n<\/tr>\n<tr>\n<td><strong>Stromversorgung<\/strong><\/td>\n<td align=\"left\">230V\/1N\/50-60Hz<\/td>\n<\/tr>\n<tr>\n<td><strong>Abmessungen<\/strong><\/td>\n<td align=\"left\">610x630x500h mm<\/td>\n<\/tr>\n<tr>\n<td><b>Nettogewicht<\/b><\/td>\n<td align=\"left\">72 kg<\/td>\n<\/tr>\n<tr>\n<td><strong>Bruttogewicht<\/strong><\/td>\n<td align=\"left\">79 kg<\/td>\n<\/tr>\n<tr>\n<td><strong>Abmessungen <\/strong><strong>Verpackung<\/strong><\/td>\n<td align=\"left\">700x700x720h mm<\/td>\n<\/tr>\n<tr>\n<td><b>Verpackungsvolumen<\/b><\/td>\n<td align=\"left\">0,353 m\u00b3<\/td>\n<\/tr>\n<tr>\n<td><strong>Vakuumpumpe<\/strong><\/td>\n<td align=\"left\">20 m\u00b3\/h<\/td>\n<\/tr>\n<tr>\n<td><strong>L\u00f6tkolben<\/strong><\/td>\n<td align=\"left\">500 mm<\/td>\n<\/tr>\n<tr>\n<td><strong>N\u00fctzliche Raumabmessungen<\/strong><\/td>\n<td align=\"left\">520x520x220h mm<\/td>\n<\/tr>\n<tr>\n<td><strong>Maximal erreichbares Vakuum<\/strong><\/td>\n<td align=\"left\">98%<\/td>\n<\/tr>\n<\/tbody>\n<\/table>\n<p style=\"text-align: center;\"><iframe loading=\"lazy\" src=\"https:\/\/www.youtube.com\/embed\/5PbIztw2jUQ\" width=\"560\" height=\"315\" frameborder=\"0\" allowfullscreen=\"allowfullscreen\"><\/iframe><\/p>","protected":false},"excerpt":{"rendered":"<p>Macchina sottovuoto automatica a campana barra saldante 50 cm pompa Bush Fimar CAM 500 TOP Macchina per prolungare i tempi di conservazione degli alimenti mantenendo intatte le caratteristiche organolettiche e impedendone la proliferazione batterica a basse temperature. Macchina sottovuoto automatica da banco. Pompa vuoto 20 m\u00b3\/h. Carcassa e vasca interna in acciaio inox AISI 304. [&#8230;]","protected":false},"featured_media":121685,"comment_status":"closed","ping_status":"closed","template":"","meta":{"_monsterinsights_skip_tracking":false,"_monsterinsights_sitenote_active":false,"_monsterinsights_sitenote_note":"","_monsterinsights_sitenote_category":0},"product_brand":[628],"product_cat":[106,14],"product_tag":[],"class_list":{"0":"post-17752","1":"product","2":"type-product","3":"status-publish","4":"has-post-thumbnail","6":"product_brand-fimar","7":"product_cat-sottovuoto","8":"product_cat-confezionamento","9":"product_shipping_class-744","10":"pa_marca-fimar","12":"first","13":"instock","14":"taxable","15":"shipping-taxable","16":"purchasable","17":"product-type-simple"},"_links":{"self":[{"href":"https:\/\/www.creaearredanegozi.it\/de\/wp-json\/wp\/v2\/product\/17752","targetHints":{"allow":["GET"]}}],"collection":[{"href":"https:\/\/www.creaearredanegozi.it\/de\/wp-json\/wp\/v2\/product"}],"about":[{"href":"https:\/\/www.creaearredanegozi.it\/de\/wp-json\/wp\/v2\/types\/product"}],"replies":[{"embeddable":true,"href":"https:\/\/www.creaearredanegozi.it\/de\/wp-json\/wp\/v2\/comments?post=17752"}],"wp:featuredmedia":[{"embeddable":true,"href":"https:\/\/www.creaearredanegozi.it\/de\/wp-json\/wp\/v2\/media\/121685"}],"wp:attachment":[{"href":"https:\/\/www.creaearredanegozi.it\/de\/wp-json\/wp\/v2\/media?parent=17752"}],"wp:term":[{"taxonomy":"product_brand","embeddable":true,"href":"https:\/\/www.creaearredanegozi.it\/de\/wp-json\/wp\/v2\/product_brand?post=17752"},{"taxonomy":"product_cat","embeddable":true,"href":"https:\/\/www.creaearredanegozi.it\/de\/wp-json\/wp\/v2\/product_cat?post=17752"},{"taxonomy":"product_tag","embeddable":true,"href":"https:\/\/www.creaearredanegozi.it\/de\/wp-json\/wp\/v2\/product_tag?post=17752"}],"curies":[{"name":"wp","href":"https:\/\/api.w.org\/{rel}","templated":true}]}}