{"id":17753,"date":"2018-12-13T10:53:11","date_gmt":"2018-12-13T09:53:11","guid":{"rendered":"https:\/\/www.creaearredanegozi.it\/?post_type=product&#038;p=17753"},"modified":"2024-02-12T10:43:03","modified_gmt":"2024-02-12T09:43:03","slug":"automatische-vakuumkammermaschine-trolley-schweisbalken-50cm-bush-pump-cam500tc-fimar","status":"publish","type":"product","link":"https:\/\/www.creaearredanegozi.it\/de\/automatische-vakuumkammermaschine-trolley-schweisbalken-50cm-bush-pump-cam500tc-fimar\/","title":{"rendered":"Vakuum-Verpackungsmaschine Automatische Glocke Trolley 50cm Versiegelung Bar Bush Pumpe CAM500TC Fimar"},"content":{"rendered":"<p><strong>Automatisches Vakuumkammerger\u00e4t Wagen Siegelschiene 50 cm Bush-Pumpe Fimar TOP Serie CAM500TC<\/strong><\/p>\n<p>Die Professionalit\u00e4t und die Maximierung der Qualit\u00e4t des Vakuums wird allgemein anerkannt durch den Einsatz von Vakuumkammermaschinen, die ein Vakuum erzeugen, das das Wachstum von Bakterien bei niedrigen Temperaturen verhindert.<\/p>\n<p>Eine Maschine zur Verl\u00e4ngerung der Haltbarkeit von Lebensmitteln unter Beibehaltung ihrer organoleptischen Eigenschaften.<\/p>\n<ul>\n<li>Automatische Vakuummaschine <strong>Wagen mit R\u00e4dern und zus\u00e4tzlichen Schwei\u00dfbalken<\/strong>.<\/li>\n<li class=\"p1\">Vakuumpumpe 20 m\u00b3\/h.<\/li>\n<li>Gaseinspritzeinheit.<\/li>\n<li>Schweissbalken mit Kolben.<\/li>\n<li>Geh\u00e4use aus rostfreiem Stahl AISI 304.<\/li>\n<li>Edelstahl-Innenbeh\u00e4lter mit abgerundeten Ecken - Plexiglasdeckel.<\/li>\n<li>Automatisches \u00d6ffnen des Deckels am Ende des Zyklus.<\/li>\n<li>LCD-Bedienfeld mit 20 speicherbaren Programmen mit serienm\u00e4\u00dfiger \"\u00d6lreinigung in der Pumpe\" und \"Soft Air\"-Funktion.<\/li>\n<li>Kolbenschwei\u00dfsystem mit abnehmbarem Schwei\u00dfbalken ohne Kabel.<\/li>\n<li>Pr\u00e4disposition f\u00fcr Inertgasversorgung.<\/li>\n<li>BUSH-Pumpe (hergestellt in Deutschland).<\/li>\n<li>Mit den Funktionen \"Step vac\" und \"Extra vaccum\".<\/li>\n<li>Modell auf R\u00e4dern.<\/li>\n<li>A-Normen <strong>EC.<\/strong><\/li>\n<\/ul>\n<p><strong>Technische Daten:<\/strong><\/p>\n<table class=\"table table-striped\">\n<tbody>\n<tr>\n<td>\n<p class=\"dati_tecnici_label_1\"><strong>Modell<\/strong><\/p>\n<\/td>\n<td><strong>TOP CAM500TC<\/strong><\/td>\n<\/tr>\n<tr>\n<td><b>Strom<\/b><\/td>\n<td align=\"left\">1,1 kW (1,5 PS)<\/td>\n<\/tr>\n<tr>\n<td><strong>Stromversorgung<\/strong><\/td>\n<td align=\"left\">230V\/1N\/50-60 Hz<\/td>\n<\/tr>\n<tr>\n<td><strong>Abmessungen<\/strong><\/td>\n<td align=\"left\">610\u00d7630 x1050(h) mm<\/td>\n<\/tr>\n<tr>\n<td><b>Nettogewicht<\/b><\/td>\n<td align=\"left\">92 kg<\/td>\n<\/tr>\n<tr>\n<td><strong>Bruttogewicht<\/strong><\/td>\n<td align=\"left\">107 kg<\/td>\n<\/tr>\n<tr>\n<td><strong>Abmessungen <\/strong><strong>Verpackung<\/strong><\/td>\n<td align=\"left\">750 x 650 x 1150(h) mm<\/td>\n<\/tr>\n<tr>\n<td><b>Verpackungsvolumen<\/b><\/td>\n<td align=\"left\">0,561 m\u00b3<\/td>\n<\/tr>\n<tr>\n<td><strong>Vakuumpumpe<\/strong><\/td>\n<td align=\"left\">20 m\u00b3\/h<\/td>\n<\/tr>\n<tr>\n<td><strong>L\u00f6tkolben<\/strong><\/td>\n<td align=\"left\">500 mm<\/td>\n<\/tr>\n<tr>\n<td><strong>N\u00fctzliche Raumabmessungen<\/strong><\/td>\n<td align=\"left\">520x520x220(h) mm<\/td>\n<\/tr>\n<tr>\n<td><strong>Maximal erreichbares Vakuum<\/strong><\/td>\n<td align=\"left\">98%<\/td>\n<\/tr>\n<\/tbody>\n<\/table>\n<p>&nbsp;<\/p>\n<p>OPTIONAL:<\/p>\n<ul>\n<li>Drucker und Tastatur<\/li>\n<li>Zus\u00e4tzliche Schwei\u00dfleiste<\/li>\n<li>Nicht standardisierte Stangenkonfiguration.<\/li>\n<\/ul>\n<p><a href=\"https:\/\/www.creaearredanegozi.it\/wp-content\/uploads\/2018\/12\/prospettocam500.jpg\"><img decoding=\"async\" class=\"alignnone wp-image-121697 size-full\" src=\"https:\/\/www.creaearredanegozi.it\/wp-content\/uploads\/2018\/12\/prospettocam500.jpg\" alt=\"\" width=\"780\" height=\"499\" title=\"\" srcset=\"https:\/\/www.creaearredanegozi.it\/wp-content\/uploads\/2018\/12\/prospettocam500.jpg 780w, https:\/\/www.creaearredanegozi.it\/wp-content\/uploads\/2018\/12\/prospettocam500-516x330.jpg 516w, https:\/\/www.creaearredanegozi.it\/wp-content\/uploads\/2018\/12\/prospettocam500-64x41.jpg 64w, https:\/\/www.creaearredanegozi.it\/wp-content\/uploads\/2018\/12\/prospettocam500-625x400.jpg 625w, https:\/\/www.creaearredanegozi.it\/wp-content\/uploads\/2018\/12\/prospettocam500-768x491.jpg 768w\" sizes=\"(max-width: 780px) 100vw, 780px\" \/><\/a><\/p>\n<p style=\"text-align: center;\"><iframe loading=\"lazy\" src=\"https:\/\/www.youtube.com\/embed\/5PbIztw2jUQ\" width=\"560\" height=\"315\" frameborder=\"0\" allowfullscreen=\"allowfullscreen\"><\/iframe><\/p>","protected":false},"excerpt":{"rendered":"<p>Macchina sottovuoto automatica a campana carrellata barra saldante 50 cm pompa Bush Fimar Serie TOP CAM500TC La professionalit\u00e0 e la massimizzazione della qualit\u00e0 del vuoto viene universalmente riconosciuto nell\u2019utilizzo di macchine sottovuoto a campana che permettono di creare un livello di vuoto tale da impedire la proliferazione batterica a bassa temperatura. Macchina per prolungare i [&#8230;]","protected":false},"featured_media":121690,"comment_status":"closed","ping_status":"closed","template":"","meta":{"_monsterinsights_skip_tracking":false,"_monsterinsights_sitenote_active":false,"_monsterinsights_sitenote_note":"","_monsterinsights_sitenote_category":0},"product_brand":[628],"product_cat":[106,14],"product_tag":[],"class_list":{"0":"post-17753","1":"product","2":"type-product","3":"status-publish","4":"has-post-thumbnail","6":"product_brand-fimar","7":"product_cat-sottovuoto","8":"product_cat-confezionamento","9":"product_shipping_class-i","10":"pa_marca-fimar","12":"first","13":"instock","14":"taxable","15":"shipping-taxable","16":"purchasable","17":"product-type-simple"},"_links":{"self":[{"href":"https:\/\/www.creaearredanegozi.it\/de\/wp-json\/wp\/v2\/product\/17753","targetHints":{"allow":["GET"]}}],"collection":[{"href":"https:\/\/www.creaearredanegozi.it\/de\/wp-json\/wp\/v2\/product"}],"about":[{"href":"https:\/\/www.creaearredanegozi.it\/de\/wp-json\/wp\/v2\/types\/product"}],"replies":[{"embeddable":true,"href":"https:\/\/www.creaearredanegozi.it\/de\/wp-json\/wp\/v2\/comments?post=17753"}],"wp:featuredmedia":[{"embeddable":true,"href":"https:\/\/www.creaearredanegozi.it\/de\/wp-json\/wp\/v2\/media\/121690"}],"wp:attachment":[{"href":"https:\/\/www.creaearredanegozi.it\/de\/wp-json\/wp\/v2\/media?parent=17753"}],"wp:term":[{"taxonomy":"product_brand","embeddable":true,"href":"https:\/\/www.creaearredanegozi.it\/de\/wp-json\/wp\/v2\/product_brand?post=17753"},{"taxonomy":"product_cat","embeddable":true,"href":"https:\/\/www.creaearredanegozi.it\/de\/wp-json\/wp\/v2\/product_cat?post=17753"},{"taxonomy":"product_tag","embeddable":true,"href":"https:\/\/www.creaearredanegozi.it\/de\/wp-json\/wp\/v2\/product_tag?post=17753"}],"curies":[{"name":"wp","href":"https:\/\/api.w.org\/{rel}","templated":true}]}}