{"id":17758,"date":"2018-12-13T11:12:28","date_gmt":"2018-12-13T10:12:28","guid":{"rendered":"https:\/\/www.creaearredanegozi.it\/?post_type=product&#038;p=17758"},"modified":"2024-02-12T10:45:06","modified_gmt":"2024-02-12T09:45:06","slug":"automatische-vakuumkammermaschine-trolley-schweisbalken-1x50-cm-1x90-cm-buchse-oben-pumpe-cam900tc-fimar","status":"publish","type":"product","link":"https:\/\/www.creaearredanegozi.it\/de\/automatische-vakuumkammermaschine-trolley-schweisbalken-1x50-cm-1x90-cm-buchse-oben-pumpe-cam900tc-fimar\/","title":{"rendered":"Automatische Vakuum-Verpackungsmaschine mit Glockenwagen Siegelschienen 1\u00d750 cm 1\u00d790 cm Buschpumpe TOP CAM900TC Fimar"},"content":{"rendered":"<p><strong>Automatisches Vakuumkammerger\u00e4t Wagen Schwei\u00dfbalken 1\u00d750 cm 1\u00d790 cm Buschpumpe Fimar CAM 900C TOP:<\/strong><\/p>\n<p>Die Professionalit\u00e4t und die Maximierung der Qualit\u00e4t des Vakuums wird allgemein anerkannt durch den Einsatz von Vakuumkammermaschinen, die ein Vakuum erzeugen, das das Wachstum von Bakterien bei niedrigen Temperaturen verhindert.<\/p>\n<p>Eine Maschine zur Verl\u00e4ngerung der Haltbarkeit von Lebensmitteln unter Beibehaltung ihrer organoleptischen Eigenschaften.<\/p>\n<ul>\n<li>Automatische Vakuummaschine <strong>Wagen mit R\u00e4dern und zus\u00e4tzlichen Schwei\u00dfbalken<\/strong>.<\/li>\n<li class=\"p1\">Vakuumpumpe 63 m\u00b3\/h.<\/li>\n<li>Gaseinspritzeinheit.<\/li>\n<li>Schweissbalken mit Kolben.<\/li>\n<li>Geh\u00e4use aus rostfreiem Stahl AISI 304.<\/li>\n<li>Edelstahl-Innenbeh\u00e4lter mit abgerundeten Ecken - Plexiglasdeckel.<\/li>\n<li>Automatisches \u00d6ffnen des Deckels am Ende des Zyklus.<\/li>\n<li>LCD-Bedienfeld mit 20 speicherbaren Programmen mit serienm\u00e4\u00dfiger \"\u00d6lreinigung in der Pumpe\" und \"Soft Air\"-Funktion.<\/li>\n<li>Kolbenschwei\u00dfsystem mit abnehmbarem Schwei\u00dfbalken ohne Kabel.<\/li>\n<li>Pr\u00e4disposition f\u00fcr Inertgasversorgung.<\/li>\n<li>BUSH-Pumpe (hergestellt in Deutschland).<\/li>\n<li>Mit den Funktionen \"Step vac\" und \"Extra vaccum\".<\/li>\n<li>Modelle auf R\u00e4dern.<\/li>\n<li>Verwenden Sie nur glatte Vakuumbeutel.<\/li>\n<li>A-Normen <strong>EC.<\/strong><\/li>\n<\/ul>\n<p><strong>Technische Daten:<\/strong><\/p>\n<table class=\"table table-striped\">\n<tbody>\n<tr>\n<td>\n<p class=\"dati_tecnici_label_1\"><strong>Modell<\/strong><\/p>\n<\/td>\n<td><strong>TOP CAM700TC<\/strong><\/td>\n<\/tr>\n<tr>\n<td><b>Strom<\/b><\/td>\n<td align=\"left\">2 kW (2 PS)<\/td>\n<\/tr>\n<tr>\n<td><strong>Stromversorgung<\/strong><\/td>\n<td align=\"left\">230-400V\/3N\/50-60Hz<\/td>\n<\/tr>\n<tr>\n<td><strong>Abmessungen<\/strong><\/td>\n<td align=\"left\">1040x680x1050h mm<\/td>\n<\/tr>\n<tr>\n<td><b>Nettogewicht<\/b><\/td>\n<td align=\"left\">180 kg<\/td>\n<\/tr>\n<tr>\n<td><strong>Bruttogewicht<\/strong><\/td>\n<td align=\"left\">205 kg<\/td>\n<\/tr>\n<tr>\n<td><strong>Abmessungen <\/strong><strong>Verpackung<\/strong><\/td>\n<td align=\"left\">1100x800x1150h mm<\/td>\n<\/tr>\n<tr>\n<td><b>Verpackungsvolumen<\/b><\/td>\n<td align=\"left\">1,012 m\u00b3<\/td>\n<\/tr>\n<tr>\n<td><strong>Vakuumpumpe<\/strong><\/td>\n<td align=\"left\">63 m\u00b3\/h<\/td>\n<\/tr>\n<tr>\n<td><strong>L\u00f6tkolben<\/strong><\/td>\n<td align=\"left\">1\u00d7500 mm 1\u00d7900 mm<\/td>\n<\/tr>\n<tr>\n<td><strong>N\u00fctzliche Raumabmessungen<\/strong><\/td>\n<td align=\"left\">920x570x220h mm<\/td>\n<\/tr>\n<tr>\n<td><strong>Maximal erreichbares Vakuum<\/strong><\/td>\n<td align=\"left\">0.98<\/td>\n<\/tr>\n<\/tbody>\n<\/table>\n<p>OPTIONAL:<\/p>\n<ul>\n<li>Drucker und Tastatur<\/li>\n<li>Zus\u00e4tzliche Schwei\u00dfleiste<\/li>\n<li>Nicht standardisierte Stangenkonfiguration.<\/li>\n<\/ul>\n<p><a href=\"https:\/\/www.creaearredanegozi.it\/wp-content\/uploads\/2018\/12\/prospettocamm900.jpg\"><img decoding=\"async\" class=\"alignnone wp-image-121696 size-full\" src=\"https:\/\/www.creaearredanegozi.it\/wp-content\/uploads\/2018\/12\/prospettocamm900.jpg\" alt=\"\" width=\"1243\" height=\"400\" title=\"\" srcset=\"https:\/\/www.creaearredanegozi.it\/wp-content\/uploads\/2018\/12\/prospettocamm900.jpg 1243w, https:\/\/www.creaearredanegozi.it\/wp-content\/uploads\/2018\/12\/prospettocamm900-516x166.jpg 516w, https:\/\/www.creaearredanegozi.it\/wp-content\/uploads\/2018\/12\/prospettocamm900-64x21.jpg 64w, https:\/\/www.creaearredanegozi.it\/wp-content\/uploads\/2018\/12\/prospettocamm900-800x257.jpg 800w, https:\/\/www.creaearredanegozi.it\/wp-content\/uploads\/2018\/12\/prospettocamm900-768x247.jpg 768w\" sizes=\"(max-width: 1243px) 100vw, 1243px\" \/><\/a><\/p>\n<p style=\"text-align: center;\"><iframe loading=\"lazy\" src=\"https:\/\/www.youtube.com\/embed\/5PbIztw2jUQ\" width=\"560\" height=\"315\" frameborder=\"0\" allowfullscreen=\"allowfullscreen\"><\/iframe><\/p>","protected":false},"excerpt":{"rendered":"<p>Macchina sottovuoto automatica a campana carrellata barre saldanti 1&#215;50 cm 1&#215;90 cm pompa Bush Fimar CAM 900C TOP: La professionalit\u00e0 e la massimizzazione della qualit\u00e0 del vuoto viene universalmente riconosciuto nell\u2019utilizzo di macchine sottovuoto a campana che permettono di creare un livello di vuoto tale da impedire la proliferazione batterica a bassa temperatura. Macchina per [&#8230;]","protected":false},"featured_media":121690,"comment_status":"closed","ping_status":"closed","template":"","meta":{"_monsterinsights_skip_tracking":false,"_monsterinsights_sitenote_active":false,"_monsterinsights_sitenote_note":"","_monsterinsights_sitenote_category":0},"product_brand":[628],"product_cat":[106,14],"product_tag":[],"class_list":{"0":"post-17758","1":"product","2":"type-product","3":"status-publish","4":"has-post-thumbnail","6":"product_brand-fimar","7":"product_cat-sottovuoto","8":"product_cat-confezionamento","9":"product_shipping_class-n","10":"pa_marca-fimar","12":"first","13":"instock","14":"taxable","15":"shipping-taxable","16":"purchasable","17":"product-type-simple"},"_links":{"self":[{"href":"https:\/\/www.creaearredanegozi.it\/de\/wp-json\/wp\/v2\/product\/17758","targetHints":{"allow":["GET"]}}],"collection":[{"href":"https:\/\/www.creaearredanegozi.it\/de\/wp-json\/wp\/v2\/product"}],"about":[{"href":"https:\/\/www.creaearredanegozi.it\/de\/wp-json\/wp\/v2\/types\/product"}],"replies":[{"embeddable":true,"href":"https:\/\/www.creaearredanegozi.it\/de\/wp-json\/wp\/v2\/comments?post=17758"}],"wp:featuredmedia":[{"embeddable":true,"href":"https:\/\/www.creaearredanegozi.it\/de\/wp-json\/wp\/v2\/media\/121690"}],"wp:attachment":[{"href":"https:\/\/www.creaearredanegozi.it\/de\/wp-json\/wp\/v2\/media?parent=17758"}],"wp:term":[{"taxonomy":"product_brand","embeddable":true,"href":"https:\/\/www.creaearredanegozi.it\/de\/wp-json\/wp\/v2\/product_brand?post=17758"},{"taxonomy":"product_cat","embeddable":true,"href":"https:\/\/www.creaearredanegozi.it\/de\/wp-json\/wp\/v2\/product_cat?post=17758"},{"taxonomy":"product_tag","embeddable":true,"href":"https:\/\/www.creaearredanegozi.it\/de\/wp-json\/wp\/v2\/product_tag?post=17758"}],"curies":[{"name":"wp","href":"https:\/\/api.w.org\/{rel}","templated":true}]}}