{"id":17759,"date":"2018-12-13T11:25:55","date_gmt":"2018-12-13T10:25:55","guid":{"rendered":"https:\/\/www.creaearredanegozi.it\/?post_type=product&#038;p=17759"},"modified":"2024-11-20T13:39:59","modified_gmt":"2024-11-20T12:39:59","slug":"automatisches-oder-manuelles-edelstahl-heissiegelgerat-folienbreite-15-cm-fimar-ts1-a","status":"publish","type":"product","link":"https:\/\/www.creaearredanegozi.it\/de\/automatisches-oder-manuelles-edelstahl-heissiegelgerat-folienbreite-15-cm-fimar-ts1-a\/","title":{"rendered":"Automatisch oder manuell Edelstahlfolie Breite 15 cm Fimar TS1\/A"},"content":{"rendered":"<p><strong>Edelstahl-Thermosealer 15 cm Folienbreite Fimar TS1 und TS1A<\/strong><\/p>\n<div>Maschine zum Thermoversiegeln von Lebensmitteln in Schalen, um Duft und Geschmack zu erhalten. Hergestellt aus rostfreiem Stahl AISI 304, mit Platte<\/div>\n<div>Innenversiegelung zur Vermeidung von Verbrennungen, automatischer Folieneinzug ohne manuelle Hilfe, elektronische Versiegelungstemperaturkontrolle zur perfekten Versiegelung der Schalen.<\/div>\n<div><\/div>\n<div>TS1 MANUELLES HEISSSIEGELGER\u00c4T<\/div>\n<ul>\n<li>Manuelles Verschlie\u00dfen durch Hebeldruck.<\/li>\n<li>Bis zu 9 voreingestellte Programme.<\/li>\n<li>6 bis 8 Zyklen pro Arbeitsminute.<\/li>\n<li>Ausgestattet mit einer vielseitigen Form.<\/li>\n<li>Tablettkombination -137\u00d7190 mm - 137\u00d7125 mm -137\u00d795 mm.<\/li>\n<\/ul>\n<p>TS1A AUTOMATISCHES HEISSSIEGELGER\u00c4T<\/p>\n<ul>\n<li>Automatische Versiegelung.<\/li>\n<li>Bis zu 9 voreingestellte Programme.<\/li>\n<li>5 bis 8 Zyklen pro Arbeitsminute.<\/li>\n<li>Trommell\u00e4nge 150 Mt.<\/li>\n<li>Einzigartige patentierte Form mit verschiedenen Gr\u00f6\u00dfenkombinationen f\u00fcr unterschiedliche Schalentypen.<\/li>\n<li>Tablettkombination -137\u00d7190 mm - 137\u00d7125 mm -137\u00d795 mm.<\/li>\n<\/ul>\n<div><\/div>\n<div style=\"text-align: center;\">DETAILS<\/div>\n<p>Eine Maschine zum praktischen und hygienischen Thermoversiegeln von Lebensmitteln in Schalen, so dass sie ihren Duft und ihren Geschmack behalten, ohne ihre Haltbarkeit zu verl\u00e4ngern.<\/p>\n<ul>\n<li>Hergestellt aus rostfreiem Stahl.<\/li>\n<li>Interne Dichtungsplatte zur Vermeidung von Verbrennungen.<\/li>\n<li>Automatischer Folieneinzug ohne manuelle Hilfe.<\/li>\n<li>Elektronische Siegeltemperaturregelung f\u00fcr eine perfekte Versiegelung der Schalen.<\/li>\n<li>Ausgestattet mit einer einzigartigen, patentierten Form mit verschiedenen Gr\u00f6\u00dfenkombinationen f\u00fcr unterschiedliche Schalentypen.<\/li>\n<li>Lieferbar mit manueller Abdichtung durch Hebeldruck (<strong>TS1<\/strong>) oder mit automatischer Versiegelung (<strong>TS1A<\/strong>).<\/li>\n<li>Folienbreite 150 mm.<\/li>\n<li>A-Normen <strong>EC.<\/strong><\/li>\n<\/ul>\n<p>Optional:<\/p>\n<ul>\n<li>Mehrzweckform 137 x 190 mm - 137 x 125 mm - 137 x 95 mm.<\/li>\n<li>Spule 150 mm -150 m<\/li>\n<\/ul>\n<p><a href=\"https:\/\/www.creaearredanegozi.it\/wp-content\/uploads\/2018\/12\/bobina01.jpg\"><img decoding=\"async\" class=\"alignnone size-full wp-image-126675\" src=\"https:\/\/www.creaearredanegozi.it\/wp-content\/uploads\/2018\/12\/bobina01.jpg\" alt=\"\" width=\"134\" height=\"232\" title=\"\" srcset=\"https:\/\/www.creaearredanegozi.it\/wp-content\/uploads\/2018\/12\/bobina01.jpg 134w, https:\/\/www.creaearredanegozi.it\/wp-content\/uploads\/2018\/12\/bobina01-64x111.jpg 64w\" sizes=\"(max-width: 134px) 100vw, 134px\" \/><\/a><\/p>\n<p><strong>Technische Daten:<\/strong><\/p>\n<table class=\"table table-striped\" style=\"width: 72.4382%;\">\n<tbody>\n<tr>\n<td style=\"width: 39.8654%;\">\n<p class=\"dati_tecnici_label_1\"><strong>Modell<\/strong><\/p>\n<\/td>\n<td style=\"width: 176.278%;\"><strong>TS1 \/ TS1A<\/strong><\/td>\n<\/tr>\n<tr>\n<td style=\"width: 39.8654%;\"><b>Strom<\/b><\/td>\n<td style=\"width: 176.278%;\" align=\"left\">0,5 kW (0,6 PS) \/ 0,55 kW (0,7 PS)<\/td>\n<\/tr>\n<tr>\n<td style=\"width: 39.8654%;\"><strong>Stromversorgung<\/strong><\/td>\n<td style=\"width: 176.278%;\" align=\"left\">230V\/1N\/50Hz<\/td>\n<\/tr>\n<tr>\n<td style=\"width: 39.8654%;\"><strong>Abmessungen<\/strong><\/td>\n<td style=\"width: 176.278%;\" align=\"left\">260x300x500(h)mm \/ 240x300x500(h)mm<\/td>\n<\/tr>\n<tr>\n<td style=\"width: 39.8654%;\"><b>Nettogewicht<\/b><\/td>\n<td style=\"width: 176.278%;\" align=\"left\">20 kg<\/td>\n<\/tr>\n<tr>\n<td style=\"width: 39.8654%;\"><strong>Bruttogewicht<\/strong><\/td>\n<td style=\"width: 176.278%;\" align=\"left\">23 kg<\/td>\n<\/tr>\n<tr>\n<td style=\"width: 39.8654%;\"><strong>Abmessungen <\/strong><strong>Verpackung<\/strong><\/td>\n<td style=\"width: 176.278%;\" align=\"left\">260x420x520h mm<\/td>\n<\/tr>\n<tr>\n<td style=\"width: 39.8654%;\"><b>Verpackungsvolumen<\/b><\/td>\n<td style=\"width: 176.278%;\" align=\"left\">0,0567 m\u00b3<\/td>\n<\/tr>\n<tr>\n<td style=\"width: 39.8654%;\"><strong>Voreingestellte Programme<\/strong><\/td>\n<td style=\"width: 176.278%;\" align=\"left\">n\u00b0 9<\/td>\n<\/tr>\n<tr>\n<td style=\"width: 39.8654%;\"><strong>Zyklen pro Minute<\/strong><\/td>\n<td style=\"width: 176.278%;\" align=\"left\">n\u00b05-8<\/td>\n<\/tr>\n<tr>\n<td style=\"width: 39.8654%;\"><strong>Breite der Filmspule<\/strong><\/td>\n<td style=\"width: 176.278%;\" align=\"left\">150 mm<\/td>\n<\/tr>\n<tr>\n<td style=\"width: 39.8654%;\"><strong>Durchmesser der Filmspule<\/strong><\/td>\n<td style=\"width: 176.278%;\" align=\"left\">160 mm<\/td>\n<\/tr>\n<tr>\n<td style=\"width: 39.8654%;\"><strong>L\u00e4nge der Filmspule<\/strong><\/td>\n<td style=\"width: 176.278%;\" align=\"left\">150 m<\/td>\n<\/tr>\n<tr>\n<td style=\"width: 39.8654%;\"><strong>Format Trays<\/strong><\/td>\n<td style=\"width: 176.278%;\" align=\"left\">137\u00d7190 mm \/ 137\u00d7125 mm \/ 137\u00d795 mm<\/td>\n<\/tr>\n<tr>\n<td style=\"width: 39.8654%;\"><strong>Automatisches Schwei\u00dfen<\/strong><\/td>\n<td style=\"width: 176.278%;\" align=\"left\">Nein (TS1)<\/p>\n<p>Ja (TS1A)<\/td>\n<\/tr>\n<\/tbody>\n<\/table>\n<p style=\"text-align: center;\"><a href=\"https:\/\/www.creaearredanegozi.it\/wp-content\/uploads\/2018\/12\/COMB-VASCH-TS1-A.jpg\"><img decoding=\"async\" class=\"alignnone wp-image-121719 size-full\" src=\"https:\/\/www.creaearredanegozi.it\/wp-content\/uploads\/2018\/12\/COMB-VASCH-TS1-A.jpg\" alt=\"\" width=\"500\" height=\"383\" title=\"\" srcset=\"https:\/\/www.creaearredanegozi.it\/wp-content\/uploads\/2018\/12\/COMB-VASCH-TS1-A.jpg 500w, https:\/\/www.creaearredanegozi.it\/wp-content\/uploads\/2018\/12\/COMB-VASCH-TS1-A-64x49.jpg 64w\" sizes=\"(max-width: 500px) 100vw, 500px\" \/><\/a><\/p>","protected":false},"excerpt":{"rendered":"<p>Termosigillatrice acciaio inox larghezza film 15 cm Fimar TS1 e TS1A Macchina per termo sigillare gli alimenti dentro le vaschette permettendo di\u00a0mantenere fragranza e gusto. Costruite in acciaio inox AISI 304, con piastra saldante interna per evitare scottature, trascinamento automatico del film senza alcun ausilio manuale, controllo elettronico della temperatura di saldatura per sigillare perfettamente [&#8230;]","protected":false},"featured_media":121718,"comment_status":"closed","ping_status":"closed","template":"","meta":{"_monsterinsights_skip_tracking":false,"_monsterinsights_sitenote_active":false,"_monsterinsights_sitenote_note":"","_monsterinsights_sitenote_category":0},"product_brand":[628],"product_cat":[107,14],"product_tag":[],"class_list":{"0":"post-17759","1":"product","2":"type-product","3":"status-publish","4":"has-post-thumbnail","6":"product_brand-fimar","7":"product_cat-sigillatrici","8":"product_cat-confezionamento","9":"product_shipping_class-206","10":"pa_marca-fimar","12":"first","13":"instock","14":"sale","15":"taxable","16":"shipping-taxable","17":"purchasable","18":"product-type-variable"},"_links":{"self":[{"href":"https:\/\/www.creaearredanegozi.it\/de\/wp-json\/wp\/v2\/product\/17759","targetHints":{"allow":["GET"]}}],"collection":[{"href":"https:\/\/www.creaearredanegozi.it\/de\/wp-json\/wp\/v2\/product"}],"about":[{"href":"https:\/\/www.creaearredanegozi.it\/de\/wp-json\/wp\/v2\/types\/product"}],"replies":[{"embeddable":true,"href":"https:\/\/www.creaearredanegozi.it\/de\/wp-json\/wp\/v2\/comments?post=17759"}],"wp:featuredmedia":[{"embeddable":true,"href":"https:\/\/www.creaearredanegozi.it\/de\/wp-json\/wp\/v2\/media\/121718"}],"wp:attachment":[{"href":"https:\/\/www.creaearredanegozi.it\/de\/wp-json\/wp\/v2\/media?parent=17759"}],"wp:term":[{"taxonomy":"product_brand","embeddable":true,"href":"https:\/\/www.creaearredanegozi.it\/de\/wp-json\/wp\/v2\/product_brand?post=17759"},{"taxonomy":"product_cat","embeddable":true,"href":"https:\/\/www.creaearredanegozi.it\/de\/wp-json\/wp\/v2\/product_cat?post=17759"},{"taxonomy":"product_tag","embeddable":true,"href":"https:\/\/www.creaearredanegozi.it\/de\/wp-json\/wp\/v2\/product_tag?post=17759"}],"curies":[{"name":"wp","href":"https:\/\/api.w.org\/{rel}","templated":true}]}}