{"id":17763,"date":"2018-12-13T11:50:25","date_gmt":"2018-12-13T10:50:25","guid":{"rendered":"https:\/\/www.creaearredanegozi.it\/?post_type=product&#038;p=17763"},"modified":"2024-11-20T13:39:59","modified_gmt":"2024-11-20T12:39:59","slug":"thermoschweismaschine-edelstahl-automatisch-oder-manuell-folienbreite-20-cm-fimar-ts2-a","status":"publish","type":"product","link":"https:\/\/www.creaearredanegozi.it\/de\/thermoschweismaschine-edelstahl-automatisch-oder-manuell-folienbreite-20-cm-fimar-ts2-a\/","title":{"rendered":"Edelstahl-Hei\u00dfsiegelger\u00e4t automatisch oder manuell Folienbreite 20 cm Fimar TS2\/A"},"content":{"rendered":"<h3>Edelstahl-Hei\u00dfsiegelger\u00e4t 20 cm Folienbreite Fimar TS2 und TS2A<\/h3>\n<p>Maschine zum Thermoversiegeln von Lebensmitteln in Schalen, um Duft und Geschmack zu erhalten. Hergestellt aus rostfreiem Stahl AISI 304, mit Platte<br \/>\nInnenversiegelung zur Vermeidung von Verbrennungen, automatischer Folieneinzug ohne manuelle Hilfe, elektronische Versiegelungstemperaturkontrolle f\u00fcr perfekte Versiegelung der Schalen<\/p>\n<p>TS2 MANUELLES HEISSSIEGELGER\u00c4T<\/p>\n<ul>\n<li>Manuelle Versiegelung durch Hebeldruck mit bis zu 9 voreingestellten Programmen.<\/li>\n<li>6 bis 8 Zyklen pro Arbeitsminute.<\/li>\n<li>Ausgestattet mit einer vielseitigen Form.<\/li>\n<li>Tabletts auf Anfrage erh\u00e4ltlich. Tablettkombination -190\u00d7260 mm - 190\u00d7230 mm - 190\u00d7137 mm - 95\u00d7137 mm - 260\u00d7195 mm.<\/li>\n<\/ul>\n<p>TS2A AUTOMATISCHES HEISSSIEGELGER\u00c4T<\/p>\n<ul>\n<li>Automatische Versiegelung<\/li>\n<li>Bis zu 9 voreingestellte Programme.<\/li>\n<li>5 bis 8 Zyklen pro Arbeitsminute.<\/li>\n<li>Trommell\u00e4nge 150 Mt.<\/li>\n<li>Einzigartige patentierte Form mit verschiedenen Gr\u00f6\u00dfenkombinationen f\u00fcr unterschiedliche Schalentypen.<\/li>\n<li>Tablettkombination -190\u00d7260 mm - 190\u00d7230 mm - 190\u00d7137 mm - 95\u00d7137 mm - 260\u00d7195 mm.<\/li>\n<\/ul>\n<p style=\"text-align: center;\">DETAILS<\/p>\n<div>\n<div>Eine Maschine zum praktischen und hygienischen Thermoversiegeln von Lebensmitteln in Schalen, so dass sie ihren Duft und ihren Geschmack behalten, ohne ihre Haltbarkeit zu verl\u00e4ngern.<\/div>\n<ul>\n<li>Hergestellt aus rostfreiem Stahl.<\/li>\n<li>Interne Dichtungsplatte zur Vermeidung von Verbrennungen.<\/li>\n<li>Automatischer Folieneinzug ohne manuelle Hilfe.<\/li>\n<li>Elektronische Siegeltemperaturregelung f\u00fcr eine perfekte Versiegelung der Schalen.<\/li>\n<li>Ausgestattet mit einer einzigartigen, patentierten Form mit verschiedenen Gr\u00f6\u00dfenkombinationen f\u00fcr unterschiedliche Schalentypen.<\/li>\n<li class=\"col-md-3\">Lieferbar mit manueller Abdichtung durch Hebeldruck (<strong>TS1<\/strong>) oder mit automatischer Versiegelung (<strong>TS1A<\/strong>).<\/li>\n<li>Folienbreite 200 mm.<\/li>\n<li class=\"col-md-3\">A-Normen <strong>EC.<\/strong><\/li>\n<\/ul>\n<\/div>\n<p><strong>Technische Daten:<\/strong><\/p>\n<table class=\"table table-striped\" style=\"width: 78.9113%;\">\n<tbody>\n<tr>\n<td style=\"width: 33.0218%;\">\n<p class=\"dati_tecnici_label_1\"><strong>Modell<\/strong><\/p>\n<\/td>\n<td style=\"width: 244.692%;\"><strong>TS2 \/ TS2A<\/strong><\/td>\n<\/tr>\n<tr>\n<td style=\"width: 33.0218%;\"><b>Strom<\/b><\/td>\n<td style=\"width: 244.692%;\" align=\"left\">0,7 kW (1 PS) 0,75 kW (1 PS)<\/td>\n<\/tr>\n<tr>\n<td style=\"width: 33.0218%;\"><strong>Stromversorgung<\/strong><\/td>\n<td style=\"width: 244.692%;\" align=\"left\">230V\/1N\/50Hz<\/td>\n<\/tr>\n<tr>\n<td style=\"width: 33.0218%;\"><strong>Abmessungen<\/strong><\/td>\n<td style=\"width: 244.692%;\" align=\"left\">315x450x550(h)mm \/ 295x450x550(h)mm<\/td>\n<\/tr>\n<tr>\n<td style=\"width: 33.0218%;\"><b>Nettogewicht<\/b><\/td>\n<td style=\"width: 244.692%;\" align=\"left\">25 kg<\/td>\n<\/tr>\n<tr>\n<td style=\"width: 33.0218%;\"><strong>Bruttogewicht<\/strong><\/td>\n<td style=\"width: 244.692%;\" align=\"left\">28 kg<\/td>\n<\/tr>\n<tr>\n<td style=\"width: 33.0218%;\"><strong>Abmessungen <\/strong><strong>Verpackung<\/strong><\/td>\n<td style=\"width: 244.692%;\" align=\"left\">320x460x570h mm<\/td>\n<\/tr>\n<tr>\n<td style=\"width: 33.0218%;\"><b>Verpackungsvolumen<\/b><\/td>\n<td style=\"width: 244.692%;\" align=\"left\">0,0839 m\u00b3<\/td>\n<\/tr>\n<tr>\n<td style=\"width: 33.0218%;\"><strong>Voreingestellte Programme<\/strong><\/td>\n<td style=\"width: 244.692%;\" align=\"left\">n\u00b0 9<\/td>\n<\/tr>\n<tr>\n<td style=\"width: 33.0218%;\"><strong>Zyklen pro Minute<\/strong><\/td>\n<td style=\"width: 244.692%;\" align=\"left\">n\u00b05-8<\/td>\n<\/tr>\n<tr>\n<td style=\"width: 33.0218%;\"><strong>Breite der Filmspule<\/strong><\/td>\n<td style=\"width: 244.692%;\" align=\"left\">200 mm<\/td>\n<\/tr>\n<tr>\n<td style=\"width: 33.0218%;\"><strong>Durchmesser der Filmspule<\/strong><\/td>\n<td style=\"width: 244.692%;\" align=\"left\">200 mm<\/td>\n<\/tr>\n<tr>\n<td style=\"width: 33.0218%;\"><strong>L\u00e4nge der Filmspule<\/strong><\/td>\n<td style=\"width: 244.692%;\" align=\"left\">150 m<\/td>\n<\/tr>\n<tr>\n<td style=\"width: 33.0218%;\"><strong>Format Trays\u00a0<\/strong><\/td>\n<td style=\"width: 244.692%;\" align=\"left\">Standard und kundenspezifisch<\/td>\n<\/tr>\n<tr>\n<td style=\"width: 33.0218%;\"><strong>Automatisches Schwei\u00dfen<\/strong><\/td>\n<td style=\"width: 244.692%;\" align=\"left\">Nein (TS2)<\/p>\n<p>Ja (TS2A)<\/td>\n<\/tr>\n<\/tbody>\n<\/table>\n<p><a href=\"https:\/\/www.creaearredanegozi.it\/wp-content\/uploads\/2018\/12\/comb-vaschette-ts2.jpg\"><img decoding=\"async\" class=\"alignnone wp-image-121721 size-full\" src=\"https:\/\/www.creaearredanegozi.it\/wp-content\/uploads\/2018\/12\/comb-vaschette-ts2.jpg\" alt=\"\" width=\"500\" height=\"540\" title=\"\" srcset=\"https:\/\/www.creaearredanegozi.it\/wp-content\/uploads\/2018\/12\/comb-vaschette-ts2.jpg 500w, https:\/\/www.creaearredanegozi.it\/wp-content\/uploads\/2018\/12\/comb-vaschette-ts2-64x69.jpg 64w, https:\/\/www.creaearredanegozi.it\/wp-content\/uploads\/2018\/12\/comb-vaschette-ts2-370x400.jpg 370w\" sizes=\"(max-width: 500px) 100vw, 500px\" \/><\/a><\/p>\n<p style=\"text-align: left;\">Optional:<\/p>\n<ul>\n<li>Vielf\u00e4ltige Aufdrucke: 190\u00d7260 mm \/ 190\u00d7230 mm \/ 190\u00d7137 mm \/ 95\u00d7137 mm.<\/li>\n<li>Bonina Abmessungen 200 mm - 150 m.<\/li>\n<\/ul>\n<p><a href=\"https:\/\/www.creaearredanegozi.it\/wp-content\/uploads\/2018\/12\/bobina02.jpg\"><img decoding=\"async\" class=\"alignnone size-full wp-image-126673\" src=\"https:\/\/www.creaearredanegozi.it\/wp-content\/uploads\/2018\/12\/bobina02.jpg\" alt=\"\" width=\"134\" height=\"232\" title=\"\" srcset=\"https:\/\/www.creaearredanegozi.it\/wp-content\/uploads\/2018\/12\/bobina02.jpg 134w, https:\/\/www.creaearredanegozi.it\/wp-content\/uploads\/2018\/12\/bobina02-64x111.jpg 64w\" sizes=\"(max-width: 134px) 100vw, 134px\" \/><\/a><\/p>","protected":false},"excerpt":{"rendered":"<p>Termosigillatrice acciaio inox larghezza film 20 cm Fimar TS2 e TS2A Macchina per termo sigillare gli alimenti dentro le vaschette permettendo di mantenere fragranza e gusto. Costruite in acciaio inox AISI 304, con piastra saldante interna per evitare scottature, trascinamento automatico del film senza alcun ausilio manuale, controllo elettronico della temperatura di saldatura per sigillare [&#8230;]","protected":false},"featured_media":17766,"comment_status":"closed","ping_status":"closed","template":"","meta":{"_monsterinsights_skip_tracking":false,"_monsterinsights_sitenote_active":false,"_monsterinsights_sitenote_note":"","_monsterinsights_sitenote_category":0},"product_brand":[628],"product_cat":[107,14],"product_tag":[],"class_list":{"0":"post-17763","1":"product","2":"type-product","3":"status-publish","4":"has-post-thumbnail","6":"product_brand-fimar","7":"product_cat-sigillatrici","8":"product_cat-confezionamento","9":"product_shipping_class-681","10":"pa_marca-fimar","12":"first","13":"instock","14":"sale","15":"taxable","16":"shipping-taxable","17":"purchasable","18":"product-type-variable"},"_links":{"self":[{"href":"https:\/\/www.creaearredanegozi.it\/de\/wp-json\/wp\/v2\/product\/17763","targetHints":{"allow":["GET"]}}],"collection":[{"href":"https:\/\/www.creaearredanegozi.it\/de\/wp-json\/wp\/v2\/product"}],"about":[{"href":"https:\/\/www.creaearredanegozi.it\/de\/wp-json\/wp\/v2\/types\/product"}],"replies":[{"embeddable":true,"href":"https:\/\/www.creaearredanegozi.it\/de\/wp-json\/wp\/v2\/comments?post=17763"}],"wp:featuredmedia":[{"embeddable":true,"href":"https:\/\/www.creaearredanegozi.it\/de\/wp-json\/wp\/v2\/media\/17766"}],"wp:attachment":[{"href":"https:\/\/www.creaearredanegozi.it\/de\/wp-json\/wp\/v2\/media?parent=17763"}],"wp:term":[{"taxonomy":"product_brand","embeddable":true,"href":"https:\/\/www.creaearredanegozi.it\/de\/wp-json\/wp\/v2\/product_brand?post=17763"},{"taxonomy":"product_cat","embeddable":true,"href":"https:\/\/www.creaearredanegozi.it\/de\/wp-json\/wp\/v2\/product_cat?post=17763"},{"taxonomy":"product_tag","embeddable":true,"href":"https:\/\/www.creaearredanegozi.it\/de\/wp-json\/wp\/v2\/product_tag?post=17763"}],"curies":[{"name":"wp","href":"https:\/\/api.w.org\/{rel}","templated":true}]}}