{"id":17778,"date":"2018-12-13T12:53:30","date_gmt":"2018-12-13T11:53:30","guid":{"rendered":"https:\/\/www.creaearredanegozi.it\/?post_type=product&#038;p=17778"},"modified":"2024-11-20T13:39:59","modified_gmt":"2024-11-20T12:39:59","slug":"professioneller-tauchmixer-mit-motorblock-und-ruhrwerk-mx42-s-fimar","status":"publish","type":"product","link":"https:\/\/www.creaearredanegozi.it\/de\/professioneller-tauchmixer-mit-motorblock-und-ruhrwerk-mx42-s-fimar\/","title":{"rendered":"Professioneller Stabmixer mit Motorblockierung und Mixer MX42\/S Fimar"},"content":{"rendered":"<h3>Fimar MX42S 40 cm Stabmixer mit Mixer :<\/h3>\n<div>\n<div>Edelstahl-Tauchmischer zur Herstellung verschiedener Produkte je nach verwendetem Werkzeug:<\/div>\n<ul>\n<li>MIXER aus rostfreiem Stahl AISI 304 f\u00fcr die Zubereitung von Minestrone, Gem\u00fcsep\u00fcree, So\u00dfen, Teige, Mayonnaise, Tomatenp\u00fcree, Pesto, etc.<\/li>\n<\/ul>\n<p>Erh\u00e4ltlich mit und ohne Variator.<br \/>\n<strong>Optional:<\/strong><\/p>\n<ul>\n<li>30 cm Mixer.<\/li>\n<li>Mixer 40 cm.<\/li>\n<li>Mixer 50 cm.<\/li>\n<li>Mixer 60 cm.<\/li>\n<\/ul>\n<\/div>\n<p><strong>Technische Daten:<\/strong><\/p>\n<table class=\"table table-striped\">\n<tbody>\n<tr>\n<td>\n<p class=\"dati_tecnici_label_1\"><strong>Modell<\/strong><\/p>\n<\/td>\n<td><strong>MX42\/S<\/strong><\/td>\n<\/tr>\n<tr>\n<td><b>Strom<\/b><\/td>\n<td align=\"left\">400 W<\/td>\n<\/tr>\n<tr>\n<td><strong>Stromversorgung<\/strong><\/td>\n<td align=\"left\">230V\/1N\/50-60Hz<\/td>\n<\/tr>\n<tr>\n<td><strong>Abmessungen<\/strong><\/td>\n<td align=\"left\">155x120x790h (mm) (mit Mischer)<\/td>\n<\/tr>\n<tr>\n<td><b>Nettogewicht<\/b><\/td>\n<td align=\"left\">4 kg<\/td>\n<\/tr>\n<tr>\n<td><strong>Bruttogewicht<\/strong><\/td>\n<td align=\"left\">5 kg<\/td>\n<\/tr>\n<tr>\n<td><strong>Abmessungen <\/strong><strong>Verpackung<\/strong><\/td>\n<td align=\"left\">490x390x170h mm<\/td>\n<\/tr>\n<tr>\n<td><b>Verpackungsvolumen<\/b><\/td>\n<td align=\"left\">0,032 m\u00b3<\/td>\n<\/tr>\n<tr>\n<td><strong>Tankinhalt<\/strong><\/td>\n<td align=\"left\">60 Lt.<\/td>\n<\/tr>\n<tr>\n<td><strong>Drehzahl des Mischers<\/strong><\/td>\n<td align=\"left\">2500\u00f711000 U\/min<\/td>\n<\/tr>\n<tr>\n<td><strong>L\u00e4nge des Mischers<\/strong><\/td>\n<td align=\"left\">400 mm<\/td>\n<\/tr>\n<tr>\n<td><strong>Maximaler Immersionsgrad<\/strong><\/p>\n<p><strong>Mixer<\/strong><\/td>\n<td align=\"left\">290 mm<\/td>\n<\/tr>\n<tr>\n<td><strong>Gewicht des Mischers<\/strong><\/td>\n<td align=\"left\">1,4 kg<\/td>\n<\/tr>\n<\/tbody>\n<\/table>\n<p style=\"text-align: center;\"><iframe loading=\"lazy\" src=\"https:\/\/www.youtube.com\/embed\/oA6OrgWTYaE\" width=\"560\" height=\"315\" frameborder=\"0\" allowfullscreen=\"allowfullscreen\"><\/iframe><\/p>","protected":false},"excerpt":{"rendered":"<p>Mixer frullatore ad immersione con mescolatore 40 cm Fimar MX42S : Macchina mixer ad immersione in acciaio inox per ottenere diversi prodotti in base all\u2019utensile utilizzato: MESCOLATORE realizzata in acciaio inox AISI 304 per realizzare minestroni, puree di verdure, salse, pastelle, maionese, passato di pomodoro, pesto ecc. Disponibile con variatore e senza variatore. Optional: Mescolatore [&#8230;]","protected":false},"featured_media":121474,"comment_status":"closed","ping_status":"closed","template":"","meta":{"_monsterinsights_skip_tracking":false,"_monsterinsights_sitenote_active":false,"_monsterinsights_sitenote_note":"","_monsterinsights_sitenote_category":0},"product_brand":[628],"product_cat":[65,10,163,814,25],"product_tag":[],"class_list":{"0":"post-17778","1":"product","2":"type-product","3":"status-publish","4":"has-post-thumbnail","6":"product_brand-fimar","7":"product_cat-frullatori","8":"product_cat-attrezzature-bar","9":"product_cat-frullatori-ristorazione","10":"product_cat-mixer-frullatori","11":"product_cat-attrezzature-ristoranti-pub-cucine","12":"product_shipping_class-f","13":"pa_marca-fimar","15":"first","16":"instock","17":"sale","18":"taxable","19":"shipping-taxable","20":"purchasable","21":"product-type-variable"},"_links":{"self":[{"href":"https:\/\/www.creaearredanegozi.it\/de\/wp-json\/wp\/v2\/product\/17778","targetHints":{"allow":["GET"]}}],"collection":[{"href":"https:\/\/www.creaearredanegozi.it\/de\/wp-json\/wp\/v2\/product"}],"about":[{"href":"https:\/\/www.creaearredanegozi.it\/de\/wp-json\/wp\/v2\/types\/product"}],"replies":[{"embeddable":true,"href":"https:\/\/www.creaearredanegozi.it\/de\/wp-json\/wp\/v2\/comments?post=17778"}],"wp:featuredmedia":[{"embeddable":true,"href":"https:\/\/www.creaearredanegozi.it\/de\/wp-json\/wp\/v2\/media\/121474"}],"wp:attachment":[{"href":"https:\/\/www.creaearredanegozi.it\/de\/wp-json\/wp\/v2\/media?parent=17778"}],"wp:term":[{"taxonomy":"product_brand","embeddable":true,"href":"https:\/\/www.creaearredanegozi.it\/de\/wp-json\/wp\/v2\/product_brand?post=17778"},{"taxonomy":"product_cat","embeddable":true,"href":"https:\/\/www.creaearredanegozi.it\/de\/wp-json\/wp\/v2\/product_cat?post=17778"},{"taxonomy":"product_tag","embeddable":true,"href":"https:\/\/www.creaearredanegozi.it\/de\/wp-json\/wp\/v2\/product_tag?post=17778"}],"curies":[{"name":"wp","href":"https:\/\/api.w.org\/{rel}","templated":true}]}}