{"id":17790,"date":"2018-12-14T10:41:33","date_gmt":"2018-12-14T09:41:33","guid":{"rendered":"https:\/\/www.creaearredanegozi.it\/?post_type=product&#038;p=17790"},"modified":"2023-07-03T19:52:30","modified_gmt":"2023-07-03T17:52:30","slug":"professioneller-stabmixer-mit-40-cm-mixer-und-fx40-schneebesen-fimar","status":"publish","type":"product","link":"https:\/\/www.creaearredanegozi.it\/de\/professioneller-stabmixer-mit-40-cm-mixer-und-fx40-schneebesen-fimar\/","title":{"rendered":"Professioneller Stabmixer mit 40 cm Mixer und FX40 Schneebesen Fimar"},"content":{"rendered":"<h3>Stabmixer mit 40 cm Mixer und Fimar FX40 Schneebesen :<\/h3>\n<p>Maschine mit ergonomischem Griff f\u00fcr einen hervorragenden, erm\u00fcdungsfreien Halt, komplett mit Mixer und Schneebesen mit Geschwindigkeitsregler, um je nach verwendetem Werkzeug unterschiedliche Produkte zu erhalten.<\/p>\n<p>Vollst\u00e4ndig aus rostfreiem Stahl AISI 304 hergestellter Mixer, geeignet f\u00fcr die Zubereitung von Minestrone, Gem\u00fcsep\u00fcree, So\u00dfen, Teige, Mayonnaise, Tomatenmark, Pesto usw.<\/p>\n<p>Schneebesen aus rostfreiem Stahl AISI 304, n\u00fctzlich f\u00fcr Schlagsahne, Cremes, Omeletts, Souffl\u00e9s, usw.<\/p>\n<p>Das Modell FX40 ist standardm\u00e4\u00dfig mit einem 40-cm-R\u00fchrer f\u00fcr eine maximale Eintauchh\u00f6he von 29 cm und einem 35-cm-Besen mit einer maximalen Eintauchh\u00f6he von 20 cm sowie einem Motorblock mit variabler Geschwindigkeit ausgestattet.<\/p>\n<p>Es besteht die M\u00f6glichkeit, nur den Motorblock zu kaufen.<\/p>\n<p><strong>Optional:<\/strong><\/p>\n<ul>\n<li>30 cm Mixer.<\/li>\n<li>Mixer 40 cm.<\/li>\n<li>Mixer 50 cm.<\/li>\n<li>Mixer 60 cm.<\/li>\n<\/ul>\n<p><strong>Technische Daten:<\/strong><\/p>\n<table class=\"table table-striped\">\n<tbody>\n<tr>\n<td>\n<p class=\"dati_tecnici_label_1\"><strong>Modell<\/strong><\/p>\n<\/td>\n<td><strong>FX40<\/strong><\/td>\n<\/tr>\n<tr>\n<td><b>Strom<\/b><\/td>\n<td align=\"left\">400 W<\/td>\n<\/tr>\n<tr>\n<td><strong>Stromversorgung<\/strong><\/td>\n<td align=\"left\">230V\/1N\/50-60Hz<\/td>\n<\/tr>\n<tr>\n<td><strong>Abmessungen<\/strong><\/td>\n<td align=\"left\">170x120x740h (mm) (mit 400 mm Mischer)<br \/>\n170x120x660h (mm) (mit Peitsche)<\/td>\n<\/tr>\n<tr>\n<td><b>Nettogewicht<\/b><\/td>\n<td align=\"left\">4,5 kg<\/td>\n<\/tr>\n<tr>\n<td><strong>Bruttogewicht<\/strong><\/td>\n<td align=\"left\">6 kg<\/td>\n<\/tr>\n<tr>\n<td><strong>Abmessungen <\/strong><strong>Verpackung<\/strong><\/td>\n<td align=\"left\">490x390x170h mm<\/td>\n<\/tr>\n<tr>\n<td><b>Verpackungsvolumen<\/b><\/td>\n<td align=\"left\">0,032 m\u00b3<\/td>\n<\/tr>\n<tr>\n<td><strong>Tankinhalt<\/strong><\/td>\n<td align=\"left\">60 Lt.<\/td>\n<\/tr>\n<tr>\n<td><strong>Drehzahl des Mischers<\/strong><\/td>\n<td align=\"left\">2500\u00f711000 U\/min<\/td>\n<\/tr>\n<tr>\n<td><strong>Peitschengeschwindigkeit<\/strong><\/td>\n<td align=\"left\">250\u00f711000 U\/min<\/td>\n<\/tr>\n<tr>\n<td><strong>L\u00e4nge des Mischers<\/strong><\/td>\n<td align=\"left\">400 mm<\/td>\n<\/tr>\n<tr>\n<td><strong>L\u00e4nge der Peitsche<\/strong><\/td>\n<td align=\"left\">350 mm<\/td>\n<\/tr>\n<tr>\n<td><strong>Maximaler Immersionsgrad<\/strong><\/p>\n<p><strong>Mixer<\/strong><\/td>\n<td align=\"left\">&#8211;<\/td>\n<\/tr>\n<tr>\n<td><strong>Maximaler Immersionsgrad<\/strong><\/p>\n<p><strong>Peitsche<\/strong><\/td>\n<td align=\"left\">200 mm<\/td>\n<\/tr>\n<tr>\n<td><strong>Gewicht des Mischers<\/strong><\/td>\n<td align=\"left\">1,4 kg<\/td>\n<\/tr>\n<tr>\n<td><strong>Gewicht der Peitsche<\/strong><\/td>\n<td align=\"left\">1 kg<\/td>\n<\/tr>\n<\/tbody>\n<\/table>\n<p style=\"text-align: center;\"><iframe loading=\"lazy\" src=\"https:\/\/www.youtube.com\/embed\/oA6OrgWTYaE\" width=\"560\" height=\"315\" frameborder=\"0\" allowfullscreen=\"allowfullscreen\"><\/iframe><\/p>","protected":false},"excerpt":{"rendered":"<p>Mixer frullatore ad immersione con mescolatore 40 cm e frusta Fimar FX40 : Macchina con impugnatura ergonomica per un\u2019ottima presa senza fatica, completa di mescolatore pi\u00f9 frusta con variatore di velocit\u00e0 per ottenere diversi prodotti in base all\u2019utensile utilizzato. Mescolatore realizzato interamente in acciaio inox AISI 304, utile per realizzare minestroni, puree di verdure, salse, [&#8230;]","protected":false},"featured_media":121486,"comment_status":"closed","ping_status":"closed","template":"","meta":{"_monsterinsights_skip_tracking":false,"_monsterinsights_sitenote_active":false,"_monsterinsights_sitenote_note":"","_monsterinsights_sitenote_category":0},"product_brand":[628],"product_cat":[65,46,10,163,814,25],"product_tag":[],"class_list":{"0":"post-17790","1":"product","2":"type-product","3":"status-publish","4":"has-post-thumbnail","6":"product_brand-fimar","7":"product_cat-frullatori","8":"product_cat-attrezzature-per-pizzeria-attrezzi-pizzaiolo","9":"product_cat-attrezzature-bar","10":"product_cat-frullatori-ristorazione","11":"product_cat-mixer-frullatori","12":"product_cat-attrezzature-ristoranti-pub-cucine","13":"product_shipping_class-f","14":"pa_marca-fimar","16":"first","17":"instock","18":"taxable","19":"shipping-taxable","20":"purchasable","21":"product-type-simple"},"_links":{"self":[{"href":"https:\/\/www.creaearredanegozi.it\/de\/wp-json\/wp\/v2\/product\/17790","targetHints":{"allow":["GET"]}}],"collection":[{"href":"https:\/\/www.creaearredanegozi.it\/de\/wp-json\/wp\/v2\/product"}],"about":[{"href":"https:\/\/www.creaearredanegozi.it\/de\/wp-json\/wp\/v2\/types\/product"}],"replies":[{"embeddable":true,"href":"https:\/\/www.creaearredanegozi.it\/de\/wp-json\/wp\/v2\/comments?post=17790"}],"wp:featuredmedia":[{"embeddable":true,"href":"https:\/\/www.creaearredanegozi.it\/de\/wp-json\/wp\/v2\/media\/121486"}],"wp:attachment":[{"href":"https:\/\/www.creaearredanegozi.it\/de\/wp-json\/wp\/v2\/media?parent=17790"}],"wp:term":[{"taxonomy":"product_brand","embeddable":true,"href":"https:\/\/www.creaearredanegozi.it\/de\/wp-json\/wp\/v2\/product_brand?post=17790"},{"taxonomy":"product_cat","embeddable":true,"href":"https:\/\/www.creaearredanegozi.it\/de\/wp-json\/wp\/v2\/product_cat?post=17790"},{"taxonomy":"product_tag","embeddable":true,"href":"https:\/\/www.creaearredanegozi.it\/de\/wp-json\/wp\/v2\/product_tag?post=17790"}],"curies":[{"name":"wp","href":"https:\/\/api.w.org\/{rel}","templated":true}]}}