{"id":17796,"date":"2018-12-14T11:05:45","date_gmt":"2018-12-14T10:05:45","guid":{"rendered":"https:\/\/www.creaearredanegozi.it\/?post_type=product&#038;p=17796"},"modified":"2023-07-03T19:52:31","modified_gmt":"2023-07-03T17:52:31","slug":"professioneller-stabmixer-mit-variabler-geschwindigkeit-und-schneebesen-fx42f-fimar","status":"publish","type":"product","link":"https:\/\/www.creaearredanegozi.it\/de\/professioneller-stabmixer-mit-variabler-geschwindigkeit-und-schneebesen-fx42f-fimar\/","title":{"rendered":"Professioneller Stabmixer mit Geschwindigkeitsregler und Schneebesen FX42F Fimar"},"content":{"rendered":"<h3>Stabmixer mit Geschwindigkeitsregler und Schneebesen Fimar FX42F :<\/h3>\n<div class=\"row thumbnails\">\n<div class=\"col-md-3\">Maschine mit ergonomischem Griff f\u00fcr einen hervorragenden Halt ohne Erm\u00fcdung, komplett mit Quirl mit Geschwindigkeitsregler, um je nach verwendetem Werkzeug unterschiedliche Produkte zu erhalten:<\/div>\n<ul>\n<li><strong>MIXER <\/strong>(fakultativ) vollst\u00e4ndig in <strong>Rostfreier Stahl AISI 304<\/strong>zur Herstellung von Suppen, Gem\u00fcsep\u00fcrees, So\u00dfen, Teigen, Mayonnaise, Tomatenp\u00fcree, Pesto, usw.<\/li>\n<li class=\"col-md-3\"><strong>FRUSTA<\/strong>\u00a0ganz in <strong>Rostfreier Stahl AISI 304,<\/strong> f\u00fcr Schlagsahne, Cremes, Omeletts, Souffl\u00e9s, usw.<\/li>\n<\/ul>\n<p><strong>Optional:<\/strong><\/p>\n<ul>\n<li>Mixer 30 cm - 1,2 kg - max. Eintauchtiefe 190 mm.<\/li>\n<li>Mischer 40 cm - 1,4 kg - max. Eintauchtiefe 290 mm.<\/li>\n<li>Mischer 50 cm - 1,6 kg - max. Eintauchtiefe 390 mm.<\/li>\n<li>Mischer 60 cm - 1,8 kg - max. Eintauchtiefe 490 mm.<\/li>\n<li>Zusatzpeitsche 35 cm - 1 kg - max. Eintauchtiefe 200 mm.<\/li>\n<\/ul>\n<\/div>\n<p><strong>Technische Daten:<\/strong><\/p>\n<table class=\"table table-striped\">\n<tbody>\n<tr>\n<td>\n<p class=\"dati_tecnici_label_1\"><strong>Modell<\/strong><\/p>\n<\/td>\n<td><strong>FX42F<\/strong><\/td>\n<\/tr>\n<tr>\n<td><b>Strom<\/b><\/td>\n<td align=\"left\">400 W<\/td>\n<\/tr>\n<tr>\n<td><strong>Stromversorgung<\/strong><\/td>\n<td align=\"left\">230V\/1N\/50-60Hz<\/td>\n<\/tr>\n<tr>\n<td><strong>Abmessungen<\/strong><\/td>\n<td align=\"left\">170x120x660h (mm) (mit Peitsche)<\/td>\n<\/tr>\n<tr>\n<td><b>Nettogewicht<\/b><\/td>\n<td align=\"left\">4,5 kg<\/td>\n<\/tr>\n<tr>\n<td><strong>Bruttogewicht<\/strong><\/td>\n<td align=\"left\">6 kg<\/td>\n<\/tr>\n<tr>\n<td><strong>Abmessungen <\/strong><strong>Verpackung<\/strong><\/td>\n<td align=\"left\">490x390x170h mm<\/td>\n<\/tr>\n<tr>\n<td><b>Verpackungsvolumen<\/b><\/td>\n<td align=\"left\">0,032 m\u00b3<\/td>\n<\/tr>\n<tr>\n<td><strong>Tankinhalt<\/strong><\/td>\n<td align=\"left\">60 Lt.<\/td>\n<\/tr>\n<tr>\n<td><strong>Peitschengeschwindigkeit<\/strong><\/td>\n<td align=\"left\">250\u00f711000 U\/min<\/td>\n<\/tr>\n<tr>\n<td><strong>L\u00e4nge der Peitsche<\/strong><\/td>\n<td align=\"left\">350 mm<\/td>\n<\/tr>\n<tr>\n<td><strong>Maximaler Immersionsgrad<\/strong><\/p>\n<p><strong>Peitsche<\/strong><\/p>\n<p>&nbsp;<\/td>\n<td align=\"left\">200 mm<\/td>\n<\/tr>\n<tr>\n<td><strong>Gewicht der Peitsche<\/strong><\/td>\n<td align=\"left\">1 kg<\/td>\n<\/tr>\n<\/tbody>\n<\/table>\n<p style=\"text-align: center;\"><iframe loading=\"lazy\" src=\"https:\/\/www.youtube.com\/embed\/oA6OrgWTYaE\" width=\"560\" height=\"315\" frameborder=\"0\" allowfullscreen=\"allowfullscreen\"><\/iframe><\/p>","protected":false},"excerpt":{"rendered":"<p>Mixer frullatore ad immersione con variatore di velocit\u00e0 e frusta Fimar FX42F : Macchina con impugnatura ergonomica per un\u2019ottima presa senza fatica, completa di frusta con variatore di velocit\u00e0 per ottenere diversi prodotti in base all\u2019utensile utilizzato: MESCOLATORE (Optional) \u00a0interamente in acciaio inox AISI 304, per realizzare minestroni, puree di verdure, salse, pastelle, maionese, passato [&#8230;]","protected":false},"featured_media":121501,"comment_status":"closed","ping_status":"closed","template":"","meta":{"_monsterinsights_skip_tracking":false,"_monsterinsights_sitenote_active":false,"_monsterinsights_sitenote_note":"","_monsterinsights_sitenote_category":0},"product_brand":[628],"product_cat":[65,10,163,814,25],"product_tag":[],"class_list":{"0":"post-17796","1":"product","2":"type-product","3":"status-publish","4":"has-post-thumbnail","6":"product_brand-fimar","7":"product_cat-frullatori","8":"product_cat-attrezzature-bar","9":"product_cat-frullatori-ristorazione","10":"product_cat-mixer-frullatori","11":"product_cat-attrezzature-ristoranti-pub-cucine","12":"product_shipping_class-f","13":"pa_marca-fimar","15":"first","16":"instock","17":"taxable","18":"shipping-taxable","19":"purchasable","20":"product-type-simple"},"_links":{"self":[{"href":"https:\/\/www.creaearredanegozi.it\/de\/wp-json\/wp\/v2\/product\/17796","targetHints":{"allow":["GET"]}}],"collection":[{"href":"https:\/\/www.creaearredanegozi.it\/de\/wp-json\/wp\/v2\/product"}],"about":[{"href":"https:\/\/www.creaearredanegozi.it\/de\/wp-json\/wp\/v2\/types\/product"}],"replies":[{"embeddable":true,"href":"https:\/\/www.creaearredanegozi.it\/de\/wp-json\/wp\/v2\/comments?post=17796"}],"wp:featuredmedia":[{"embeddable":true,"href":"https:\/\/www.creaearredanegozi.it\/de\/wp-json\/wp\/v2\/media\/121501"}],"wp:attachment":[{"href":"https:\/\/www.creaearredanegozi.it\/de\/wp-json\/wp\/v2\/media?parent=17796"}],"wp:term":[{"taxonomy":"product_brand","embeddable":true,"href":"https:\/\/www.creaearredanegozi.it\/de\/wp-json\/wp\/v2\/product_brand?post=17796"},{"taxonomy":"product_cat","embeddable":true,"href":"https:\/\/www.creaearredanegozi.it\/de\/wp-json\/wp\/v2\/product_cat?post=17796"},{"taxonomy":"product_tag","embeddable":true,"href":"https:\/\/www.creaearredanegozi.it\/de\/wp-json\/wp\/v2\/product_tag?post=17796"}],"curies":[{"name":"wp","href":"https:\/\/api.w.org\/{rel}","templated":true}]}}