{"id":17836,"date":"2018-12-17T09:46:41","date_gmt":"2018-12-17T08:46:41","guid":{"rendered":"https:\/\/www.creaearredanegozi.it\/?post_type=product&#038;p=17836"},"modified":"2024-11-20T13:40:00","modified_gmt":"2024-11-20T12:40:00","slug":"elektrischer-pizzaofen-edelstahl-1-oder-2-kammern-91x61x14-cm-fimar-fmew6-und-fmew66","status":"publish","type":"product","link":"https:\/\/www.creaearredanegozi.it\/de\/elektrischer-pizzaofen-edelstahl-1-oder-2-kammern-91x61x14-cm-fimar-fmew6-und-fmew66\/","title":{"rendered":"Elektrischer Pizzaofen Edelstahl 1 oder 2 Kammern 91x61x14 cm Fimar FMEW6 und FMEW6+6"},"content":{"rendered":"<h3>Elektro-Pizzaofen Edelstahl 1 oder 2 Kammern 91x61x14 cm Fimar FMEW6 und FMEW6+6<\/h3>\n<div class=\"row thumbnails\">\n<div class=\"col-md-3\">Professionelle Elektro\u00f6fen zum Backen von Pizza, Focaccia usw.<\/div>\n<ul>\n<li class=\"col-md-3\">Frontverkleidung aus rostfreiem Stahl.<\/li>\n<li class=\"col-md-3\">Feuerfestes Kochfeld.<\/li>\n<li class=\"col-md-3\">W\u00e4rmed\u00e4mmung durch Verkleidung mit Steinwolle.<\/li>\n<li class=\"col-md-3\">T\u00fcren mit Pyrex-Schauglas.<\/li>\n<li class=\"col-md-3\">Pyrometer.<\/li>\n<li class=\"col-md-3\">Innenbeleuchtung.<\/li>\n<li class=\"col-md-3\">2 Thermostate f\u00fcr jeden Raum.<\/li>\n<li>1 Zimmer oder 2 Zimmer verf\u00fcgbar.<\/li>\n<li>\n<div>W\"-Ofenversion mit umgekehrten Garraumma\u00dfen (breiter und flacher).<\/div>\n<\/li>\n<li>CE-konform.<\/li>\n<\/ul>\n<\/div>\n<p>Optional<\/p>\n<ul>\n<li>Dunstabzugshaube: Die Dunstabzugshauben sind einfach zu installieren und verf\u00fcgen \u00fcber einen Motor mit drei Sauggeschwindigkeiten. Dank des Filterzubeh\u00f6rs mit Aktivkohle kann sie auch ohne Anschluss an den Schornstein verwendet werden.<\/li>\n<li>Staffelei.<\/li>\n<\/ul>\n<p><strong>Technische Daten:<\/strong><\/p>\n<table class=\"table table-striped mtr-table mtr-tr-td\" style=\"width: 58.3617%; height: 367px;\">\n<tbody>\n<tr style=\"height: 50px;\">\n<td style=\"height: 50px;\" data-mtr-content=\"Modello\" class=\"mtr-td-tag\"><div class=\"mtr-cell-content\">\n<p class=\"dati_tecnici_label_1\"><strong>Modell<\/strong><\/p>\n<\/div><\/td>\n<td style=\"height: 50px;\" data-mtr-content=\"FMEW6\" class=\"mtr-td-tag\"><div class=\"mtr-cell-content\"><b>FMEW6<\/b><\/div><\/td>\n<td style=\"height: 50px;\" data-mtr-content=\"FMEW6+6\" class=\"mtr-td-tag\"><div class=\"mtr-cell-content\"><b>FMEW6+6<\/b><\/div><\/td>\n<\/tr>\n<tr style=\"height: 21px;\">\n<td style=\"height: 21px;\" data-mtr-content=\"Modello\" class=\"mtr-td-tag\"><div class=\"mtr-cell-content\"><b>Strom<\/b><\/div><\/td>\n<td style=\"height: 21px;\" align=\"left\" data-mtr-content=\"FMEW6\" class=\"mtr-td-tag\"><div class=\"mtr-cell-content\">6,4 kW<\/div><\/td>\n<td style=\"height: 21px;\" align=\"left\" data-mtr-content=\"FMEW6+6\" class=\"mtr-td-tag\"><div class=\"mtr-cell-content\">12,8 kW<\/div><\/td>\n<\/tr>\n<tr style=\"height: 86px;\">\n<td style=\"height: 86px;\" data-mtr-content=\"Modello\" class=\"mtr-td-tag\"><div class=\"mtr-cell-content\"><strong>Stromversorgung<\/strong><\/div><\/td>\n<td style=\"height: 86px;\" align=\"left\" data-mtr-content=\"FMEW6\" class=\"mtr-td-tag\"><div class=\"mtr-cell-content\">230V\/1N\/50-60Hz\n<p>400V\/3-3N\/50-60Hz<\/p><\/div><\/td>\n<td style=\"height: 86px;\" align=\"left\" data-mtr-content=\"FMEW6+6\" class=\"mtr-td-tag\"><div class=\"mtr-cell-content\">230V\/1N\/50-60Hz\n<p>400V\/3-3N\/50-60Hz<\/p><\/div><\/td>\n<\/tr>\n<tr style=\"height: 21px;\">\n<td style=\"height: 21px;\" data-mtr-content=\"Modello\" class=\"mtr-td-tag\"><div class=\"mtr-cell-content\"><b>Absorption<\/b><\/div><\/td>\n<td style=\"height: 21px;\" align=\"left\" data-mtr-content=\"FMEW6\" class=\"mtr-td-tag\"><div class=\"mtr-cell-content\">28A - 10A (230V\/1N) (400V\/3N)<\/div><\/td>\n<td style=\"height: 21px;\" align=\"left\" data-mtr-content=\"FMEW6+6\" class=\"mtr-td-tag\"><div class=\"mtr-cell-content\">55A - 19A (230V\/1N) (400V\/3N)<\/div><\/td>\n<\/tr>\n<tr style=\"height: 21px;\">\n<td style=\"height: 21px;\" data-mtr-content=\"Modello\" class=\"mtr-td-tag\"><div class=\"mtr-cell-content\"><strong>Arbeitstemperatur<\/strong><\/div><\/td>\n<td style=\"height: 21px;\" align=\"left\" data-mtr-content=\"FMEW6\" class=\"mtr-td-tag\"><div class=\"mtr-cell-content\">50 \u00f7 500 \u00b0C<\/div><\/td>\n<td style=\"height: 21px;\" align=\"left\" data-mtr-content=\"FMEW6+6\" class=\"mtr-td-tag\"><div class=\"mtr-cell-content\">50 \u00f7 500 \u00b0C<\/div><\/td>\n<\/tr>\n<tr style=\"height: 21px;\">\n<td style=\"height: 21px;\" data-mtr-content=\"Modello\" class=\"mtr-td-tag\"><div class=\"mtr-cell-content\"><b>Abmessungen der Brennkammer<\/b><\/div><\/td>\n<td style=\"height: 21px;\" align=\"left\" data-mtr-content=\"FMEW6\" class=\"mtr-td-tag\"><div class=\"mtr-cell-content\">915x610x140h (mm)<\/div><\/td>\n<td style=\"height: 21px;\" align=\"left\" data-mtr-content=\"FMEW6+6\" class=\"mtr-td-tag\"><div class=\"mtr-cell-content\">915x610x140h (mm) x2<\/div><\/td>\n<\/tr>\n<tr style=\"height: 21px;\">\n<td style=\"height: 21px;\" data-mtr-content=\"Modello\" class=\"mtr-td-tag\"><div class=\"mtr-cell-content\"><strong>Abmessungen<\/strong><\/div><\/td>\n<td style=\"height: 21px;\" align=\"left\" data-mtr-content=\"FMEW6\" class=\"mtr-td-tag\"><div class=\"mtr-cell-content\">1150x735x420h (mm)<\/div><\/td>\n<td style=\"height: 21px;\" align=\"left\" data-mtr-content=\"FMEW6+6\" class=\"mtr-td-tag\"><div class=\"mtr-cell-content\">1150x735x750h (mm)<\/div><\/td>\n<\/tr>\n<tr style=\"height: 21px;\">\n<td style=\"height: 21px;\" data-mtr-content=\"Modello\" class=\"mtr-td-tag\"><div class=\"mtr-cell-content\"><strong>Nettogewicht <\/strong><\/div><\/td>\n<td style=\"height: 21px;\" align=\"left\" data-mtr-content=\"FMEW6\" class=\"mtr-td-tag\"><div class=\"mtr-cell-content\">100 kg<\/div><\/td>\n<td style=\"height: 21px;\" align=\"left\" data-mtr-content=\"FMEW6+6\" class=\"mtr-td-tag\"><div class=\"mtr-cell-content\">187 kg<\/div><\/td>\n<\/tr>\n<tr style=\"height: 21px;\">\n<td style=\"height: 21px;\" data-mtr-content=\"Modello\" class=\"mtr-td-tag\"><div class=\"mtr-cell-content\"><strong>Bruttogewicht<\/strong><\/div><\/td>\n<td style=\"height: 21px;\" align=\"left\" data-mtr-content=\"FMEW6\" class=\"mtr-td-tag\"><div class=\"mtr-cell-content\">125 kg<\/div><\/td>\n<td style=\"height: 21px;\" align=\"left\" data-mtr-content=\"FMEW6+6\" class=\"mtr-td-tag\"><div class=\"mtr-cell-content\">212 kg<\/div><\/td>\n<\/tr>\n<tr style=\"height: 21px;\">\n<td style=\"height: 21px;\" data-mtr-content=\"Modello\" class=\"mtr-td-tag\"><div class=\"mtr-cell-content\"><strong>Abmessungen der Verpackung<\/strong><\/div><\/td>\n<td style=\"height: 21px;\" align=\"left\" data-mtr-content=\"FMEW6\" class=\"mtr-td-tag\"><div class=\"mtr-cell-content\">1250x960x570h (mm)<\/div><\/td>\n<td style=\"height: 21px;\" align=\"left\" data-mtr-content=\"FMEW6+6\" class=\"mtr-td-tag\"><div class=\"mtr-cell-content\">1250x960x920h (mm)<\/div><\/td>\n<\/tr>\n<tr style=\"height: 21px;\">\n<td style=\"height: 21px;\" data-mtr-content=\"Modello\" class=\"mtr-td-tag\"><div class=\"mtr-cell-content\"><strong>Verpackungsvolumen<\/strong><\/div><\/td>\n<td style=\"height: 21px;\" align=\"left\" data-mtr-content=\"FMEW6\" class=\"mtr-td-tag\"><div class=\"mtr-cell-content\">0,684 m\u00b3<\/div><\/td>\n<td style=\"height: 21px;\" align=\"left\" data-mtr-content=\"FMEW6+6\" class=\"mtr-td-tag\"><div class=\"mtr-cell-content\">1,104 m\u00b3<\/div><\/td>\n<\/tr>\n<tr style=\"height: 21px;\">\n<td style=\"height: 21px;\" data-mtr-content=\"Modello\" class=\"mtr-td-tag\"><div class=\"mtr-cell-content\"><strong>Abmessungen der Haube<\/strong><\/div><\/td>\n<td style=\"height: 21px;\" data-mtr-content=\"FMEW6\" class=\"mtr-td-tag\"><div class=\"mtr-cell-content\">1150 x 970 x 240(h) mm<\/div><\/td>\n<td style=\"height: 21px;\" data-mtr-content=\"FMEW6+6\" class=\"mtr-td-tag\"><div class=\"mtr-cell-content\">1150 x 970 x 240(h) mm<\/div><\/td>\n<\/tr>\n<tr style=\"height: 21px;\">\n<td style=\"height: 21px;\" data-mtr-content=\"Modello\" class=\"mtr-td-tag\"><div class=\"mtr-cell-content\"><strong>Abmessungen der Staffelei<\/strong><\/div><\/td>\n<td style=\"height: 21px;\" data-mtr-content=\"FMEW6\" class=\"mtr-td-tag\"><div class=\"mtr-cell-content\">1150x735x980(h) mm<\/div><\/td>\n<td style=\"height: 21px;\" data-mtr-content=\"FMEW6+6\" class=\"mtr-td-tag\"><div class=\"mtr-cell-content\">1150x735x850(h) mm<\/div><\/td>\n<\/tr>\n<\/tbody>\n<\/table>\n<p style=\"text-align: center;\">","protected":false},"excerpt":{"rendered":"<p>Forno elettrico per pizza acciaio inox 1 o 2 camere 91x61x14 cm Fimar FMEW6 e FMEW6+6 Forni elettrici professionali per la cottura di pizza, focacce, ecc Rivestimento frontale inox. Piano di cottura refrattario. Isolamento termico mediante rivestimento in lana di roccia. Porte con vetro di ispezione in pirex. Pirometri. Illuminazione interna. 2 termostati per ogni [&#8230;]","protected":false},"featured_media":121793,"comment_status":"closed","ping_status":"closed","template":"","meta":{"_monsterinsights_skip_tracking":false,"_monsterinsights_sitenote_active":false,"_monsterinsights_sitenote_note":"","_monsterinsights_sitenote_category":0},"product_brand":[628],"product_cat":[111,46,16,64,159,78,10,25],"product_tag":[],"class_list":{"0":"post-17836","1":"product","2":"type-product","3":"status-publish","4":"has-post-thumbnail","6":"product_brand-fimar","7":"product_cat-elettrici","8":"product_cat-attrezzature-per-pizzeria-attrezzi-pizzaiolo","9":"product_cat-forni","10":"product_cat-forni-attrezzature-bar","11":"product_cat-forni-ristorazione","12":"product_cat-forni-elettrici","13":"product_cat-attrezzature-bar","14":"product_cat-attrezzature-ristoranti-pub-cucine","15":"product_shipping_class-33","16":"pa_marca-fimar","18":"first","19":"instock","20":"sale","21":"taxable","22":"shipping-taxable","23":"purchasable","24":"product-type-variable"},"_links":{"self":[{"href":"https:\/\/www.creaearredanegozi.it\/de\/wp-json\/wp\/v2\/product\/17836","targetHints":{"allow":["GET"]}}],"collection":[{"href":"https:\/\/www.creaearredanegozi.it\/de\/wp-json\/wp\/v2\/product"}],"about":[{"href":"https:\/\/www.creaearredanegozi.it\/de\/wp-json\/wp\/v2\/types\/product"}],"replies":[{"embeddable":true,"href":"https:\/\/www.creaearredanegozi.it\/de\/wp-json\/wp\/v2\/comments?post=17836"}],"wp:featuredmedia":[{"embeddable":true,"href":"https:\/\/www.creaearredanegozi.it\/de\/wp-json\/wp\/v2\/media\/121793"}],"wp:attachment":[{"href":"https:\/\/www.creaearredanegozi.it\/de\/wp-json\/wp\/v2\/media?parent=17836"}],"wp:term":[{"taxonomy":"product_brand","embeddable":true,"href":"https:\/\/www.creaearredanegozi.it\/de\/wp-json\/wp\/v2\/product_brand?post=17836"},{"taxonomy":"product_cat","embeddable":true,"href":"https:\/\/www.creaearredanegozi.it\/de\/wp-json\/wp\/v2\/product_cat?post=17836"},{"taxonomy":"product_tag","embeddable":true,"href":"https:\/\/www.creaearredanegozi.it\/de\/wp-json\/wp\/v2\/product_tag?post=17836"}],"curies":[{"name":"wp","href":"https:\/\/api.w.org\/{rel}","templated":true}]}}