{"id":17859,"date":"2018-12-17T11:34:37","date_gmt":"2018-12-17T10:34:37","guid":{"rendered":"https:\/\/www.creaearredanegozi.it\/?post_type=product&#038;p=17859"},"modified":"2024-11-20T13:40:00","modified_gmt":"2024-11-20T12:40:00","slug":"elektrischer-pizzaofen-edelstahl-1-oder-2-kammern-72x72x14-cm-fimar-fml-4","status":"publish","type":"product","link":"https:\/\/www.creaearredanegozi.it\/de\/elektrischer-pizzaofen-edelstahl-1-oder-2-kammern-72x72x14-cm-fimar-fml-4\/","title":{"rendered":"Elektrobackofen Pizzeria Edelstahl 1 oder 2 Kammern 72x72x14 cm Fimar FML 4"},"content":{"rendered":"<h3>Elektro-Pizzaofen Edelstahl 1 oder 2 Kammern 72x72x14 cm Fimar FML4 und FML4+4<\/h3>\n<div>\n<div>Professionelle Elektro\u00f6fen zum Backen von Pizza, Focaccia usw.<\/div>\n<ul>\n<li>Frontverkleidung aus Edelstahl oder rustikal.<\/li>\n<li>Feuerfestes Kochfeld.<\/li>\n<li>W\u00e4rmed\u00e4mmung durch Verkleidung mit Steinwolle.<\/li>\n<li>T\u00fcren mit Pyrex-Schauglas.<\/li>\n<li>Pyrometer.<\/li>\n<li>Innenbeleuchtung.<\/li>\n<li>2 Thermostate f\u00fcr jeden Raum.<\/li>\n<li>1 Zimmer oder 2 Zimmer verf\u00fcgbar.<\/li>\n<li>CE-konform.<\/li>\n<\/ul>\n<p>Optional:<\/p>\n<ul>\n<li>Staffelei<\/li>\n<li>Haube. (Die Dunstabzugshauben sind einfach zu installieren und verf\u00fcgen \u00fcber einen Motor mit drei Ansauggeschwindigkeiten. Dank des Filterzubeh\u00f6rs mit Aktivkohle kann sie auch ohne Anschluss an den Schornstein verwendet werden).<\/li>\n<\/ul>\n<\/div>\n<p><strong>Technische Daten:<\/strong><\/p>\n<table class=\"table table-striped mtr-table mtr-tr-td\">\n<tbody>\n<tr>\n<td data-mtr-content=\"Modello\" class=\"mtr-td-tag\"><div class=\"mtr-cell-content\"><strong>Modell<\/strong><\/div><\/td>\n<td data-mtr-content=\"FML4\" class=\"mtr-td-tag\"><div class=\"mtr-cell-content\"><b>FML4<\/b><\/div><\/td>\n<td data-mtr-content=\"FML4+4\" class=\"mtr-td-tag\"><div class=\"mtr-cell-content\"><b>FML4+4<\/b><\/div><\/td>\n<\/tr>\n<tr>\n<td data-mtr-content=\"Modello\" class=\"mtr-td-tag\"><div class=\"mtr-cell-content\"><b>Strom<\/b><\/div><\/td>\n<td align=\"left\" data-mtr-content=\"FML4\" class=\"mtr-td-tag\"><div class=\"mtr-cell-content\">6 kW<\/div><\/td>\n<td align=\"left\" data-mtr-content=\"FML4+4\" class=\"mtr-td-tag\"><div class=\"mtr-cell-content\">12 kW<\/div><\/td>\n<\/tr>\n<tr>\n<td data-mtr-content=\"Modello\" class=\"mtr-td-tag\"><div class=\"mtr-cell-content\"><strong>Stromversorgung<\/strong><\/div><\/td>\n<td align=\"left\" data-mtr-content=\"FML4\" class=\"mtr-td-tag\"><div class=\"mtr-cell-content\">230V\/1N\/50-60Hz\n<p>230-400V\/3-3N\/50-60Hz<\/p><\/div><\/td>\n<td align=\"left\" data-mtr-content=\"FML4+4\" class=\"mtr-td-tag\"><div class=\"mtr-cell-content\">230V\/1N\/50-60Hz\n<p>230-400V\/3-3N\/50-60Hz<\/p><\/div><\/td>\n<\/tr>\n<tr>\n<td data-mtr-content=\"Modello\" class=\"mtr-td-tag\"><div class=\"mtr-cell-content\"><b>Absorption<\/b><\/div><\/td>\n<td align=\"left\" data-mtr-content=\"FML4\" class=\"mtr-td-tag\"><div class=\"mtr-cell-content\">27A - 9A (230V\/1N) (400V\/3N)<\/div><\/td>\n<td align=\"left\" data-mtr-content=\"FML4+4\" class=\"mtr-td-tag\"><div class=\"mtr-cell-content\">54A - 18A (230V\/1N) (400V\/3N)<\/div><\/td>\n<\/tr>\n<tr>\n<td data-mtr-content=\"Modello\" class=\"mtr-td-tag\"><div class=\"mtr-cell-content\"><strong>Arbeitstemperatur<\/strong><\/div><\/td>\n<td align=\"left\" data-mtr-content=\"FML4\" class=\"mtr-td-tag\"><div class=\"mtr-cell-content\">50 \u00f7 500 \u00b0C<\/div><\/td>\n<td align=\"left\" data-mtr-content=\"FML4+4\" class=\"mtr-td-tag\"><div class=\"mtr-cell-content\">50 \u00f7 500 \u00b0C<\/div><\/td>\n<\/tr>\n<tr>\n<td data-mtr-content=\"Modello\" class=\"mtr-td-tag\"><div class=\"mtr-cell-content\"><b>Abmessungen der Brennkammer<\/b><\/div><\/td>\n<td align=\"left\" data-mtr-content=\"FML4\" class=\"mtr-td-tag\"><div class=\"mtr-cell-content\">720x720x140h (mm)<\/div><\/td>\n<td align=\"left\" data-mtr-content=\"FML4+4\" class=\"mtr-td-tag\"><div class=\"mtr-cell-content\">720x720x140h (mm) x2<\/div><\/td>\n<\/tr>\n<tr>\n<td data-mtr-content=\"Modello\" class=\"mtr-td-tag\"><div class=\"mtr-cell-content\"><strong>Abmessungen<\/strong><\/div><\/td>\n<td align=\"left\" data-mtr-content=\"FML4\" class=\"mtr-td-tag\"><div class=\"mtr-cell-content\">1010x850x420h (mm)<\/div><\/td>\n<td align=\"left\" data-mtr-content=\"FML4+4\" class=\"mtr-td-tag\"><div class=\"mtr-cell-content\">1010x850x750h (mm)<\/div><\/td>\n<\/tr>\n<tr>\n<td data-mtr-content=\"Modello\" class=\"mtr-td-tag\"><div class=\"mtr-cell-content\"><strong>Nettogewicht <\/strong><\/div><\/td>\n<td align=\"left\" data-mtr-content=\"FML4\" class=\"mtr-td-tag\"><div class=\"mtr-cell-content\">86 kg<\/div><\/td>\n<td align=\"left\" data-mtr-content=\"FML4+4\" class=\"mtr-td-tag\"><div class=\"mtr-cell-content\">146 kg<\/div><\/td>\n<\/tr>\n<tr>\n<td data-mtr-content=\"Modello\" class=\"mtr-td-tag\"><div class=\"mtr-cell-content\"><strong>Bruttogewicht<\/strong><\/div><\/td>\n<td align=\"left\" data-mtr-content=\"FML4\" class=\"mtr-td-tag\"><div class=\"mtr-cell-content\">108 m\u00b3<\/div><\/td>\n<td align=\"left\" data-mtr-content=\"FML4+4\" class=\"mtr-td-tag\"><div class=\"mtr-cell-content\">173 m\u00b3<\/div><\/td>\n<\/tr>\n<tr>\n<td data-mtr-content=\"Modello\" class=\"mtr-td-tag\"><div class=\"mtr-cell-content\"><strong>Abmessungen der Verpackung<\/strong><\/div><\/td>\n<td align=\"left\" data-mtr-content=\"FML4\" class=\"mtr-td-tag\"><div class=\"mtr-cell-content\">1090x1040x570h (mm)<\/div><\/td>\n<td align=\"left\" data-mtr-content=\"FML4+4\" class=\"mtr-td-tag\"><div class=\"mtr-cell-content\">1090x1040x920h (mm)<\/div><\/td>\n<\/tr>\n<tr>\n<td data-mtr-content=\"Modello\" class=\"mtr-td-tag\"><div class=\"mtr-cell-content\"><strong>Verpackungsvolumen<\/strong><\/div><\/td>\n<td align=\"left\" data-mtr-content=\"FML4\" class=\"mtr-td-tag\"><div class=\"mtr-cell-content\">0,657 m\u00b3<\/div><\/td>\n<td align=\"left\" data-mtr-content=\"FML4+4\" class=\"mtr-td-tag\"><div class=\"mtr-cell-content\">1,032 m\u00b3<\/div><\/td>\n<\/tr>\n<tr>\n<td data-mtr-content=\"Modello\" class=\"mtr-td-tag\"><div class=\"mtr-cell-content\"><strong>Abmessungen der Staffelei<\/strong><\/div><\/td>\n<td data-mtr-content=\"FML4\" class=\"mtr-td-tag\"><div class=\"mtr-cell-content\">1010 x 850 x 980(h) mm<\/div><\/td>\n<td data-mtr-content=\"FML4+4\" class=\"mtr-td-tag\"><div class=\"mtr-cell-content\">1010 x 850 x 850(h) mm<\/div><\/td>\n<\/tr>\n<tr>\n<td data-mtr-content=\"Modello\" class=\"mtr-td-tag\"><div class=\"mtr-cell-content\"><strong>Abmessungen der Haube<\/strong><\/div><\/td>\n<td data-mtr-content=\"FML4\" class=\"mtr-td-tag\"><div class=\"mtr-cell-content\">1010 x 1085 x 240 (h) mm<\/div><\/td>\n<td data-mtr-content=\"FML4+4\" class=\"mtr-td-tag\"><div class=\"mtr-cell-content\">1010 x 1085 x 240 (h) mm<\/div><\/td>\n<\/tr>\n<\/tbody>\n<\/table>\n<p style=\"text-align: center;\"><iframe loading=\"lazy\" src=\"https:\/\/www.youtube.com\/embed\/P88wiSm6n_Y\" width=\"560\" height=\"315\" frameborder=\"0\" allowfullscreen=\"allowfullscreen\"><\/iframe><\/p>","protected":false},"excerpt":{"rendered":"<p>Forno elettrico pizzeria acciaio inox 1 o 2 camere 72x72x14 cm Fimar FML4 e FML4+4 Forni elettrici professionali per la cottura di pizza, focacce, ecc. Rivestimento frontale inox o rustico. Piano di cottura refrattario. Isolamento termico mediante rivestimento in lana di roccia. Porte con vetro di ispezione in pirex. Pirometri. Illuminazione interna. 2 termostati per [&#8230;]","protected":false},"featured_media":121751,"comment_status":"closed","ping_status":"closed","template":"","meta":{"_monsterinsights_skip_tracking":false,"_monsterinsights_sitenote_active":false,"_monsterinsights_sitenote_note":"","_monsterinsights_sitenote_category":0},"product_brand":[628],"product_cat":[111,46,16,64,159,78,10,25],"product_tag":[],"class_list":{"0":"post-17859","1":"product","2":"type-product","3":"status-publish","4":"has-post-thumbnail","6":"product_brand-fimar","7":"product_cat-elettrici","8":"product_cat-attrezzature-per-pizzeria-attrezzi-pizzaiolo","9":"product_cat-forni","10":"product_cat-forni-attrezzature-bar","11":"product_cat-forni-ristorazione","12":"product_cat-forni-elettrici","13":"product_cat-attrezzature-bar","14":"product_cat-attrezzature-ristoranti-pub-cucine","15":"product_shipping_class-38","16":"pa_marca-fimar","18":"first","19":"instock","20":"sale","21":"taxable","22":"shipping-taxable","23":"purchasable","24":"product-type-variable"},"_links":{"self":[{"href":"https:\/\/www.creaearredanegozi.it\/de\/wp-json\/wp\/v2\/product\/17859","targetHints":{"allow":["GET"]}}],"collection":[{"href":"https:\/\/www.creaearredanegozi.it\/de\/wp-json\/wp\/v2\/product"}],"about":[{"href":"https:\/\/www.creaearredanegozi.it\/de\/wp-json\/wp\/v2\/types\/product"}],"replies":[{"embeddable":true,"href":"https:\/\/www.creaearredanegozi.it\/de\/wp-json\/wp\/v2\/comments?post=17859"}],"wp:featuredmedia":[{"embeddable":true,"href":"https:\/\/www.creaearredanegozi.it\/de\/wp-json\/wp\/v2\/media\/121751"}],"wp:attachment":[{"href":"https:\/\/www.creaearredanegozi.it\/de\/wp-json\/wp\/v2\/media?parent=17859"}],"wp:term":[{"taxonomy":"product_brand","embeddable":true,"href":"https:\/\/www.creaearredanegozi.it\/de\/wp-json\/wp\/v2\/product_brand?post=17859"},{"taxonomy":"product_cat","embeddable":true,"href":"https:\/\/www.creaearredanegozi.it\/de\/wp-json\/wp\/v2\/product_cat?post=17859"},{"taxonomy":"product_tag","embeddable":true,"href":"https:\/\/www.creaearredanegozi.it\/de\/wp-json\/wp\/v2\/product_tag?post=17859"}],"curies":[{"name":"wp","href":"https:\/\/api.w.org\/{rel}","templated":true}]}}