{"id":17896,"date":"2018-12-18T10:27:53","date_gmt":"2018-12-18T09:27:53","guid":{"rendered":"https:\/\/www.creaearredanegozi.it\/?post_type=product&#038;p=17896"},"modified":"2023-12-12T10:02:11","modified_gmt":"2023-12-12T09:02:11","slug":"professioneller-gasofen-fur-pizzeria-digital-edelstahl-1-kammer-62x62x155cm-fgi4-fimar","status":"publish","type":"product","link":"https:\/\/www.creaearredanegozi.it\/de\/professioneller-gasofen-fur-pizzeria-digital-edelstahl-1-kammer-62x62x155cm-fgi4-fimar\/","title":{"rendered":"Professionelle Gas-Ofen f\u00fcr Pizzeria Digital Edelstahl 1 Kammer 62x62x15,5cm FGI4 Fimar"},"content":{"rendered":"<h3>Gasofen Pizzeria digital Edelstahl 1 Kammer 62x62x15,5 cm Fimar FGI4<\/h3>\n<p>FGI4 GAS PIZZAOFEN<br \/>\nZubeh\u00f6r: winddichte Verbindung zur Verbesserung der Verbrennung - \u00dcberlappungsverbindung 2 \u00d6fen.<\/p>\n<div class=\"row thumbnails\">\n<div class=\"col-md-3\">Professionelle Gas\u00f6fen zum Backen von Pizza, Focaccia usw.<\/div>\n<ul>\n<li class=\"col-md-3\">Frontverkleidung aus rostfreiem Stahl.<\/li>\n<li class=\"col-md-3\">Feuerfestes Kochfeld.<\/li>\n<li class=\"col-md-3\">W\u00e4rmed\u00e4mmung durch Verkleidung mit Steinwolle.<\/li>\n<li class=\"col-md-3\">T\u00fcren mit Pyrex-Schauglas.<\/li>\n<li>Piezo-Z\u00fcndung.<\/li>\n<li>CNG-betrieben, LPG-Bausatz enthalten.<\/li>\n<li class=\"col-md-3\">Innenbeleuchtung.<\/li>\n<li class=\"col-md-3\">Digitaler Thermostat.<\/li>\n<li>Gasanschluss 3\/4\u2033G<\/li>\n<li>Es ist m\u00f6glich, 2 Back\u00f6fen \u00fcbereinander zu stapeln.<\/li>\n<\/ul>\n<\/div>\n<p>Zubeh\u00f6r:<\/p>\n<ul>\n<li>Winddichte Verbindung f\u00fcr bessere Verbrennung<\/li>\n<li>\u00fcberlappende Verbindung 2 \u00d6fen.<\/li>\n<li>Staffelei (1000 x 840 x 1000(h) mm).<\/li>\n<\/ul>\n<p><strong>Technische Daten:<\/strong><\/p>\n<table class=\"table table-striped\" style=\"width: 42.1438%; height: 365px;\">\n<tbody>\n<tr style=\"height: 50px;\">\n<td style=\"height: 50px;\">\n<p class=\"dati_tecnici_label_1\"><strong>Modell<\/strong><\/p>\n<\/td>\n<td style=\"height: 50px;\"><b>FGI4<\/b><\/td>\n<\/tr>\n<tr style=\"height: 21px;\">\n<td style=\"height: 21px;\"><b>Strom<\/b><\/td>\n<td style=\"height: 21px;\" align=\"left\">13,9 kW<\/td>\n<\/tr>\n<tr style=\"height: 21px;\">\n<td style=\"height: 21px;\"><strong>Stromversorgung<\/strong><\/td>\n<td style=\"height: 21px;\" align=\"left\">230V\/1N\/50-60Hz<\/td>\n<\/tr>\n<tr style=\"height: 21px;\">\n<td style=\"height: 21px;\"><strong>Arbeitstemperatur<\/strong><\/td>\n<td style=\"height: 21px;\" align=\"left\">50 \u00f7 450 \u00b0C<\/td>\n<\/tr>\n<tr style=\"height: 21px;\">\n<td style=\"height: 21px;\"><b>Abmessungen der Brennkammer<\/b><\/td>\n<td style=\"height: 21px;\" align=\"left\">620x620x155h (mm)<\/td>\n<\/tr>\n<tr style=\"height: 21px;\">\n<td style=\"height: 21px;\"><strong>Abmessungen<\/strong><\/td>\n<td style=\"height: 21px;\" align=\"left\">1000x840x470h (mm)<\/td>\n<\/tr>\n<tr style=\"height: 21px;\">\n<td style=\"height: 21px;\"><strong>Nettogewicht <\/strong><\/td>\n<td style=\"height: 21px;\" align=\"left\">115 kg<\/td>\n<\/tr>\n<tr style=\"height: 21px;\">\n<td style=\"height: 21px;\"><strong>Bruttogewicht<\/strong><\/td>\n<td style=\"height: 21px;\" align=\"left\">131 m\u00b3<\/td>\n<\/tr>\n<tr style=\"height: 21px;\">\n<td style=\"height: 21px;\"><strong>Abmessungen der Verpackung<\/strong><\/td>\n<td style=\"height: 21px;\" align=\"left\">1090x1040x640h (mm)<\/td>\n<\/tr>\n<tr style=\"height: 21px;\">\n<td style=\"height: 21px;\"><strong>Verpackungsvolumen<\/strong><\/td>\n<td style=\"height: 21px;\" align=\"left\">0,73 m\u00b3<\/td>\n<\/tr>\n<tr style=\"height: 21px;\">\n<td style=\"height: 21px;\"><strong>Kalorien<\/strong><\/td>\n<td style=\"height: 21px;\" align=\"left\">11.954 kcal\/h - 47.437 BTU\/h<\/td>\n<\/tr>\n<tr style=\"height: 21px;\">\n<td style=\"height: 21px;\"><strong>Methanverbrauch<\/strong><\/td>\n<td style=\"height: 21px;\" align=\"left\">G20 = 1.470 m\u00b3\/h - G25 = 1.710 m\u00b3\/h<\/td>\n<\/tr>\n<tr style=\"height: 21px;\">\n<td style=\"height: 21px;\"><strong>LPG-Verbrauch<\/strong><\/td>\n<td style=\"height: 21px;\" align=\"left\">G30\/G31 = 1,087 kg\/h<\/td>\n<\/tr>\n<tr style=\"height: 21px;\">\n<td style=\"height: 21px;\"><strong>Gasanschluss<\/strong><\/td>\n<td style=\"height: 21px;\" align=\"left\">3\/4\" G<\/td>\n<\/tr>\n<tr style=\"height: 21px;\">\n<td style=\"height: 21px;\"><strong>Brenner<\/strong><\/td>\n<td style=\"height: 21px;\" align=\"left\">N\u00b0 4<\/td>\n<\/tr>\n<\/tbody>\n<\/table>","protected":false},"excerpt":{"rendered":"<p>Forno a gas pizzeria digitale acciaio inox 1 camera 62x62x15,5 cm Fimar FGI4 FORNO PIZZA GAS FGI4 Accessori: Raccordo antivento per migliorare la combustione \u2013 raccordo sovrapposizione 2 forni. Forni a gas professionali per la cottura di pizza, focacce, ecc. Rivestimento frontale inox. Piano di cottura refrattario. Isolamento termico mediante rivestimento in lana di roccia. [&#8230;]","protected":false},"featured_media":121853,"comment_status":"closed","ping_status":"closed","template":"","meta":{"_monsterinsights_skip_tracking":false,"_monsterinsights_sitenote_active":false,"_monsterinsights_sitenote_note":"","_monsterinsights_sitenote_category":0},"product_brand":[628],"product_cat":[110,46,9,16,64,83,159,10,25],"product_tag":[],"class_list":{"0":"post-17896","1":"product","2":"type-product","3":"status-publish","4":"has-post-thumbnail","6":"product_brand-fimar","7":"product_cat-a-gas-forni","8":"product_cat-attrezzature-per-pizzeria-attrezzi-pizzaiolo","9":"product_cat-attrezzature-pub","10":"product_cat-forni","11":"product_cat-forni-attrezzature-bar","12":"product_cat-forni-attrezzature-pub","13":"product_cat-forni-ristorazione","14":"product_cat-attrezzature-bar","15":"product_cat-attrezzature-ristoranti-pub-cucine","16":"product_shipping_class-c","17":"pa_marca-fimar","19":"first","20":"instock","21":"taxable","22":"shipping-taxable","23":"purchasable","24":"product-type-simple"},"_links":{"self":[{"href":"https:\/\/www.creaearredanegozi.it\/de\/wp-json\/wp\/v2\/product\/17896","targetHints":{"allow":["GET"]}}],"collection":[{"href":"https:\/\/www.creaearredanegozi.it\/de\/wp-json\/wp\/v2\/product"}],"about":[{"href":"https:\/\/www.creaearredanegozi.it\/de\/wp-json\/wp\/v2\/types\/product"}],"replies":[{"embeddable":true,"href":"https:\/\/www.creaearredanegozi.it\/de\/wp-json\/wp\/v2\/comments?post=17896"}],"wp:featuredmedia":[{"embeddable":true,"href":"https:\/\/www.creaearredanegozi.it\/de\/wp-json\/wp\/v2\/media\/121853"}],"wp:attachment":[{"href":"https:\/\/www.creaearredanegozi.it\/de\/wp-json\/wp\/v2\/media?parent=17896"}],"wp:term":[{"taxonomy":"product_brand","embeddable":true,"href":"https:\/\/www.creaearredanegozi.it\/de\/wp-json\/wp\/v2\/product_brand?post=17896"},{"taxonomy":"product_cat","embeddable":true,"href":"https:\/\/www.creaearredanegozi.it\/de\/wp-json\/wp\/v2\/product_cat?post=17896"},{"taxonomy":"product_tag","embeddable":true,"href":"https:\/\/www.creaearredanegozi.it\/de\/wp-json\/wp\/v2\/product_tag?post=17896"}],"curies":[{"name":"wp","href":"https:\/\/api.w.org\/{rel}","templated":true}]}}