{"id":17939,"date":"2018-12-19T10:09:05","date_gmt":"2018-12-19T09:09:05","guid":{"rendered":"https:\/\/www.creaearredanegozi.it\/?post_type=product&#038;p=17939"},"modified":"2024-11-20T13:40:09","modified_gmt":"2024-11-20T12:40:09","slug":"schrank-fur-pizzaofen-mit-heizung-137x855x98-85-cm-fimar-cl-fmlw-fmdw-6-66","status":"publish","type":"product","link":"https:\/\/www.creaearredanegozi.it\/de\/schrank-fur-pizzaofen-mit-heizung-137x855x98-85-cm-fimar-cl-fmlw-fmdw-6-66\/","title":{"rendered":"G\u00e4rzelle f\u00fcr Pizza-Ofen mit Heizung 137\u00d785,5\u00d798\/85 cm Fimar CL FMLW-FMDW 6 \/ 6+6"},"content":{"rendered":"<h3>Professionelle G\u00e4rzelle 137\u00d785,5\u00d798\/85 cm Fimar CL FMLW-FMDW 6 \/ 6+6<\/h3>\n<div class=\"row thumbnails\">\n<div class=\"col-md-3\">Sauerteigzellen f\u00fcr Pizza\u00f6fen aus schwarz lackiertem Blech, komplett mit Heizung.<\/div>\n<div class=\"col-md-3\">Als Alternative zu den B\u00f6cken k\u00f6nnen sie als Ofenst\u00e4nder verwendet werden.<\/div>\n<div><\/div>\n<div><strong>Optional:<\/strong><\/div>\n<ul>\n<li>Tablett-Halter 60\u00d740 cm.<\/li>\n<li>Zellenrad-Bausatz.<\/li>\n<li>Teigkasten 60 x 40 x 7,5(h) cm<\/li>\n<li>Teigkasten. 60 x 40 x 9(h) cm<\/li>\n<li>Deckel f\u00fcr Teigkasten.60 x 40 cm.<\/li>\n<\/ul>\n<\/div>\n<p><strong>Technische Daten:<\/strong><\/p>\n<table class=\"table table-striped mtr-table mtr-tr-td\">\n<tbody>\n<tr>\n<td data-mtr-content=\"Modello\" class=\"mtr-td-tag\"><div class=\"mtr-cell-content\">\n<p class=\"dati_tecnici_label_1\"><strong>Modell<\/strong><\/p>\n<\/div><\/td>\n<td data-mtr-content=\"CL FMLW \u2013 FMDW 6\" class=\"mtr-td-tag\"><div class=\"mtr-cell-content\"><strong>CL FMLW - FMDW 6<\/strong><\/div><\/td>\n<td data-mtr-content=\"CL FMLW \u2013 FMDW 6+6\" class=\"mtr-td-tag\"><div class=\"mtr-cell-content\"><strong>CL FMLW - FMDW 6+6<\/strong><\/div><\/td>\n<\/tr>\n<tr>\n<td data-mtr-content=\"Modello\" class=\"mtr-td-tag\"><div class=\"mtr-cell-content\"><b>Abmessungen<\/b><\/div><\/td>\n<td align=\"left\" data-mtr-content=\"CL FMLW \u2013 FMDW 6\" class=\"mtr-td-tag\"><div class=\"mtr-cell-content\">1370x855x980h (mm)<\/div><\/td>\n<td align=\"left\" data-mtr-content=\"CL FMLW \u2013 FMDW 6+6\" class=\"mtr-td-tag\"><div class=\"mtr-cell-content\">1370x855x850h (mm)<\/div><\/td>\n<\/tr>\n<tr>\n<td data-mtr-content=\"Modello\" class=\"mtr-td-tag\"><div class=\"mtr-cell-content\"><strong>Nettogewicht <\/strong><\/div><\/td>\n<td align=\"left\" data-mtr-content=\"CL FMLW \u2013 FMDW 6\" class=\"mtr-td-tag\"><div class=\"mtr-cell-content\">84 Kg* \/ 89 Kg**<\/div><\/td>\n<td align=\"left\" data-mtr-content=\"CL FMLW \u2013 FMDW 6+6\" class=\"mtr-td-tag\"><div class=\"mtr-cell-content\">78 Kg* \/ 81 Kg**<\/div><\/td>\n<\/tr>\n<tr>\n<td data-mtr-content=\"Modello\" class=\"mtr-td-tag\"><div class=\"mtr-cell-content\"><strong>Bruttogewicht<\/strong><\/div><\/td>\n<td align=\"left\" data-mtr-content=\"CL FMLW \u2013 FMDW 6\" class=\"mtr-td-tag\"><div class=\"mtr-cell-content\">102 Kg* \/ 107 Kg**<\/div><\/td>\n<td align=\"left\" data-mtr-content=\"CL FMLW \u2013 FMDW 6+6\" class=\"mtr-td-tag\"><div class=\"mtr-cell-content\">95 Kg* \/ 98 Kg**<\/div><\/td>\n<\/tr>\n<tr>\n<td data-mtr-content=\"Modello\" class=\"mtr-td-tag\"><div class=\"mtr-cell-content\"><b>Verpackung Abmessungen<\/b><\/div><\/td>\n<td align=\"left\" data-mtr-content=\"CL FMLW \u2013 FMDW 6\" class=\"mtr-td-tag\"><div class=\"mtr-cell-content\">1400x1090x1130h (mm)<\/div><\/td>\n<td align=\"left\" data-mtr-content=\"CL FMLW \u2013 FMDW 6+6\" class=\"mtr-td-tag\"><div class=\"mtr-cell-content\">1400x1090x980h (mm)<\/div><\/td>\n<\/tr>\n<tr>\n<td data-mtr-content=\"Modello\" class=\"mtr-td-tag\"><div class=\"mtr-cell-content\"><strong>Verpackungsvolumen<\/strong><\/div><\/td>\n<td align=\"left\" data-mtr-content=\"CL FMLW \u2013 FMDW 6\" class=\"mtr-td-tag\"><div class=\"mtr-cell-content\">1,720 m\u00b3<\/div><\/td>\n<td align=\"left\" data-mtr-content=\"CL FMLW \u2013 FMDW 6+6\" class=\"mtr-td-tag\"><div class=\"mtr-cell-content\">1,500 m\u00b3<\/div><\/td>\n<\/tr>\n<tr>\n<td data-mtr-content=\"Modello\" class=\"mtr-td-tag\"><div class=\"mtr-cell-content\"><strong>Anzahl der Pfannen<\/strong><\/div><\/td>\n<td align=\"left\" data-mtr-content=\"CL FMLW \u2013 FMDW 6\" class=\"mtr-td-tag\"><div class=\"mtr-cell-content\">9* \/ 11**<\/div><\/td>\n<td align=\"left\" data-mtr-content=\"CL FMLW \u2013 FMDW 6+6\" class=\"mtr-td-tag\"><div class=\"mtr-cell-content\">7* \/ 9**<\/div><\/td>\n<\/tr>\n<tr>\n<td data-mtr-content=\"Modello\" class=\"mtr-td-tag\"><div class=\"mtr-cell-content\"><strong>Stromversorgung<\/strong><\/div><\/td>\n<td data-mtr-content=\"CL FMLW \u2013 FMDW 6\" class=\"mtr-td-tag\"><div class=\"mtr-cell-content\">230V\/1N\/50-60Hz<\/div><\/td>\n<td data-mtr-content=\"CL FMLW \u2013 FMDW 6+6\" class=\"mtr-td-tag\"><div class=\"mtr-cell-content\">230V\/1N\/50-60Hz<\/div><\/td>\n<\/tr>\n<tr>\n<td data-mtr-content=\"Modello\" class=\"mtr-td-tag\"><div class=\"mtr-cell-content\"><strong>Strom<\/strong><\/div><\/td>\n<td data-mtr-content=\"CL FMLW \u2013 FMDW 6\" class=\"mtr-td-tag\"><div class=\"mtr-cell-content\">1,1 kW<\/div><\/td>\n<td data-mtr-content=\"CL FMLW \u2013 FMDW 6+6\" class=\"mtr-td-tag\"><div class=\"mtr-cell-content\">1,1 kW<\/div><\/td>\n<\/tr>\n<tr>\n<td data-mtr-content=\"Modello\" class=\"mtr-td-tag\"><div class=\"mtr-cell-content\"><strong>Arbeitstemperatur<\/strong><\/div><\/td>\n<td data-mtr-content=\"CL FMLW \u2013 FMDW 6\" class=\"mtr-td-tag\"><div class=\"mtr-cell-content\">0\u00f790\u00b0C<\/div><\/td>\n<td data-mtr-content=\"CL FMLW \u2013 FMDW 6+6\" class=\"mtr-td-tag\"><div class=\"mtr-cell-content\">0\u00f790\u00b0C<\/div><\/td>\n<\/tr>\n<\/tbody>\n<\/table>\n<p><em>* Mit R\u00e4dern.<\/em><br \/>\n<em>** Ohne R\u00e4der.<\/em><\/p>","protected":false},"excerpt":{"rendered":"<p>Cella lievitazione Professionale 137&#215;85,5&#215;98\/85 cm Fimar CL FMLW-FMDW 6 \/ 6+6 Celle di lievitazione per forni pizza in lamiera verniciata di nero complete di riscaldatore. Utilizzabili come supporti per i forni in alternativa ai cavalletti. Optional: Porta Teglie 60&#215;40 cm. Kit ruote per cella. Cassetta porta impasto 60 x 40 x 7,5(h) cm Cassetta porta [&#8230;]","protected":false},"featured_media":121870,"comment_status":"closed","ping_status":"closed","template":"","meta":{"_monsterinsights_skip_tracking":false,"_monsterinsights_sitenote_active":false,"_monsterinsights_sitenote_note":"","_monsterinsights_sitenote_category":0},"product_brand":[628],"product_cat":[109,46,702,16],"product_tag":[],"class_list":{"0":"post-17939","1":"product","2":"type-product","3":"status-publish","4":"has-post-thumbnail","6":"product_brand-fimar","7":"product_cat-celle-di-lievitazione","8":"product_cat-attrezzature-per-pizzeria-attrezzi-pizzaiolo","9":"product_cat-celle-lievitazione","10":"product_cat-forni","11":"product_shipping_class-i","12":"pa_marca-fimar","14":"first","15":"instock","16":"sale","17":"taxable","18":"shipping-taxable","19":"purchasable","20":"product-type-variable"},"_links":{"self":[{"href":"https:\/\/www.creaearredanegozi.it\/de\/wp-json\/wp\/v2\/product\/17939","targetHints":{"allow":["GET"]}}],"collection":[{"href":"https:\/\/www.creaearredanegozi.it\/de\/wp-json\/wp\/v2\/product"}],"about":[{"href":"https:\/\/www.creaearredanegozi.it\/de\/wp-json\/wp\/v2\/types\/product"}],"replies":[{"embeddable":true,"href":"https:\/\/www.creaearredanegozi.it\/de\/wp-json\/wp\/v2\/comments?post=17939"}],"wp:featuredmedia":[{"embeddable":true,"href":"https:\/\/www.creaearredanegozi.it\/de\/wp-json\/wp\/v2\/media\/121870"}],"wp:attachment":[{"href":"https:\/\/www.creaearredanegozi.it\/de\/wp-json\/wp\/v2\/media?parent=17939"}],"wp:term":[{"taxonomy":"product_brand","embeddable":true,"href":"https:\/\/www.creaearredanegozi.it\/de\/wp-json\/wp\/v2\/product_brand?post=17939"},{"taxonomy":"product_cat","embeddable":true,"href":"https:\/\/www.creaearredanegozi.it\/de\/wp-json\/wp\/v2\/product_cat?post=17939"},{"taxonomy":"product_tag","embeddable":true,"href":"https:\/\/www.creaearredanegozi.it\/de\/wp-json\/wp\/v2\/product_tag?post=17939"}],"curies":[{"name":"wp","href":"https:\/\/api.w.org\/{rel}","templated":true}]}}