{"id":17948,"date":"2018-12-19T10:32:38","date_gmt":"2018-12-19T09:32:38","guid":{"rendered":"https:\/\/www.creaearredanegozi.it\/?post_type=product&#038;p=17948"},"modified":"2024-02-13T10:23:46","modified_gmt":"2024-02-13T09:23:46","slug":"treibende-zelle-fur-professionellen-pizzaofen-mit-heizung-100x1145x100cm-fimar-clfgi6","status":"publish","type":"product","link":"https:\/\/www.creaearredanegozi.it\/de\/treibende-zelle-fur-professionellen-pizzaofen-mit-heizung-100x1145x100cm-fimar-clfgi6\/","title":{"rendered":"G\u00e4rzelle f\u00fcr professionellen Pizzaofen mit Heizung 100\u00d7114,5x100cm Fimar CLFGI6"},"content":{"rendered":"<h3>Sauerteigfach 100\u00d7114,5\u00d7100 cm Fimar CLFGI6<\/h3>\n<div class=\"row thumbnails\">\n<div class=\"col-md-3\">G\u00e4rzellen f\u00fcr Gaspizza\u00f6fen aus schwarz lackiertem Blech einschlie\u00dflich Heizung.<\/div>\n<div class=\"col-md-3\">Als Alternative zu den B\u00f6cken k\u00f6nnen sie als Ofenst\u00e4nder verwendet werden.<\/div>\n<div><\/div>\n<div><strong>Optional:<\/strong><\/div>\n<ul>\n<li>Tablett-Halter 60\u00d740 cm.<\/li>\n<li>Zellenrad-Bausatz.<\/li>\n<li>Teigkasten 60 x 40 x 7,5(h) cm.<\/li>\n<li>Teigkasten. 60 x 40 x 9(h) cm.<\/li>\n<li>Deckel f\u00fcr Teigkasten.60 x 40 cm.<\/li>\n<\/ul>\n<\/div>\n<p><strong>Technische Daten:<\/strong><\/p>\n<table class=\"table table-striped\">\n<tbody>\n<tr>\n<td>\n<p class=\"dati_tecnici_label_1\"><strong>Modell<\/strong><\/p>\n<\/td>\n<td><strong>CLFGI6<\/strong><\/td>\n<\/tr>\n<tr>\n<td><b>Abmessungen<\/b><\/td>\n<td align=\"left\">1000x1145x1000h (mm)<\/td>\n<\/tr>\n<tr>\n<td><strong>Nettogewicht <\/strong><\/td>\n<td align=\"left\">79 Kg* \/ 83 Kg**<\/td>\n<\/tr>\n<tr>\n<td><strong>Bruttogewicht<\/strong><\/td>\n<td align=\"left\">96 Kg* \/ 100 Kg**<\/td>\n<\/tr>\n<tr>\n<td><b>Verpackung Abmessungen<\/b><\/td>\n<td align=\"left\">1340x1070x1130h (mm)<\/td>\n<\/tr>\n<tr>\n<td><strong>Verpackungsvolumen<\/strong><\/td>\n<td align=\"left\">1,620 m\u00b3<\/td>\n<\/tr>\n<tr>\n<td><strong>Anzahl der Pfannen<\/strong><\/td>\n<td align=\"left\">9* \/ 11**<\/td>\n<\/tr>\n<tr>\n<td><strong>Stromversorgung<\/strong><\/td>\n<td>230V\/1N\/50-60Hz<\/td>\n<\/tr>\n<tr>\n<td><strong>Strom<\/strong><\/td>\n<td>1,1 kW<\/td>\n<\/tr>\n<tr>\n<td><strong>Arbeitstemperatur<\/strong><\/td>\n<td>0\u00f790\u00b0C<\/td>\n<\/tr>\n<\/tbody>\n<\/table>\n<p><em>* Mit R\u00e4dern.<\/em><br \/>\n<em>** Ohne R\u00e4der.<\/em><\/p>","protected":false},"excerpt":{"rendered":"<p>Cella lievitazione 100&#215;114,5&#215;100 cm Fimar CLFGI6 Celle di lievitazione per forni pizza a gas in lamiera verniciata di nero comprese di riscaldatore. Utilizzabili come supporti per i forni in alternativa ai cavalletti. Optional: Porta Teglie 60&#215;40 cm. Kit ruote per cella. Cassetta porta impasto 60 x 40 x 7,5(h) cm. Cassetta porta impasto. 60 x [&#8230;]","protected":false},"featured_media":121870,"comment_status":"closed","ping_status":"closed","template":"","meta":{"_monsterinsights_skip_tracking":false,"_monsterinsights_sitenote_active":false,"_monsterinsights_sitenote_note":"","_monsterinsights_sitenote_category":0},"product_brand":[628],"product_cat":[109,46,702,16],"product_tag":[],"class_list":{"0":"post-17948","1":"product","2":"type-product","3":"status-publish","4":"has-post-thumbnail","6":"product_brand-fimar","7":"product_cat-celle-di-lievitazione","8":"product_cat-attrezzature-per-pizzeria-attrezzi-pizzaiolo","9":"product_cat-celle-lievitazione","10":"product_cat-forni","11":"product_shipping_class-n","12":"pa_marca-fimar","14":"first","15":"instock","16":"taxable","17":"shipping-taxable","18":"purchasable","19":"product-type-simple"},"_links":{"self":[{"href":"https:\/\/www.creaearredanegozi.it\/de\/wp-json\/wp\/v2\/product\/17948","targetHints":{"allow":["GET"]}}],"collection":[{"href":"https:\/\/www.creaearredanegozi.it\/de\/wp-json\/wp\/v2\/product"}],"about":[{"href":"https:\/\/www.creaearredanegozi.it\/de\/wp-json\/wp\/v2\/types\/product"}],"replies":[{"embeddable":true,"href":"https:\/\/www.creaearredanegozi.it\/de\/wp-json\/wp\/v2\/comments?post=17948"}],"wp:featuredmedia":[{"embeddable":true,"href":"https:\/\/www.creaearredanegozi.it\/de\/wp-json\/wp\/v2\/media\/121870"}],"wp:attachment":[{"href":"https:\/\/www.creaearredanegozi.it\/de\/wp-json\/wp\/v2\/media?parent=17948"}],"wp:term":[{"taxonomy":"product_brand","embeddable":true,"href":"https:\/\/www.creaearredanegozi.it\/de\/wp-json\/wp\/v2\/product_brand?post=17948"},{"taxonomy":"product_cat","embeddable":true,"href":"https:\/\/www.creaearredanegozi.it\/de\/wp-json\/wp\/v2\/product_cat?post=17948"},{"taxonomy":"product_tag","embeddable":true,"href":"https:\/\/www.creaearredanegozi.it\/de\/wp-json\/wp\/v2\/product_tag?post=17948"}],"curies":[{"name":"wp","href":"https:\/\/api.w.org\/{rel}","templated":true}]}}