{"id":17958,"date":"2018-12-19T12:14:39","date_gmt":"2018-12-19T11:14:39","guid":{"rendered":"https:\/\/www.creaearredanegozi.it\/?post_type=product&#038;p=17958"},"modified":"2023-11-24T10:47:45","modified_gmt":"2023-11-24T09:47:45","slug":"professionelle-abzugshaube-fur-pizzeria-ofen-115x1255x24-fimar-fme-9-99","status":"publish","type":"product","link":"https:\/\/www.creaearredanegozi.it\/de\/professionelle-abzugshaube-fur-pizzeria-ofen-115x1255x24-fimar-fme-9-99\/","title":{"rendered":"Professionelle Dunstabzugshaube f\u00fcr Pizza\u00f6fen 115\u00d7125,5\u00d724 Fimar FME 9\/9+9"},"content":{"rendered":"<h3>Dunstabzugshaube f\u00fcr Pizza\u00f6fen 115\u00d7125,5\u00d725 Fimar FME 9\/9+9<\/h3>\n<p><strong>ASPIRATISCHE PIZZA-\u00d6ffnungen CAPPAFME9 und CAPPAFME9+9<\/strong><br \/>\nDie Dunstabzugshauben sind einfach zu installieren und verf\u00fcgen \u00fcber einen Motor mit drei Absauggeschwindigkeiten.<\/p>\n<p>Dank des Filterzubeh\u00f6rs mit Aktivkohle (optional) kann er auch ohne Anschluss an den Schornstein verwendet werden.<\/p>\n<p style=\"text-align: center;\">FEATURES<\/p>\n<div class=\"row thumbnails\">\n<ul>\n<li class=\"col-md-3\">Einfache Installation.<\/li>\n<li class=\"col-md-3\">Motor mit 3 Sauggeschwindigkeiten.<\/li>\n<li class=\"col-md-3\">Motorleistung 310W.<\/li>\n<li>Stromversorgung 230V\/1N\/50Hz einphasig.<\/li>\n<li class=\"col-md-3\">Gewicht 30 kg.<\/li>\n<li>Abmessungen 115\u00d7125,5x24h cm<\/li>\n<\/ul>\n<div><\/div>\n<div><strong>Optional:<\/strong><\/div>\n<ul>\n<li>Filter mit Aktivkohle.<\/li>\n<\/ul>\n<\/div>","protected":false},"excerpt":{"rendered":"<p>Cappa aspirante per forni pizzeria 115&#215;125,5&#215;25 Fimar FME 9\/9+9 CAPPA ASPIRANTE FORNI PIZZA CAPPAFME9 e CAPPAFME9+9 Le cappe aspiranti sono di facile installazione, prevedono una motorizzazione con tre velocit\u00e0 di aspirazione. Grazie all\u2019accessorio filtro con carbone attivo (optional) \u00e8 possibile utilizzarla anche senza collegarla alla canna fumaria. CARATTERISTICHE Facile installazione. Motore con 3 velocit\u00e0 di [&#8230;]","protected":false},"featured_media":17957,"comment_status":"closed","ping_status":"closed","template":"","meta":{"_monsterinsights_skip_tracking":false,"_monsterinsights_sitenote_active":false,"_monsterinsights_sitenote_note":"","_monsterinsights_sitenote_category":0},"product_brand":[628],"product_cat":[108,46,702,16],"product_tag":[],"class_list":{"0":"post-17958","1":"product","2":"type-product","3":"status-publish","4":"has-post-thumbnail","6":"product_brand-fimar","7":"product_cat-cappe","8":"product_cat-attrezzature-per-pizzeria-attrezzi-pizzaiolo","9":"product_cat-celle-lievitazione","10":"product_cat-forni","11":"product_shipping_class-681","12":"pa_marca-fimar","14":"first","15":"instock","16":"taxable","17":"shipping-taxable","18":"purchasable","19":"product-type-simple"},"_links":{"self":[{"href":"https:\/\/www.creaearredanegozi.it\/de\/wp-json\/wp\/v2\/product\/17958","targetHints":{"allow":["GET"]}}],"collection":[{"href":"https:\/\/www.creaearredanegozi.it\/de\/wp-json\/wp\/v2\/product"}],"about":[{"href":"https:\/\/www.creaearredanegozi.it\/de\/wp-json\/wp\/v2\/types\/product"}],"replies":[{"embeddable":true,"href":"https:\/\/www.creaearredanegozi.it\/de\/wp-json\/wp\/v2\/comments?post=17958"}],"wp:featuredmedia":[{"embeddable":true,"href":"https:\/\/www.creaearredanegozi.it\/de\/wp-json\/wp\/v2\/media\/17957"}],"wp:attachment":[{"href":"https:\/\/www.creaearredanegozi.it\/de\/wp-json\/wp\/v2\/media?parent=17958"}],"wp:term":[{"taxonomy":"product_brand","embeddable":true,"href":"https:\/\/www.creaearredanegozi.it\/de\/wp-json\/wp\/v2\/product_brand?post=17958"},{"taxonomy":"product_cat","embeddable":true,"href":"https:\/\/www.creaearredanegozi.it\/de\/wp-json\/wp\/v2\/product_cat?post=17958"},{"taxonomy":"product_tag","embeddable":true,"href":"https:\/\/www.creaearredanegozi.it\/de\/wp-json\/wp\/v2\/product_tag?post=17958"}],"curies":[{"name":"wp","href":"https:\/\/api.w.org\/{rel}","templated":true}]}}