{"id":17960,"date":"2018-12-19T12:24:01","date_gmt":"2018-12-19T11:24:01","guid":{"rendered":"https:\/\/www.creaearredanegozi.it\/?post_type=product&#038;p=17960"},"modified":"2023-11-24T10:46:36","modified_gmt":"2023-11-24T09:46:36","slug":"cappa-aspirante-professionale-per-forni-pizzeria-101x1445x24-cm-fimar-fml-fyl-fmd-6-66","status":"publish","type":"product","link":"https:\/\/www.creaearredanegozi.it\/de\/cappa-aspirante-professionale-per-forni-pizzeria-101x1445x24-cm-fimar-fml-fyl-fmd-6-66\/","title":{"rendered":"Professionelle Dunstabzugshaube f\u00fcr Pizza\u00f6fen 101\u00d7144,5\u00d724 cm Fimar FML-FYL-FMD 6\/6+6"},"content":{"rendered":"<h3>Cappa aspirante per forni pizzeria 101&#215;144,5&#215;24 cm Fimar FML-FYL-FMD 6\/6+6<\/h3>\n<p class=\"product_title entry-title\">CAPPA ASPIRANTE FORNO PIZZA CAPPAFMD6\/+6 CAPPAFML6\/+6 CAPPAFYL6\/+6<\/p>\n<div class=\"woocommerce-product-details__short-description\">\n<p>Die Dunstabzugshauben sind einfach zu installieren und verf\u00fcgen \u00fcber einen Motor mit drei Absauggeschwindigkeiten.<\/p>\n<p>Dank des Filterzubeh\u00f6rs mit Aktivkohle (optional) kann er auch ohne Anschluss an den Schornstein verwendet werden.<\/p>\n<p style=\"text-align: center;\">FEATURES<\/p>\n<\/div>\n<div class=\"row thumbnails\">\n<div class=\"col-md-3\">Einfache Installation.<br \/>\nMotor mit 3 Sauggeschwindigkeiten.<br \/>\nMotorleistung 310W einphasig.<br \/>\nGewicht 30 kg.<\/div>\n<div>101&#215;144,5x24h cm<\/div>\n<div><\/div>\n<div><strong>Optional:<\/strong><\/div>\n<ul>\n<li>Filter mit Aktivkohle.<\/li>\n<\/ul>\n<\/div>","protected":false},"excerpt":{"rendered":"<p>Cappa aspirante per forni pizzeria 101&#215;144,5&#215;24 cm Fimar FML-FYL-FMD 6\/6+6 CAPPA ASPIRANTE FORNO PIZZA CAPPAFMD6\/+6 CAPPAFML6\/+6 CAPPAFYL6\/+6 Le cappe aspiranti sono di facile installazione, prevedono una motorizzazione con tre velocit\u00e0 di aspirazione. Grazie all\u2019accessorio filtro con carbone attivo (optional) \u00e8 possibile utilizzarla anche senza collegarla alla canna fumaria. CARATTERISTICHE Facile installazione. Motore con 3 velocit\u00e0 [&#8230;]","protected":false},"featured_media":17957,"comment_status":"closed","ping_status":"closed","template":"","meta":{"_monsterinsights_skip_tracking":false,"_monsterinsights_sitenote_active":false,"_monsterinsights_sitenote_note":"","_monsterinsights_sitenote_category":0},"product_brand":[628],"product_cat":[108,16],"product_tag":[],"class_list":{"0":"post-17960","1":"product","2":"type-product","3":"status-publish","4":"has-post-thumbnail","6":"product_brand-fimar","7":"product_cat-cappe","8":"product_cat-forni","9":"product_shipping_class-681","10":"pa_marca-fimar","12":"first","13":"instock","14":"taxable","15":"shipping-taxable","16":"purchasable","17":"product-type-simple"},"_links":{"self":[{"href":"https:\/\/www.creaearredanegozi.it\/de\/wp-json\/wp\/v2\/product\/17960","targetHints":{"allow":["GET"]}}],"collection":[{"href":"https:\/\/www.creaearredanegozi.it\/de\/wp-json\/wp\/v2\/product"}],"about":[{"href":"https:\/\/www.creaearredanegozi.it\/de\/wp-json\/wp\/v2\/types\/product"}],"replies":[{"embeddable":true,"href":"https:\/\/www.creaearredanegozi.it\/de\/wp-json\/wp\/v2\/comments?post=17960"}],"wp:featuredmedia":[{"embeddable":true,"href":"https:\/\/www.creaearredanegozi.it\/de\/wp-json\/wp\/v2\/media\/17957"}],"wp:attachment":[{"href":"https:\/\/www.creaearredanegozi.it\/de\/wp-json\/wp\/v2\/media?parent=17960"}],"wp:term":[{"taxonomy":"product_brand","embeddable":true,"href":"https:\/\/www.creaearredanegozi.it\/de\/wp-json\/wp\/v2\/product_brand?post=17960"},{"taxonomy":"product_cat","embeddable":true,"href":"https:\/\/www.creaearredanegozi.it\/de\/wp-json\/wp\/v2\/product_cat?post=17960"},{"taxonomy":"product_tag","embeddable":true,"href":"https:\/\/www.creaearredanegozi.it\/de\/wp-json\/wp\/v2\/product_tag?post=17960"}],"curies":[{"name":"wp","href":"https:\/\/api.w.org\/{rel}","templated":true}]}}