{"id":17961,"date":"2018-12-19T12:32:31","date_gmt":"2018-12-19T11:32:31","guid":{"rendered":"https:\/\/www.creaearredanegozi.it\/?post_type=product&#038;p=17961"},"modified":"2026-04-14T11:28:08","modified_gmt":"2026-04-14T09:28:08","slug":"cappa-aspirante-professionale-per-forni-pizzeria-137x1085x24-cm-fimar-fmlw-fmdw-6-66","status":"publish","type":"product","link":"https:\/\/www.creaearredanegozi.it\/de\/cappa-aspirante-professionale-per-forni-pizzeria-137x1085x24-cm-fimar-fmlw-fmdw-6-66\/","title":{"rendered":"Professionelle Dunstabzugshaube f\u00fcr Pizza\u00f6fen 137\u00d7108,5\u00d724 cm Fimar FMLW-FMDW 6\/6+6"},"content":{"rendered":"<p><strong>Cappa aspirante per forni pizzeria 137&#215;108,5&#215;24 cm Fimar FMLW-FMDW 6\/6+6<\/strong><\/p>\n<p>CAPPA ASPIRANTE FORNO PIZZA CAPPAFMLW6\/+6 CAPPAFMDW6\/+6<br \/>\nDie Dunstabzugshauben sind einfach zu installieren und verf\u00fcgen \u00fcber einen Motor mit drei Absauggeschwindigkeiten.<\/p>\n<p>Grazie all\u2019accessorio filtro con carbone attivo \u00e8 possibile utilizzarla anche senza collegarla alla canna fumaria.<\/p>\n<p style=\"text-align: center;\">FEATURES<\/p>\n<div class=\"row thumbnails\">\n<div class=\"col-md-3\">Einfache Installation.<br \/>\nMotor mit 3 Sauggeschwindigkeiten.<br \/>\nMotorleistung 310W einphasig.<br \/>\nGewicht 30 kg.<\/div>\n<div>137&#215;108,5x24h cm<\/div>\n<div><\/div>\n<div><strong>Optional:<\/strong><\/div>\n<ul>\n<li>Filter mit Aktivkohle.<\/li>\n<\/ul>\n<\/div>","protected":false},"excerpt":{"rendered":"<p>Cappa aspirante per forni pizzeria 137&#215;108,5&#215;24 cm Fimar FMLW-FMDW 6\/6+6 CAPPA ASPIRANTE FORNO PIZZA CAPPAFMLW6\/+6 CAPPAFMDW6\/+6 Le cappe aspiranti sono di facile installazione, prevedono una motorizzazione con tre velocit\u00e0 di aspirazione. Grazie all\u2019accessorio filtro con carbone attivo \u00e8 possibile utilizzarla anche senza collegarla alla canna fumaria. CARATTERISTICHE Facile installazione. Motore con 3 velocit\u00e0 di aspirazione. [&#8230;]","protected":false},"featured_media":17957,"comment_status":"closed","ping_status":"closed","template":"","meta":{"_monsterinsights_skip_tracking":false,"_monsterinsights_sitenote_active":false,"_monsterinsights_sitenote_note":"","_monsterinsights_sitenote_category":0},"product_brand":[628],"product_cat":[108,16],"product_tag":[],"class_list":{"0":"post-17961","1":"product","2":"type-product","3":"status-publish","4":"has-post-thumbnail","6":"product_brand-fimar","7":"product_cat-cappe","8":"product_cat-forni","9":"product_shipping_class-32","10":"pa_marca-fimar","12":"first","13":"instock","14":"taxable","15":"shipping-taxable","16":"purchasable","17":"product-type-simple"},"_links":{"self":[{"href":"https:\/\/www.creaearredanegozi.it\/de\/wp-json\/wp\/v2\/product\/17961","targetHints":{"allow":["GET"]}}],"collection":[{"href":"https:\/\/www.creaearredanegozi.it\/de\/wp-json\/wp\/v2\/product"}],"about":[{"href":"https:\/\/www.creaearredanegozi.it\/de\/wp-json\/wp\/v2\/types\/product"}],"replies":[{"embeddable":true,"href":"https:\/\/www.creaearredanegozi.it\/de\/wp-json\/wp\/v2\/comments?post=17961"}],"wp:featuredmedia":[{"embeddable":true,"href":"https:\/\/www.creaearredanegozi.it\/de\/wp-json\/wp\/v2\/media\/17957"}],"wp:attachment":[{"href":"https:\/\/www.creaearredanegozi.it\/de\/wp-json\/wp\/v2\/media?parent=17961"}],"wp:term":[{"taxonomy":"product_brand","embeddable":true,"href":"https:\/\/www.creaearredanegozi.it\/de\/wp-json\/wp\/v2\/product_brand?post=17961"},{"taxonomy":"product_cat","embeddable":true,"href":"https:\/\/www.creaearredanegozi.it\/de\/wp-json\/wp\/v2\/product_cat?post=17961"},{"taxonomy":"product_tag","embeddable":true,"href":"https:\/\/www.creaearredanegozi.it\/de\/wp-json\/wp\/v2\/product_tag?post=17961"}],"curies":[{"name":"wp","href":"https:\/\/api.w.org\/{rel}","templated":true}]}}