{"id":17962,"date":"2018-12-19T12:42:56","date_gmt":"2018-12-19T11:42:56","guid":{"rendered":"https:\/\/www.creaearredanegozi.it\/?post_type=product&#038;p=17962"},"modified":"2023-11-24T10:47:03","modified_gmt":"2023-11-24T09:47:03","slug":"cappa-aspirante-professionale-per-forni-pizzeria-115x1255x24-cm-fimar-fml-fmd-9-99","status":"publish","type":"product","link":"https:\/\/www.creaearredanegozi.it\/de\/cappa-aspirante-professionale-per-forni-pizzeria-115x1255x24-cm-fimar-fml-fmd-9-99\/","title":{"rendered":"Professionelle Dunstabzugshaube f\u00fcr Pizza\u00f6fen 115\u00d7125,5\u00d724 cm Fimar FML-FMD 9\/9+9"},"content":{"rendered":"<h3>Cappa aspirante per forni pizzeria 115&#215;125,5&#215;24 cm Fimar FML-FMD 9\/9+9<\/h3>\n<p>CAPPA ASPIRANTE FORNO PIZZA CAPPAFMD9\/+9 e CAPPAFML9\/+9<br \/>\nDie Dunstabzugshauben sind einfach zu installieren und verf\u00fcgen \u00fcber einen Motor mit drei Absauggeschwindigkeiten.<\/p>\n<p>Grazie all\u2019accessorio filtro con carbone attivo \u00e8 possibile utilizzarla anche senza collegarla alla canna fumaria.<\/p>\n<p style=\"text-align: center;\">FEATURES<\/p>\n<div class=\"row thumbnails\">\n<div class=\"col-md-3\">Einfache Installation.<br \/>\nMotor mit 3 Sauggeschwindigkeiten.<br \/>\nMotorleistung 310W einphasig.<br \/>\nPeso 39kg.<\/div>\n<div>115&#215;125,5x24h cm<\/div>\n<div><\/div>\n<div><strong>Optional:<\/strong><\/div>\n<ul>\n<li>Filter mit Aktivkohle.<\/li>\n<\/ul>\n<\/div>","protected":false},"excerpt":{"rendered":"<p>Cappa aspirante per forni pizzeria 115&#215;125,5&#215;24 cm Fimar FML-FMD 9\/9+9 CAPPA ASPIRANTE FORNO PIZZA CAPPAFMD9\/+9 e CAPPAFML9\/+9 Le cappe aspiranti sono di facile installazione, prevedono una motorizzazione con tre velocit\u00e0 di aspirazione. Grazie all\u2019accessorio filtro con carbone attivo \u00e8 possibile utilizzarla anche senza collegarla alla canna fumaria. CARATTERISTICHE Facile installazione. Motore con 3 velocit\u00e0 di [&#8230;]","protected":false},"featured_media":17957,"comment_status":"closed","ping_status":"closed","template":"","meta":{"_monsterinsights_skip_tracking":false,"_monsterinsights_sitenote_active":false,"_monsterinsights_sitenote_note":"","_monsterinsights_sitenote_category":0},"product_brand":[628],"product_cat":[108,16],"product_tag":[],"class_list":{"0":"post-17962","1":"product","2":"type-product","3":"status-publish","4":"has-post-thumbnail","6":"product_brand-fimar","7":"product_cat-cappe","8":"product_cat-forni","9":"product_shipping_class-33","10":"pa_marca-fimar","12":"first","13":"instock","14":"taxable","15":"shipping-taxable","16":"purchasable","17":"product-type-simple"},"_links":{"self":[{"href":"https:\/\/www.creaearredanegozi.it\/de\/wp-json\/wp\/v2\/product\/17962","targetHints":{"allow":["GET"]}}],"collection":[{"href":"https:\/\/www.creaearredanegozi.it\/de\/wp-json\/wp\/v2\/product"}],"about":[{"href":"https:\/\/www.creaearredanegozi.it\/de\/wp-json\/wp\/v2\/types\/product"}],"replies":[{"embeddable":true,"href":"https:\/\/www.creaearredanegozi.it\/de\/wp-json\/wp\/v2\/comments?post=17962"}],"wp:featuredmedia":[{"embeddable":true,"href":"https:\/\/www.creaearredanegozi.it\/de\/wp-json\/wp\/v2\/media\/17957"}],"wp:attachment":[{"href":"https:\/\/www.creaearredanegozi.it\/de\/wp-json\/wp\/v2\/media?parent=17962"}],"wp:term":[{"taxonomy":"product_brand","embeddable":true,"href":"https:\/\/www.creaearredanegozi.it\/de\/wp-json\/wp\/v2\/product_brand?post=17962"},{"taxonomy":"product_cat","embeddable":true,"href":"https:\/\/www.creaearredanegozi.it\/de\/wp-json\/wp\/v2\/product_cat?post=17962"},{"taxonomy":"product_tag","embeddable":true,"href":"https:\/\/www.creaearredanegozi.it\/de\/wp-json\/wp\/v2\/product_tag?post=17962"}],"curies":[{"name":"wp","href":"https:\/\/api.w.org\/{rel}","templated":true}]}}