{"id":17981,"date":"2018-12-21T16:04:02","date_gmt":"2018-12-21T15:04:02","guid":{"rendered":"https:\/\/www.creaearredanegozi.it\/?post_type=product&#038;p=17981"},"modified":"2023-12-12T10:44:50","modified_gmt":"2023-12-12T09:44:50","slug":"forno-a-convezione-meccanico-professionale-6-teglie-gn1-1-e-60x40cm-vetro-e-luce-fimar-str6","status":"publish","type":"product","link":"https:\/\/www.creaearredanegozi.it\/de\/forno-a-convezione-meccanico-professionale-6-teglie-gn1-1-e-60x40cm-vetro-e-luce-fimar-str6\/","title":{"rendered":"Mechanische Umluftofen Professional 6 Backbleche GN1\/1 und 60x40cm Glas und Licht Fimar STR6"},"content":{"rendered":"<h3>Forno a convezione meccanico 6 x GN1\/1 e 60x40cm vetro e luce Fimar START\u00a0 STR6<\/h3>\n<p><strong>UMLUFTOFEN STR6 START<\/strong><\/p>\n<div class=\"row thumbnails\">\n<ul>\n<li class=\"col-md-3\">Forno a convezione meccanico elettrico.<\/li>\n<li class=\"col-md-3\">Struttura in acciaio inox con porta doppio vetro (vetro interno apribile).<\/li>\n<li class=\"col-md-3\">Zeitschaltuhr 0-120'.<\/li>\n<li class=\"col-md-3\">Termostato 50-300\u00b0C.<\/li>\n<li class=\"col-md-3\">Halogen-Innenbeleuchtung.<\/li>\n<li class=\"col-md-3\">Befeuchter mit Energieregler (Direkteinspritzung).<\/li>\n<li class=\"col-md-3\">Zentrifugalgebl\u00e4se Nr. 2 mit Autoreverse.<\/li>\n<li>Interasse 70 mm.<\/li>\n<li>Tabletts nicht enthalten.<\/li>\n<li>CE-konform.<\/li>\n<\/ul>\n<\/div>\n<p>Optional<\/p>\n<div>Kondensationshaube aus Edelstahl, 2 Fettfilter aus Edelstahl, 2 Absauggeschwindigkeiten.<\/div>\n<div>Supporti per forno con struttura in acciaio inox forniti in kit di montaggio.<\/div>\n<div>Edelstahl-Kartoffelnetz GN1\/1 h40<\/div>\n<div>Gitterrost aus Edelstahl GN1\/1<\/div>\n<div>Rostfreier Stahl Grill 60X40CM<\/div>\n<div>Edelstahlwanne GN1\/1 H20<\/div>\n<div>Edelstahltablett GN1\/1 H40<\/div>\n<div>Edelstahltablett GN1\/1 H65<\/div>\n<div>Emailliertes Backblech GN1\/1 H20<\/div>\n<div>Emailliertes Backblech GN1\/1 H40<\/div>\n<div>Emailliertes Backblech GN1\/1 H65<\/div>\n<div>Aluminium-Backblech GN1\/1<\/div>\n<div>Aluminium-Backblech 60X40CM H20<\/div>\n<div>Aluminium-Lochblech 60X40 CM H20<\/div>\n<div>Aluminisiertes Backblech 60X40 CM H20<\/div>\n<div>Blurex Backblech 60X40 CM H20.<\/div>\n<p><strong>Technische Daten:<\/strong><\/p>\n<table class=\"table table-striped\">\n<tbody>\n<tr>\n<td>\n<p class=\"dati_tecnici_label_1\"><span style=\"color: #333333;\"><span style=\"font-size: 14.4px;\">Modell<\/span><\/span><\/p>\n<\/td>\n<td><span style=\"font-size: 14.4px;\">STR6<\/span><\/td>\n<\/tr>\n<tr>\n<td><span style=\"font-size: 14.4px;\">Strom<\/span><\/td>\n<td align=\"left\"><span style=\"font-size: 14.4px;\">10,8 kW<\/span><\/td>\n<\/tr>\n<tr>\n<td><span style=\"font-size: 14.4px;\">Stromversorgung<\/span><\/td>\n<td align=\"left\"><span style=\"font-size: 14.4px;\">400V\/3N\/50-60Hz (3Ph)<\/span><\/td>\n<\/tr>\n<tr>\n<td><span style=\"font-size: 14.4px;\">Arbeitstemperatur<\/span><\/td>\n<td align=\"left\"><span style=\"font-size: 14.4px;\">50 &#8211; 300 \u00b0C<\/span><\/td>\n<\/tr>\n<tr>\n<td><span style=\"font-size: 14.4px;\">Abmessungen der Garkammer<\/span><\/td>\n<td align=\"left\"><span style=\"font-size: 14.4px;\">465x640x615h (mm)<\/span><\/td>\n<\/tr>\n<tr>\n<td><span style=\"font-size: 14.4px;\">Abmessungen<\/span><\/td>\n<td align=\"left\"><span style=\"font-size: 14.4px;\">792x1009x955h mm<\/span><\/td>\n<\/tr>\n<tr>\n<td><span style=\"font-size: 14.4px;\">Nettogewicht <\/span><\/td>\n<td align=\"left\"><span style=\"font-size: 14.4px;\">100 kg<\/span><\/td>\n<\/tr>\n<tr>\n<td><span style=\"font-size: 14.4px;\">Bruttogewicht<\/span><\/td>\n<td align=\"left\"><span style=\"font-size: 14.4px;\">115 kg<\/span><\/td>\n<\/tr>\n<tr>\n<td><span style=\"font-size: 14.4px;\">Abmessungen der Verpackung<\/span><\/td>\n<td align=\"left\"><span style=\"font-size: 14.4px;\">880x1090x1110h (mm)<\/span><\/td>\n<\/tr>\n<tr>\n<td><span style=\"font-size: 14.4px;\">Verpackungsvolumen<\/span><\/td>\n<td align=\"left\"><span style=\"font-size: 14.4px;\">1,064 m\u00b3<\/span><\/td>\n<\/tr>\n<tr>\n<td><span style=\"font-size: 14.4px;\">Kapazit\u00e4t des Kochraums<\/span><\/td>\n<td align=\"left\"><span style=\"font-size: 14.4px;\">N\u00b06 600&#215;400 &#8211; GN1\/1 &#8211; P= 70 mm<\/span><\/td>\n<\/tr>\n<tr>\n<td><span style=\"font-size: 14.4px;\">Zeitschaltuhr<\/span><\/td>\n<td align=\"left\"><span style=\"font-size: 14.4px;\">mechanisch 0-120'<\/span><\/td>\n<\/tr>\n<tr>\n<td><span style=\"font-size: 14.4px;\">Haube Gr\u00f6\u00dfe<\/span><\/td>\n<td><span style=\"font-size: 14.4px;\">790x991x320(h)mm\/30kg<\/span><\/td>\n<\/tr>\n<tr>\n<td><span style=\"font-size: 14.4px;\">Gr\u00f6\u00dfe Unterst\u00fctzung<\/span><\/td>\n<td><span style=\"font-size: 14.4px;\">790x735x700(h)mm\/21,5kg<\/span><\/td>\n<\/tr>\n<\/tbody>\n<\/table>","protected":false},"excerpt":{"rendered":"<p>Forno a convezione meccanico 6 x GN1\/1 e 60x40cm vetro e luce Fimar START\u00a0 STR6 FORNO CONVEZIONE STR6 START Forno a convezione meccanico elettrico. Struttura in acciaio inox con porta doppio vetro (vetro interno apribile). Timer 0-120\u2019. Termostato 50-300\u00b0C. Illuminazione interna alogena. Umidificatore con regolatore di energia (iniezione diretta). N. 2 ventilatore centrifugo con autoreverse. [&#8230;]","protected":false},"featured_media":121936,"comment_status":"closed","ping_status":"closed","template":"","meta":{"_monsterinsights_skip_tracking":false,"_monsterinsights_sitenote_active":false,"_monsterinsights_sitenote_note":"","_monsterinsights_sitenote_category":0},"product_brand":[628],"product_cat":[667,84,46,9,664,16,64,83,159,662,10],"product_tag":[],"class_list":{"0":"post-17981","1":"product","2":"type-product","3":"status-publish","4":"has-post-thumbnail","6":"product_brand-fimar","7":"product_cat-convezione-forni","8":"product_cat-a-convenzione","9":"product_cat-attrezzature-per-pizzeria-attrezzi-pizzaiolo","10":"product_cat-attrezzature-pub","11":"product_cat-convezione","12":"product_cat-forni","13":"product_cat-forni-attrezzature-bar","14":"product_cat-forni-attrezzature-pub","15":"product_cat-forni-ristorazione","16":"product_cat-forni-cottura","17":"product_cat-attrezzature-bar","18":"product_shipping_class-l","19":"pa_marca-fimar","21":"first","22":"instock","23":"taxable","24":"shipping-taxable","25":"purchasable","26":"product-type-simple"},"_links":{"self":[{"href":"https:\/\/www.creaearredanegozi.it\/de\/wp-json\/wp\/v2\/product\/17981","targetHints":{"allow":["GET"]}}],"collection":[{"href":"https:\/\/www.creaearredanegozi.it\/de\/wp-json\/wp\/v2\/product"}],"about":[{"href":"https:\/\/www.creaearredanegozi.it\/de\/wp-json\/wp\/v2\/types\/product"}],"replies":[{"embeddable":true,"href":"https:\/\/www.creaearredanegozi.it\/de\/wp-json\/wp\/v2\/comments?post=17981"}],"wp:featuredmedia":[{"embeddable":true,"href":"https:\/\/www.creaearredanegozi.it\/de\/wp-json\/wp\/v2\/media\/121936"}],"wp:attachment":[{"href":"https:\/\/www.creaearredanegozi.it\/de\/wp-json\/wp\/v2\/media?parent=17981"}],"wp:term":[{"taxonomy":"product_brand","embeddable":true,"href":"https:\/\/www.creaearredanegozi.it\/de\/wp-json\/wp\/v2\/product_brand?post=17981"},{"taxonomy":"product_cat","embeddable":true,"href":"https:\/\/www.creaearredanegozi.it\/de\/wp-json\/wp\/v2\/product_cat?post=17981"},{"taxonomy":"product_tag","embeddable":true,"href":"https:\/\/www.creaearredanegozi.it\/de\/wp-json\/wp\/v2\/product_tag?post=17981"}],"curies":[{"name":"wp","href":"https:\/\/api.w.org\/{rel}","templated":true}]}}