{"id":17992,"date":"2018-12-21T16:45:43","date_gmt":"2018-12-21T15:45:43","guid":{"rendered":"https:\/\/www.creaearredanegozi.it\/?post_type=product&#038;p=17992"},"modified":"2023-12-12T10:49:32","modified_gmt":"2023-12-12T09:49:32","slug":"forno-meccanico-misto-convezione-e-vapore-diretto-professionale-6-teglie-gn1-1-e-60x40cm-fimar-top6m","status":"publish","type":"product","link":"https:\/\/www.creaearredanegozi.it\/de\/forno-meccanico-misto-convezione-e-vapore-diretto-professionale-6-teglie-gn1-1-e-60x40cm-fimar-top6m\/","title":{"rendered":"Kombinierter mechanischer Konvektions- und Direktdampfbackofen f\u00fcr Profis 6 GN1\/1 und 60x40cm Pfannen Fimar TOP6M"},"content":{"rendered":"<h3>Forno meccanico misto convezione vapore diretto N6 GN1\/1 Fimar TOP 6M<\/h3>\n<div><strong>FORNO MISTO CONVEZIONE-VAPORE DIRETTO MECCANICI TOP6M<\/strong><\/div>\n<div class=\"row thumbnails\">\n<ul>\n<li class=\"col-md-3\">Gemischter Umluft-\/Dampfbackofen.<\/li>\n<li class=\"col-md-3\">Struktur aus rostfreiem Stahl.<\/li>\n<li class=\"col-md-3\">Halogen-Innenbeleuchtung.<\/li>\n<li class=\"col-md-3\">2 ventilatori centrifugo con autoreverse.<\/li>\n<li class=\"col-md-3\">Doppelt verglaste T\u00fcr (Innenverglasung zum \u00d6ffnen).<\/li>\n<li class=\"col-md-3\">Wasserableitung.<\/li>\n<li class=\"col-md-3\">Universalhalter f\u00fcr GN1\/1 Gastronorm- oder Geb\u00e4ckschalen 600\u00d7400 mm (Schalen nicht im Lieferumfang enthalten).<\/li>\n<li class=\"col-md-3\">Mechanische Zeitschaltuhr 0-120'.<\/li>\n<li class=\"col-md-3\">Befeuchter mit Energieregler (Direkteinspritzung).<\/li>\n<li class=\"col-md-3\">Termostato 50-285\u00b0C.<\/li>\n<li>Tabletts nicht enthalten.<\/li>\n<li>CE-konform.<\/li>\n<\/ul>\n<\/div>\n<p>Optional<\/p>\n<ul>\n<li>Kondensationshaube aus Edelstahl, 2 Fettfilter aus Edelstahl, 2 Absauggeschwindigkeiten.<\/li>\n<li>Backofenst\u00e4nder mit Edelstahlrahmen wird als Bausatz geliefert.<\/li>\n<li>Edelstahl-Kartoffelnetz GN1\/1 h40<\/li>\n<li>Gitterrost aus Edelstahl GN1\/1<\/li>\n<li>Rostfreier Stahl Grill 60X40CM<\/li>\n<li>Edelstahlwanne GN1\/1 H20<\/li>\n<li>Edelstahltablett GN1\/1 H40<\/li>\n<li>Edelstahltablett GN1\/1 H65<\/li>\n<li>Emailliertes Backblech GN1\/1 H20<\/li>\n<li>Emailliertes Backblech GN1\/1 H40<\/li>\n<li>Emailliertes Backblech GN1\/1 H65<\/li>\n<li>Aluminium-Backblech GN1\/1<\/li>\n<li>Aluminium-Backblech 60X40CM H20<\/li>\n<li>Aluminium-Lochblech 60X40 CM H20<\/li>\n<li>Aluminisiertes Backblech 60X40 CM H20<\/li>\n<li>Blurex Backblech 60X40 CM H20<\/li>\n<li>Duschen.<\/li>\n<\/ul>\n<p><strong>Technische Daten:<\/strong><\/p>\n<table class=\"table table-striped\">\n<tbody>\n<tr>\n<td>\n<p class=\"dati_tecnici_label_1\"><span style=\"color: #333333;\"><span style=\"font-size: 14.4px;\">Modell<\/span><\/span><\/p>\n<\/td>\n<td><span style=\"font-size: 14.4px;\">TOP6M<\/span><\/td>\n<\/tr>\n<tr>\n<td><span style=\"font-size: 14.4px;\">Strom<\/span><\/td>\n<td align=\"left\"><span style=\"font-size: 14.4px;\">10,8 kW<\/span><\/td>\n<\/tr>\n<tr>\n<td><span style=\"font-size: 14.4px;\">Stromversorgung<\/span><\/td>\n<td align=\"left\"><span style=\"font-size: 14.4px;\">400V\/3N\/50-60Hz (3Ph)<\/span><\/td>\n<\/tr>\n<tr>\n<td><span style=\"font-size: 14.4px;\">Arbeitstemperatur<\/span><\/td>\n<td align=\"left\"><span style=\"font-size: 14.4px;\">50 - 260 \u00b0C<\/span><\/td>\n<\/tr>\n<tr>\n<td><span style=\"font-size: 14.4px;\">Abmessungen der Garkammer<\/span><\/td>\n<td align=\"left\"><span style=\"font-size: 14.4px;\">660x480x615h (mm)<\/span><\/td>\n<\/tr>\n<tr>\n<td><span style=\"font-size: 14.4px;\">Abmessungen<\/span><\/td>\n<td align=\"left\"><span style=\"font-size: 14.4px;\">940x890x875h mm<\/span><\/td>\n<\/tr>\n<tr>\n<td><span style=\"font-size: 14.4px;\">Nettogewicht <\/span><\/td>\n<td align=\"left\"><span style=\"font-size: 14.4px;\">101 kg<\/span><\/td>\n<\/tr>\n<tr>\n<td><span style=\"font-size: 14.4px;\">Bruttogewicht<\/span><\/td>\n<td align=\"left\"><span style=\"font-size: 14.4px;\">116 kg<\/span><\/td>\n<\/tr>\n<tr>\n<td><span style=\"font-size: 14.4px;\">Abmessungen der Verpackung<\/span><\/td>\n<td align=\"left\"><span style=\"font-size: 14.4px;\">1020x970x1000h (mm)<\/span><\/td>\n<\/tr>\n<tr>\n<td><span style=\"font-size: 14.4px;\">Verpackungsvolumen<\/span><\/td>\n<td align=\"left\"><span style=\"font-size: 14.4px;\">0,989 m\u00b3<\/span><\/td>\n<\/tr>\n<tr>\n<td><span style=\"font-size: 14.4px;\">Kapazit\u00e4t des Kochraums<\/span><\/td>\n<td align=\"left\"><span style=\"font-size: 14.4px;\">Nr. 6 600\u00d7400 - GN1\/1 - D= 80 mm<\/span><\/td>\n<\/tr>\n<tr>\n<td><span style=\"font-size: 14.4px;\">Zeitschaltuhr<\/span><\/td>\n<td align=\"left\"><span style=\"font-size: 14.4px;\">mechanisch 0-120'<\/span><\/td>\n<\/tr>\n<tr>\n<td><span style=\"font-size: 14.4px;\">Haube Gr\u00f6\u00dfe<\/span><\/td>\n<td><span style=\"font-size: 14.4px;\">937x871x320(h)mm\/30kg<\/span><\/td>\n<\/tr>\n<tr>\n<td><span style=\"font-size: 14.4px;\">Gr\u00f6\u00dfe Unterst\u00fctzung<\/span><\/td>\n<td><span style=\"font-size: 14.4px;\">920x620x800(h)mm\/23kg<\/span><\/td>\n<\/tr>\n<\/tbody>\n<\/table>","protected":false},"excerpt":{"rendered":"<p>Forno meccanico misto convezione vapore diretto N6 GN1\/1 Fimar TOP 6M FORNO MISTO CONVEZIONE-VAPORE DIRETTO MECCANICI TOP6M Forno misto convezione\/vapore diretto. Struttura in acciaio inox. Illuminazione interna alogena. 2 ventilatori centrifugo con autoreverse. Porta con doppio vetro (vetro interno apribile). Scarico acqua. Supporti universali per teglie gastronorm GN1\/1 o pasticceria 600&#215;400 mm (teglie non incluse). [&#8230;]","protected":false},"featured_media":121932,"comment_status":"closed","ping_status":"closed","template":"","meta":{"_monsterinsights_skip_tracking":false,"_monsterinsights_sitenote_active":false,"_monsterinsights_sitenote_note":"","_monsterinsights_sitenote_category":0},"product_brand":[628],"product_cat":[667,84,46,664,16,159,662,25],"product_tag":[],"class_list":{"0":"post-17992","1":"product","2":"type-product","3":"status-publish","4":"has-post-thumbnail","6":"product_brand-fimar","7":"product_cat-convezione-forni","8":"product_cat-a-convenzione","9":"product_cat-attrezzature-per-pizzeria-attrezzi-pizzaiolo","10":"product_cat-convezione","11":"product_cat-forni","12":"product_cat-forni-ristorazione","13":"product_cat-forni-cottura","14":"product_cat-attrezzature-ristoranti-pub-cucine","15":"product_shipping_class-d","16":"pa_marca-fimar","18":"first","19":"instock","20":"taxable","21":"shipping-taxable","22":"purchasable","23":"product-type-simple"},"_links":{"self":[{"href":"https:\/\/www.creaearredanegozi.it\/de\/wp-json\/wp\/v2\/product\/17992","targetHints":{"allow":["GET"]}}],"collection":[{"href":"https:\/\/www.creaearredanegozi.it\/de\/wp-json\/wp\/v2\/product"}],"about":[{"href":"https:\/\/www.creaearredanegozi.it\/de\/wp-json\/wp\/v2\/types\/product"}],"replies":[{"embeddable":true,"href":"https:\/\/www.creaearredanegozi.it\/de\/wp-json\/wp\/v2\/comments?post=17992"}],"wp:featuredmedia":[{"embeddable":true,"href":"https:\/\/www.creaearredanegozi.it\/de\/wp-json\/wp\/v2\/media\/121932"}],"wp:attachment":[{"href":"https:\/\/www.creaearredanegozi.it\/de\/wp-json\/wp\/v2\/media?parent=17992"}],"wp:term":[{"taxonomy":"product_brand","embeddable":true,"href":"https:\/\/www.creaearredanegozi.it\/de\/wp-json\/wp\/v2\/product_brand?post=17992"},{"taxonomy":"product_cat","embeddable":true,"href":"https:\/\/www.creaearredanegozi.it\/de\/wp-json\/wp\/v2\/product_cat?post=17992"},{"taxonomy":"product_tag","embeddable":true,"href":"https:\/\/www.creaearredanegozi.it\/de\/wp-json\/wp\/v2\/product_tag?post=17992"}],"curies":[{"name":"wp","href":"https:\/\/api.w.org\/{rel}","templated":true}]}}