{"id":17994,"date":"2018-12-21T16:51:53","date_gmt":"2018-12-21T15:51:53","guid":{"rendered":"https:\/\/www.creaearredanegozi.it\/?post_type=product&#038;p=17994"},"modified":"2023-12-12T10:50:31","modified_gmt":"2023-12-12T09:50:31","slug":"forno-professionale-meccanico-misto-convezione-e-vapore-diretto-10teglie-gn1-1-60x40cm-fimar-top10m","status":"publish","type":"product","link":"https:\/\/www.creaearredanegozi.it\/de\/forno-professionale-meccanico-misto-convezione-e-vapore-diretto-10teglie-gn1-1-60x40cm-fimar-top10m\/","title":{"rendered":"Professioneller mechanischer Backofen mit gemischter Konvektion und direktem Dampf 10Pfannen GN1\/1 60x40cm Fimar TOP10M"},"content":{"rendered":"<h3>Forno meccanico misto convezione e vapore diretto N 10 GN1\/1 e 60x40cm Fimar TOP 10M<\/h3>\n<p><strong>GEMISCHTER UMLUFT-DAMPFBACKOFEN DIREKT MECHANISCH OBEN10M<\/strong><\/p>\n<div class=\"row thumbnails\">\n<ul>\n<li class=\"col-md-3\">Gemischter Umluft-\/Dampfbackofen.<\/li>\n<li class=\"col-md-3\">Struktur aus rostfreiem Stahl.<\/li>\n<li class=\"col-md-3\">Halogen-Innenbeleuchtung.<\/li>\n<li class=\"col-md-3\">Zentrifugalgebl\u00e4se Nr. 2 mit Autoreverse.<\/li>\n<li class=\"col-md-3\">Doppelt verglaste T\u00fcr (Innenverglasung zum \u00d6ffnen).<\/li>\n<li class=\"col-md-3\">Wasserableitung.<\/li>\n<li class=\"col-md-3\">Universalhalter f\u00fcr GN1\/1 Gastronorm- oder Geb\u00e4ckschalen 600\u00d7400 mm (Schalen nicht im Lieferumfang enthalten).<\/li>\n<li class=\"col-md-3\">Mechanische Zeitschaltuhr 0-120'.<\/li>\n<li class=\"col-md-3\">Befeuchter mit Energieregler (Direkteinspritzung).<\/li>\n<li class=\"col-md-3\">Termostato 50-285\u00b0C.<\/li>\n<li>Tabletts nicht enthalten.<\/li>\n<li>CE-konform.<\/li>\n<\/ul>\n<\/div>\n<p>Optional<\/p>\n<div>Kondensationshaube aus Edelstahl, 2 Fettfilter aus Edelstahl, 2 Absauggeschwindigkeiten.<\/div>\n<div>Backofenst\u00e4nder mit Edelstahlrahmen wird als Bausatz geliefert.<\/div>\n<div>Edelstahl-Kartoffelnetz GN1\/1 h40<\/div>\n<div>Gitterrost aus Edelstahl GN1\/1<\/div>\n<div>Rostfreier Stahl Grill 60X40CM<\/div>\n<div>Edelstahlwanne GN1\/1 H20<\/div>\n<div>Edelstahltablett GN1\/1 H40<\/div>\n<div>Edelstahltablett GN1\/1 H65<\/div>\n<div>Emailliertes Backblech GN1\/1 H20<\/div>\n<div>Emailliertes Backblech GN1\/1 H40<\/div>\n<div>Emailliertes Backblech GN1\/1 H65<\/div>\n<div>Aluminium-Backblech GN1\/1<\/div>\n<div>Aluminium-Backblech 60X40CM H20<\/div>\n<div>Aluminium-Lochblech 60X40 CM H20<\/div>\n<div>Aluminisiertes Backblech 60X40 CM H20<\/div>\n<div>Blurex Backblech 60X40 CM H20<\/div>\n<div>Duschen.<\/div>\n<p><strong>Technische Daten:<\/strong><\/p>\n<table class=\"table table-striped\">\n<tbody>\n<tr>\n<td>\n<p class=\"dati_tecnici_label_1\"><span style=\"color: #333333;\"><span style=\"font-size: 14.4px;\">Modell<\/span><\/span><\/p>\n<\/td>\n<td><span style=\"font-size: 14.4px;\">TOP10M<\/span><\/td>\n<\/tr>\n<tr>\n<td><span style=\"font-size: 14.4px;\">Strom<\/span><\/td>\n<td align=\"left\"><span style=\"font-size: 14.4px;\">16,1 kW<\/span><\/td>\n<\/tr>\n<tr>\n<td><span style=\"font-size: 14.4px;\">Stromversorgung<\/span><\/td>\n<td align=\"left\"><span style=\"font-size: 14.4px;\">400V\/3N\/50-60Hz<\/span><\/td>\n<\/tr>\n<tr>\n<td><span style=\"font-size: 14.4px;\">Arbeitstemperatur<\/span><\/td>\n<td align=\"left\"><span style=\"font-size: 14.4px;\">50 - 260 \u00b0C<\/span><\/td>\n<\/tr>\n<tr>\n<td><span style=\"font-size: 14.4px;\">Abmessungen der Garkammer<\/span><\/td>\n<td align=\"left\"><span style=\"font-size: 14.4px;\">660x480x950h (mm)<\/span><\/td>\n<\/tr>\n<tr>\n<td><span style=\"font-size: 14.4px;\">Abmessungen<\/span><\/td>\n<td align=\"left\"><span style=\"font-size: 14.4px;\">940x890x1211h mm<\/span><\/td>\n<\/tr>\n<tr>\n<td><span style=\"font-size: 14.4px;\">Nettogewicht <\/span><\/td>\n<td align=\"left\"><span style=\"font-size: 14.4px;\">135 kg<\/span><\/td>\n<\/tr>\n<tr>\n<td><span style=\"font-size: 14.4px;\">Bruttogewicht<\/span><\/td>\n<td align=\"left\"><span style=\"font-size: 14.4px;\">149 kg<\/span><\/td>\n<\/tr>\n<tr>\n<td><span style=\"font-size: 14.4px;\">Abmessungen der Verpackung<\/span><\/td>\n<td align=\"left\"><span style=\"font-size: 14.4px;\">1020x970x1350h (mm)<\/span><\/td>\n<\/tr>\n<tr>\n<td><span style=\"font-size: 14.4px;\">Verpackungsvolumen<\/span><\/td>\n<td align=\"left\"><span style=\"font-size: 14.4px;\">1,316 m\u00b3<\/span><\/td>\n<\/tr>\n<tr>\n<td><span style=\"font-size: 14.4px;\">Kapazit\u00e4t des Kochraums<\/span><\/td>\n<td align=\"left\"><span style=\"font-size: 14.4px;\">N\u00b0 10 600&#215;400 &#8211; GN1\/1 &#8211; P= 80 mm<\/span><\/td>\n<\/tr>\n<tr>\n<td><span style=\"font-size: 14.4px;\">Zeitschaltuhr<\/span><\/td>\n<td align=\"left\"><span style=\"font-size: 14.4px;\">mechanisch 0-120'<\/span><\/td>\n<\/tr>\n<tr>\n<td><span style=\"font-size: 14.4px;\">Haube Gr\u00f6\u00dfe<\/span><\/td>\n<td><span style=\"font-size: 14.4px;\">937x871x320(h)mm\/30kg<\/span><\/td>\n<\/tr>\n<tr>\n<td><span style=\"font-size: 14.4px;\">Gr\u00f6\u00dfe Unterst\u00fctzung<\/span><\/td>\n<td><span style=\"font-size: 14.4px;\">920x620x700(h)mm\/21kg<\/span><\/td>\n<\/tr>\n<\/tbody>\n<\/table>","protected":false},"excerpt":{"rendered":"<p>Forno meccanico misto convezione e vapore diretto N 10 GN1\/1 e 60x40cm Fimar TOP 10M FORNO MISTO CONVEZIONE-VAPORE DIRETTO MECCANICI TOP10M Forno misto convezione\/vapore diretto. Struttura in acciaio inox. Illuminazione interna alogena. N. 2 ventilatore centrifugo con autoreverse. Porta con doppio vetro (vetro interno apribile). Scarico acqua. Supporti universali per teglie gastronorm GN1\/1 o pasticceria [&#8230;]","protected":false},"featured_media":121934,"comment_status":"closed","ping_status":"closed","template":"","meta":{"_monsterinsights_skip_tracking":false,"_monsterinsights_sitenote_active":false,"_monsterinsights_sitenote_note":"","_monsterinsights_sitenote_category":0},"product_brand":[628],"product_cat":[667,84,46,664,16,64,83,159,662,10,25],"product_tag":[],"class_list":{"0":"post-17994","1":"product","2":"type-product","3":"status-publish","4":"has-post-thumbnail","6":"product_brand-fimar","7":"product_cat-convezione-forni","8":"product_cat-a-convenzione","9":"product_cat-attrezzature-per-pizzeria-attrezzi-pizzaiolo","10":"product_cat-convezione","11":"product_cat-forni","12":"product_cat-forni-attrezzature-bar","13":"product_cat-forni-attrezzature-pub","14":"product_cat-forni-ristorazione","15":"product_cat-forni-cottura","16":"product_cat-attrezzature-bar","17":"product_cat-attrezzature-ristoranti-pub-cucine","18":"product_shipping_class-e","19":"pa_marca-fimar","21":"first","22":"instock","23":"taxable","24":"shipping-taxable","25":"purchasable","26":"product-type-simple"},"_links":{"self":[{"href":"https:\/\/www.creaearredanegozi.it\/de\/wp-json\/wp\/v2\/product\/17994","targetHints":{"allow":["GET"]}}],"collection":[{"href":"https:\/\/www.creaearredanegozi.it\/de\/wp-json\/wp\/v2\/product"}],"about":[{"href":"https:\/\/www.creaearredanegozi.it\/de\/wp-json\/wp\/v2\/types\/product"}],"replies":[{"embeddable":true,"href":"https:\/\/www.creaearredanegozi.it\/de\/wp-json\/wp\/v2\/comments?post=17994"}],"wp:featuredmedia":[{"embeddable":true,"href":"https:\/\/www.creaearredanegozi.it\/de\/wp-json\/wp\/v2\/media\/121934"}],"wp:attachment":[{"href":"https:\/\/www.creaearredanegozi.it\/de\/wp-json\/wp\/v2\/media?parent=17994"}],"wp:term":[{"taxonomy":"product_brand","embeddable":true,"href":"https:\/\/www.creaearredanegozi.it\/de\/wp-json\/wp\/v2\/product_brand?post=17994"},{"taxonomy":"product_cat","embeddable":true,"href":"https:\/\/www.creaearredanegozi.it\/de\/wp-json\/wp\/v2\/product_cat?post=17994"},{"taxonomy":"product_tag","embeddable":true,"href":"https:\/\/www.creaearredanegozi.it\/de\/wp-json\/wp\/v2\/product_tag?post=17994"}],"curies":[{"name":"wp","href":"https:\/\/api.w.org\/{rel}","templated":true}]}}