{"id":17996,"date":"2018-12-21T17:01:26","date_gmt":"2018-12-21T16:01:26","guid":{"rendered":"https:\/\/www.creaearredanegozi.it\/?post_type=product&#038;p=17996"},"modified":"2023-12-12T11:02:11","modified_gmt":"2023-12-12T10:02:11","slug":"digitaler-gemischter-umluft-und-direktdampf-profi-ofen-6-backformen-gn1-1-und-60x40cm-fimar-top6d","status":"publish","type":"product","link":"https:\/\/www.creaearredanegozi.it\/de\/digitaler-gemischter-umluft-und-direktdampf-profi-ofen-6-backformen-gn1-1-und-60x40cm-fimar-top6d\/","title":{"rendered":"Digitaler Profi-Backofen mit gemischter Umluft und Direktdampf 6 GN1\/1 und 60x40cm Pfannen Fimar TOP6DN"},"content":{"rendered":"<h3>Digitaler Backofen gemischt Umluft und Direktdampf N 6 GN 1\/1 und 60x40cm Fimar TOP6DN<\/h3>\n<p><strong>DIGITALER DIREKT-KOMBID\u00c4MPFER TOP6D<\/strong><\/p>\n<div class=\"row thumbnails\">\n<ul>\n<li class=\"col-md-3\">Gemischter Umluft-\/Dampfbackofen.<\/li>\n<li class=\"col-md-3\">Struktur aus rostfreiem Stahl.<\/li>\n<li class=\"col-md-3\">Halogen-Innenbeleuchtung.<\/li>\n<li class=\"col-md-3\">Zentrifugalgebl\u00e4se Nr. 2 mit Autoreverse.<\/li>\n<li class=\"col-md-3\">Doppelt verglaste T\u00fcr (Innenverglasung zum \u00d6ffnen).<\/li>\n<li class=\"col-md-3\">Wasserableitung.<\/li>\n<li class=\"col-md-3\">Vorbereitung f\u00fcr das Waschset.<\/li>\n<li class=\"col-md-3\">Universalhalter f\u00fcr GN1\/1 Gastronorm- oder Geb\u00e4ckschalen 600\u00d7400 (Schalen nicht im Lieferumfang enthalten).<\/li>\n<li class=\"col-md-3\">Digitale Steuerung mit 99 Programmen.<\/li>\n<li class=\"col-md-3\">Bis zu 4 Brennvorg\u00e4nge im automatischen Ablauf pro Programm.<\/li>\n<li class=\"col-md-3\">Automatisches Vorheizen.<\/li>\n<li class=\"col-md-3\">Einstellung des Dampfauslasses.<\/li>\n<li class=\"col-md-3\">Digitale Steuerung der Wassereinspritzung.<\/li>\n<li class=\"col-md-3\">Sonde zum Herzen.<\/li>\n<li class=\"col-md-3\">2-stufige L\u00fcftersteuerung.<\/li>\n<li class=\"col-md-3\">Digitaler Thermostat 50-260\u00b0C.<\/li>\n<li>Tabletts nicht enthalten.<\/li>\n<li>CE-konform.<\/li>\n<\/ul>\n<\/div>\n<p>Optional<\/p>\n<ul>\n<li>Kondensationshaube aus Edelstahl, 2 Fettfilter aus Edelstahl, 2 Absauggeschwindigkeiten.<\/li>\n<li>Backofenst\u00e4nder mit Edelstahlrahmen wird als Bausatz geliefert.<\/li>\n<li>Edelstahl-Kartoffelnetz GN1\/1 h40<\/li>\n<li>Gitterrost aus Edelstahl GN1\/1<\/li>\n<li>Rostfreier Stahl Grill 60X40CM<\/li>\n<li>Edelstahlwanne GN1\/1 H20<\/li>\n<li>Edelstahltablett GN1\/1 H40<\/li>\n<li>Edelstahltablett GN1\/1 H65<\/li>\n<li>Emailliertes Backblech GN1\/1 H20<\/li>\n<li>Emailliertes Backblech GN1\/1 H40<\/li>\n<li>Emailliertes Backblech GN1\/1 H65<\/li>\n<li>Aluminium-Backblech GN1\/1<\/li>\n<li>Aluminium-Backblech 60X40CM H20<\/li>\n<li>Aluminium-Lochblech 60X40 CM H20<\/li>\n<li>Aluminisiertes Backblech 60X40 CM H20<\/li>\n<li>Blurex Backblech 60X40 CM H20<\/li>\n<li>Backofen-Waschset<\/li>\n<li>Duschen.<\/li>\n<\/ul>\n<p><strong>Technische Daten:<\/strong><\/p>\n<table class=\"table table-striped\">\n<tbody>\n<tr>\n<td>\n<p class=\"dati_tecnici_label_1\"><span style=\"color: #333333;\"><span style=\"font-size: 14.4px;\">Modell<\/span><\/span><\/p>\n<\/td>\n<td><span style=\"font-size: 14.4px;\">TOP6D<\/span><\/td>\n<\/tr>\n<tr>\n<td><span style=\"font-size: 14.4px;\">Strom<\/span><\/td>\n<td align=\"left\"><span style=\"font-size: 14.4px;\">10,5 kW<\/span><\/td>\n<\/tr>\n<tr>\n<td><span style=\"font-size: 14.4px;\">Stromversorgung<\/span><\/td>\n<td align=\"left\"><span style=\"font-size: 14.4px;\">400V\/3N\/50-60Hz (3Ph)<\/span><\/td>\n<\/tr>\n<tr>\n<td><span style=\"font-size: 14.4px;\">Arbeitstemperatur<\/span><\/td>\n<td align=\"left\"><span style=\"font-size: 14.4px;\">50 - 260 \u00b0C<\/span><\/td>\n<\/tr>\n<tr>\n<td><span style=\"font-size: 14.4px;\">Abmessungen der Garkammer<\/span><\/td>\n<td align=\"left\"><span style=\"font-size: 14.4px;\">660x490x612h (mm)<\/span><\/td>\n<\/tr>\n<tr>\n<td><span style=\"font-size: 14.4px;\">Abmessungen<\/span><\/td>\n<td align=\"left\"><span style=\"font-size: 14.4px;\">937\u00d7821\/885\u00d7875(h)mm ohne\/mit Griff<\/span><\/td>\n<\/tr>\n<tr>\n<td><span style=\"font-size: 14.4px;\">Nettogewicht <\/span><\/td>\n<td align=\"left\"><span style=\"font-size: 14.4px;\">98 kg<\/span><\/td>\n<\/tr>\n<tr>\n<td><span style=\"font-size: 14.4px;\">Bruttogewicht<\/span><\/td>\n<td align=\"left\"><span style=\"font-size: 14.4px;\">115 kg<\/span><\/td>\n<\/tr>\n<tr>\n<td><span style=\"font-size: 14.4px;\">Abmessungen der Verpackung<\/span><\/td>\n<td align=\"left\"><span style=\"font-size: 14.4px;\">1020x970x1028h (mm)<\/span><\/td>\n<\/tr>\n<tr>\n<td><span style=\"font-size: 14.4px;\">Verpackungsvolumen<\/span><\/td>\n<td align=\"left\"><span style=\"font-size: 14.4px;\">0,989 m\u00b3<\/span><\/td>\n<\/tr>\n<tr>\n<td><span style=\"font-size: 14.4px;\">Kapazit\u00e4t des Kochraums<\/span><\/td>\n<td align=\"left\"><span style=\"font-size: 14.4px;\">Nr. 6 600\u00d7400 - GN1\/1 - D= 80 mm<\/span><\/td>\n<\/tr>\n<tr>\n<td><span style=\"font-size: 14.4px;\">Zeitschaltuhr<\/span><\/td>\n<td align=\"left\"><span style=\"font-size: 14.4px;\">Digital<\/span><\/td>\n<\/tr>\n<tr>\n<td><span style=\"font-size: 14.4px;\">&gt;Haubengr\u00f6\u00dfe<\/span><\/td>\n<td><span style=\"font-size: 14.4px;\">937x871x320(h)mm\/30kg<\/span><\/td>\n<\/tr>\n<tr>\n<td><span style=\"font-size: 14.4px;\">Gr\u00f6\u00dfe Unterst\u00fctzung<\/span><\/td>\n<td><span style=\"font-size: 14.4px;\">920x620x800(h)mm\/23kg<\/span><\/td>\n<\/tr>\n<\/tbody>\n<\/table>","protected":false},"excerpt":{"rendered":"<p>Forno digitale misto convezione e vapore diretto N 6 GN 1\/1 e 60x40cm Fimar TOP6DN FORNO MISTO CONVEZIONE-VAPORE DIRETTO DIGITALI TOP6D Forno misto convezione\/vapore diretto. Struttura in acciaio inox. Illuminazione interna alogena. N. 2 ventilatore centrifugo con autoreverse. Porta con doppio vetro (vetro interno apribile). Scarico acqua. Predisposizione kit lavaggio. Supporti universali per teglie gastronorm [&#8230;]","protected":false},"featured_media":121914,"comment_status":"closed","ping_status":"closed","template":"","meta":{"_monsterinsights_skip_tracking":false,"_monsterinsights_sitenote_active":false,"_monsterinsights_sitenote_note":"","_monsterinsights_sitenote_category":0},"product_brand":[628],"product_cat":[664,84,9,667,16,83,159,662],"product_tag":[],"class_list":{"0":"post-17996","1":"product","2":"type-product","3":"status-publish","4":"has-post-thumbnail","6":"product_brand-fimar","7":"product_cat-convezione","8":"product_cat-a-convenzione","9":"product_cat-attrezzature-pub","10":"product_cat-convezione-forni","11":"product_cat-forni","12":"product_cat-forni-attrezzature-pub","13":"product_cat-forni-ristorazione","14":"product_cat-forni-cottura","15":"product_shipping_class-d","16":"pa_marca-fimar","18":"first","19":"instock","20":"taxable","21":"shipping-taxable","22":"purchasable","23":"product-type-simple"},"_links":{"self":[{"href":"https:\/\/www.creaearredanegozi.it\/de\/wp-json\/wp\/v2\/product\/17996","targetHints":{"allow":["GET"]}}],"collection":[{"href":"https:\/\/www.creaearredanegozi.it\/de\/wp-json\/wp\/v2\/product"}],"about":[{"href":"https:\/\/www.creaearredanegozi.it\/de\/wp-json\/wp\/v2\/types\/product"}],"replies":[{"embeddable":true,"href":"https:\/\/www.creaearredanegozi.it\/de\/wp-json\/wp\/v2\/comments?post=17996"}],"wp:featuredmedia":[{"embeddable":true,"href":"https:\/\/www.creaearredanegozi.it\/de\/wp-json\/wp\/v2\/media\/121914"}],"wp:attachment":[{"href":"https:\/\/www.creaearredanegozi.it\/de\/wp-json\/wp\/v2\/media?parent=17996"}],"wp:term":[{"taxonomy":"product_brand","embeddable":true,"href":"https:\/\/www.creaearredanegozi.it\/de\/wp-json\/wp\/v2\/product_brand?post=17996"},{"taxonomy":"product_cat","embeddable":true,"href":"https:\/\/www.creaearredanegozi.it\/de\/wp-json\/wp\/v2\/product_cat?post=17996"},{"taxonomy":"product_tag","embeddable":true,"href":"https:\/\/www.creaearredanegozi.it\/de\/wp-json\/wp\/v2\/product_tag?post=17996"}],"curies":[{"name":"wp","href":"https:\/\/api.w.org\/{rel}","templated":true}]}}