{"id":17999,"date":"2018-12-21T17:25:32","date_gmt":"2018-12-21T16:25:32","guid":{"rendered":"https:\/\/www.creaearredanegozi.it\/?post_type=product&#038;p=17999"},"modified":"2023-12-12T11:09:25","modified_gmt":"2023-12-12T10:09:25","slug":"forno-digitale-misto-convezione-e-vapore-diretto-professionale-10-teglie-60x40cm-e-gn1-1-fimar-top10d","status":"publish","type":"product","link":"https:\/\/www.creaearredanegozi.it\/de\/forno-digitale-misto-convezione-e-vapore-diretto-professionale-10-teglie-60x40cm-e-gn1-1-fimar-top10d\/","title":{"rendered":"Fimar TOP10DN Digitaler Backofen Gemischte Konvektion und Direktdampf Professional 10 Backbleche 60x40cm und GN1\/1"},"content":{"rendered":"<h3>Forno digitale misto convezione e vapore diretto N 10 Teglie GN1\/1 e 60x40cm Fimar TOP10D<\/h3>\n<div><strong>FORNO MISTO CONVEZIONE-VAPORE DIRETTO DIGITALI TOP10D<\/strong><\/div>\n<div class=\"row thumbnails\">\n<ul>\n<li class=\"col-md-3\">Gemischter Umluft-\/Dampfbackofen.<\/li>\n<li class=\"col-md-3\">Struktur aus rostfreiem Stahl.<\/li>\n<li class=\"col-md-3\">Halogen-Innenbeleuchtung.<\/li>\n<li class=\"col-md-3\">3 ventilatori centrifugo con autoreverse.<\/li>\n<li class=\"col-md-3\">Doppelt verglaste T\u00fcr (Innenverglasung zum \u00d6ffnen).<\/li>\n<li class=\"col-md-3\">Wasserableitung.<\/li>\n<li class=\"col-md-3\">Vorbereitung f\u00fcr das Waschset.<\/li>\n<li class=\"col-md-3\">Universalhalter f\u00fcr GN1\/1 Gastronorm- oder Geb\u00e4ckschalen 600\u00d7400 (Schalen nicht im Lieferumfang enthalten).<\/li>\n<li class=\"col-md-3\">Digitale Steuerung mit 99 Programmen.<\/li>\n<li class=\"col-md-3\">Bis zu 4 Brennvorg\u00e4nge im automatischen Ablauf pro Programm.<\/li>\n<li class=\"col-md-3\">Automatisches Vorheizen.<\/li>\n<li class=\"col-md-3\">Einstellung des Dampfauslasses.<\/li>\n<li class=\"col-md-3\">Digitale Steuerung der Wassereinspritzung.<\/li>\n<li class=\"col-md-3\">Sonde zum Herzen.<\/li>\n<li class=\"col-md-3\">2-stufige L\u00fcftersteuerung.<\/li>\n<li class=\"col-md-3\">Digitaler Thermostat 50-260\u00b0C.<\/li>\n<li>Tabletts nicht enthalten.<\/li>\n<li>CE-konform.<\/li>\n<\/ul>\n<\/div>\n<p>Optional<\/p>\n<ul>\n<li>Kondensationshaube aus Edelstahl, 2 Fettfilter aus Edelstahl, 2 Absauggeschwindigkeiten.<\/li>\n<li>Supporti per forno con struttura in acciaio inox forniti in kit di montaggio.<\/li>\n<li>Edelstahl-Kartoffelnetz GN1\/1 h40.<\/li>\n<li>Gitterrost aus rostfreiem Stahl GN1\/1.<\/li>\n<li>Rostfreier Stahl Grill 60X40CM.<\/li>\n<li>Edelstahlwanne GN1\/1 H20.<\/li>\n<li>Tablett aus rostfreiem Stahl GN1\/1 H40.<\/li>\n<li>Tablett aus rostfreiem Stahl GN1\/1 H65.<\/li>\n<li>Emailliertes Backblech GN1\/1 H20.<\/li>\n<li>Emailliertes Backblech GN1\/1 H40.<\/li>\n<li>Emailliertes Backblech GN1\/1 H65.<\/li>\n<li>Aluminium-Backblech GN1\/1.<\/li>\n<li>Aluminium-Backblech 60X40CM H20.<\/li>\n<li>Perforierte Aluminiumschale 60X40 CM H20.<\/li>\n<li>Aluminisiertes Backblech 60X40 CM H20.<\/li>\n<li>Blurex Backblech 60X40 CM H20.<\/li>\n<li>Kit lavaggio per forni.<\/li>\n<li>Duschen.<\/li>\n<\/ul>\n<div><\/div>\n<p><strong>Technische Daten:<\/strong><\/p>\n<table class=\"table table-striped\">\n<tbody>\n<tr>\n<td>\n<p class=\"dati_tecnici_label_1\"><span style=\"color: #333333;\"><span style=\"font-size: 14.4px;\">Modell<\/span><\/span><\/p>\n<\/td>\n<td><span style=\"font-size: 14.4px;\">TOP10DN<\/span><\/td>\n<\/tr>\n<tr>\n<td><span style=\"font-size: 14.4px;\">Strom<\/span><\/td>\n<td align=\"left\"><span style=\"font-size: 14.4px;\">15,7 kW<\/span><\/td>\n<\/tr>\n<tr>\n<td><span style=\"font-size: 14.4px;\">Stromversorgung<\/span><\/td>\n<td align=\"left\"><span style=\"font-size: 14.4px;\">400V\/3N\/50-60Hz<\/span><\/td>\n<\/tr>\n<tr>\n<td><span style=\"font-size: 14.4px;\">Arbeitstemperatur<\/span><\/td>\n<td align=\"left\"><span style=\"font-size: 14.4px;\">50 - 260 \u00b0C<\/span><\/td>\n<\/tr>\n<tr>\n<td><span style=\"font-size: 14.4px;\">Abmessungen der Garkammer<\/span><\/td>\n<td align=\"left\"><span style=\"font-size: 14.4px;\">660x490x948h (mm)<\/span><\/td>\n<\/tr>\n<tr>\n<td><span style=\"font-size: 14.4px;\">Abmessungen<\/span><\/td>\n<td align=\"left\"><span style=\"font-size: 14.4px;\">937&#215;827\/890&#215;1211(h) mm senza\/con maniglia<\/span><\/td>\n<\/tr>\n<tr>\n<td><span style=\"font-size: 14.4px;\">Nettogewicht <\/span><\/td>\n<td align=\"left\"><span style=\"font-size: 14.4px;\">135 kg<\/span><\/td>\n<\/tr>\n<tr>\n<td><span style=\"font-size: 14.4px;\">Bruttogewicht<\/span><\/td>\n<td align=\"left\"><span style=\"font-size: 14.4px;\">153 kg<\/span><\/td>\n<\/tr>\n<tr>\n<td><span style=\"font-size: 14.4px;\">Abmessungen der Verpackung<\/span><\/td>\n<td align=\"left\"><span style=\"font-size: 14.4px;\">1020x970x1363h (mm)<\/span><\/td>\n<\/tr>\n<tr>\n<td><span style=\"font-size: 14.4px;\">Verpackungsvolumen<\/span><\/td>\n<td align=\"left\">1,316 m\u00b3<\/td>\n<\/tr>\n<tr>\n<td><span style=\"font-size: 14.4px;\">Capacit\u00e0 Teglie Camera Cottura<\/span><\/td>\n<td align=\"left\"><span style=\"font-size: 14.4px;\">N\u00b0 10x 60x40cm &#8211; GN1\/1 &#8211; P= 80 mm<\/span><\/td>\n<\/tr>\n<tr>\n<td><span style=\"font-size: 14.4px;\">Zeitschaltuhr<\/span><\/td>\n<td align=\"left\"><span style=\"font-size: 14.4px;\">Digital<\/span><\/td>\n<\/tr>\n<tr>\n<td><span style=\"font-size: 14.4px;\">Haube Gr\u00f6\u00dfe<\/span><\/td>\n<td><span style=\"font-size: 14.4px;\">937x871x320(h)mm\/30kg<\/span><\/td>\n<\/tr>\n<tr>\n<td><span style=\"font-size: 14.4px;\">Gr\u00f6\u00dfe Unterst\u00fctzung<\/span><\/td>\n<td><span style=\"font-size: 14.4px;\">920x620x700(h)mm\/21kg<\/span><\/td>\n<\/tr>\n<\/tbody>\n<\/table>","protected":false},"excerpt":{"rendered":"<p>Forno digitale misto convezione e vapore diretto N 10 Teglie GN1\/1 e 60x40cm Fimar TOP10D FORNO MISTO CONVEZIONE-VAPORE DIRETTO DIGITALI TOP10D Forno misto convezione\/vapore diretto. Struttura in acciaio inox. Illuminazione interna alogena. 3 ventilatori centrifugo con autoreverse. Porta con doppio vetro (vetro interno apribile). Scarico acqua. Predisposizione kit lavaggio. Supporti universali per teglie gastronorm GN1\/1 [&#8230;]","protected":false},"featured_media":121923,"comment_status":"closed","ping_status":"closed","template":"","meta":{"_monsterinsights_skip_tracking":false,"_monsterinsights_sitenote_active":false,"_monsterinsights_sitenote_note":"","_monsterinsights_sitenote_category":0},"product_brand":[628],"product_cat":[667,84,9,664,16,83,159,662,25],"product_tag":[],"class_list":{"0":"post-17999","1":"product","2":"type-product","3":"status-publish","4":"has-post-thumbnail","6":"product_brand-fimar","7":"product_cat-convezione-forni","8":"product_cat-a-convenzione","9":"product_cat-attrezzature-pub","10":"product_cat-convezione","11":"product_cat-forni","12":"product_cat-forni-attrezzature-pub","13":"product_cat-forni-ristorazione","14":"product_cat-forni-cottura","15":"product_cat-attrezzature-ristoranti-pub-cucine","16":"product_shipping_class-45","17":"pa_marca-fimar","19":"first","20":"instock","21":"taxable","22":"shipping-taxable","23":"purchasable","24":"product-type-simple"},"_links":{"self":[{"href":"https:\/\/www.creaearredanegozi.it\/de\/wp-json\/wp\/v2\/product\/17999","targetHints":{"allow":["GET"]}}],"collection":[{"href":"https:\/\/www.creaearredanegozi.it\/de\/wp-json\/wp\/v2\/product"}],"about":[{"href":"https:\/\/www.creaearredanegozi.it\/de\/wp-json\/wp\/v2\/types\/product"}],"replies":[{"embeddable":true,"href":"https:\/\/www.creaearredanegozi.it\/de\/wp-json\/wp\/v2\/comments?post=17999"}],"wp:featuredmedia":[{"embeddable":true,"href":"https:\/\/www.creaearredanegozi.it\/de\/wp-json\/wp\/v2\/media\/121923"}],"wp:attachment":[{"href":"https:\/\/www.creaearredanegozi.it\/de\/wp-json\/wp\/v2\/media?parent=17999"}],"wp:term":[{"taxonomy":"product_brand","embeddable":true,"href":"https:\/\/www.creaearredanegozi.it\/de\/wp-json\/wp\/v2\/product_brand?post=17999"},{"taxonomy":"product_cat","embeddable":true,"href":"https:\/\/www.creaearredanegozi.it\/de\/wp-json\/wp\/v2\/product_cat?post=17999"},{"taxonomy":"product_tag","embeddable":true,"href":"https:\/\/www.creaearredanegozi.it\/de\/wp-json\/wp\/v2\/product_tag?post=17999"}],"curies":[{"name":"wp","href":"https:\/\/api.w.org\/{rel}","templated":true}]}}