{"id":18011,"date":"2018-12-22T09:33:01","date_gmt":"2018-12-22T08:33:01","guid":{"rendered":"https:\/\/www.creaearredanegozi.it\/?post_type=product&#038;p=18011"},"modified":"2024-11-20T13:40:09","modified_gmt":"2024-11-20T12:40:09","slug":"professioneller-digitaler-umluft-kompaktbackofen-mit-befeuchter-4-backformen-gn1-1-und-60x40cm-fimar-cmp4gpd","status":"publish","type":"product","link":"https:\/\/www.creaearredanegozi.it\/de\/professioneller-digitaler-umluft-kompaktbackofen-mit-befeuchter-4-backformen-gn1-1-und-60x40cm-fimar-cmp4gpd\/","title":{"rendered":"Professioneller elektrischer Konvektions-Kompaktbackofen mit Luftbefeuchter 4 GN1\/1 und 60x40cm Backblechen Fimar CMP4GPD"},"content":{"rendered":"<p><strong>Digitaler Elektrobackofen mit Umluft N 4 GN 1\/1 Fimar Compact<\/strong><\/p>\n<p><strong>KOMPAKTER DIGITALER UMLUFTOFEN CMP4GPD<\/strong><\/p>\n<div class=\"row thumbnails\">\n<ul>\n<li class=\"col-md-3\">Elektrischer Umluftofen mit Luftbefeuchter<\/li>\n<li class=\"col-md-3\">Struktur aus rostfreiem Stahl.<\/li>\n<li class=\"col-md-3\">Klappt\u00fcr.<\/li>\n<li class=\"col-md-3\">Halogen-Innenbeleuchtung.<\/li>\n<li class=\"col-md-3\">Doppelt verglaste T\u00fcr.<\/li>\n<li class=\"col-md-3\">Digitale Steuerung mit 99 Programmen.<\/li>\n<li class=\"col-md-3\">Bis zu 3 Garvorg\u00e4nge in automatischer Abfolge.<\/li>\n<li class=\"col-md-3\">Automatisches Vorheizen.<\/li>\n<li class=\"col-md-3\">Universalhalter f\u00fcr 4 GN1\/1 Gastronorm- oder Geb\u00e4ckschalen 600\u00d7400 mm (Schalen nicht im Lieferumfang enthalten).<\/li>\n<li class=\"col-md-3\">Digitale Steuerung der Wassereinspritzung.<\/li>\n<li class=\"col-md-3\">2 Zentrifugalventilatoren mit Autoreverse.<\/li>\n<li>Tabletts nicht enthalten.<\/li>\n<li>CE-konform.<\/li>\n<\/ul>\n<\/div>\n<p>Optional<\/p>\n<ul>\n<li>Backofenst\u00e4nder mit Edelstahlrahmen als Bausatz geliefert<\/li>\n<li>Edelstahl-Kartoffelnetz GN1\/1 h40<\/li>\n<li>Gitterrost aus Edelstahl GN1\/1<\/li>\n<li>Rostfreier Stahl Grill 60X40CM<\/li>\n<li>Edelstahlwanne GN1\/1 H20<\/li>\n<li>Edelstahltablett GN1\/1 H40<\/li>\n<li>Edelstahltablett GN1\/1 H65<\/li>\n<li>Emailliertes Backblech GN1\/1 H20<\/li>\n<li>Emailliertes Backblech GN1\/1 H40<\/li>\n<li>Emailliertes Backblech GN1\/1 H65<\/li>\n<li>Aluminium-Backblech GN1\/1<\/li>\n<li>Aluminium-Backblech 60X40CM H20<\/li>\n<li>Aluminium-Lochblech 60X40 CM H20<\/li>\n<li>Aluminisiertes Backblech 60X40 CM H20<\/li>\n<li>Blurex Backblech 60X40 CM H20.<\/li>\n<\/ul>\n<p><strong>Technische Daten:<\/strong><\/p>\n<table class=\"table table-striped\">\n<tbody>\n<tr>\n<td>\n<p class=\"dati_tecnici_label_1\"><strong>Modell<\/strong><\/p>\n<\/td>\n<td><b>CMP4GPD<\/b><\/td>\n<\/tr>\n<tr>\n<td><b>Strom<\/b><\/td>\n<td align=\"left\">6,3 kW<\/td>\n<\/tr>\n<tr>\n<td><strong>Stromversorgung<\/strong><\/td>\n<td align=\"left\">230V\/1N\/50-60Hz<\/p>\n<p>400V\/3N\/50-60Hz<\/td>\n<\/tr>\n<tr>\n<td><strong>Arbeitstemperatur<\/strong><\/td>\n<td align=\"left\">50 - 260 \u00b0C<\/td>\n<\/tr>\n<tr>\n<td><strong>Abmessungen der Garkammer<\/strong><\/td>\n<td align=\"left\">660x480x340h mm<\/td>\n<\/tr>\n<tr>\n<td><strong>Abmessungen<\/strong><\/td>\n<td align=\"left\">750x733x533h mm<\/td>\n<\/tr>\n<tr>\n<td><strong>Nettogewicht <\/strong><\/td>\n<td align=\"left\">53 kg<\/td>\n<\/tr>\n<tr>\n<td><strong>Bruttogewicht<\/strong><\/td>\n<td align=\"left\">58 kg<\/td>\n<\/tr>\n<tr>\n<td><strong>Abmessungen der Verpackung<\/strong><\/td>\n<td align=\"left\">770x770x685h mm<\/td>\n<\/tr>\n<tr>\n<td><strong>Verpackungsvolumen<\/strong><\/td>\n<td align=\"left\">0,406 m\u00b3<\/td>\n<\/tr>\n<tr>\n<td><strong>Kapazit\u00e4t des Kochraums<\/strong><\/td>\n<td align=\"left\">Nr. 4 600\u00d7400 - GN1\/1 - D= 75 mm<\/td>\n<\/tr>\n<tr>\n<td><b>Gr\u00f6\u00dfe Unterst\u00fctzung<\/b><\/td>\n<td align=\"left\">792x570x800(h)mm \/21kg<\/td>\n<\/tr>\n<\/tbody>\n<\/table>","protected":false},"excerpt":{"rendered":"<p>Forno elettrico convezione digitale N 4 GN 1\/1 Fimar Compact FORNO CONVEZIONE COMPATTO DIGITALE CMP4GPD Forno elettrico a convezione con umidificatore Struttura in acciaio inox. Porta a ribalta. Illuminazione interna alogena. Porta doppio vetro. Controllo digitale con 99 programmi. Fino a 3 cicli di cottura in sequenza automatica. Preriscaldamento automatico. Supporti universali per 4 teglie [&#8230;]","protected":false},"featured_media":121955,"comment_status":"closed","ping_status":"closed","template":"","meta":{"_monsterinsights_skip_tracking":false,"_monsterinsights_sitenote_active":false,"_monsterinsights_sitenote_note":"","_monsterinsights_sitenote_category":0},"product_brand":[628],"product_cat":[111,84,664,16,83,159,662,25],"product_tag":[],"class_list":{"0":"post-18011","1":"product","2":"type-product","3":"status-publish","4":"has-post-thumbnail","6":"product_brand-fimar","7":"product_cat-elettrici","8":"product_cat-a-convenzione","9":"product_cat-convezione","10":"product_cat-forni","11":"product_cat-forni-attrezzature-pub","12":"product_cat-forni-ristorazione","13":"product_cat-forni-cottura","14":"product_cat-attrezzature-ristoranti-pub-cucine","15":"product_shipping_class-33","16":"pa_marca-fimar","18":"first","19":"instock","20":"sale","21":"taxable","22":"shipping-taxable","23":"purchasable","24":"product-type-variable"},"_links":{"self":[{"href":"https:\/\/www.creaearredanegozi.it\/de\/wp-json\/wp\/v2\/product\/18011","targetHints":{"allow":["GET"]}}],"collection":[{"href":"https:\/\/www.creaearredanegozi.it\/de\/wp-json\/wp\/v2\/product"}],"about":[{"href":"https:\/\/www.creaearredanegozi.it\/de\/wp-json\/wp\/v2\/types\/product"}],"replies":[{"embeddable":true,"href":"https:\/\/www.creaearredanegozi.it\/de\/wp-json\/wp\/v2\/comments?post=18011"}],"wp:featuredmedia":[{"embeddable":true,"href":"https:\/\/www.creaearredanegozi.it\/de\/wp-json\/wp\/v2\/media\/121955"}],"wp:attachment":[{"href":"https:\/\/www.creaearredanegozi.it\/de\/wp-json\/wp\/v2\/media?parent=18011"}],"wp:term":[{"taxonomy":"product_brand","embeddable":true,"href":"https:\/\/www.creaearredanegozi.it\/de\/wp-json\/wp\/v2\/product_brand?post=18011"},{"taxonomy":"product_cat","embeddable":true,"href":"https:\/\/www.creaearredanegozi.it\/de\/wp-json\/wp\/v2\/product_cat?post=18011"},{"taxonomy":"product_tag","embeddable":true,"href":"https:\/\/www.creaearredanegozi.it\/de\/wp-json\/wp\/v2\/product_tag?post=18011"}],"curies":[{"name":"wp","href":"https:\/\/api.w.org\/{rel}","templated":true}]}}