{"id":18013,"date":"2018-12-22T09:52:38","date_gmt":"2018-12-22T08:52:38","guid":{"rendered":"https:\/\/www.creaearredanegozi.it\/?post_type=product&#038;p=18013"},"modified":"2025-12-04T11:25:22","modified_gmt":"2025-12-04T10:25:22","slug":"forno-convezione-compatto-digitale-professionale-con-umidificatore-4-teglie-gn2-3-e-45x34cm-fimar-cmp423d","status":"publish","type":"product","link":"https:\/\/www.creaearredanegozi.it\/de\/forno-convezione-compatto-digitale-professionale-con-umidificatore-4-teglie-gn2-3-e-45x34cm-fimar-cmp423d\/","title":{"rendered":"Professioneller digitaler Kompakt-Umluftofen mit Luftbefeuchter 4 GN2\/3 und 45x34cm Backblechen Fimar CMP423D"},"content":{"rendered":"<h3 style=\"text-align: center;\"><strong>Forno elettrico convezione digitale N 4 GN 2\/3 Fimar Compact<\/strong><\/h3>\n<p><strong>KOMPAKTER DIGITALER UMLUFTOFEN CMP423D<\/strong><\/p>\n<div class=\"row thumbnails\">\n<ul>\n<li class=\"col-md-3\">Forno elettrico a convezione con umidificatore.<\/li>\n<li class=\"col-md-3\">Struktur aus rostfreiem Stahl.<\/li>\n<li class=\"col-md-3\">Klappt\u00fcr.<\/li>\n<li class=\"col-md-3\">Halogen-Innenbeleuchtung.<\/li>\n<li class=\"col-md-3\">Doppelt verglaste T\u00fcr.<\/li>\n<li class=\"col-md-3\">Digitale Steuerung mit 99 Programmen.<\/li>\n<li class=\"col-md-3\">Bis zu 3 Garvorg\u00e4nge in automatischer Abfolge.<\/li>\n<li class=\"col-md-3\">Automatisches Vorheizen.<\/li>\n<li class=\"col-md-3\">Supporti per 4 teglie pasticceria 45x34cm (4 teglie GN2\/3 in acciaio incluse).<\/li>\n<li class=\"col-md-3\">Digitale Steuerung der Wassereinspritzung.<\/li>\n<li class=\"col-md-3\">1 ventilatore centrifugo con autoreverse.<\/li>\n<\/ul>\n<\/div>\n<p>Optional:<\/p>\n<ul>\n<li>Backofenst\u00e4nder mit Edelstahlrahmen wird als Bausatz geliefert.<\/li>\n<li>Griglia acciaio inox GN2\/3.<\/li>\n<li>Teglia acciaio inox GN2\/3 h20.<\/li>\n<li>Teglia acciaio inox GN2\/3 h40.<\/li>\n<li>Edelstahltablett GN2\/3 h65<\/li>\n<\/ul>\n<p><strong>Technische Daten:<\/strong><\/p>\n<table class=\"table table-striped\">\n<tbody>\n<tr>\n<td>\n<p class=\"dati_tecnici_label_1\"><strong>Modell<\/strong><\/p>\n<\/td>\n<td><b>CMP4GPD<\/b><\/td>\n<\/tr>\n<tr>\n<td><b>Strom<\/b><\/td>\n<td align=\"left\">3,2 kW<\/td>\n<\/tr>\n<tr>\n<td><strong>Stromversorgung<\/strong><\/td>\n<td align=\"left\">230V\/1N\/50-60Hz<\/td>\n<\/tr>\n<tr>\n<td><strong>Arbeitstemperatur<\/strong><\/td>\n<td align=\"left\">50 - 260 \u00b0C<\/td>\n<\/tr>\n<tr>\n<td><strong>Abmessungen der Garkammer<\/strong><\/td>\n<td align=\"left\">475x430x325h mm<\/td>\n<\/tr>\n<tr>\n<td><strong>Abmessungen<\/strong><\/td>\n<td align=\"left\">560x650x530h mm<\/td>\n<\/tr>\n<tr>\n<td><strong>Nettogewicht <\/strong><\/td>\n<td align=\"left\">31 kg<\/td>\n<\/tr>\n<tr>\n<td><strong>Bruttogewicht<\/strong><\/td>\n<td align=\"left\">34 kg<\/td>\n<\/tr>\n<tr>\n<td><strong>Abmessungen der Verpackung<\/strong><\/td>\n<td align=\"left\">600x700x670h mm<\/td>\n<\/tr>\n<tr>\n<td><strong>Verpackungsvolumen<\/strong><\/td>\n<td align=\"left\">0,281 m\u00b3<\/td>\n<\/tr>\n<tr>\n<td><strong>Kapazit\u00e4t des Kochraums<\/strong><\/td>\n<td align=\"left\">N\u00b0 4 450&#215;340 &#8211; P= 75 mm<\/td>\n<\/tr>\n<tr>\n<td><b>Gr\u00f6\u00dfe Unterst\u00fctzung<\/b><\/td>\n<td align=\"left\">592x530x800(h)mm \/ 19kg<\/td>\n<\/tr>\n<\/tbody>\n<\/table>","protected":false},"excerpt":{"rendered":"<p>Forno elettrico convezione digitale N 4 GN 2\/3 Fimar Compact FORNO CONVEZIONE COMPATTO DIGITALE CMP423D Forno elettrico a convezione con umidificatore. Struttura in acciaio inox. Porta a ribalta. Illuminazione interna alogena. Porta doppio vetro. Controllo digitale con 99 programmi. Fino a 3 cicli di cottura in sequenza automatica. Preriscaldamento automatico. Supporti per 4 teglie pasticceria [&#8230;]","protected":false},"featured_media":121944,"comment_status":"closed","ping_status":"closed","template":"","meta":{"_monsterinsights_skip_tracking":false,"_monsterinsights_sitenote_active":false,"_monsterinsights_sitenote_note":"","_monsterinsights_sitenote_category":0},"product_brand":[628],"product_cat":[667,84,664,111,16,83,159,662],"product_tag":[],"class_list":{"0":"post-18013","1":"product","2":"type-product","3":"status-publish","4":"has-post-thumbnail","6":"product_brand-fimar","7":"product_cat-convezione-forni","8":"product_cat-a-convenzione","9":"product_cat-convezione","10":"product_cat-elettrici","11":"product_cat-forni","12":"product_cat-forni-attrezzature-pub","13":"product_cat-forni-ristorazione","14":"product_cat-forni-cottura","15":"product_shipping_class-681","16":"pa_marca-fimar","18":"first","19":"instock","20":"taxable","21":"shipping-taxable","22":"purchasable","23":"product-type-simple"},"_links":{"self":[{"href":"https:\/\/www.creaearredanegozi.it\/de\/wp-json\/wp\/v2\/product\/18013","targetHints":{"allow":["GET"]}}],"collection":[{"href":"https:\/\/www.creaearredanegozi.it\/de\/wp-json\/wp\/v2\/product"}],"about":[{"href":"https:\/\/www.creaearredanegozi.it\/de\/wp-json\/wp\/v2\/types\/product"}],"replies":[{"embeddable":true,"href":"https:\/\/www.creaearredanegozi.it\/de\/wp-json\/wp\/v2\/comments?post=18013"}],"wp:featuredmedia":[{"embeddable":true,"href":"https:\/\/www.creaearredanegozi.it\/de\/wp-json\/wp\/v2\/media\/121944"}],"wp:attachment":[{"href":"https:\/\/www.creaearredanegozi.it\/de\/wp-json\/wp\/v2\/media?parent=18013"}],"wp:term":[{"taxonomy":"product_brand","embeddable":true,"href":"https:\/\/www.creaearredanegozi.it\/de\/wp-json\/wp\/v2\/product_brand?post=18013"},{"taxonomy":"product_cat","embeddable":true,"href":"https:\/\/www.creaearredanegozi.it\/de\/wp-json\/wp\/v2\/product_cat?post=18013"},{"taxonomy":"product_tag","embeddable":true,"href":"https:\/\/www.creaearredanegozi.it\/de\/wp-json\/wp\/v2\/product_tag?post=18013"}],"curies":[{"name":"wp","href":"https:\/\/api.w.org\/{rel}","templated":true}]}}