{"id":18014,"date":"2018-12-22T10:06:43","date_gmt":"2018-12-22T09:06:43","guid":{"rendered":"https:\/\/www.creaearredanegozi.it\/?post_type=product&#038;p=18014"},"modified":"2023-11-24T10:35:39","modified_gmt":"2023-11-24T09:35:39","slug":"professioneller-edelstahl-heizschrank-12-backformen-gn1-1-fur-fimar-foalstr-start-backofen","status":"publish","type":"product","link":"https:\/\/www.creaearredanegozi.it\/de\/professioneller-edelstahl-heizschrank-12-backformen-gn1-1-fur-fimar-foalstr-start-backofen\/","title":{"rendered":"Beheizter professioneller G\u00e4rschrank aus Edelstahl Kapazit\u00e4t 12 Backbleche GN1\/1 f\u00fcr START-\u00d6fen Fimar FOALSTR"},"content":{"rendered":"<h3>Beheizte G\u00e4rschr\u00e4nke aus Edelstahl N 12 GN1\/1 f\u00fcr Fimar START-Back\u00f6fen<\/h3>\n<p><strong>FOALSTR SAUERTEIGSCHRANK<\/strong><\/p>\n<div class=\"row thumbnails\">\n<ul>\n<li class=\"col-md-3\">Beheizter Schrank\/Ofenk\u00fchler.<\/li>\n<li class=\"col-md-3\">Rahmen aus rostfreiem Stahl und Glast\u00fcr.<\/li>\n<li class=\"col-md-3\">Thermostat 0-60\u00b0C.<\/li>\n<li class=\"col-md-3\">Wasserbecken am Boden des Schrankes.<\/li>\n<li>FOALSTR: 12 Bleche - f\u00fcr die Backofenmodelle STR6 und STR10...<\/li>\n<li>Tabletts nicht enthalten.<\/li>\n<li>CE-konform.<\/li>\n<\/ul>\n<\/div>\n<p><strong>Technische Daten:<\/strong><\/p>\n<table class=\"table table-striped\">\n<tbody>\n<tr>\n<td>\n<p class=\"dati_tecnici_label_1\"><strong>Modell<\/strong><\/p>\n<\/td>\n<td><b>FOALSTR<\/b><\/td>\n<\/tr>\n<tr>\n<td><b>Strom<\/b><\/td>\n<td align=\"left\">2 kW<\/td>\n<\/tr>\n<tr>\n<td><strong>Stromversorgung<\/strong><\/td>\n<td align=\"left\">230V\/1N\/50-60Hz<\/td>\n<\/tr>\n<tr>\n<td><strong>Arbeitstemperatur<\/strong><\/td>\n<td align=\"left\">0 - 260 \u00b0C<\/td>\n<\/tr>\n<tr>\n<td><strong>Abmessungen der Garkammer<\/strong><\/td>\n<td align=\"left\">410x860x540h mm<\/td>\n<\/tr>\n<tr>\n<td><strong>Abmessungen<\/strong><\/td>\n<td align=\"left\">790x900x760h mm<\/td>\n<\/tr>\n<tr>\n<td><strong>Nettogewicht <\/strong><\/td>\n<td align=\"left\">48 kg<\/td>\n<\/tr>\n<tr>\n<td><strong>Bruttogewicht<\/strong><\/td>\n<td align=\"left\">62 kg<\/td>\n<\/tr>\n<tr>\n<td><strong>Abmessungen der Verpackung<\/strong><\/td>\n<td align=\"left\">860x1000x900h mm<\/td>\n<\/tr>\n<tr>\n<td><strong>Verpackungsvolumen<\/strong><\/td>\n<td align=\"left\">0,774 m\u00b3<\/td>\n<\/tr>\n<tr>\n<td><strong>Kapazit\u00e4t des Kochraums<\/strong><\/td>\n<td align=\"left\">Nr. 12 600\u00d7400 - GN1\/1 - D= 80 mm<\/td>\n<\/tr>\n<\/tbody>\n<\/table>","protected":false},"excerpt":{"rendered":"<p>Armadi inox riscaldati lievitatori N 12 GN1\/1 per forni Fimar START ARMADIO LIEVITATORE FOALSTR Armadio riscaldato\/lievitatore per forni. Struttura in acciaio inox e porta in vetro. Termostato 0-60\u00b0C. Bacinella per l\u2019acqua sul fondo dell\u2019armadio. FOALSTR: 12 teglie \u2013 per modelli forni STR6 e STR10.. Teglie non incluse. A norma CE. Dati tecnici: Modello FOALSTR Potenza [&#8230;]","protected":false},"featured_media":121984,"comment_status":"closed","ping_status":"closed","template":"","meta":{"_monsterinsights_skip_tracking":false,"_monsterinsights_sitenote_active":false,"_monsterinsights_sitenote_note":"","_monsterinsights_sitenote_category":0},"product_brand":[628],"product_cat":[109,46,702,703,16,691],"product_tag":[],"class_list":{"0":"post-18014","1":"product","2":"type-product","3":"status-publish","4":"has-post-thumbnail","6":"product_brand-fimar","7":"product_cat-celle-di-lievitazione","8":"product_cat-attrezzature-per-pizzeria-attrezzi-pizzaiolo","9":"product_cat-celle-lievitazione","10":"product_cat-celle-lievitazione-panifici","11":"product_cat-forni","12":"product_cat-panifici","13":"product_shipping_class-c","14":"pa_marca-fimar","16":"first","17":"instock","18":"taxable","19":"shipping-taxable","20":"purchasable","21":"product-type-simple"},"_links":{"self":[{"href":"https:\/\/www.creaearredanegozi.it\/de\/wp-json\/wp\/v2\/product\/18014","targetHints":{"allow":["GET"]}}],"collection":[{"href":"https:\/\/www.creaearredanegozi.it\/de\/wp-json\/wp\/v2\/product"}],"about":[{"href":"https:\/\/www.creaearredanegozi.it\/de\/wp-json\/wp\/v2\/types\/product"}],"replies":[{"embeddable":true,"href":"https:\/\/www.creaearredanegozi.it\/de\/wp-json\/wp\/v2\/comments?post=18014"}],"wp:featuredmedia":[{"embeddable":true,"href":"https:\/\/www.creaearredanegozi.it\/de\/wp-json\/wp\/v2\/media\/121984"}],"wp:attachment":[{"href":"https:\/\/www.creaearredanegozi.it\/de\/wp-json\/wp\/v2\/media?parent=18014"}],"wp:term":[{"taxonomy":"product_brand","embeddable":true,"href":"https:\/\/www.creaearredanegozi.it\/de\/wp-json\/wp\/v2\/product_brand?post=18014"},{"taxonomy":"product_cat","embeddable":true,"href":"https:\/\/www.creaearredanegozi.it\/de\/wp-json\/wp\/v2\/product_cat?post=18014"},{"taxonomy":"product_tag","embeddable":true,"href":"https:\/\/www.creaearredanegozi.it\/de\/wp-json\/wp\/v2\/product_tag?post=18014"}],"curies":[{"name":"wp","href":"https:\/\/api.w.org\/{rel}","templated":true}]}}