{"id":18018,"date":"2018-12-22T10:53:56","date_gmt":"2018-12-22T09:53:56","guid":{"rendered":"https:\/\/www.creaearredanegozi.it\/?post_type=product&#038;p=18018"},"modified":"2023-11-24T10:36:10","modified_gmt":"2023-11-24T09:36:10","slug":"professioneller-edelstahl-heizschrank-fur-8-backformen-gn1-1-fur-cmp4gp-backofen-fimar-foalcmp4gp","status":"publish","type":"product","link":"https:\/\/www.creaearredanegozi.it\/de\/professioneller-edelstahl-heizschrank-fur-8-backformen-gn1-1-fur-cmp4gp-backofen-fimar-foalcmp4gp\/","title":{"rendered":"Professionelle Edelstahl-Back\u00f6fen beheizte Kabinett f\u00fcr 8 GN1\/1 Backbleche f\u00fcr \u00d6fen CMP4GP Fimar FOALCMP4GP"},"content":{"rendered":"<h3>Beheizte G\u00e4rschr\u00e4nke aus Edelstahl N 8 GN1\/1 f\u00fcr Fimar-\u00d6fen CMP4GPD - CMP4GPM - CMP4GPMI<\/h3>\n<p><strong>FOALCMP4GP-S\u00c4URESCHRANK<\/strong><\/p>\n<div class=\"row thumbnails\">\n<ul>\n<li class=\"col-md-3\">Beheizter Schrank\/Ofenk\u00fchler.<\/li>\n<li class=\"col-md-3\">Rahmen aus rostfreiem Stahl und Glast\u00fcr.<\/li>\n<li class=\"col-md-3\">Thermostat 0-60\u00b0C.<\/li>\n<li class=\"col-md-3\">Wasserbecken am Boden des Schrankes.<\/li>\n<li>FOALCMP4GP: 8 Pfannen - f\u00fcr die Ofenmodelle CMP4GPD - CMP4GPM - CMP4GPMI.<\/li>\n<li>Tabletts nicht enthalten.<\/li>\n<li>CE-konform.<\/li>\n<\/ul>\n<\/div>\n<p><strong>Technische Daten:<\/strong><\/p>\n<table class=\"table table-striped\">\n<tbody>\n<tr>\n<td>\n<p class=\"dati_tecnici_label_1\"><strong>Modell<\/strong><\/p>\n<\/td>\n<td><b>FOALCMP4GP<\/b><\/td>\n<\/tr>\n<tr>\n<td><b>Strom<\/b><\/td>\n<td align=\"left\">2 kW<\/td>\n<\/tr>\n<tr>\n<td><strong>Stromversorgung<\/strong><\/td>\n<td align=\"left\">230V\/1N\/50-60Hz<\/td>\n<\/tr>\n<tr>\n<td><strong>Arbeitstemperatur<\/strong><\/td>\n<td align=\"left\">0 - 60 \u00b0C<\/td>\n<\/tr>\n<tr>\n<td><strong>Abmessungen der Garkammer<\/strong><\/td>\n<td align=\"left\">610x610x700h mm<\/td>\n<\/tr>\n<tr>\n<td><strong>Abmessungen<\/strong><\/td>\n<td align=\"left\">800x690x860h mm<\/td>\n<\/tr>\n<tr>\n<td><strong>Nettogewicht <\/strong><\/td>\n<td align=\"left\">36 kg<\/td>\n<\/tr>\n<tr>\n<td><strong>Bruttogewicht<\/strong><\/td>\n<td align=\"left\">50 kg<\/td>\n<\/tr>\n<tr>\n<td><strong>Abmessungen der Verpackung<\/strong><\/td>\n<td align=\"left\">860x800x1010h mm<\/td>\n<\/tr>\n<tr>\n<td><strong>Verpackungsvolumen<\/strong><\/td>\n<td align=\"left\">0,695 m\u00b3<\/td>\n<\/tr>\n<tr>\n<td><strong>Kapazit\u00e4t des Kochraums<\/strong><\/td>\n<td align=\"left\">Nr. 8 600\u00d7400 - GN1\/1 - D= 75 mm<\/td>\n<\/tr>\n<\/tbody>\n<\/table>","protected":false},"excerpt":{"rendered":"<p>Armadi inox riscaldati lievitatori N 8 GN1\/1 per forni Fimar CMP4GPD \u2013 CMP4GPM \u2013 CMP4GPMI ARMADIO LIEVITATORE FOALCMP4GP Armadio riscaldato\/lievitatore per forni. Struttura in acciaio inox e porta in vetro. Termostato 0-60\u00b0C. Bacinella per l\u2019acqua sul fondo dell\u2019armadio. FOALCMP4GP: 8 teglie \u2013 per modelli forni CMP4GPD \u2013 CMP4GPM \u2013 CMP4GPMI. Teglie non incluse. A norma [&#8230;]","protected":false},"featured_media":121986,"comment_status":"closed","ping_status":"closed","template":"","meta":{"_monsterinsights_skip_tracking":false,"_monsterinsights_sitenote_active":false,"_monsterinsights_sitenote_note":"","_monsterinsights_sitenote_category":0},"product_brand":[628],"product_cat":[702,117,46,109,703,16,691],"product_tag":[],"class_list":{"0":"post-18018","1":"product","2":"type-product","3":"status-publish","4":"has-post-thumbnail","6":"product_brand-fimar","7":"product_cat-celle-lievitazione","8":"product_cat-armadi-refrigerati-lavorazione-inox","9":"product_cat-attrezzature-per-pizzeria-attrezzi-pizzaiolo","10":"product_cat-celle-di-lievitazione","11":"product_cat-celle-lievitazione-panifici","12":"product_cat-forni","13":"product_cat-panifici","14":"product_shipping_class-c","15":"pa_marca-fimar","17":"first","18":"instock","19":"taxable","20":"shipping-taxable","21":"purchasable","22":"product-type-simple"},"_links":{"self":[{"href":"https:\/\/www.creaearredanegozi.it\/de\/wp-json\/wp\/v2\/product\/18018","targetHints":{"allow":["GET"]}}],"collection":[{"href":"https:\/\/www.creaearredanegozi.it\/de\/wp-json\/wp\/v2\/product"}],"about":[{"href":"https:\/\/www.creaearredanegozi.it\/de\/wp-json\/wp\/v2\/types\/product"}],"replies":[{"embeddable":true,"href":"https:\/\/www.creaearredanegozi.it\/de\/wp-json\/wp\/v2\/comments?post=18018"}],"wp:featuredmedia":[{"embeddable":true,"href":"https:\/\/www.creaearredanegozi.it\/de\/wp-json\/wp\/v2\/media\/121986"}],"wp:attachment":[{"href":"https:\/\/www.creaearredanegozi.it\/de\/wp-json\/wp\/v2\/media?parent=18018"}],"wp:term":[{"taxonomy":"product_brand","embeddable":true,"href":"https:\/\/www.creaearredanegozi.it\/de\/wp-json\/wp\/v2\/product_brand?post=18018"},{"taxonomy":"product_cat","embeddable":true,"href":"https:\/\/www.creaearredanegozi.it\/de\/wp-json\/wp\/v2\/product_cat?post=18018"},{"taxonomy":"product_tag","embeddable":true,"href":"https:\/\/www.creaearredanegozi.it\/de\/wp-json\/wp\/v2\/product_tag?post=18018"}],"curies":[{"name":"wp","href":"https:\/\/api.w.org\/{rel}","templated":true}]}}