{"id":18019,"date":"2018-12-22T11:10:18","date_gmt":"2018-12-22T10:10:18","guid":{"rendered":"https:\/\/www.creaearredanegozi.it\/?post_type=product&#038;p=18019"},"modified":"2023-12-12T13:06:41","modified_gmt":"2023-12-12T12:06:41","slug":"professioneller-edelstahl-heizschrank-fur-8-gn2-bretter-3-ofen-cmp423-fimar-foalcmp423","status":"publish","type":"product","link":"https:\/\/www.creaearredanegozi.it\/de\/professioneller-edelstahl-heizschrank-fur-8-gn2-bretter-3-ofen-cmp423-fimar-foalcmp423\/","title":{"rendered":"Beheizter Profi-Backschrank f\u00fcr 8 Backbleche GN2\/3 Back\u00f6fen CMP423 Fimar FOALCMP423"},"content":{"rendered":"<h3>Beheizte G\u00e4rschr\u00e4nke aus Edelstahl N 8 GN2\/3 f\u00fcr Fimar-\u00d6fen CMP423D CMP423M<\/h3>\n<p><strong>FOALCMP423 G\u00c4RSCHRANK<\/strong><\/p>\n<div class=\"row thumbnails\">\n<ul>\n<li class=\"col-md-3\">Beheizter Schrank\/ Backofen.<\/li>\n<li class=\"col-md-3\">Rahmen aus rostfreiem Stahl und Glast\u00fcr.<\/li>\n<li class=\"col-md-3\">Thermostat 0-60\u00b0C.<\/li>\n<li class=\"col-md-3\">Wasserbecken am Boden des Schrankes.<\/li>\n<li>FOALCMP423: 8 Bleche - f\u00fcr Backofenmodelle CMP423D - CMP423M..<\/li>\n<li>Tabletts nicht enthalten.<\/li>\n<li>CE-konform.<\/li>\n<\/ul>\n<\/div>\n<p><strong>Technische Daten:<\/strong><\/p>\n<table class=\"table table-striped\">\n<tbody>\n<tr>\n<td>\n<p class=\"dati_tecnici_label_1\"><strong>Modell<\/strong><\/p>\n<\/td>\n<td><b>FOALCMP4GP<\/b><\/td>\n<\/tr>\n<tr>\n<td><b>Strom<\/b><\/td>\n<td align=\"left\">2 kW<\/td>\n<\/tr>\n<tr>\n<td><strong>Stromversorgung<\/strong><\/td>\n<td align=\"left\">230V\/1N\/50-60Hz<\/td>\n<\/tr>\n<tr>\n<td><strong>Arbeitstemperatur<\/strong><\/td>\n<td align=\"left\">0 - 60 \u00b0C<\/td>\n<\/tr>\n<tr>\n<td><strong>Abmessungen der Garkammer<\/strong><\/td>\n<td align=\"left\">480x540x700h mm<\/td>\n<\/tr>\n<tr>\n<td><strong>Abmessungen<\/strong><\/td>\n<td align=\"left\">600x690x860h mm<\/td>\n<\/tr>\n<tr>\n<td><strong>Nettogewicht <\/strong><\/td>\n<td align=\"left\">28 kg<\/td>\n<\/tr>\n<tr>\n<td><strong>Bruttogewicht<\/strong><\/td>\n<td align=\"left\">40 kg<\/td>\n<\/tr>\n<tr>\n<td><strong>Abmessungen der Verpackung<\/strong><\/td>\n<td align=\"left\">660x700x1010h mm<\/td>\n<\/tr>\n<tr>\n<td><strong>Verpackungsvolumen<\/strong><\/td>\n<td align=\"left\">0,467 m\u00b3<\/td>\n<\/tr>\n<tr>\n<td><strong>Kapazit\u00e4t des Kochraums<\/strong><\/td>\n<td align=\"left\">Nr. 8 450\/470\u00d7340 -GN2\/3 P= 75 mm<\/td>\n<\/tr>\n<\/tbody>\n<\/table>","protected":false},"excerpt":{"rendered":"<p>Armadi inox riscaldati lievitatori N 8 GN2\/3 per forni Fimar CMP423D\u00a0 CMP423M ARMADIO LIEVITATORE FOALCMP423 Armadio riscaldato\/\u00a0 lievitatore per forni. Struttura in acciaio inox e porta in vetro. Termostato 0-60\u00b0C. Bacinella per l\u2019acqua sul fondo dell\u2019armadio. FOALCMP423: 8 teglie \u2013 per modelli forni CMP423D \u2013 CMP423M.. Teglie non incluse. A norma CE. Dati tecnici: Modello [&#8230;]","protected":false},"featured_media":121988,"comment_status":"closed","ping_status":"closed","template":"","meta":{"_monsterinsights_skip_tracking":false,"_monsterinsights_sitenote_active":false,"_monsterinsights_sitenote_note":"","_monsterinsights_sitenote_category":0},"product_brand":[628],"product_cat":[702,46,109,703,16,691],"product_tag":[],"class_list":{"0":"post-18019","1":"product","2":"type-product","3":"status-publish","4":"has-post-thumbnail","6":"product_brand-fimar","7":"product_cat-celle-lievitazione","8":"product_cat-attrezzature-per-pizzeria-attrezzi-pizzaiolo","9":"product_cat-celle-di-lievitazione","10":"product_cat-celle-lievitazione-panifici","11":"product_cat-forni","12":"product_cat-panifici","13":"product_shipping_class-33","14":"pa_marca-fimar","16":"first","17":"instock","18":"taxable","19":"shipping-taxable","20":"purchasable","21":"product-type-simple"},"_links":{"self":[{"href":"https:\/\/www.creaearredanegozi.it\/de\/wp-json\/wp\/v2\/product\/18019","targetHints":{"allow":["GET"]}}],"collection":[{"href":"https:\/\/www.creaearredanegozi.it\/de\/wp-json\/wp\/v2\/product"}],"about":[{"href":"https:\/\/www.creaearredanegozi.it\/de\/wp-json\/wp\/v2\/types\/product"}],"replies":[{"embeddable":true,"href":"https:\/\/www.creaearredanegozi.it\/de\/wp-json\/wp\/v2\/comments?post=18019"}],"wp:featuredmedia":[{"embeddable":true,"href":"https:\/\/www.creaearredanegozi.it\/de\/wp-json\/wp\/v2\/media\/121988"}],"wp:attachment":[{"href":"https:\/\/www.creaearredanegozi.it\/de\/wp-json\/wp\/v2\/media?parent=18019"}],"wp:term":[{"taxonomy":"product_brand","embeddable":true,"href":"https:\/\/www.creaearredanegozi.it\/de\/wp-json\/wp\/v2\/product_brand?post=18019"},{"taxonomy":"product_cat","embeddable":true,"href":"https:\/\/www.creaearredanegozi.it\/de\/wp-json\/wp\/v2\/product_cat?post=18019"},{"taxonomy":"product_tag","embeddable":true,"href":"https:\/\/www.creaearredanegozi.it\/de\/wp-json\/wp\/v2\/product_tag?post=18019"}],"curies":[{"name":"wp","href":"https:\/\/api.w.org\/{rel}","templated":true}]}}