{"id":18036,"date":"2018-12-27T09:11:03","date_gmt":"2018-12-27T08:11:03","guid":{"rendered":"https:\/\/www.creaearredanegozi.it\/?post_type=product&#038;p=18036"},"modified":"2023-12-12T13:08:00","modified_gmt":"2023-12-12T12:08:00","slug":"supporto-per-forni-serie-start-acciaio-inox-79x73-5x70-cm-capienza-6-teglie-gn-1-1-fimar-focavstr","status":"publish","type":"product","link":"https:\/\/www.creaearredanegozi.it\/de\/supporto-per-forni-serie-start-acciaio-inox-79x73-5x70-cm-capienza-6-teglie-gn-1-1-fimar-focavstr\/","title":{"rendered":"Backofenst\u00e4nder START Edelstahl 79\u00d773,5\u00d770 cm Kapazit\u00e4t 6 Backbleche GN 1\/1 Fimar FOCAVSTR"},"content":{"rendered":"<h3>Supporto per forni acciaio inox 79&#215;73.5&#215;70 cm 6 teglie GN 1\/1 Fimar FOCAVSTR<\/h3>\n<div><strong>FOCAVSTR \u2013 Supporti per forni serie START<\/strong><\/div>\n<div class=\"row thumbnails\">\n<ul>\n<li class=\"col-md-3\">Supporto per forni con struttura in acciaio inox forniti in kit di montaggio.<\/li>\n<li>Per forno serie START STR6-STR10.<\/li>\n<li>Achsabstand 80 mm.<\/li>\n<li>Capacit\u00e0 6 teglie tra GN 1\/1 e 60&#215;40 cm (non incluse).<\/li>\n<li>CE-konform.<\/li>\n<\/ul>\n<\/div>\n<p><strong>Technische Daten:<\/strong><\/p>\n<table class=\"table table-striped\">\n<tbody>\n<tr>\n<td>\n<p class=\"dati_tecnici_label_1\"><span style=\"color: #333333;\"><span style=\"font-size: 14.4px;\">Modell<\/span><\/span><\/p>\n<\/td>\n<td><span style=\"font-size: 14.4px;\">FOCAVSTR<\/span><\/td>\n<\/tr>\n<tr>\n<td><span style=\"font-size: 14.4px;\">Abmessungen<\/span><\/td>\n<td align=\"left\"><span style=\"font-size: 14.4px;\">790x753x700h mm<\/span><\/td>\n<\/tr>\n<tr>\n<td><span style=\"font-size: 14.4px;\">Nettogewicht <\/span><\/td>\n<td align=\"left\"><span style=\"font-size: 14.4px;\">21,5 kg<\/span><\/td>\n<\/tr>\n<tr>\n<td><span style=\"font-size: 14.4px;\">Bruttogewicht<\/span><\/td>\n<td align=\"left\"><span style=\"font-size: 14.4px;\">22,5 kg<\/span><\/td>\n<\/tr>\n<tr>\n<td><span style=\"font-size: 14.4px;\">Abmessungen der Verpackung<\/span><\/td>\n<td align=\"left\"><span style=\"font-size: 14.4px;\">830x830x300h mm<\/span><\/td>\n<\/tr>\n<tr>\n<td><span style=\"font-size: 14.4px;\">Verpackungsvolumen<\/span><\/td>\n<td align=\"left\"><span style=\"font-size: 14.4px;\">0,206 m\u00b3<\/span><\/td>\n<\/tr>\n<tr>\n<td><span style=\"font-size: 14.4px;\">Fassungsverm\u00f6gen des Backblechs<\/span><\/td>\n<td align=\"left\"><span style=\"font-size: 14.4px;\">Nr. 6 GN 1\/1 - 60\u00d740 cm - D=80 mm<\/span><\/td>\n<\/tr>\n<\/tbody>\n<\/table>","protected":false},"excerpt":{"rendered":"<p>Supporto per forni acciaio inox 79&#215;73.5&#215;70 cm 6 teglie GN 1\/1 Fimar FOCAVSTR FOCAVSTR \u2013 Supporti per forni serie START Supporto per forni con struttura in acciaio inox forniti in kit di montaggio. Per forno serie START STR6-STR10. Interasse 80 mm. Capacit\u00e0 6 teglie tra GN 1\/1 e 60&#215;40 cm (non incluse). A norma CE. [&#8230;]","protected":false},"featured_media":121994,"comment_status":"closed","ping_status":"closed","template":"","meta":{"_monsterinsights_skip_tracking":false,"_monsterinsights_sitenote_active":false,"_monsterinsights_sitenote_note":"","_monsterinsights_sitenote_category":0},"product_brand":[628],"product_cat":[112,46,16,76],"product_tag":[],"class_list":{"0":"post-18036","1":"product","2":"type-product","3":"status-publish","4":"has-post-thumbnail","6":"product_brand-fimar","7":"product_cat-supporti-forni","8":"product_cat-attrezzature-per-pizzeria-attrezzi-pizzaiolo","9":"product_cat-forni","10":"product_cat-supporti","11":"product_shipping_class-206","12":"pa_marca-fimar","14":"first","15":"instock","16":"taxable","17":"shipping-taxable","18":"purchasable","19":"product-type-simple"},"_links":{"self":[{"href":"https:\/\/www.creaearredanegozi.it\/de\/wp-json\/wp\/v2\/product\/18036","targetHints":{"allow":["GET"]}}],"collection":[{"href":"https:\/\/www.creaearredanegozi.it\/de\/wp-json\/wp\/v2\/product"}],"about":[{"href":"https:\/\/www.creaearredanegozi.it\/de\/wp-json\/wp\/v2\/types\/product"}],"replies":[{"embeddable":true,"href":"https:\/\/www.creaearredanegozi.it\/de\/wp-json\/wp\/v2\/comments?post=18036"}],"wp:featuredmedia":[{"embeddable":true,"href":"https:\/\/www.creaearredanegozi.it\/de\/wp-json\/wp\/v2\/media\/121994"}],"wp:attachment":[{"href":"https:\/\/www.creaearredanegozi.it\/de\/wp-json\/wp\/v2\/media?parent=18036"}],"wp:term":[{"taxonomy":"product_brand","embeddable":true,"href":"https:\/\/www.creaearredanegozi.it\/de\/wp-json\/wp\/v2\/product_brand?post=18036"},{"taxonomy":"product_cat","embeddable":true,"href":"https:\/\/www.creaearredanegozi.it\/de\/wp-json\/wp\/v2\/product_cat?post=18036"},{"taxonomy":"product_tag","embeddable":true,"href":"https:\/\/www.creaearredanegozi.it\/de\/wp-json\/wp\/v2\/product_tag?post=18036"}],"curies":[{"name":"wp","href":"https:\/\/api.w.org\/{rel}","templated":true}]}}