{"id":18044,"date":"2018-12-27T10:02:09","date_gmt":"2018-12-27T09:02:09","guid":{"rendered":"https:\/\/www.creaearredanegozi.it\/?post_type=product&#038;p=18044"},"modified":"2023-11-24T10:43:36","modified_gmt":"2023-11-24T09:43:36","slug":"cappa-a-condensazione-professionale-acciaio-inox-79x99-1x32-cm-per-serie-forni-start-fimar-accapstr","status":"publish","type":"product","link":"https:\/\/www.creaearredanegozi.it\/de\/cappa-a-condensazione-professionale-acciaio-inox-79x99-1x32-cm-per-serie-forni-start-fimar-accapstr\/","title":{"rendered":"Professionelle Kondenswasser-Dunstabzugshaube aus Edelstahl 79\u00d799,1\u00d732 cm f\u00fcr Fimar START Backofen Serie ACCAPSTR"},"content":{"rendered":"<p><strong>Cappa a condensazione 79&#215;99.1&#215;32 cm Fimar ACCAPSTR<\/strong><\/p>\n<p><strong>Cappa a condensazione per serie forni Start<\/strong><\/p>\n<ul>\n<li>Kondensationshaube aus rostfreiem Stahl.<\/li>\n<li>Zwei Fettfilter aus rostfreiem Stahl.<\/li>\n<li>Zwei Absauggeschwindigkeiten.<\/li>\n<li>Potenza 0,3 Kw.<\/li>\n<li>Alimentazione 230V\/1N\/50-60 Hz.<\/li>\n<li>Dimensioni 790 x 991x 320(h) mm<\/li>\n<li>Per modelli STR6 e STR10.<\/li>\n<\/ul>\n<p><strong>Technische Daten:<\/strong><\/p>\n<table class=\"table table-striped\">\n<tbody>\n<tr>\n<td>\n<p class=\"dati_tecnici_label_1\"><strong>Modell<\/strong><\/p>\n<\/td>\n<td><strong>ACCAPSTR<\/strong><\/td>\n<\/tr>\n<tr>\n<td><strong>Strom<\/strong><\/td>\n<td align=\"left\">0,3 kW<\/td>\n<\/tr>\n<tr>\n<td><b>Stromversorgung<\/b><\/td>\n<td align=\"left\">230V\/1N\/50-60 Hz<\/td>\n<\/tr>\n<tr>\n<td><strong>Abmessungen<\/strong><\/td>\n<td align=\"left\">790x991x320h mm<\/td>\n<\/tr>\n<tr>\n<td><strong>Nettogewicht <\/strong><\/td>\n<td align=\"left\">30 kg<\/td>\n<\/tr>\n<tr>\n<td><strong>Bruttogewicht<\/strong><\/td>\n<td align=\"left\">38 kg<\/td>\n<\/tr>\n<tr>\n<td><strong>Abmessungen der Verpackung<\/strong><\/td>\n<td align=\"left\">800x1200x365h mm<\/td>\n<\/tr>\n<tr>\n<td><strong>Verpackungsvolumen<\/strong><\/td>\n<td align=\"left\">0,350 m\u00b3<\/td>\n<\/tr>\n<\/tbody>\n<\/table>","protected":false},"excerpt":{"rendered":"<p>Cappa a condensazione 79&#215;99.1&#215;32 cm Fimar ACCAPSTR Cappa a condensazione per serie forni Start Cappa a condensazione in acciaio inox. Due filtri antigrasso in acciaio inox. Due velocit\u00e0 di estrazione. Potenza 0,3 Kw. Alimentazione 230V\/1N\/50-60 Hz. Dimensioni 790 x 991x 320(h) mm Per modelli STR6 e STR10. Dati tecnici: Modello ACCAPSTR Potenza 0,3 kW Alimentazione [&#8230;]","protected":false},"featured_media":121937,"comment_status":"closed","ping_status":"closed","template":"","meta":{"_monsterinsights_skip_tracking":false,"_monsterinsights_sitenote_active":false,"_monsterinsights_sitenote_note":"","_monsterinsights_sitenote_category":0},"product_brand":[628],"product_cat":[108,16],"product_tag":[],"class_list":{"0":"post-18044","1":"product","2":"type-product","3":"status-publish","4":"has-post-thumbnail","6":"product_brand-fimar","7":"product_cat-cappe","8":"product_cat-forni","9":"product_shipping_class-681","10":"pa_marca-fimar","12":"first","13":"instock","14":"taxable","15":"shipping-taxable","16":"purchasable","17":"product-type-simple"},"_links":{"self":[{"href":"https:\/\/www.creaearredanegozi.it\/de\/wp-json\/wp\/v2\/product\/18044","targetHints":{"allow":["GET"]}}],"collection":[{"href":"https:\/\/www.creaearredanegozi.it\/de\/wp-json\/wp\/v2\/product"}],"about":[{"href":"https:\/\/www.creaearredanegozi.it\/de\/wp-json\/wp\/v2\/types\/product"}],"replies":[{"embeddable":true,"href":"https:\/\/www.creaearredanegozi.it\/de\/wp-json\/wp\/v2\/comments?post=18044"}],"wp:featuredmedia":[{"embeddable":true,"href":"https:\/\/www.creaearredanegozi.it\/de\/wp-json\/wp\/v2\/media\/121937"}],"wp:attachment":[{"href":"https:\/\/www.creaearredanegozi.it\/de\/wp-json\/wp\/v2\/media?parent=18044"}],"wp:term":[{"taxonomy":"product_brand","embeddable":true,"href":"https:\/\/www.creaearredanegozi.it\/de\/wp-json\/wp\/v2\/product_brand?post=18044"},{"taxonomy":"product_cat","embeddable":true,"href":"https:\/\/www.creaearredanegozi.it\/de\/wp-json\/wp\/v2\/product_cat?post=18044"},{"taxonomy":"product_tag","embeddable":true,"href":"https:\/\/www.creaearredanegozi.it\/de\/wp-json\/wp\/v2\/product_tag?post=18044"}],"curies":[{"name":"wp","href":"https:\/\/api.w.org\/{rel}","templated":true}]}}