{"id":18046,"date":"2018-12-27T10:10:52","date_gmt":"2018-12-27T09:10:52","guid":{"rendered":"https:\/\/www.creaearredanegozi.it\/?post_type=product&#038;p=18046"},"modified":"2023-11-24T10:44:12","modified_gmt":"2023-11-24T09:44:12","slug":"professionelle-kondensationshaube-aus-edelstahl-937x871x320-mm-fur-fimar-accaptop-ofen","status":"publish","type":"product","link":"https:\/\/www.creaearredanegozi.it\/de\/professionelle-kondensationshaube-aus-edelstahl-937x871x320-mm-fur-fimar-accaptop-ofen\/","title":{"rendered":"Professionelle Kondensationshaube aus Edelstahl 937x871x320 mm f\u00fcr TOP Fimar Back\u00f6fen ACCAPTOP"},"content":{"rendered":"<h3>Kondenswasserhaube 93,7\u00d787,1\u00d732 cm Fimar ACCAPTOP<\/h3>\n<p><strong>Kondensationshaube Serie TOP<\/strong><\/p>\n<div class=\"row thumbnails\">\n<ul>\n<li class=\"col-md-3\">Kondensationshaube aus rostfreiem Stahl.<\/li>\n<li class=\"col-md-3\">Zwei Fettfilter aus rostfreiem Stahl.<\/li>\n<li class=\"col-md-3\">Zwei Absauggeschwindigkeiten.<\/li>\n<li class=\"col-md-3\">Leistung 0,3 Kw<\/li>\n<li>Stromversorgung 230V\/1N\/50-60 Hz<\/li>\n<li>F\u00fcr die Modelle TOP4M-TOP4D-TOP6M-TOP6D-TOP10M- TOP10D.<\/li>\n<li>CE-konform.<\/li>\n<\/ul>\n<\/div>\n<p><strong>Technische Daten:<\/strong><\/p>\n<table class=\"table table-striped\">\n<tbody>\n<tr>\n<td>\n<p class=\"dati_tecnici_label_1\"><strong>Modell<\/strong><\/p>\n<\/td>\n<td><strong>ACCAPTOP<\/strong><\/td>\n<\/tr>\n<tr>\n<td><strong>Strom<\/strong><\/td>\n<td align=\"left\">0,3 kW<\/td>\n<\/tr>\n<tr>\n<td><b>Stromversorgung<\/b><\/td>\n<td align=\"left\">230V\/1N\/50-60 Hz<\/td>\n<\/tr>\n<tr>\n<td><strong>Abmessungen<\/strong><\/td>\n<td align=\"left\">937x871x320h mm<\/td>\n<\/tr>\n<tr>\n<td><strong>Nettogewicht <\/strong><\/td>\n<td align=\"left\">30 kg<\/td>\n<\/tr>\n<tr>\n<td><strong>Bruttogewicht<\/strong><\/td>\n<td align=\"left\">38 kg<\/td>\n<\/tr>\n<tr>\n<td><strong>Abmessungen der Verpackung<\/strong><\/td>\n<td align=\"left\">1040x970x365h mm<\/td>\n<\/tr>\n<tr>\n<td><strong>Verpackungsvolumen<\/strong><\/td>\n<td align=\"left\">0,368 m\u00b3<\/td>\n<\/tr>\n<\/tbody>\n<\/table>","protected":false},"excerpt":{"rendered":"<p>Cappa a condensazione 93,7&#215;87,1&#215;32 cm Fimar ACCAPTOP Cappa a condensazione serie TOP Cappa a condensazione in acciaio inox. Due filtri antigrasso in acciaio inox. Due velocit\u00e0 di estrazione. Potenza 0,3 Kw Alimentazione 230V\/1N\/50-60 Hz Per modelli TOP4M-TOP4D-TOP6M-TOP6DTOP10M- TOP10D. A norma CE. Dati tecnici: Modello ACCAPTOP Potenza 0,3 kW Alimentazione 230V\/1N\/50-60 Hz Dimensioni 937x871x320h mm Peso [&#8230;]","protected":false},"featured_media":121905,"comment_status":"closed","ping_status":"closed","template":"","meta":{"_monsterinsights_skip_tracking":false,"_monsterinsights_sitenote_active":false,"_monsterinsights_sitenote_note":"","_monsterinsights_sitenote_category":0},"product_brand":[628],"product_cat":[108,16],"product_tag":[],"class_list":{"0":"post-18046","1":"product","2":"type-product","3":"status-publish","4":"has-post-thumbnail","6":"product_brand-fimar","7":"product_cat-cappe","8":"product_cat-forni","9":"product_shipping_class-681","10":"pa_marca-fimar","12":"first","13":"instock","14":"taxable","15":"shipping-taxable","16":"purchasable","17":"product-type-simple"},"_links":{"self":[{"href":"https:\/\/www.creaearredanegozi.it\/de\/wp-json\/wp\/v2\/product\/18046","targetHints":{"allow":["GET"]}}],"collection":[{"href":"https:\/\/www.creaearredanegozi.it\/de\/wp-json\/wp\/v2\/product"}],"about":[{"href":"https:\/\/www.creaearredanegozi.it\/de\/wp-json\/wp\/v2\/types\/product"}],"replies":[{"embeddable":true,"href":"https:\/\/www.creaearredanegozi.it\/de\/wp-json\/wp\/v2\/comments?post=18046"}],"wp:featuredmedia":[{"embeddable":true,"href":"https:\/\/www.creaearredanegozi.it\/de\/wp-json\/wp\/v2\/media\/121905"}],"wp:attachment":[{"href":"https:\/\/www.creaearredanegozi.it\/de\/wp-json\/wp\/v2\/media?parent=18046"}],"wp:term":[{"taxonomy":"product_brand","embeddable":true,"href":"https:\/\/www.creaearredanegozi.it\/de\/wp-json\/wp\/v2\/product_brand?post=18046"},{"taxonomy":"product_cat","embeddable":true,"href":"https:\/\/www.creaearredanegozi.it\/de\/wp-json\/wp\/v2\/product_cat?post=18046"},{"taxonomy":"product_tag","embeddable":true,"href":"https:\/\/www.creaearredanegozi.it\/de\/wp-json\/wp\/v2\/product_tag?post=18046"}],"curies":[{"name":"wp","href":"https:\/\/api.w.org\/{rel}","templated":true}]}}