{"id":18061,"date":"2018-12-27T11:43:59","date_gmt":"2018-12-27T10:43:59","guid":{"rendered":"https:\/\/www.creaearredanegozi.it\/?post_type=product&#038;p=18061"},"modified":"2023-12-12T13:14:54","modified_gmt":"2023-12-12T12:14:54","slug":"professioneller-edelstahl-gas-lavasteingrill-66x62-5x30cm-doppelplatte-fimar-gl66","status":"publish","type":"product","link":"https:\/\/www.creaearredanegozi.it\/de\/professioneller-edelstahl-gas-lavasteingrill-66x62-5x30cm-doppelplatte-fimar-gl66\/","title":{"rendered":"Professioneller Gas-Lavasteingrill aus Edelstahl 66\u00d762,5x30cm Doppelplatte Fimar GL66"},"content":{"rendered":"<h3>Gas-Lavasteingrill aus Edelstahl 66\u00d762,5\u00d730 cm Doppelstahlplatte Fimar GL66<\/h3>\n<p><strong>GL66 LAVASTEINGRILL<\/strong><\/p>\n<div class=\"row thumbnails\">\n<ul>\n<li class=\"col-md-3\">Thekenger\u00e4t zum Garen von Fleisch, Fisch, Gem\u00fcse usw.<\/li>\n<li class=\"col-md-3\">Der Betrieb besteht in der Erhitzung des auf einem Stahlgitter liegenden Lavasteins.<\/li>\n<li class=\"col-md-3\">Struktur aus rostfreiem Stahl.<\/li>\n<li class=\"col-md-3\">Kochrost aus V-f\u00f6rmig gebogenen Edelstahlblechen.<\/li>\n<li class=\"col-md-3\">Piezo-Z\u00fcndung.<\/li>\n<li class=\"col-md-3\">Erdgasversorgung, LPG-Bausatz enthalten.<\/li>\n<li>Gasanschluss 1\/2\u2033G.<\/li>\n<li class=\"col-md-3\">Schublade zum Auffangen von Kochresten.<\/li>\n<\/ul>\n<p><strong>Optional:<\/strong><\/p>\n<ul>\n<li>Fleischgrill 31,2\u00d748,3 cm.<\/li>\n<li>Fischgrill 31,2\u00d748,3 cm.<\/li>\n<li>Lavastein-Paket.<\/li>\n<\/ul>\n<\/div>\n<p><strong>Technische Daten:<\/strong><\/p>\n<table class=\"table table-striped\">\n<tbody>\n<tr>\n<td>\n<p class=\"dati_tecnici_label_1\"><strong>Modell<\/strong><\/p>\n<\/td>\n<td><strong>GL66<\/strong><\/td>\n<\/tr>\n<tr>\n<td><strong>Strom<\/strong><\/td>\n<td align=\"left\">13 kW<\/td>\n<\/tr>\n<tr>\n<td><b>Stromversorgung<\/b><\/td>\n<td align=\"left\">METHAN - LPG<\/td>\n<\/tr>\n<tr>\n<td><strong>Abmessungen<\/strong><\/td>\n<td align=\"left\">660x625x300h (mm)<\/td>\n<\/tr>\n<tr>\n<td><strong>Nettogewicht <\/strong><\/td>\n<td align=\"left\">49 kg<\/td>\n<\/tr>\n<tr>\n<td><strong>Bruttogewicht<\/strong><\/td>\n<td align=\"left\">55 kg<\/td>\n<\/tr>\n<tr>\n<td><strong>Verpackung Abmessungen<\/strong><\/td>\n<td align=\"left\">725x670x426h mm<\/td>\n<\/tr>\n<tr>\n<td><strong>Verpackungsvolumen<\/strong><\/td>\n<td align=\"left\">0,206 m\u00b3<\/td>\n<\/tr>\n<tr>\n<td><strong>Kalorien<\/strong><\/td>\n<td align=\"left\">11.178 kcal\/h - 44.358 BTU\/h<\/td>\n<\/tr>\n<tr>\n<td><strong>Methanverbrauch<\/strong><\/td>\n<td align=\"left\">G20=1,42 m\u00b3\/h<br \/>\nG25=1,59 m\u00b3\/h<\/td>\n<\/tr>\n<tr>\n<td><strong>LPG-Verbrauch<\/strong><\/td>\n<td align=\"left\">G30\/G31 = 0,98 kg\/h<\/td>\n<\/tr>\n<tr>\n<td><strong>GAS-Anschluss<\/strong><\/td>\n<td align=\"left\">1\/2\" G<\/td>\n<\/tr>\n<tr>\n<td><strong>Brenner<\/strong><\/td>\n<td align=\"left\">N. 2<\/td>\n<\/tr>\n<tr>\n<td><strong>Abmessungen des Kochfeldes<\/strong><\/td>\n<td align=\"left\">312\u00d7483+312\u00d7483 (mm)<\/td>\n<\/tr>\n<tr>\n<td><strong>Z\u00fcndung<\/strong><\/td>\n<td align=\"left\">NR. 2 PIEZOELEKTRISCH<\/td>\n<\/tr>\n<\/tbody>\n<\/table>","protected":false},"excerpt":{"rendered":"<p>Griglia pietra lavica a gas acciaio inox 66&#215;62.5&#215;30 cm doppia piastra in acciaio Fimar GL66 GRIGLIA PIETRA LAVICA GL66 Macchina da banco per cuocere carne, pesce, verdure, ecc. Il funzionamento consiste nel riscaldare la pietra lavica posta su una griglia di supporto in acciaio. Struttura in acciaio inox. Griglia di cottura in lamiere piegate a [&#8230;]","protected":false},"featured_media":122072,"comment_status":"closed","ping_status":"closed","template":"","meta":{"_monsterinsights_skip_tracking":false,"_monsterinsights_sitenote_active":false,"_monsterinsights_sitenote_note":"","_monsterinsights_sitenote_category":0},"product_brand":[628],"product_cat":[720,87,192,167,86,25],"product_tag":[],"class_list":{"0":"post-18061","1":"product","2":"type-product","3":"status-publish","4":"has-post-thumbnail","6":"product_brand-fimar","7":"product_cat-griglie-cottura","8":"product_cat-acciaio","9":"product_cat-cottura","10":"product_cat-griglie","11":"product_cat-piastre","12":"product_cat-attrezzature-ristoranti-pub-cucine","13":"product_shipping_class-38","14":"pa_marca-fimar","16":"first","17":"instock","18":"taxable","19":"shipping-taxable","20":"purchasable","21":"product-type-simple"},"_links":{"self":[{"href":"https:\/\/www.creaearredanegozi.it\/de\/wp-json\/wp\/v2\/product\/18061","targetHints":{"allow":["GET"]}}],"collection":[{"href":"https:\/\/www.creaearredanegozi.it\/de\/wp-json\/wp\/v2\/product"}],"about":[{"href":"https:\/\/www.creaearredanegozi.it\/de\/wp-json\/wp\/v2\/types\/product"}],"replies":[{"embeddable":true,"href":"https:\/\/www.creaearredanegozi.it\/de\/wp-json\/wp\/v2\/comments?post=18061"}],"wp:featuredmedia":[{"embeddable":true,"href":"https:\/\/www.creaearredanegozi.it\/de\/wp-json\/wp\/v2\/media\/122072"}],"wp:attachment":[{"href":"https:\/\/www.creaearredanegozi.it\/de\/wp-json\/wp\/v2\/media?parent=18061"}],"wp:term":[{"taxonomy":"product_brand","embeddable":true,"href":"https:\/\/www.creaearredanegozi.it\/de\/wp-json\/wp\/v2\/product_brand?post=18061"},{"taxonomy":"product_cat","embeddable":true,"href":"https:\/\/www.creaearredanegozi.it\/de\/wp-json\/wp\/v2\/product_cat?post=18061"},{"taxonomy":"product_tag","embeddable":true,"href":"https:\/\/www.creaearredanegozi.it\/de\/wp-json\/wp\/v2\/product_tag?post=18061"}],"curies":[{"name":"wp","href":"https:\/\/api.w.org\/{rel}","templated":true}]}}