{"id":18066,"date":"2018-12-27T12:28:14","date_gmt":"2018-12-27T11:28:14","guid":{"rendered":"https:\/\/www.creaearredanegozi.it\/?post_type=product&#038;p=18066"},"modified":"2023-12-12T13:21:33","modified_gmt":"2023-12-12T12:21:33","slug":"profi-gas-lavasteingrill-edelstahl-81x70x38-cm-gusseisenplatte-fimar-b80","status":"publish","type":"product","link":"https:\/\/www.creaearredanegozi.it\/de\/profi-gas-lavasteingrill-edelstahl-81x70x38-cm-gusseisenplatte-fimar-b80\/","title":{"rendered":"Professioneller Gas-Lavasteingrill aus Edelstahl 81x70x38 cm Gusseisenplatte Fimar B80"},"content":{"rendered":"<h3>Gas-Lavasteingrill aus Edelstahl 81x70x38 cm Gusseisenplatte Fimar B80<\/h3>\n<p><strong>LAVASTEINGRILL B80<\/strong><\/p>\n<div class=\"row thumbnails\">\n<ul>\n<li class=\"col-md-3\">Maschine zum Kochen von Fleisch, Fisch, Gem\u00fcse usw.<\/li>\n<li class=\"col-md-3\">Der Betrieb besteht in der Erhitzung des auf einem Stahlgitter liegenden Lavasteins.<\/li>\n<li class=\"col-md-3\">Das Ger\u00e4t ist mit einem matt emaillierten gusseisernen Bratrost ausgestattet, der auf der einen Seite f\u00fcr Fleisch und auf der anderen Seite f\u00fcr Fisch verwendet werden kann.<\/li>\n<li class=\"col-md-3\">Struktur aus rostfreiem Stahl.<\/li>\n<li class=\"col-md-3\">Doppelwandige Isolierung.<\/li>\n<li class=\"col-md-3\">Piezo-Z\u00fcndung.<\/li>\n<li class=\"col-md-3\">CNG-betrieben, LPG-Bausatz enthalten.<\/li>\n<li>1\/2\u2033G-Anschluss.<\/li>\n<li class=\"col-md-3\">Patentierter, in 4 Positionen kippbarer Kochrost.<\/li>\n<li class=\"col-md-3\">Schublade zum Auffangen von Kochresten.<\/li>\n<li>Sie erm\u00f6glicht das unabh\u00e4ngige Einstellen und Einschalten der H\u00e4lfte des Kochfeldes.<\/li>\n<\/ul>\n<p><strong>Optional:<\/strong><\/p>\n<ul>\n<li>Schrank \u00f6ffnen.<\/li>\n<li>Schrank mit T\u00fcr und hinterem Verschluss.<\/li>\n<li>Packung 5kg Lavastein<\/li>\n<\/ul>\n<\/div>\n<p><strong>Technische Daten:<\/strong><\/p>\n<table class=\"table table-striped\">\n<tbody>\n<tr>\n<td>\n<p class=\"dati_tecnici_label_1\"><strong>Modell<\/strong><\/p>\n<\/td>\n<td><strong>B80<\/strong><\/td>\n<\/tr>\n<tr>\n<td><strong>Strom<\/strong><\/td>\n<td align=\"left\">17 kW<\/td>\n<\/tr>\n<tr>\n<td><b>Stromversorgung<\/b><\/td>\n<td align=\"left\">METHAN - LPG<\/td>\n<\/tr>\n<tr>\n<td><strong>Abmessungen<\/strong><\/td>\n<td align=\"left\">810x700x380h (mm)<\/td>\n<\/tr>\n<tr>\n<td><strong>Nettogewicht <\/strong><\/td>\n<td align=\"left\">76 kg<\/td>\n<\/tr>\n<tr>\n<td><strong>Bruttogewicht<\/strong><\/td>\n<td align=\"left\">83 kg<\/td>\n<\/tr>\n<tr>\n<td><strong>Verpackung Abmessungen<\/strong><\/td>\n<td align=\"left\">850x740x420h mm<\/td>\n<\/tr>\n<tr>\n<td><strong>Verpackungsvolumen<\/strong><\/td>\n<td align=\"left\">0,264 m\u00b3<\/td>\n<\/tr>\n<tr>\n<td><strong>Kalorien<\/strong><\/td>\n<td align=\"left\">14.617 kcal\/h - 58.004 BTU\/h<\/td>\n<\/tr>\n<tr>\n<td><strong>Methanverbrauch<\/strong><\/td>\n<td align=\"left\">G20 = 1,80 m\u00b3\/h - G25 = 2,09 m\u00b3\/h<\/td>\n<\/tr>\n<tr>\n<td><strong>LPG-Verbrauch<\/strong><\/td>\n<td align=\"left\">G30\/G31 = 1,34 kg\/h<\/td>\n<\/tr>\n<tr>\n<td><strong>GAS-Anschluss<\/strong><\/td>\n<td align=\"left\">1\/2\" G<\/td>\n<\/tr>\n<tr>\n<td><strong>Brenner<\/strong><\/td>\n<td align=\"left\">N. 6<\/td>\n<\/tr>\n<tr>\n<td><strong>Abmessungen des Kochfeldes<\/strong><\/td>\n<td align=\"left\">640\u00d7540 (mm)<\/td>\n<\/tr>\n<tr>\n<td><strong>Z\u00fcndung<\/strong><\/td>\n<td align=\"left\">NR. 2 PIEZOELEKTRISCH<\/td>\n<\/tr>\n<tr>\n<td><strong>Einstellknopf<\/strong><\/td>\n<td align=\"left\">N\u00b0 2<\/td>\n<\/tr>\n<tr>\n<td><strong>Abmessungen des Geh\u00e4uses<\/strong><\/td>\n<td align=\"left\">810x630x530h (mm)<\/td>\n<\/tr>\n<tr>\n<td><strong>Mobiles Nettogewicht<\/strong><\/td>\n<td align=\"left\">21 kg<\/td>\n<\/tr>\n<tr>\n<td><strong>Mobiles Bruttogewicht<\/strong><\/td>\n<td align=\"left\">23 kg<\/td>\n<\/tr>\n<tr>\n<td><strong>Abmessungen der mobilen Verpackung<\/strong><\/td>\n<td align=\"left\">820x680x150h (mm)<\/td>\n<\/tr>\n<tr>\n<td><strong>Mobiles Packvolumen<\/strong><\/td>\n<td align=\"left\">0,093 m\u00b3<\/td>\n<\/tr>\n<\/tbody>\n<\/table>","protected":false},"excerpt":{"rendered":"<p>Griglia pietra lavica a gas acciaio inox 81x70x38 cm piastra in ghisa Fimar B80 GRIGLIA PIETRA LAVICA B80 Macchina per cuocere carne, pesce, verdure, ecc. Il funzionamento consiste nel riscaldare la pietra lavica posta su una griglia di supporto in acciaio. La macchina \u00e8 dotata di una griglia di cottura in ghisa smaltata opaca che [&#8230;]","protected":false},"featured_media":122074,"comment_status":"closed","ping_status":"closed","template":"","meta":{"_monsterinsights_skip_tracking":false,"_monsterinsights_sitenote_active":false,"_monsterinsights_sitenote_note":"","_monsterinsights_sitenote_category":0},"product_brand":[628],"product_cat":[720,9,192,167,89,86,25],"product_tag":[],"class_list":{"0":"post-18066","1":"product","2":"type-product","3":"status-publish","4":"has-post-thumbnail","6":"product_brand-fimar","7":"product_cat-griglie-cottura","8":"product_cat-attrezzature-pub","9":"product_cat-cottura","10":"product_cat-griglie","11":"product_cat-in-ghisa","12":"product_cat-piastre","13":"product_cat-attrezzature-ristoranti-pub-cucine","14":"product_shipping_class-38","15":"pa_marca-fimar","17":"first","18":"instock","19":"taxable","20":"shipping-taxable","21":"purchasable","22":"product-type-simple"},"_links":{"self":[{"href":"https:\/\/www.creaearredanegozi.it\/de\/wp-json\/wp\/v2\/product\/18066","targetHints":{"allow":["GET"]}}],"collection":[{"href":"https:\/\/www.creaearredanegozi.it\/de\/wp-json\/wp\/v2\/product"}],"about":[{"href":"https:\/\/www.creaearredanegozi.it\/de\/wp-json\/wp\/v2\/types\/product"}],"replies":[{"embeddable":true,"href":"https:\/\/www.creaearredanegozi.it\/de\/wp-json\/wp\/v2\/comments?post=18066"}],"wp:featuredmedia":[{"embeddable":true,"href":"https:\/\/www.creaearredanegozi.it\/de\/wp-json\/wp\/v2\/media\/122074"}],"wp:attachment":[{"href":"https:\/\/www.creaearredanegozi.it\/de\/wp-json\/wp\/v2\/media?parent=18066"}],"wp:term":[{"taxonomy":"product_brand","embeddable":true,"href":"https:\/\/www.creaearredanegozi.it\/de\/wp-json\/wp\/v2\/product_brand?post=18066"},{"taxonomy":"product_cat","embeddable":true,"href":"https:\/\/www.creaearredanegozi.it\/de\/wp-json\/wp\/v2\/product_cat?post=18066"},{"taxonomy":"product_tag","embeddable":true,"href":"https:\/\/www.creaearredanegozi.it\/de\/wp-json\/wp\/v2\/product_tag?post=18066"}],"curies":[{"name":"wp","href":"https:\/\/api.w.org\/{rel}","templated":true}]}}