{"id":18072,"date":"2018-12-28T09:49:45","date_gmt":"2018-12-28T08:49:45","guid":{"rendered":"https:\/\/www.creaearredanegozi.it\/?post_type=product&#038;p=18072"},"modified":"2023-12-12T13:42:00","modified_gmt":"2023-12-12T12:42:00","slug":"gasgrill-kombi-wasser-professionelle-naturliche-kochen-70x40x104cm-fimar-gw40","status":"publish","type":"product","link":"https:\/\/www.creaearredanegozi.it\/de\/gasgrill-kombi-wasser-professionelle-naturliche-kochen-70x40x104cm-fimar-gw40\/","title":{"rendered":"Professionelle Gas-Kombi-Grill Wasser Nat\u00fcrlich Kochen 70x40x104cm Fimar GW40"},"content":{"rendered":"<h3>Professioneller Gas-Kombi-Grill Wasser 70x40x104 cm GW40 Fimar<\/h3>\n<p><strong>KOMBI-WASSERNETZ GW40<\/strong><br \/>\nMaschine zum nat\u00fcrlichen Garen von Fleisch, Fisch, Gem\u00fcse usw.<\/p>\n<p>Das Bratfett f\u00e4llt in den Wasserbeh\u00e4lter, so dass keine D\u00e4mpfe entstehen und die Maschine viel einfacher zu reinigen ist (die Maschine kann auch ohne Wasser verwendet werden).<\/p>\n<p>Der vollst\u00e4ndig aus Edelstahl gefertigte Grill ist so geformt, dass er auf einer gro\u00dfen Fl\u00e4che arbeiten kann.<\/p>\n<ul>\n<li>Gitter aus rostfreiem Stahl.<\/li>\n<li>Piezo-Z\u00fcndung.<\/li>\n<li>Mit Methan betrieben.<\/li>\n<li>Inklusive LPG-Bausatz.<\/li>\n<li>Gasanschluss 1\/2\u2033G.<\/li>\n<li>Z\u00fcndflamme.<\/li>\n<li>Thermoelement-Sicherheitsventil.<\/li>\n<li>Ohne T\u00fcr.<\/li>\n<li>CE-konform.<\/li>\n<\/ul>\n<div class=\"row thumbnails\">\n<p><strong>Optional:<\/strong><\/p>\n<ul>\n<li>T\u00fcr.<\/li>\n<\/ul>\n<\/div>\n<p><strong>Technische Daten:<\/strong><\/p>\n<table class=\"table table-striped\">\n<tbody>\n<tr>\n<td>\n<p class=\"dati_tecnici_label_1\"><strong>Modell<\/strong><\/p>\n<\/td>\n<td><strong>GW40<\/strong><\/td>\n<\/tr>\n<tr>\n<td><strong>Strom<\/strong><\/td>\n<td align=\"left\">9 kW<\/td>\n<\/tr>\n<tr>\n<td><b>Stromversorgung<\/b><\/td>\n<td align=\"left\">METHAN - LPG<\/td>\n<\/tr>\n<tr>\n<td><strong>Abmessungen<\/strong><\/td>\n<td align=\"left\">700x400x1040h (mm)<\/td>\n<\/tr>\n<tr>\n<td><strong>Nettogewicht <\/strong><\/td>\n<td align=\"left\">45 kg<\/td>\n<\/tr>\n<tr>\n<td><strong>Bruttogewicht<\/strong><\/td>\n<td align=\"left\">56 kg<\/td>\n<\/tr>\n<tr>\n<td><strong>Verpackung Abmessungen<\/strong><\/td>\n<td align=\"left\">470x790x1210h mm<\/td>\n<\/tr>\n<tr>\n<td><strong>Verpackungsvolumen<\/strong><\/td>\n<td align=\"left\">0,450 m\u00b3<\/td>\n<\/tr>\n<tr>\n<td><strong>Kalorien<\/strong><\/td>\n<td align=\"left\">7.738 kcal\/h - 30.709 BTU\/h<\/td>\n<\/tr>\n<tr>\n<td><strong>Methanverbrauch<\/strong><\/td>\n<td align=\"left\">G20 =0,71 m\u00b3\/h<br \/>\nG25 = 0,95 m\u00b3\/h<\/td>\n<\/tr>\n<tr>\n<td><strong>LPG-Verbrauch<\/strong><\/td>\n<td align=\"left\">G30\/G31 = 0,71 kg\/h<\/td>\n<\/tr>\n<tr>\n<td><strong>GAS-Anschluss<\/strong><\/td>\n<td align=\"left\">R 1\/2 UNI ISO 7\/1<\/td>\n<\/tr>\n<tr>\n<td><strong>Brenner<\/strong><\/td>\n<td align=\"left\">N. 1<\/td>\n<\/tr>\n<tr>\n<td><strong>Abmessungen des Kochfeldes<\/strong><\/td>\n<td align=\"left\">344&#215;500<\/td>\n<\/tr>\n<tr>\n<td><strong>Z\u00fcndung<\/strong><\/td>\n<td align=\"left\">NR. 1 PIEZOELEKTRISCH<\/td>\n<\/tr>\n<\/tbody>\n<\/table>","protected":false},"excerpt":{"rendered":"<p>Griglia Professionale a Gas Combi Acqua 70x40x104 cm GW40 Fimar GRIGLIA COMBI ACQUA GW40 Macchina per cuocere in modo naturale carne, pesce, verdure, ecc.. I grassi di cottura cadono dentro al contenitore dell\u2019acqua eliminando i fumi e rendendo molto pi\u00f9 facile la pulizia della macchina (\u00e8 possibile utilizzare la macchina anche senza acqua). Con griglia [&#8230;]","protected":false},"featured_media":122080,"comment_status":"closed","ping_status":"closed","template":"","meta":{"_monsterinsights_skip_tracking":false,"_monsterinsights_sitenote_active":false,"_monsterinsights_sitenote_note":"","_monsterinsights_sitenote_category":0},"product_brand":[628],"product_cat":[167,87,9,192,720,86,25],"product_tag":[],"class_list":{"0":"post-18072","1":"product","2":"type-product","3":"status-publish","4":"has-post-thumbnail","6":"product_brand-fimar","7":"product_cat-griglie","8":"product_cat-acciaio","9":"product_cat-attrezzature-pub","10":"product_cat-cottura","11":"product_cat-griglie-cottura","12":"product_cat-piastre","13":"product_cat-attrezzature-ristoranti-pub-cucine","14":"product_shipping_class-33","15":"pa_marca-fimar","17":"first","18":"outofstock","19":"taxable","20":"shipping-taxable","21":"purchasable","22":"product-type-simple"},"_links":{"self":[{"href":"https:\/\/www.creaearredanegozi.it\/de\/wp-json\/wp\/v2\/product\/18072","targetHints":{"allow":["GET"]}}],"collection":[{"href":"https:\/\/www.creaearredanegozi.it\/de\/wp-json\/wp\/v2\/product"}],"about":[{"href":"https:\/\/www.creaearredanegozi.it\/de\/wp-json\/wp\/v2\/types\/product"}],"replies":[{"embeddable":true,"href":"https:\/\/www.creaearredanegozi.it\/de\/wp-json\/wp\/v2\/comments?post=18072"}],"wp:featuredmedia":[{"embeddable":true,"href":"https:\/\/www.creaearredanegozi.it\/de\/wp-json\/wp\/v2\/media\/122080"}],"wp:attachment":[{"href":"https:\/\/www.creaearredanegozi.it\/de\/wp-json\/wp\/v2\/media?parent=18072"}],"wp:term":[{"taxonomy":"product_brand","embeddable":true,"href":"https:\/\/www.creaearredanegozi.it\/de\/wp-json\/wp\/v2\/product_brand?post=18072"},{"taxonomy":"product_cat","embeddable":true,"href":"https:\/\/www.creaearredanegozi.it\/de\/wp-json\/wp\/v2\/product_cat?post=18072"},{"taxonomy":"product_tag","embeddable":true,"href":"https:\/\/www.creaearredanegozi.it\/de\/wp-json\/wp\/v2\/product_tag?post=18072"}],"curies":[{"name":"wp","href":"https:\/\/api.w.org\/{rel}","templated":true}]}}