{"id":18085,"date":"2018-12-28T10:36:01","date_gmt":"2018-12-28T09:36:01","guid":{"rendered":"https:\/\/www.creaearredanegozi.it\/?post_type=product&#038;p=18085"},"modified":"2024-11-20T13:40:14","modified_gmt":"2024-11-20T12:40:14","slug":"fry-top-professional-gas-doppelte-glatte-platte-665x60x30-cm-fimar-fry2lm-und-fry2lmc","status":"publish","type":"product","link":"https:\/\/www.creaearredanegozi.it\/de\/fry-top-professional-gas-doppelte-glatte-platte-665x60x30-cm-fimar-fry2lm-und-fry2lmc\/","title":{"rendered":"Professionelle Gas-Bratplatte mit doppelter glatter Platte 66,5x60x30 cm Fimar FRY2LM und FRY2LMC"},"content":{"rendered":"<h3>Fritierplatte Gas doppelt glatt Stahl 66,5x60x30 cm Fimar FRY2LM und FRY2LMC<\/h3>\n<p>Gasmaschine f\u00fcr Trocken- oder \u00d6lfeuerung<\/p>\n<p><strong>BRATPLATTE GAS FRY2LM<\/strong><br \/>\nGlattes sandgestrahltes Stahlkochfeld<\/p>\n<p><strong>BRATPLATTE GAS FRY2LMC<\/strong><br \/>\nGlattes Kochfeld aus verchromtem Stahl<\/p>\n<div class=\"row thumbnails\">\n<ul>\n<li class=\"col-md-3\">Struktur aus rostfreiem Stahl.<\/li>\n<li class=\"col-md-3\">Kochfeld aus sandgestrahltem oder glatt verchromtem Stahl.<\/li>\n<li class=\"col-md-3\">Versorgung mit Methangas.<\/li>\n<li class=\"col-md-3\">Inklusive G.P.L.-Bausatz.<\/li>\n<li>Gasanschluss 1\/2\u2033G.<\/li>\n<li class=\"col-md-3\">Einstellkn\u00f6pfe f\u00fcr die Flammenleistung.<\/li>\n<li class=\"col-md-3\">Schublade zum Auffangen von Kochresten.<\/li>\n<li class=\"col-md-3\">Piezo-Z\u00fcndung.<\/li>\n<li>Sie erm\u00f6glicht das unabh\u00e4ngige Einstellen und Einschalten der H\u00e4lfte des Kochfeldes.<\/li>\n<\/ul>\n<\/div>\n<p><strong>Technische Daten:<\/strong><\/p>\n<table class=\"table table-striped\">\n<tbody>\n<tr>\n<td>\n<p class=\"dati_tecnici_label_1\"><strong>Modell<\/strong><\/p>\n<\/td>\n<td><strong>FRY2LM - FRY2LMC<\/strong><\/td>\n<\/tr>\n<tr>\n<td><strong>Strom<\/strong><\/td>\n<td align=\"left\">8 kW<\/td>\n<\/tr>\n<tr>\n<td><b>Stromversorgung<\/b><\/td>\n<td align=\"left\">METHAN - LPG<\/td>\n<\/tr>\n<tr>\n<td><strong>Abmessungen<\/strong><\/td>\n<td align=\"left\">665x600x300h (mm)<\/td>\n<\/tr>\n<tr>\n<td><strong>Nettogewicht <\/strong><\/td>\n<td align=\"left\">42 kg<\/td>\n<\/tr>\n<tr>\n<td><strong>Bruttogewicht<\/strong><\/td>\n<td align=\"left\">55 kg<\/td>\n<\/tr>\n<tr>\n<td><strong>Verpackung Abmessungen<\/strong><\/td>\n<td align=\"left\">750x670x430h mm<\/td>\n<\/tr>\n<tr>\n<td><strong>Verpackungsvolumen<\/strong><\/td>\n<td align=\"left\">0,216 m\u00b3<\/td>\n<\/tr>\n<tr>\n<td><strong>Kalorien<\/strong><\/td>\n<td align=\"left\">3.308 + 3.308 kcal\/h - 13.235 + 13.235 BTU\/h<\/td>\n<\/tr>\n<tr>\n<td><strong>Methanverbrauch<\/strong><\/td>\n<td align=\"left\">G20 = 0,41 + 0,41 m\u00b3\/h - G25 = 0,51 + 0,51 m\u00b3\/h<\/td>\n<\/tr>\n<tr>\n<td><strong>LPG-Verbrauch<\/strong><\/td>\n<td align=\"left\">G30\/G31 = 0,31 + 0,31 kg\/h<\/td>\n<\/tr>\n<tr>\n<td><strong>GAS-Anschluss<\/strong><\/td>\n<td align=\"left\">1\/2\" G<\/td>\n<\/tr>\n<tr>\n<td><strong>Brenner<\/strong><\/td>\n<td align=\"left\">NR. 2<\/td>\n<\/tr>\n<tr>\n<td><strong>Abmessungen des Kochfeldes<\/strong><\/td>\n<td align=\"left\">650\u00d7480 (mm)<\/td>\n<\/tr>\n<tr>\n<td><strong>Oberfl\u00e4che <\/strong><\/td>\n<td align=\"left\">Glatt<\/td>\n<\/tr>\n<\/tbody>\n<\/table>","protected":false},"excerpt":{"rendered":"<p>Fry top a gas piano acciaio doppio liscio 66,5x60x30 cm Fimar FRY2LM e FRY2LMC Macchina a gas per cottura a secco o ad olio FRY TOP GAS FRY2LM Piano di cottura in acciaio sabbiato liscio FRY TOP GAS FRY2LMC Piano di cottura in acciaio cromato liscio Struttura in acciaio inox. Piano di cottura in acciaio [&#8230;]","protected":false},"featured_media":18088,"comment_status":"closed","ping_status":"closed","template":"","meta":{"_monsterinsights_skip_tracking":false,"_monsterinsights_sitenote_active":false,"_monsterinsights_sitenote_note":"","_monsterinsights_sitenote_category":0},"product_brand":[628],"product_cat":[164,166,25],"product_tag":[],"class_list":{"0":"post-18085","1":"product","2":"type-product","3":"status-publish","4":"has-post-thumbnail","6":"product_brand-fimar","7":"product_cat-fry-top","8":"product_cat-a-gas-fry-top","9":"product_cat-attrezzature-ristoranti-pub-cucine","10":"product_shipping_class-206","11":"pa_marca-fimar","13":"first","14":"instock","15":"sale","16":"taxable","17":"shipping-taxable","18":"purchasable","19":"product-type-variable"},"_links":{"self":[{"href":"https:\/\/www.creaearredanegozi.it\/de\/wp-json\/wp\/v2\/product\/18085","targetHints":{"allow":["GET"]}}],"collection":[{"href":"https:\/\/www.creaearredanegozi.it\/de\/wp-json\/wp\/v2\/product"}],"about":[{"href":"https:\/\/www.creaearredanegozi.it\/de\/wp-json\/wp\/v2\/types\/product"}],"replies":[{"embeddable":true,"href":"https:\/\/www.creaearredanegozi.it\/de\/wp-json\/wp\/v2\/comments?post=18085"}],"wp:featuredmedia":[{"embeddable":true,"href":"https:\/\/www.creaearredanegozi.it\/de\/wp-json\/wp\/v2\/media\/18088"}],"wp:attachment":[{"href":"https:\/\/www.creaearredanegozi.it\/de\/wp-json\/wp\/v2\/media?parent=18085"}],"wp:term":[{"taxonomy":"product_brand","embeddable":true,"href":"https:\/\/www.creaearredanegozi.it\/de\/wp-json\/wp\/v2\/product_brand?post=18085"},{"taxonomy":"product_cat","embeddable":true,"href":"https:\/\/www.creaearredanegozi.it\/de\/wp-json\/wp\/v2\/product_cat?post=18085"},{"taxonomy":"product_tag","embeddable":true,"href":"https:\/\/www.creaearredanegozi.it\/de\/wp-json\/wp\/v2\/product_tag?post=18085"}],"curies":[{"name":"wp","href":"https:\/\/api.w.org\/{rel}","templated":true}]}}