{"id":18094,"date":"2018-12-28T11:03:37","date_gmt":"2018-12-28T10:03:37","guid":{"rendered":"https:\/\/www.creaearredanegozi.it\/?post_type=product&#038;p=18094"},"modified":"2024-11-20T13:40:14","modified_gmt":"2024-11-20T12:40:14","slug":"professionelle-elektrische-bratplatte-einfach-glatt-stahlplatte-335x57x30-cm-fimar-fry1l-lc","status":"publish","type":"product","link":"https:\/\/www.creaearredanegozi.it\/de\/professionelle-elektrische-bratplatte-einfach-glatt-stahlplatte-335x57x30-cm-fimar-fry1l-lc\/","title":{"rendered":"Professionelle elektrische Fritierplatte Einzelne glatte Stahlplatte 33,5x57x30 cm Fimar FRY1L \/LC"},"content":{"rendered":"<p><strong>Elektrische Profi-Bratplatte mit glatter Stahlplatte 33,5x57x30 cm Fimar FRY1L und FRY1LC<\/strong><\/p>\n<p>ELEKTRISCHE FRITTIERPLATTE FRY1L<br \/>\nElektrische Maschine f\u00fcr Trocken- oder \u00d6lbrand. Brennfl\u00e4che aus glattem, sandgestrahltem Stahl.<\/p>\n<p>ELEKTRISCHE FRITTIERPLATTE FRY1LC<br \/>\nElektroger\u00e4t f\u00fcr Trocken- oder \u00d6lfeuerung. Kochfl\u00e4che aus verchromtem, glattem Stahl.<\/p>\n<p>FEATURES<\/p>\n<div class=\"row thumbnails\">\n<ul>\n<li class=\"col-md-3\">Elektrische Maschine f\u00fcr Trocken- oder \u00d6lfeuerung.<\/li>\n<li class=\"col-md-3\">Struktur aus rostfreiem Stahl.<\/li>\n<li class=\"col-md-3\">Kochfeld aus glattem, sandgestrahltem Stahl oder glattem, verchromtem Stahl.<\/li>\n<li class=\"col-md-3\">Temperaturregelthermostate 50\u00f7300 \u00b0C.<\/li>\n<li class=\"col-md-3\">Schublade zum Auffangen von Kochresten.<\/li>\n<\/ul>\n<\/div>\n<p><strong>Technische Daten:<\/strong><\/p>\n<table class=\"table table-striped\">\n<tbody>\n<tr>\n<td>\n<p class=\"dati_tecnici_label_1\"><strong>Modell<\/strong><\/p>\n<\/td>\n<td><b>FRY1L - FRY1LC<\/b><\/td>\n<\/tr>\n<tr>\n<td><strong>Strom<\/strong><\/td>\n<td align=\"left\">3 kW<\/td>\n<\/tr>\n<tr>\n<td><b>Stromversorgung<\/b><\/td>\n<td align=\"left\">230V\/1N\/50-60Hz<\/td>\n<\/tr>\n<tr>\n<td><b>Arbeitstemperatur<\/b><\/td>\n<td align=\"left\">50\u00f7300\u00b0 C<\/td>\n<\/tr>\n<tr>\n<td><strong>Abmessungen<\/strong><\/td>\n<td align=\"left\">335x570x300h (mm)<\/td>\n<\/tr>\n<tr>\n<td><strong>Nettogewicht <\/strong><\/td>\n<td align=\"left\">22 kg<\/td>\n<\/tr>\n<tr>\n<td><strong>Bruttogewicht<\/strong><\/td>\n<td align=\"left\">30 kg<\/td>\n<\/tr>\n<tr>\n<td><strong>Verpackung Abmessungen<\/strong><\/td>\n<td align=\"left\">670x410x430h mm<\/td>\n<\/tr>\n<tr>\n<td><strong>Verpackungsvolumen<\/strong><\/td>\n<td align=\"left\">0,118 m\u00b3<\/td>\n<\/tr>\n<tr>\n<td><strong>Abmessungen des Kochfeldes<\/strong><\/td>\n<td align=\"left\">325\u00d7480 (mm)<\/td>\n<\/tr>\n<tr>\n<td><strong>Oberfl\u00e4che <\/strong><\/td>\n<td align=\"left\">Glatt<\/td>\n<\/tr>\n<\/tbody>\n<\/table>","protected":false},"excerpt":{"rendered":"<p>Fry top elettrico piastra professionale con piano acciaio singolo liscio 33,5x57x30 cm Fimar FRY1L e FRY1LC FRY TOP ELETTRICI FRY1L Macchina elettrica per cottura a secco o ad olio. Piano di cottura in acciaio sabbiato liscio. FRY TOP ELETTRICI FRY1LC Macchina elettrica per cottura a secco o ad olio. Piano di cottura in acciaio liscio [&#8230;]","protected":false},"featured_media":122085,"comment_status":"closed","ping_status":"closed","template":"","meta":{"_monsterinsights_skip_tracking":false,"_monsterinsights_sitenote_active":false,"_monsterinsights_sitenote_note":"","_monsterinsights_sitenote_category":0},"product_brand":[628],"product_cat":[165,164,25],"product_tag":[],"class_list":{"0":"post-18094","1":"product","2":"type-product","3":"status-publish","4":"has-post-thumbnail","6":"product_brand-fimar","7":"product_cat-elettriche-fry-top","8":"product_cat-fry-top","9":"product_cat-attrezzature-ristoranti-pub-cucine","10":"product_shipping_class-f","11":"pa_marca-fimar","13":"first","14":"instock","15":"sale","16":"taxable","17":"shipping-taxable","18":"purchasable","19":"product-type-variable"},"_links":{"self":[{"href":"https:\/\/www.creaearredanegozi.it\/de\/wp-json\/wp\/v2\/product\/18094","targetHints":{"allow":["GET"]}}],"collection":[{"href":"https:\/\/www.creaearredanegozi.it\/de\/wp-json\/wp\/v2\/product"}],"about":[{"href":"https:\/\/www.creaearredanegozi.it\/de\/wp-json\/wp\/v2\/types\/product"}],"replies":[{"embeddable":true,"href":"https:\/\/www.creaearredanegozi.it\/de\/wp-json\/wp\/v2\/comments?post=18094"}],"wp:featuredmedia":[{"embeddable":true,"href":"https:\/\/www.creaearredanegozi.it\/de\/wp-json\/wp\/v2\/media\/122085"}],"wp:attachment":[{"href":"https:\/\/www.creaearredanegozi.it\/de\/wp-json\/wp\/v2\/media?parent=18094"}],"wp:term":[{"taxonomy":"product_brand","embeddable":true,"href":"https:\/\/www.creaearredanegozi.it\/de\/wp-json\/wp\/v2\/product_brand?post=18094"},{"taxonomy":"product_cat","embeddable":true,"href":"https:\/\/www.creaearredanegozi.it\/de\/wp-json\/wp\/v2\/product_cat?post=18094"},{"taxonomy":"product_tag","embeddable":true,"href":"https:\/\/www.creaearredanegozi.it\/de\/wp-json\/wp\/v2\/product_tag?post=18094"}],"curies":[{"name":"wp","href":"https:\/\/api.w.org\/{rel}","templated":true}]}}